{"id":30945,"date":"2023-02-22T08:28:51","date_gmt":"2023-02-22T07:28:51","guid":{"rendered":"https:\/\/hu-care.ch\/datenschutzrichtlinie\/"},"modified":"2023-02-22T08:28:51","modified_gmt":"2023-02-22T07:28:51","slug":"datenschutzrichtlinie","status":"publish","type":"page","link":"https:\/\/hu-care.ch\/de\/datenschutzrichtlinie\/","title":{"rendered":"Datenschutzrichtlinie"},"content":{"rendered":"<article class=\"sections\" id=\"sections\" data-page-sections=\"621690c58dca69049ce53bd3\">\n<section data-test=\"page-section\" data-section-theme=\"white-bold\" class=\"page-section layout-engine-section background-width--full-bleed section-height--large content-width--narrow horizontal-alignment--center vertical-alignment--middle white-bold\" data-section-id=\"621690c58dca69049ce53bd6\" data-controller=\"SectionWrapperController\" data-current-styles=\"{ \"imageOverlayOpacity\": 0.15, \"backgroundWidth\": \"background-width--full-bleed\", \"sectionHeight\": \"section-height--large\", \"horizontalAlignment\": \"horizontal-alignment--center\", \"verticalAlignment\": \"vertical-alignment--middle\", \"contentWidth\": \"content-width--narrow\", \"customContentWidth\": 50, \"sectionTheme\": \"white-bold\", \"sectionAnimation\": \"none\", \"backgroundMode\": \"image\" }\" data-current-context=\"{ \"video\": { \"playbackSpeed\": 0.5, \"filter\": 1, \"filterStrength\": 0, \"zoom\": 0, \"videoSourceProvider\": \"none\" }, \"backgroundImageId\": null, \"backgroundMediaEffect\": null, \"divider\": null, \"typeName\": null }\" data-animation=\"none\">\n<div class=\"section-border\">\n<div class=\"section-background\"><\/div>\n<\/p><\/div>\n<div class=\"content-wrapper\" style=\" \">\n<div class=\"content\">\n<div class=\"sqs-layout sqs-grid-12 columns-12\" data-type=\"page-section\" id=\"page-section-621690c58dca69049ce53bd6\">\n<div class=\"row sqs-row\">\n<div class=\"col sqs-col-12 span-12\">\n<div class=\"sqs-block html-block sqs-block-html\" data-block-type=\"2\" id=\"block-7f0d3d6423fd364d3553\">\n<div class=\"sqs-block-content\">\n<h1 style=\"white-space:pre-wrap;\">Datenschutzrichtlinie<\/h1>\n<p class=\"\" style=\"white-space:pre-wrap;\">HU CARE ist eine Plattform, die sehr gro\u00dfen Wert auf den Schutz von pers\u00f6nlichen Daten und deren Vertraulichkeit legt.<\/p>\n<\/div>\n<\/div>\n<div class=\"sqs-block horizontalrule-block sqs-block-horizontalrule\" data-block-type=\"47\" id=\"block-yui_3_17_2_1_1645646022469_9025\">\n<div class=\"sqs-block-content\">\n<hr>\n<\/div>\n<\/div>\n<div class=\"sqs-block html-block sqs-block-html\" data-block-type=\"2\" id=\"block-yui_3_17_2_1_1645646022469_9082\">\n<div class=\"sqs-block-content\">\n<h2 style=\"white-space:pre-wrap;\">Website<\/h2>\n<p class=\"\" style=\"white-space:pre-wrap;\">Die Website von HU CARE<a href=\"https:\/\/hu.care\">(hu.care<\/a>, diese Website) wird von Infomaniak mit https-Zertifikat gehostet. Es bietet daher ein fortgeschrittenes Sicherheitsniveau.<\/p>\n<p class=\"\" style=\"white-space:pre-wrap;\">Die auf der Website hinterlegten Daten und Inhalte unterliegen dem Urheberrecht. Eventuelle externe Quellen werden immer zitiert. Die pers\u00f6nlichen Daten von Personen, die als Mitglieder registriert sind, sind deren Eigentum.  <\/p>\n<\/div>\n<\/div>\n<div class=\"sqs-block horizontalrule-block sqs-block-horizontalrule\" data-block-type=\"47\" id=\"block-yui_3_17_2_1_1645648898298_6770\">\n<div class=\"sqs-block-content\">\n<hr>\n<\/div>\n<\/div>\n<div class=\"sqs-block html-block sqs-block-html\" data-block-type=\"2\" id=\"block-yui_3_17_2_1_1645648898298_6828\">\n<div class=\"sqs-block-content\">\n<h2 style=\"white-space:pre-wrap;\">Squarespace<\/h2>\n<p class=\"\" style=\"white-space:pre-wrap;\">Es ist wichtig zu wissen, dass die Website von HU CARE mit Squarespace, einem amerikanischen Unternehmen mit Sitz in New York, erstellt wird. Obwohl ihre Datenschutzpolitik nicht alarmierend ist, k\u00f6nnen wir daher nicht garantieren, dass die Daten, die Sie auf unserer Seite (z. B. Mitgliederbereich) abtreten, nicht verwendet werden.<\/p>\n<\/div>\n<\/div>\n<div class=\"sqs-block button-block sqs-block-button\" data-block-type=\"53\" id=\"block-yui_3_17_2_1_1645648898298_4975\">\n<div class=\"sqs-block-content\">\n<div class=\"sqs-block-button-container sqs-block-button-container--center\" data-animation-role=\"button\" data-alignment=\"center\" data-button-size=\"medium\" data-button-type=\"primary\">\n  <a href=\"https:\/\/fr.squarespace.com\/confidentialite\" class=\"sqs-block-button-element--medium sqs-button-element--primary sqs-block-button-element\" target=\"_blank\" rel=\"noopener\"><br \/>\n  Squarespace Datenschutzrichtlinie<br \/>\n  <\/a>\n<\/div>\n<\/div>\n<\/div>\n<div class=\"sqs-block button-block sqs-block-button\" data-block-type=\"53\" id=\"block-yui_3_17_2_1_1645648898298_5983\">\n<div class=\"sqs-block-content\">\n<div class=\"sqs-block-button-container sqs-block-button-container--center\" data-animation-role=\"button\" data-alignment=\"center\" data-button-size=\"medium\" data-button-type=\"primary\">\n  <a href=\"https:\/\/fr.squarespace.com\/securite\" class=\"sqs-block-button-element--medium sqs-button-element--primary sqs-block-button-element\" target=\"_blank\" rel=\"noopener\"><br \/>\n  Sicherheits- und Schutzma\u00dfnahmen von Squarespace<br \/>\n  <\/a>\n<\/div>\n<\/div>\n<\/div>\n<div class=\"sqs-block horizontalrule-block sqs-block-horizontalrule\" data-block-type=\"47\" id=\"block-yui_3_17_2_1_1645646022469_8422\">\n<div class=\"sqs-block-content\">\n<hr>\n<\/div>\n<\/div>\n<div class=\"sqs-block html-block sqs-block-html\" data-block-type=\"2\" id=\"block-yui_3_17_2_1_1645646022469_8479\">\n<div class=\"sqs-block-content\">\n<h2 style=\"white-space:pre-wrap;\">Threema<\/h2>\n<\/div>\n<\/div>\n<div class=\"sqs-block button-block sqs-block-button\" data-block-type=\"53\" id=\"block-yui_3_17_2_1_1645646022469_3643\">\n<div class=\"sqs-block-content\">\n<div class=\"sqs-block-button-container sqs-block-button-container--center\" data-animation-role=\"button\" data-alignment=\"center\" data-button-size=\"medium\" data-button-type=\"primary\">\n  <a href=\"https:\/\/threema.ch\/en\/work\/download#desktop\" class=\"sqs-block-button-element--medium sqs-button-element--primary sqs-block-button-element\" target=\"_blank\" rel=\"noopener\"><br \/>\n  Threema-App f\u00fcr Handy oder Desktop herunterladen<br \/>\n  <\/a>\n<\/div>\n<\/div>\n<\/div>\n<div class=\"sqs-block html-block sqs-block-html\" data-block-type=\"2\" id=\"block-yui_3_17_2_1_1645646022469_6266\">\n<div class=\"sqs-block-content\">\n<p class=\"\" style=\"white-space:pre-wrap;\">Als soziales Netzwerk oder Instant-Messaging-Anwendung f\u00fcr den Austausch wurde Threema gew\u00e4hlt. Diese Wahl steht in direktem Zusammenhang mit unserem Wunsch, die vertraulichen Daten der aktiven Mitglieder der HU CARE-Gemeinschaft zu respektieren.  <\/p>\n<p class=\"\" style=\"white-space:pre-wrap;\">Threema ist die E-Mail-Anwendung, die &#8220;Null-Wissen&#8221;-Sicherheit und vollst\u00e4ndige Rechtskonformit\u00e4t bietet. Mit anderen Worten: Threema Work ist vollst\u00e4ndig konform mit der DSGVO. Als Schweizer Unternehmen unterliegt Threema auch dem strengen Bundesgesetz \u00fcber den Datenschutz (DSG) und der begleitenden Verordnung zum Bundesgesetz \u00fcber den Datenschutz (DSV). In der Schweiz herrscht ein hohes Ma\u00df an Rechtssicherheit, und im Gegensatz zu den in den USA ans\u00e4ssigen Diensten unterliegt Threema nicht dem CLOUD-Gesetz. Threema betreibt seine eigenen Server in einem hochsicheren Rechenzentrum eines &#8220;ISO 27001&#8221;-zertifizierten Colocation-Partners in Z\u00fcrich.<\/p>\n<\/div>\n<\/div>\n<div class=\"sqs-block button-block sqs-block-button\" data-block-type=\"53\" id=\"block-yui_3_17_2_1_1645646022469_5047\">\n<div class=\"sqs-block-content\">\n<div class=\"sqs-block-button-container sqs-block-button-container--center\" data-animation-role=\"button\" data-alignment=\"center\" data-button-size=\"medium\" data-button-type=\"primary\">\n  <a href=\"https:\/\/threema.ch\/en\/work\/security\" class=\"sqs-block-button-element--medium sqs-button-element--primary sqs-block-button-element\" target=\"_blank\" rel=\"noopener\"><br \/>\n  Mehr \u00fcber die Sicherheit, die Threema bietet<br \/>\n  <\/a>\n<\/div>\n<\/div>\n<\/div>\n<div class=\"sqs-block horizontalrule-block sqs-block-horizontalrule\" data-block-type=\"47\" id=\"block-yui_3_17_2_1_1653917382995_8880\">\n<div class=\"sqs-block-content\">\n<hr>\n<\/div>\n<\/div>\n<div class=\"sqs-block html-block sqs-block-html\" data-block-type=\"2\" id=\"block-yui_3_17_2_1_1653917382995_9143\">\n<div class=\"sqs-block-content\">\n<h2 style=\"white-space:pre-wrap;\">Newsletter<\/h2>\n<p class=\"\" style=\"white-space:pre-wrap;\">Wenn Sie sich daf\u00fcr entscheiden, uns Ihre E-Mail-Adresse oder andere pers\u00f6nlich identifizierbare Informationen zur Verf\u00fcgung zu stellen, werden wir diese nur dazu verwenden, Ihnen unseren Newsletter zu senden oder Ihre Anfrage zu beantworten.<\/p>\n<p class=\"\" style=\"white-space:pre-wrap;\">Wenn Sie sich daf\u00fcr entscheiden, den Newsletter abzubestellen, erhalten Sie keine weiteren Newsletter.<\/p>\n<\/div>\n<\/div>\n<div class=\"sqs-block horizontalrule-block sqs-block-horizontalrule\" data-block-type=\"47\" id=\"block-yui_3_17_2_1_1653917492785_8544\">\n<div class=\"sqs-block-content\">\n<hr>\n<\/div>\n<\/div>\n<\/div>\n<\/div>\n<\/div><\/div>\n<\/p><\/div>\n<\/section>\n<\/article>\n","protected":false},"excerpt":{"rendered":"<p>Datenschutzrichtlinie HU CARE ist eine Plattform, die sehr gro\u00dfen Wert auf den Schutz von pers\u00f6nlichen Daten und deren Vertraulichkeit legt. Website Die Website von HU CARE(hu.care, diese Website) wird von Infomaniak mit https-Zertifikat gehostet. Es bietet daher ein fortgeschrittenes Sicherheitsniveau. Die auf der Website hinterlegten Daten und Inhalte unterliegen dem Urheberrecht. Eventuelle externe Quellen werden [&hellip;]<\/p>\n","protected":false},"author":1,"featured_media":0,"parent":0,"menu_order":0,"comment_status":"closed","ping_status":"closed","template":"","meta":{"footnotes":""},"class_list":["post-30945","page","type-page","status-publish","hentry"],"yoast_head":"<!-- This site is optimized with the Yoast SEO plugin v27.4 - https:\/\/yoast.com\/product\/yoast-seo-wordpress\/ -->\n<title>Datenschutzrichtlinie - Hu Care<\/title>\n<meta name=\"robots\" content=\"index, follow, max-snippet:-1, max-image-preview:large, max-video-preview:-1\" \/>\n<link rel=\"canonical\" href=\"https:\/\/hu-care.ch\/de\/datenschutzrichtlinie\/\" \/>\n<meta property=\"og:locale\" content=\"de_DE\" \/>\n<meta property=\"og:type\" content=\"article\" \/>\n<meta property=\"og:title\" content=\"Datenschutzrichtlinie - Hu Care\" \/>\n<meta property=\"og:description\" content=\"Datenschutzrichtlinie HU CARE ist eine Plattform, die sehr gro\u00dfen Wert auf den Schutz von pers\u00f6nlichen Daten und deren Vertraulichkeit legt. Website Die Website von HU CARE(hu.care, diese Website) wird von Infomaniak mit https-Zertifikat gehostet. Es bietet daher ein fortgeschrittenes Sicherheitsniveau. Die auf der Website hinterlegten Daten und Inhalte unterliegen dem Urheberrecht. Eventuelle externe Quellen werden [&hellip;]\" \/>\n<meta property=\"og:url\" content=\"https:\/\/hu-care.ch\/de\/datenschutzrichtlinie\/\" \/>\n<meta property=\"og:site_name\" content=\"Hu Care\" \/>\n<meta property=\"article:publisher\" content=\"https:\/\/www.facebook.com\/people\/Cabinet-Manaia\/100086857133927\/\" \/>\n<meta name=\"twitter:card\" content=\"summary_large_image\" \/>\n<meta name=\"twitter:label1\" content=\"Est. reading time\" \/>\n\t<meta name=\"twitter:data1\" content=\"2 minutes\" \/>\n<script type=\"application\/ld+json\" class=\"yoast-schema-graph\">{\"@context\":\"https:\\\/\\\/schema.org\",\"@graph\":[{\"@type\":\"WebPage\",\"@id\":\"https:\\\/\\\/hu-care.ch\\\/de\\\/datenschutzrichtlinie\\\/\",\"url\":\"https:\\\/\\\/hu-care.ch\\\/de\\\/datenschutzrichtlinie\\\/\",\"name\":\"Datenschutzrichtlinie - Hu Care\",\"isPartOf\":{\"@id\":\"https:\\\/\\\/hu-care.ch\\\/de\\\/#website\"},\"datePublished\":\"2023-02-22T07:28:51+00:00\",\"breadcrumb\":{\"@id\":\"https:\\\/\\\/hu-care.ch\\\/de\\\/datenschutzrichtlinie\\\/#breadcrumb\"},\"inLanguage\":\"de-DE\",\"potentialAction\":[{\"@type\":\"ReadAction\",\"target\":[\"https:\\\/\\\/hu-care.ch\\\/de\\\/datenschutzrichtlinie\\\/\"]}]},{\"@type\":\"BreadcrumbList\",\"@id\":\"https:\\\/\\\/hu-care.ch\\\/de\\\/datenschutzrichtlinie\\\/#breadcrumb\",\"itemListElement\":[{\"@type\":\"ListItem\",\"position\":1,\"name\":\"Accueil\",\"item\":\"https:\\\/\\\/hu-care.ch\\\/de\\\/\"},{\"@type\":\"ListItem\",\"position\":2,\"name\":\"Datenschutzrichtlinie\"}]},{\"@type\":\"WebSite\",\"@id\":\"https:\\\/\\\/hu-care.ch\\\/de\\\/#website\",\"url\":\"https:\\\/\\\/hu-care.ch\\\/de\\\/\",\"name\":\"Natacha Soussan - Hu Care\",\"description\":\"Th\u00e9rapies Compl\u00e9mentaires, Formations, Produits Sant\u00e9\",\"publisher\":{\"@id\":\"https:\\\/\\\/hu-care.ch\\\/de\\\/#organization\"},\"potentialAction\":[{\"@type\":\"SearchAction\",\"target\":{\"@type\":\"EntryPoint\",\"urlTemplate\":\"https:\\\/\\\/hu-care.ch\\\/de\\\/?s={search_term_string}\"},\"query-input\":{\"@type\":\"PropertyValueSpecification\",\"valueRequired\":true,\"valueName\":\"search_term_string\"}}],\"inLanguage\":\"de-DE\"},{\"@type\":\"Organization\",\"@id\":\"https:\\\/\\\/hu-care.ch\\\/de\\\/#organization\",\"name\":\"Hu Care\",\"url\":\"https:\\\/\\\/hu-care.ch\\\/de\\\/\",\"logo\":{\"@type\":\"ImageObject\",\"inLanguage\":\"de-DE\",\"@id\":\"https:\\\/\\\/hu-care.ch\\\/de\\\/#\\\/schema\\\/logo\\\/image\\\/\",\"url\":\"https:\\\/\\\/hu-care.ch\\\/wp-content\\\/uploads\\\/2023\\\/02\\\/hu_care.png\",\"contentUrl\":\"https:\\\/\\\/hu-care.ch\\\/wp-content\\\/uploads\\\/2023\\\/02\\\/hu_care.png\",\"width\":1280,\"height\":1280,\"caption\":\"Hu Care\"},\"image\":{\"@id\":\"https:\\\/\\\/hu-care.ch\\\/de\\\/#\\\/schema\\\/logo\\\/image\\\/\"},\"sameAs\":[\"https:\\\/\\\/www.facebook.com\\\/people\\\/Cabinet-Manaia\\\/100086857133927\\\/\",\"https:\\\/\\\/www.instagram.com\\\/_hu.care_\\\/\",\"https:\\\/\\\/www.linkedin.com\\\/in\\\/natacha-soussan-a96721256\\\/?originalSubdomain=ch\"]}]}<\/script>\n<!-- \/ Yoast SEO plugin. -->","yoast_head_json":{"title":"Datenschutzrichtlinie - Hu Care","robots":{"index":"index","follow":"follow","max-snippet":"max-snippet:-1","max-image-preview":"max-image-preview:large","max-video-preview":"max-video-preview:-1"},"canonical":"https:\/\/hu-care.ch\/de\/datenschutzrichtlinie\/","og_locale":"de_DE","og_type":"article","og_title":"Datenschutzrichtlinie - Hu Care","og_description":"Datenschutzrichtlinie HU CARE ist eine Plattform, die sehr gro\u00dfen Wert auf den Schutz von pers\u00f6nlichen Daten und deren Vertraulichkeit legt. Website Die Website von HU CARE(hu.care, diese Website) wird von Infomaniak mit https-Zertifikat gehostet. Es bietet daher ein fortgeschrittenes Sicherheitsniveau. Die auf der Website hinterlegten Daten und Inhalte unterliegen dem Urheberrecht. Eventuelle externe Quellen werden [&hellip;]","og_url":"https:\/\/hu-care.ch\/de\/datenschutzrichtlinie\/","og_site_name":"Hu Care","article_publisher":"https:\/\/www.facebook.com\/people\/Cabinet-Manaia\/100086857133927\/","twitter_card":"summary_large_image","twitter_misc":{"Est. reading time":"2 minutes"},"schema":{"@context":"https:\/\/schema.org","@graph":[{"@type":"WebPage","@id":"https:\/\/hu-care.ch\/de\/datenschutzrichtlinie\/","url":"https:\/\/hu-care.ch\/de\/datenschutzrichtlinie\/","name":"Datenschutzrichtlinie - Hu Care","isPartOf":{"@id":"https:\/\/hu-care.ch\/de\/#website"},"datePublished":"2023-02-22T07:28:51+00:00","breadcrumb":{"@id":"https:\/\/hu-care.ch\/de\/datenschutzrichtlinie\/#breadcrumb"},"inLanguage":"de-DE","potentialAction":[{"@type":"ReadAction","target":["https:\/\/hu-care.ch\/de\/datenschutzrichtlinie\/"]}]},{"@type":"BreadcrumbList","@id":"https:\/\/hu-care.ch\/de\/datenschutzrichtlinie\/#breadcrumb","itemListElement":[{"@type":"ListItem","position":1,"name":"Accueil","item":"https:\/\/hu-care.ch\/de\/"},{"@type":"ListItem","position":2,"name":"Datenschutzrichtlinie"}]},{"@type":"WebSite","@id":"https:\/\/hu-care.ch\/de\/#website","url":"https:\/\/hu-care.ch\/de\/","name":"Natacha Soussan - Hu Care","description":"Th\u00e9rapies Compl\u00e9mentaires, Formations, Produits Sant\u00e9","publisher":{"@id":"https:\/\/hu-care.ch\/de\/#organization"},"potentialAction":[{"@type":"SearchAction","target":{"@type":"EntryPoint","urlTemplate":"https:\/\/hu-care.ch\/de\/?s={search_term_string}"},"query-input":{"@type":"PropertyValueSpecification","valueRequired":true,"valueName":"search_term_string"}}],"inLanguage":"de-DE"},{"@type":"Organization","@id":"https:\/\/hu-care.ch\/de\/#organization","name":"Hu Care","url":"https:\/\/hu-care.ch\/de\/","logo":{"@type":"ImageObject","inLanguage":"de-DE","@id":"https:\/\/hu-care.ch\/de\/#\/schema\/logo\/image\/","url":"https:\/\/hu-care.ch\/wp-content\/uploads\/2023\/02\/hu_care.png","contentUrl":"https:\/\/hu-care.ch\/wp-content\/uploads\/2023\/02\/hu_care.png","width":1280,"height":1280,"caption":"Hu Care"},"image":{"@id":"https:\/\/hu-care.ch\/de\/#\/schema\/logo\/image\/"},"sameAs":["https:\/\/www.facebook.com\/people\/Cabinet-Manaia\/100086857133927\/","https:\/\/www.instagram.com\/_hu.care_\/","https:\/\/www.linkedin.com\/in\/natacha-soussan-a96721256\/?originalSubdomain=ch"]}]}},"_links":{"self":[{"href":"https:\/\/hu-care.ch\/de\/wp-json\/wp\/v2\/pages\/30945","targetHints":{"allow":["GET"]}}],"collection":[{"href":"https:\/\/hu-care.ch\/de\/wp-json\/wp\/v2\/pages"}],"about":[{"href":"https:\/\/hu-care.ch\/de\/wp-json\/wp\/v2\/types\/page"}],"author":[{"embeddable":true,"href":"https:\/\/hu-care.ch\/de\/wp-json\/wp\/v2\/users\/1"}],"replies":[{"embeddable":true,"href":"https:\/\/hu-care.ch\/de\/wp-json\/wp\/v2\/comments?post=30945"}],"version-history":[{"count":0,"href":"https:\/\/hu-care.ch\/de\/wp-json\/wp\/v2\/pages\/30945\/revisions"}],"wp:attachment":[{"href":"https:\/\/hu-care.ch\/de\/wp-json\/wp\/v2\/media?parent=30945"}],"curies":[{"name":"wp","href":"https:\/\/api.w.org\/{rel}","templated":true}]}}