{"id":30947,"date":"2023-02-22T08:28:51","date_gmt":"2023-02-22T07:28:51","guid":{"rendered":"https:\/\/hu-care.ch\/allgemeine-geschaeftsbedingungen\/"},"modified":"2024-06-19T17:49:47","modified_gmt":"2024-06-19T15:49:47","slug":"allgemeine-geschaeftsbedingungen","status":"publish","type":"page","link":"https:\/\/hu-care.ch\/de\/allgemeine-geschaeftsbedingungen\/","title":{"rendered":"Allgemeine Gesch\u00e4ftsbedingungen"},"content":{"rendered":"\t\t<div data-elementor-type=\"wp-page\" data-elementor-id=\"30947\" class=\"elementor elementor-30947 elementor-37\" data-elementor-post-type=\"page\">\n\t\t\t\t\t\t<section class=\"elementor-section elementor-top-section elementor-element elementor-element-6ca500c elementor-section-boxed elementor-section-height-default elementor-section-height-default\" data-id=\"6ca500c\" data-element_type=\"section\" data-e-type=\"section\">\n\t\t\t\t\t\t<div class=\"elementor-container elementor-column-gap-default\">\n\t\t\t\t\t<div class=\"elementor-column elementor-col-100 elementor-top-column elementor-element elementor-element-3276fbef\" data-id=\"3276fbef\" data-element_type=\"column\" data-e-type=\"column\">\n\t\t\t<div class=\"elementor-widget-wrap elementor-element-populated\">\n\t\t\t\t\t\t<div class=\"elementor-element elementor-element-e0efe43 elementor-widget elementor-widget-text-editor\" data-id=\"e0efe43\" data-element_type=\"widget\" data-e-type=\"widget\" data-widget_type=\"text-editor.default\">\n\t\t\t\t\t\t\t\t\t<div class=\"elementor-element elementor-element-71ae962 elementor-widget elementor-widget-heading\" data-id=\"71ae962\" data-element_type=\"widget\" data-widget_type=\"heading.default\">\n<div class=\"elementor-widget-container\">\n<div class=\"elementor-element elementor-element-71ae962 elementor-widget elementor-widget-heading\" data-id=\"71ae962\" data-element_type=\"widget\" data-widget_type=\"heading.default\">\n<div class=\"elementor-widget-container\">\n<h2 class=\"elementor-heading-title elementor-size-default\">Allgemeine Gesch\u00e4ftsbedingungen (01.03.2023)<\/h2>\n<\/div>\n<\/div>\n<div class=\"elementor-element elementor-element-fe5b5e1 elementor-widget elementor-widget-text-editor\" data-id=\"fe5b5e1\" data-element_type=\"widget\" data-widget_type=\"text-editor.default\">\n<div class=\"elementor-widget-container\">\n<div id=\"block-9a13a4213e79ea7f621a\" class=\"sqs-block html-block sqs-block-html\" data-block-type=\"2\" data-border-radii=\"{\"topLeft\":{\"unit\":\"px\",\"value\":0.0},\"topRight\":{\"unit\":\"px\",\"value\":0.0},\"bottomLeft\":{\"unit\":\"px\",\"value\":0.0},\"bottomRight\":{\"unit\":\"px\",\"value\":0.0}}\">\n<div class=\"sqs-block-content\">\n<h3 class=\"sqs-html-content\">1. Anwendungsbereich<\/h3>\n<\/div>\n<\/div>\n<div id=\"block-ba9ad4fd38c0d3a3e1f4\" class=\"sqs-block html-block sqs-block-html\" data-block-type=\"2\" data-border-radii=\"{\"topLeft\":{\"unit\":\"px\",\"value\":0.0},\"topRight\":{\"unit\":\"px\",\"value\":0.0},\"bottomLeft\":{\"unit\":\"px\",\"value\":0.0},\"bottomRight\":{\"unit\":\"px\",\"value\":0.0}}\">\n<div class=\"sqs-block-content\">\n<div class=\"sqs-html-content\">\n<p>HU CARE ist ein Online-Shop, der umweltfreundliche Produkte vorstellt. K\u00e4uferinnen und K\u00e4ufer (nachfolgend &#8220;K\u00e4ufer&#8221; oder &#8220;K\u00e4ufer&#8221; genannt) k\u00f6nnen \u00fcber den Online-Shop physische oder digitale Produkte sowie Dienstleistungen erwerben.<\/p>\n<p>Die vorliegenden AGB gelten f\u00fcr alle von HU CARE angebotenen Dienstleistungen. Durch die Nutzung der Dienstleistungen von HU CARE akzeptiert der K\u00e4ufer die nachstehenden Bedingungen ohne jegliche \u00c4nderung und in ihrer Gesamtheit.<\/p>\n<p>Die Nutzung der pers\u00f6nlichen Daten wird durch die Datenschutzerkl\u00e4rung geregelt. Die Datenschutzerkl\u00e4rung ist integraler Bestandteil dieser AGB.<\/p>\n<h3>2. Angebot<\/h3>\n<p>Das Angebot richtet sich an nat\u00fcrliche oder juristische Personen, die ihren Wohnsitz oder Sitz in der Schweiz haben. Die Produkte werden nur an Adressen in der Schweiz geliefert.<\/p>\n<p>Das Angebot ist g\u00fcltig, solange es im Online-Shop erscheint, und zwar solange der Vorrat reicht. \u00c4nderungen der Preise und des Sortiments sind jederzeit m\u00f6glich. Die in der Werbung, in Prospekten, im Online-Shop usw. gezeigten Bilder sowie alle Informationen zu den Produkten dienen der Illustration und sind nicht verbindlich.<\/p>\n<h3><span class=\"sqsrte-text-color--accent\">3. Preis<\/span><\/h3>\n<p>Die Preise verstehen sich in Schweizer Franken, einschlie\u00dflich Mehrwertsteuer (MwSt.).<\/p>\n<p>Es gilt der Preis, der zum Zeitpunkt der Bestellung im Online-Shop angegeben ist. Die Preise verstehen sich f\u00fcr unverpackte Ware und ohne Versandkosten.<\/p>\n<p>Zus\u00e4tzliche kostenpflichtige Leistungen wie z. B. die Lieferung werden im Warenkorb des K\u00e4ufers und auf der Rechnung gesondert ausgewiesen.<\/p>\n<h3><span class=\"sqsrte-text-color--accent\">4. Anmeldung<\/span><\/h3>\n<p>F\u00fcr eine Online-Bestellung muss sich der K\u00e4ufer im Online-Shop mit seinem Benutzernamen oder seiner E-Mail-Adresse und seinem Passwort anmelden (im Folgenden &#8220;Zugangsdaten&#8221; genannt; das entsprechende Benutzerkonto &#8220;Online-Konto&#8221;). Wenn der K\u00e4ufer noch kein Online-Konto hat, ist er bei seiner ersten Online-Bestellung verpflichtet, sich mit den erforderlichen Daten im Online-Shop zu registrieren.<\/p>\n<p>Die Zugangsdaten, die dem K\u00e4ufer mitgeteilt werden, sind f\u00fcr den pers\u00f6nlichen Gebrauch des K\u00e4ufers bestimmt und m\u00fcssen vertraulich behandelt werden. Alle \u00fcber das Online-Konto get\u00e4tigten Bestellungen werden dem K\u00e4ufer als Inhaber des Online-Kontos zugewiesen und sind f\u00fcr den K\u00e4ufer verbindlich.<\/p>\n<h3><span class=\"sqsrte-text-color--accent\">5. Bestellung<\/span><\/h3>\n<p>Bestellungen k\u00f6nnen \u00fcber den Online-Shop, telefonisch oder per E-Mail get\u00e4tigt werden.<\/p>\n<p>Bei einer Bestellung \u00fcber den Online-Shop erh\u00e4lt der K\u00e4ufer nach Abschluss des Bestellvorgangs eine Auftragsbest\u00e4tigung per E-Mail. Diese Best\u00e4tigung gilt noch nicht als Annahme des Angebots durch HU CARE.<\/p>\n<p>HU CARE kann ohne Begr\u00fcndung die Bestellung ganz oder teilweise ablehnen. In diesem Fall wird der Kunde informiert und eventuell bereits geleistete Zahlungen werden zur\u00fcckerstattet. Alle anderen Anspr\u00fcche sind ausgeschlossen, insbesondere werden nicht verf\u00fcgbare Produkte nicht nachgeliefert. Vor\u00fcbergehend nicht verf\u00fcgbare Produkte k\u00f6nnen nicht reserviert werden.<\/p>\n<h3><span class=\"sqsrte-text-color--accent\">6. Lieferung<\/span><\/h3>\n<p>Die Lieferadresse des K\u00e4ufers muss sich in der Schweiz befinden.<\/p>\n<p>Die Kosten f\u00fcr die Lieferung tr\u00e4gt der K\u00e4ufer.<\/p>\n<p>Die Lieferfrist darf 30 Tage nicht \u00fcberschreiten.<\/p>\n<p>HU CARE schlie\u00dft die Haftung f\u00fcr alle Sch\u00e4den aus, die sich aus der Lieferung der Produkte ergeben k\u00f6nnen.<\/p>\n<p>Im Falle einer Verhinderung der Lieferung wird der K\u00e4ufer so schnell wie m\u00f6glich informiert. Er entscheidet dann, ob er 2 Teillieferungen w\u00fcnscht oder ob eine Gesamtlieferung erfolgen soll.<\/p>\n<h3><span class=\"sqsrte-text-color--accent\">7. Garantie<\/span><\/h3>\n<p>HU CARE schlie\u00dft die Haftung f\u00fcr M\u00e4ngel oder das Fehlen von zugesicherten Eigenschaften aus.<\/p>\n<h3><span class=\"sqsrte-text-color--accent\">8. Beschwerde<\/span><\/h3>\n<p>Wenn Produkte mit sichtbaren Sch\u00e4den an der Verpackung oder am Inhalt geliefert werden, muss der K\u00e4ufer HU CARE unverz\u00fcglich dar\u00fcber informieren und die Annahme ungeachtet seiner Rechte aus der M\u00e4ngelgew\u00e4hrleistung verweigern.<\/p>\n<p>Dar\u00fcber hinaus ist der K\u00e4ufer daf\u00fcr verantwortlich, die bestellten Produkte bei Erhalt sofort zu kontrollieren und sie ordnungsgem\u00e4\u00df zu lagern. Im Falle von M\u00e4ngeln oder Abweichungen von der Bestellung muss HU CARE noch am Tag der Lieferung entweder telefonisch oder per E-Mail benachrichtigt werden. Danach k\u00f6nnen nur noch versteckte M\u00e4ngel reklamiert werden und m\u00fcssen sofort nach ihrer Entdeckung der HU CARE mitgeteilt werden. Der vom K\u00e4ufer f\u00fcr die mangelhafte Ware gezahlte Betrag wird dem Kundenkonto gutgeschrieben. HU CARE beh\u00e4lt sich das Recht vor, einen Nachweis des Mangels zu verlangen.<\/p>\n<h3><span class=\"sqsrte-text-color--accent\">9. Zahlungsm\u00f6glichkeiten<\/span><\/h3>\n<p>Als Zahlungsmittel werden Kreditkarten (Visa, Mastercard), Twint und Bank\u00fcberweisungen akzeptiert. Bei Zahlung per Kreditkarte erfolgt die Abbuchung direkt bei der Bestellung des Produkts. Bei Zahlung per Twint oder Bank\u00fcberweisung wird das Paket nach Erhalt der Twint-Zahlung oder der Bank\u00fcberweisung versandt.<\/p>\n<h3><span class=\"sqsrte-text-color--accent\">10. Gutschriften<\/span><\/h3>\n<p>Wenn der Kunde Anspruch auf Gutschriften hat, werden diese dem Kundenkonto gutgeschrieben und k\u00f6nnen f\u00fcr Eink\u00e4ufe bei HU CARE verwendet werden.<\/p>\n<p>HU CARE-Gutscheine d\u00fcrfen unter keinen Umst\u00e4nden verkauft oder versteigert werden. Pro Bestellung kann nur ein Gutschein eingel\u00f6st werden.<\/p>\n<h3><span class=\"sqsrte-text-color--accent\">11. Geistiges Eigentum<\/span><\/h3>\n<p>Der Online-Shop und alle Inhalte, die \u00fcber den Online-Shop zug\u00e4nglich sind (im Folgenden als &#8220;Inhalte&#8221; bezeichnet), sind urheberrechtlich gesch\u00fctzt und das ausschlie\u00dfliche und vollst\u00e4ndige Eigentum von HU CARE, sofern keine anderslautenden Vereinbarungen getroffen wurden. Der Online-Shop kann Warnungen \u00fcber Schutz- und Nutzungsrechte Dritter enthalten, die der K\u00e4ufer zu beachten hat. Das (vollst\u00e4ndige oder teilweise) Reproduzieren, Verbreiten, \u00dcbermitteln (elektronisch oder mit anderen Mitteln), Modifizieren, Verkn\u00fcpfen oder Benutzen der Inhalte f\u00fcr \u00f6ffentliche oder kommerzielle Zwecke ist ohne vorherige schriftliche Genehmigung von HU CARE untersagt.<\/p>\n<h3><span class=\"sqsrte-text-color--accent\">12. Schlussbestimmungen<\/span><\/h3>\n<p>Der Erf\u00fcllungsort f\u00fcr die Leistungen von HU CARE befindet sich am Sitz von HU CARE. Im Falle eines Rechtsstreits ist nur die franz\u00f6sische Version der vorliegenden Allgemeinen Gesch\u00e4ftsbedingungen g\u00fcltig.<\/p>\n<p>HU CARE beh\u00e4lt sich das Recht vor, die vorliegenden AGB jederzeit zu \u00e4ndern. \u00c4nderungen werden auf der HU CARE-Website bekannt gegeben und treten zum Zeitpunkt ihrer Ver\u00f6ffentlichung in Kraft.<\/p>\n<p>Sollten einzelne oder mehrere Bestimmungen dieser AGB ganz oder teilweise unwirksam oder nicht durchsetzbar sein oder werden, so hat dies keinen Einfluss auf die G\u00fcltigkeit der \u00fcbrigen Bestimmungen dieser AGB oder auf den Kauf von Produkten \u00fcber den Online-Shop. In diesem Fall ersetzen die Parteien die ung\u00fcltige oder nicht durchsetzbare Bestimmung durch eine g\u00fcltige und durchsetzbare Bestimmung, die dem wirtschaftlichen Zweck, der mit der zu ersetzenden Bestimmung verfolgt wurde, so weit wie m\u00f6glich gerecht wird. Dies gilt auch f\u00fcr den Fall, dass diese AGB eine Regelungsl\u00fccke enthalten.<\/p>\n<p>Auf diese AGB und etwaige Streitigkeiten, die sich aus oder im Zusammenhang mit der Beziehung zwischen HU CARE und dem K\u00e4ufer ergeben, ist ausschlie\u00dflich das Schweizer Recht anwendbar, unter Ausschluss der Bestimmungen des Kollisionsrechts und der Bestimmungen des \u00dcbereinkommens der Vereinten Nationen \u00fcber Vertr\u00e4ge \u00fcber den internationalen Warenkauf (&#8220;CISG&#8221;).<\/p>\n<p>Der ausschlie\u00dflich zust\u00e4ndige Gerichtsstand f\u00fcr alle Streitigkeiten zwischen HU CARE und dem K\u00e4ufer befindet sich am Sitz von HU CARE. In jedem Fall ist HU CARE berechtigt, den K\u00e4ufer an seinem Wohnsitz zu verklagen.<\/p>\n<\/div>\n<\/div>\n<\/div>\n<\/div>\n<\/div>\n<\/div>\n<\/div>\n\t\t\t\t\t\t\t\t<\/div>\n\t\t\t\t\t<\/div>\n\t\t<\/div>\n\t\t\t\t\t<\/div>\n\t\t<\/section>\n\t\t\t\t<\/div>\n\t\t","protected":false},"excerpt":{"rendered":"<p>Allgemeine Gesch\u00e4ftsbedingungen (01.03.2023) 1. Anwendungsbereich HU CARE ist ein Online-Shop, der umweltfreundliche Produkte vorstellt. K\u00e4uferinnen und K\u00e4ufer (nachfolgend &#8220;K\u00e4ufer&#8221; oder &#8220;K\u00e4ufer&#8221; genannt) k\u00f6nnen \u00fcber den Online-Shop physische oder digitale Produkte sowie Dienstleistungen erwerben. Die vorliegenden AGB gelten f\u00fcr alle von HU CARE angebotenen Dienstleistungen. Durch die Nutzung der Dienstleistungen von HU CARE akzeptiert der K\u00e4ufer [&hellip;]<\/p>\n","protected":false},"author":1,"featured_media":0,"parent":0,"menu_order":0,"comment_status":"closed","ping_status":"closed","template":"","meta":{"footnotes":""},"class_list":["post-30947","page","type-page","status-publish","hentry"],"yoast_head":"<!-- This site is optimized with the Yoast SEO plugin v27.4 - https:\/\/yoast.com\/product\/yoast-seo-wordpress\/ -->\n<title>Allgemeine Gesch\u00e4ftsbedingungen - Hu Care<\/title>\n<meta name=\"robots\" content=\"index, follow, max-snippet:-1, max-image-preview:large, max-video-preview:-1\" \/>\n<link rel=\"canonical\" href=\"https:\/\/hu-care.ch\/de\/allgemeine-geschaeftsbedingungen\/\" \/>\n<meta property=\"og:locale\" content=\"de_DE\" \/>\n<meta property=\"og:type\" content=\"article\" \/>\n<meta property=\"og:title\" content=\"Allgemeine Gesch\u00e4ftsbedingungen - Hu Care\" \/>\n<meta property=\"og:description\" content=\"Allgemeine Gesch\u00e4ftsbedingungen (01.03.2023) 1. Anwendungsbereich HU CARE ist ein Online-Shop, der umweltfreundliche Produkte vorstellt. K\u00e4uferinnen und K\u00e4ufer (nachfolgend &#8220;K\u00e4ufer&#8221; oder &#8220;K\u00e4ufer&#8221; genannt) k\u00f6nnen \u00fcber den Online-Shop physische oder digitale Produkte sowie Dienstleistungen erwerben. Die vorliegenden AGB gelten f\u00fcr alle von HU CARE angebotenen Dienstleistungen. Durch die Nutzung der Dienstleistungen von HU CARE akzeptiert der K\u00e4ufer [&hellip;]\" \/>\n<meta property=\"og:url\" content=\"https:\/\/hu-care.ch\/de\/allgemeine-geschaeftsbedingungen\/\" \/>\n<meta property=\"og:site_name\" content=\"Hu Care\" \/>\n<meta property=\"article:publisher\" content=\"https:\/\/www.facebook.com\/people\/Cabinet-Manaia\/100086857133927\/\" \/>\n<meta property=\"article:modified_time\" content=\"2024-06-19T15:49:47+00:00\" \/>\n<meta name=\"twitter:card\" content=\"summary_large_image\" \/>\n<meta name=\"twitter:label1\" content=\"Est. reading time\" \/>\n\t<meta name=\"twitter:data1\" content=\"5 minutes\" \/>\n<script type=\"application\/ld+json\" class=\"yoast-schema-graph\">{\"@context\":\"https:\\\/\\\/schema.org\",\"@graph\":[{\"@type\":\"WebPage\",\"@id\":\"https:\\\/\\\/hu-care.ch\\\/de\\\/allgemeine-geschaeftsbedingungen\\\/\",\"url\":\"https:\\\/\\\/hu-care.ch\\\/de\\\/allgemeine-geschaeftsbedingungen\\\/\",\"name\":\"Allgemeine Gesch\u00e4ftsbedingungen - Hu Care\",\"isPartOf\":{\"@id\":\"https:\\\/\\\/hu-care.ch\\\/de\\\/#website\"},\"datePublished\":\"2023-02-22T07:28:51+00:00\",\"dateModified\":\"2024-06-19T15:49:47+00:00\",\"breadcrumb\":{\"@id\":\"https:\\\/\\\/hu-care.ch\\\/de\\\/allgemeine-geschaeftsbedingungen\\\/#breadcrumb\"},\"inLanguage\":\"de-DE\",\"potentialAction\":[{\"@type\":\"ReadAction\",\"target\":[\"https:\\\/\\\/hu-care.ch\\\/de\\\/allgemeine-geschaeftsbedingungen\\\/\"]}]},{\"@type\":\"BreadcrumbList\",\"@id\":\"https:\\\/\\\/hu-care.ch\\\/de\\\/allgemeine-geschaeftsbedingungen\\\/#breadcrumb\",\"itemListElement\":[{\"@type\":\"ListItem\",\"position\":1,\"name\":\"Accueil\",\"item\":\"https:\\\/\\\/hu-care.ch\\\/de\\\/\"},{\"@type\":\"ListItem\",\"position\":2,\"name\":\"Allgemeine Gesch\u00e4ftsbedingungen\"}]},{\"@type\":\"WebSite\",\"@id\":\"https:\\\/\\\/hu-care.ch\\\/de\\\/#website\",\"url\":\"https:\\\/\\\/hu-care.ch\\\/de\\\/\",\"name\":\"Natacha Soussan - Hu Care\",\"description\":\"Th\u00e9rapies Compl\u00e9mentaires, Formations, Produits Sant\u00e9\",\"publisher\":{\"@id\":\"https:\\\/\\\/hu-care.ch\\\/de\\\/#organization\"},\"potentialAction\":[{\"@type\":\"SearchAction\",\"target\":{\"@type\":\"EntryPoint\",\"urlTemplate\":\"https:\\\/\\\/hu-care.ch\\\/de\\\/?s={search_term_string}\"},\"query-input\":{\"@type\":\"PropertyValueSpecification\",\"valueRequired\":true,\"valueName\":\"search_term_string\"}}],\"inLanguage\":\"de-DE\"},{\"@type\":\"Organization\",\"@id\":\"https:\\\/\\\/hu-care.ch\\\/de\\\/#organization\",\"name\":\"Hu Care\",\"url\":\"https:\\\/\\\/hu-care.ch\\\/de\\\/\",\"logo\":{\"@type\":\"ImageObject\",\"inLanguage\":\"de-DE\",\"@id\":\"https:\\\/\\\/hu-care.ch\\\/de\\\/#\\\/schema\\\/logo\\\/image\\\/\",\"url\":\"https:\\\/\\\/hu-care.ch\\\/wp-content\\\/uploads\\\/2023\\\/02\\\/hu_care.png\",\"contentUrl\":\"https:\\\/\\\/hu-care.ch\\\/wp-content\\\/uploads\\\/2023\\\/02\\\/hu_care.png\",\"width\":1280,\"height\":1280,\"caption\":\"Hu Care\"},\"image\":{\"@id\":\"https:\\\/\\\/hu-care.ch\\\/de\\\/#\\\/schema\\\/logo\\\/image\\\/\"},\"sameAs\":[\"https:\\\/\\\/www.facebook.com\\\/people\\\/Cabinet-Manaia\\\/100086857133927\\\/\",\"https:\\\/\\\/www.instagram.com\\\/_hu.care_\\\/\",\"https:\\\/\\\/www.linkedin.com\\\/in\\\/natacha-soussan-a96721256\\\/?originalSubdomain=ch\"]}]}<\/script>\n<!-- \/ Yoast SEO plugin. -->","yoast_head_json":{"title":"Allgemeine Gesch\u00e4ftsbedingungen - Hu Care","robots":{"index":"index","follow":"follow","max-snippet":"max-snippet:-1","max-image-preview":"max-image-preview:large","max-video-preview":"max-video-preview:-1"},"canonical":"https:\/\/hu-care.ch\/de\/allgemeine-geschaeftsbedingungen\/","og_locale":"de_DE","og_type":"article","og_title":"Allgemeine Gesch\u00e4ftsbedingungen - Hu Care","og_description":"Allgemeine Gesch\u00e4ftsbedingungen (01.03.2023) 1. Anwendungsbereich HU CARE ist ein Online-Shop, der umweltfreundliche Produkte vorstellt. K\u00e4uferinnen und K\u00e4ufer (nachfolgend &#8220;K\u00e4ufer&#8221; oder &#8220;K\u00e4ufer&#8221; genannt) k\u00f6nnen \u00fcber den Online-Shop physische oder digitale Produkte sowie Dienstleistungen erwerben. Die vorliegenden AGB gelten f\u00fcr alle von HU CARE angebotenen Dienstleistungen. Durch die Nutzung der Dienstleistungen von HU CARE akzeptiert der K\u00e4ufer [&hellip;]","og_url":"https:\/\/hu-care.ch\/de\/allgemeine-geschaeftsbedingungen\/","og_site_name":"Hu Care","article_publisher":"https:\/\/www.facebook.com\/people\/Cabinet-Manaia\/100086857133927\/","article_modified_time":"2024-06-19T15:49:47+00:00","twitter_card":"summary_large_image","twitter_misc":{"Est. reading time":"5 minutes"},"schema":{"@context":"https:\/\/schema.org","@graph":[{"@type":"WebPage","@id":"https:\/\/hu-care.ch\/de\/allgemeine-geschaeftsbedingungen\/","url":"https:\/\/hu-care.ch\/de\/allgemeine-geschaeftsbedingungen\/","name":"Allgemeine Gesch\u00e4ftsbedingungen - Hu Care","isPartOf":{"@id":"https:\/\/hu-care.ch\/de\/#website"},"datePublished":"2023-02-22T07:28:51+00:00","dateModified":"2024-06-19T15:49:47+00:00","breadcrumb":{"@id":"https:\/\/hu-care.ch\/de\/allgemeine-geschaeftsbedingungen\/#breadcrumb"},"inLanguage":"de-DE","potentialAction":[{"@type":"ReadAction","target":["https:\/\/hu-care.ch\/de\/allgemeine-geschaeftsbedingungen\/"]}]},{"@type":"BreadcrumbList","@id":"https:\/\/hu-care.ch\/de\/allgemeine-geschaeftsbedingungen\/#breadcrumb","itemListElement":[{"@type":"ListItem","position":1,"name":"Accueil","item":"https:\/\/hu-care.ch\/de\/"},{"@type":"ListItem","position":2,"name":"Allgemeine Gesch\u00e4ftsbedingungen"}]},{"@type":"WebSite","@id":"https:\/\/hu-care.ch\/de\/#website","url":"https:\/\/hu-care.ch\/de\/","name":"Natacha Soussan - Hu Care","description":"Th\u00e9rapies Compl\u00e9mentaires, Formations, Produits Sant\u00e9","publisher":{"@id":"https:\/\/hu-care.ch\/de\/#organization"},"potentialAction":[{"@type":"SearchAction","target":{"@type":"EntryPoint","urlTemplate":"https:\/\/hu-care.ch\/de\/?s={search_term_string}"},"query-input":{"@type":"PropertyValueSpecification","valueRequired":true,"valueName":"search_term_string"}}],"inLanguage":"de-DE"},{"@type":"Organization","@id":"https:\/\/hu-care.ch\/de\/#organization","name":"Hu Care","url":"https:\/\/hu-care.ch\/de\/","logo":{"@type":"ImageObject","inLanguage":"de-DE","@id":"https:\/\/hu-care.ch\/de\/#\/schema\/logo\/image\/","url":"https:\/\/hu-care.ch\/wp-content\/uploads\/2023\/02\/hu_care.png","contentUrl":"https:\/\/hu-care.ch\/wp-content\/uploads\/2023\/02\/hu_care.png","width":1280,"height":1280,"caption":"Hu Care"},"image":{"@id":"https:\/\/hu-care.ch\/de\/#\/schema\/logo\/image\/"},"sameAs":["https:\/\/www.facebook.com\/people\/Cabinet-Manaia\/100086857133927\/","https:\/\/www.instagram.com\/_hu.care_\/","https:\/\/www.linkedin.com\/in\/natacha-soussan-a96721256\/?originalSubdomain=ch"]}]}},"_links":{"self":[{"href":"https:\/\/hu-care.ch\/de\/wp-json\/wp\/v2\/pages\/30947","targetHints":{"allow":["GET"]}}],"collection":[{"href":"https:\/\/hu-care.ch\/de\/wp-json\/wp\/v2\/pages"}],"about":[{"href":"https:\/\/hu-care.ch\/de\/wp-json\/wp\/v2\/types\/page"}],"author":[{"embeddable":true,"href":"https:\/\/hu-care.ch\/de\/wp-json\/wp\/v2\/users\/1"}],"replies":[{"embeddable":true,"href":"https:\/\/hu-care.ch\/de\/wp-json\/wp\/v2\/comments?post=30947"}],"version-history":[{"count":2,"href":"https:\/\/hu-care.ch\/de\/wp-json\/wp\/v2\/pages\/30947\/revisions"}],"predecessor-version":[{"id":36238,"href":"https:\/\/hu-care.ch\/de\/wp-json\/wp\/v2\/pages\/30947\/revisions\/36238"}],"wp:attachment":[{"href":"https:\/\/hu-care.ch\/de\/wp-json\/wp\/v2\/media?parent=30947"}],"curies":[{"name":"wp","href":"https:\/\/api.w.org\/{rel}","templated":true}]}}