{"id":30953,"date":"2023-02-22T08:28:51","date_gmt":"2023-02-22T07:28:51","guid":{"rendered":"https:\/\/hu-care.ch\/exklusive-inhalte\/"},"modified":"2023-02-22T08:28:51","modified_gmt":"2023-02-22T07:28:51","slug":"exklusive-inhalte","status":"publish","type":"page","link":"https:\/\/hu-care.ch\/de\/exklusive-inhalte\/","title":{"rendered":"Exklusive Inhalte"},"content":{"rendered":"<article class=\"sections\" id=\"sections\" data-page-sections=\"6219fb714ab9077e42dc7a74\">\n<section data-test=\"page-section\" data-section-theme=\"bright\" class=\"page-section layout-engine-section background-width--full-bleed section-height--medium content-width--wide horizontal-alignment--center vertical-alignment--middle bright\" data-section-id=\"6219fb714ab9077e42dc7a7d\" data-controller=\"SectionWrapperController\" data-current-styles=\"{ \"imageOverlayOpacity\": 0.15, \"backgroundWidth\": \"background-width--full-bleed\", \"sectionHeight\": \"section-height--medium\", \"horizontalAlignment\": \"horizontal-alignment--center\", \"verticalAlignment\": \"vertical-alignment--middle\", \"contentWidth\": \"content-width--wide\", \"sectionTheme\": \"bright\", \"sectionAnimation\": \"none\", \"backgroundMode\": \"generative\", \"generative\": { \"type\": \"contours\", \"seed\": 4, \"count\": 0, \"size\": 0, \"speed\": 0, \"startColor\": { \"type\": \"SITE_PALETTE_COLOR\", \"sitePaletteColor\": { \"id\": \"accent\", \"alpha\": 1.0 } }, \"endColor\": { \"type\": \"SITE_PALETTE_COLOR\", \"sitePaletteColor\": { \"id\": \"lightAccent\", \"alpha\": 1.0 } }, \"invertColors\": false, \"noiseIntensity\": 0, \"noiseScale\": 0, \"distortionScaleX\": 0, \"distortionScaleY\": 0, \"distortionSpeed\": 0, \"distortionIntensity\": 0, \"lightIntensity\": 0, \"lightX\": 0, \"bevelRotation\": 360, \"bevelSize\": 10, \"bevelStrength\": 50, \"complexity\": 1, \"cutoff\": 0, \"isBevelEnabled\": false, \"isBlurEnabled\": false, \"scale\": 98, \"speedMorph\": 15, \"speedTravel\": 20, \"steps\": 9, \"travelDirection\": 260, \"noiseBias\": 0, \"animateNoise\": false, \"distortionComplexity\": 0, \"distortionDirection\": 0, \"distortionMorphSpeed\": 0, \"distortionSeed\": 0, \"distortionSmoothness\": 0, \"linearGradientStartColorDistance\": 0, \"linearGradientEndColorDistance\": 0, \"linearGradientAngle\": 0, \"linearGradientAngleMotion\": 0, \"linearGradientRepeat\": 0, \"radialGradientRadius\": 0, \"radialGradientPositionX\": 0, \"radialGradientPositionY\": 0, \"radialGradientFollowCursor\": false, \"radialGradientFollowSpeed\": 0, \"imageScale\": 0, \"imageCount\": 0, \"patternEnabled\": false, \"patternSize\": 0, \"patternOffsetX\": 0, \"patternOffsetY\": 0, \"patternSpaceX\": 0, \"patternSpaceY\": 0, \"waveEnabled\": false, \"waveSpeed\": 0, \"waveComplexity\": 0, \"waveDepth\": 0, \"waveShadowDepth\": 0, \"boxSize\": 0.0, \"scaleX\": 0, \"scaleY\": 0, \"scaleZ\": 0, \"isMorphEnabled\": false, \"lightY\": 0, \"lightZ\": 0, \"noiseRange\": 0, \"positionFactor\": 0, \"scaleFactor\": 0, \"colorFactor\": 0, \"sizeVariance\": 0, \"wobble\": 0, \"morph\": 0, \"scrollMovement\": 0, \"patternScaleX\": 0, \"patternScaleY\": 0, \"patternPowerX\": 0, \"patternPowerY\": 0, \"patternAmount\": 0, \"surfaceHeight\": 0, \"colorStop1\": 0, \"colorStop2\": 0, \"colorStop3\": 0, \"colorStop4\": 0, \"gradientDistortionX\": 0, \"gradientDistortionY\": 0, \"curveX\": 0, \"curveY\": 0, \"curveFunnel\": 0, \"fogIntensity\": 0, \"repeat\": 0, \"rotation\": 0, \"rotationSpeed\": 0, \"blur\": 0, \"complexityY\": 0, \"complexityZ\": 0, \"amplitudeY\": 0, \"amplitudeZ\": 0, \"offset\": 0, \"lightAngle\": 0, \"alpha\": 0 } }\" data-current-context=\"{ \"video\": { \"playbackSpeed\": 0.5, \"filter\": 1, \"filterStrength\": 0, \"zoom\": 0, \"videoSourceProvider\": \"none\" }, \"backgroundImageId\": null, \"backgroundMediaEffect\": null, \"divider\": null, \"typeName\": null }\" data-animation=\"none\">\n<div class=\"section-border\">\n<div class=\"section-background\">\n<div class=\"section-background-content\" data-controller=\"BackgroundContours\">\n<div class=\"section-background-canvas background-fx-canvas\"><\/div>\n<\/div><\/div>\n<\/p><\/div>\n<div class=\"content-wrapper\" style=\" \">\n<div class=\"content\">\n<div class=\"sqs-layout sqs-grid-12 columns-12\" data-type=\"page-section\" id=\"page-section-6219fb714ab9077e42dc7a7d\">\n<div class=\"row sqs-row\">\n<div class=\"col sqs-col-4 span-4\">\n<div class=\"sqs-block html-block sqs-block-html\" data-block-type=\"2\" id=\"block-ce8e39374e159353a56f\">\n<div class=\"sqs-block-content\">\n<h4 style=\"white-space:pre-wrap;\">Exklusive Inhalte nur f\u00fcr Mitglieder<\/h4>\n<\/div>\n<\/div>\n<\/div>\n<div class=\"col sqs-col-8 span-8\">\n<div class=\"row sqs-row\">\n<div class=\"col sqs-col-4 span-4\"><\/div>\n<div class=\"col sqs-col-4 span-4\"><\/div>\n<\/div>\n<\/div>\n<\/div>\n<\/div><\/div>\n<\/p><\/div>\n<p>    <button class=\"background-pause-button\" aria-label=\"\"><\/button><br \/>\n<button class=\"background-pause-button paused\" aria-label=\"\"><\/button><\/p>\n<\/section>\n<\/article>\n","protected":false},"excerpt":{"rendered":"<p>Exklusive Inhalte nur f\u00fcr Mitglieder<\/p>\n","protected":false},"author":1,"featured_media":0,"parent":0,"menu_order":0,"comment_status":"closed","ping_status":"closed","template":"","meta":{"footnotes":""},"class_list":["post-30953","page","type-page","status-publish","hentry"],"yoast_head":"<!-- This site is optimized with the Yoast SEO plugin v27.3 - https:\/\/yoast.com\/product\/yoast-seo-wordpress\/ -->\n<title>Exklusive Inhalte - Hu Care<\/title>\n<meta name=\"robots\" content=\"index, follow, max-snippet:-1, max-image-preview:large, max-video-preview:-1\" \/>\n<link rel=\"canonical\" href=\"https:\/\/hu-care.ch\/de\/exklusive-inhalte\/\" \/>\n<meta property=\"og:locale\" content=\"de_DE\" \/>\n<meta property=\"og:type\" content=\"article\" \/>\n<meta property=\"og:title\" content=\"Exklusive Inhalte - Hu Care\" \/>\n<meta property=\"og:description\" content=\"Exklusive Inhalte nur f\u00fcr Mitglieder\" \/>\n<meta property=\"og:url\" content=\"https:\/\/hu-care.ch\/de\/exklusive-inhalte\/\" \/>\n<meta property=\"og:site_name\" content=\"Hu Care\" \/>\n<meta property=\"article:publisher\" content=\"https:\/\/www.facebook.com\/people\/Cabinet-Manaia\/100086857133927\/\" \/>\n<meta name=\"twitter:card\" content=\"summary_large_image\" \/>\n<script type=\"application\/ld+json\" class=\"yoast-schema-graph\">{\"@context\":\"https:\\\/\\\/schema.org\",\"@graph\":[{\"@type\":\"WebPage\",\"@id\":\"https:\\\/\\\/hu-care.ch\\\/de\\\/exklusive-inhalte\\\/\",\"url\":\"https:\\\/\\\/hu-care.ch\\\/de\\\/exklusive-inhalte\\\/\",\"name\":\"Exklusive Inhalte - Hu Care\",\"isPartOf\":{\"@id\":\"https:\\\/\\\/hu-care.ch\\\/de\\\/#website\"},\"datePublished\":\"2023-02-22T07:28:51+00:00\",\"breadcrumb\":{\"@id\":\"https:\\\/\\\/hu-care.ch\\\/de\\\/exklusive-inhalte\\\/#breadcrumb\"},\"inLanguage\":\"de-DE\",\"potentialAction\":[{\"@type\":\"ReadAction\",\"target\":[\"https:\\\/\\\/hu-care.ch\\\/de\\\/exklusive-inhalte\\\/\"]}]},{\"@type\":\"BreadcrumbList\",\"@id\":\"https:\\\/\\\/hu-care.ch\\\/de\\\/exklusive-inhalte\\\/#breadcrumb\",\"itemListElement\":[{\"@type\":\"ListItem\",\"position\":1,\"name\":\"Accueil\",\"item\":\"https:\\\/\\\/hu-care.ch\\\/de\\\/\"},{\"@type\":\"ListItem\",\"position\":2,\"name\":\"Exklusive Inhalte\"}]},{\"@type\":\"WebSite\",\"@id\":\"https:\\\/\\\/hu-care.ch\\\/de\\\/#website\",\"url\":\"https:\\\/\\\/hu-care.ch\\\/de\\\/\",\"name\":\"Natacha Soussan - Hu Care\",\"description\":\"Th\u00e9rapies Compl\u00e9mentaires, Formations, Produits Sant\u00e9\",\"publisher\":{\"@id\":\"https:\\\/\\\/hu-care.ch\\\/de\\\/#organization\"},\"potentialAction\":[{\"@type\":\"SearchAction\",\"target\":{\"@type\":\"EntryPoint\",\"urlTemplate\":\"https:\\\/\\\/hu-care.ch\\\/de\\\/?s={search_term_string}\"},\"query-input\":{\"@type\":\"PropertyValueSpecification\",\"valueRequired\":true,\"valueName\":\"search_term_string\"}}],\"inLanguage\":\"de-DE\"},{\"@type\":\"Organization\",\"@id\":\"https:\\\/\\\/hu-care.ch\\\/de\\\/#organization\",\"name\":\"Hu Care\",\"url\":\"https:\\\/\\\/hu-care.ch\\\/de\\\/\",\"logo\":{\"@type\":\"ImageObject\",\"inLanguage\":\"de-DE\",\"@id\":\"https:\\\/\\\/hu-care.ch\\\/de\\\/#\\\/schema\\\/logo\\\/image\\\/\",\"url\":\"https:\\\/\\\/hu-care.ch\\\/wp-content\\\/uploads\\\/2023\\\/02\\\/hu_care.png\",\"contentUrl\":\"https:\\\/\\\/hu-care.ch\\\/wp-content\\\/uploads\\\/2023\\\/02\\\/hu_care.png\",\"width\":1280,\"height\":1280,\"caption\":\"Hu Care\"},\"image\":{\"@id\":\"https:\\\/\\\/hu-care.ch\\\/de\\\/#\\\/schema\\\/logo\\\/image\\\/\"},\"sameAs\":[\"https:\\\/\\\/www.facebook.com\\\/people\\\/Cabinet-Manaia\\\/100086857133927\\\/\",\"https:\\\/\\\/www.instagram.com\\\/_hu.care_\\\/\",\"https:\\\/\\\/www.linkedin.com\\\/in\\\/natacha-soussan-a96721256\\\/?originalSubdomain=ch\"]}]}<\/script>\n<!-- \/ Yoast SEO plugin. -->","yoast_head_json":{"title":"Exklusive Inhalte - Hu Care","robots":{"index":"index","follow":"follow","max-snippet":"max-snippet:-1","max-image-preview":"max-image-preview:large","max-video-preview":"max-video-preview:-1"},"canonical":"https:\/\/hu-care.ch\/de\/exklusive-inhalte\/","og_locale":"de_DE","og_type":"article","og_title":"Exklusive Inhalte - Hu Care","og_description":"Exklusive Inhalte nur f\u00fcr Mitglieder","og_url":"https:\/\/hu-care.ch\/de\/exklusive-inhalte\/","og_site_name":"Hu Care","article_publisher":"https:\/\/www.facebook.com\/people\/Cabinet-Manaia\/100086857133927\/","twitter_card":"summary_large_image","schema":{"@context":"https:\/\/schema.org","@graph":[{"@type":"WebPage","@id":"https:\/\/hu-care.ch\/de\/exklusive-inhalte\/","url":"https:\/\/hu-care.ch\/de\/exklusive-inhalte\/","name":"Exklusive Inhalte - Hu Care","isPartOf":{"@id":"https:\/\/hu-care.ch\/de\/#website"},"datePublished":"2023-02-22T07:28:51+00:00","breadcrumb":{"@id":"https:\/\/hu-care.ch\/de\/exklusive-inhalte\/#breadcrumb"},"inLanguage":"de-DE","potentialAction":[{"@type":"ReadAction","target":["https:\/\/hu-care.ch\/de\/exklusive-inhalte\/"]}]},{"@type":"BreadcrumbList","@id":"https:\/\/hu-care.ch\/de\/exklusive-inhalte\/#breadcrumb","itemListElement":[{"@type":"ListItem","position":1,"name":"Accueil","item":"https:\/\/hu-care.ch\/de\/"},{"@type":"ListItem","position":2,"name":"Exklusive Inhalte"}]},{"@type":"WebSite","@id":"https:\/\/hu-care.ch\/de\/#website","url":"https:\/\/hu-care.ch\/de\/","name":"Natacha Soussan - Hu Care","description":"Th\u00e9rapies Compl\u00e9mentaires, Formations, Produits Sant\u00e9","publisher":{"@id":"https:\/\/hu-care.ch\/de\/#organization"},"potentialAction":[{"@type":"SearchAction","target":{"@type":"EntryPoint","urlTemplate":"https:\/\/hu-care.ch\/de\/?s={search_term_string}"},"query-input":{"@type":"PropertyValueSpecification","valueRequired":true,"valueName":"search_term_string"}}],"inLanguage":"de-DE"},{"@type":"Organization","@id":"https:\/\/hu-care.ch\/de\/#organization","name":"Hu Care","url":"https:\/\/hu-care.ch\/de\/","logo":{"@type":"ImageObject","inLanguage":"de-DE","@id":"https:\/\/hu-care.ch\/de\/#\/schema\/logo\/image\/","url":"https:\/\/hu-care.ch\/wp-content\/uploads\/2023\/02\/hu_care.png","contentUrl":"https:\/\/hu-care.ch\/wp-content\/uploads\/2023\/02\/hu_care.png","width":1280,"height":1280,"caption":"Hu Care"},"image":{"@id":"https:\/\/hu-care.ch\/de\/#\/schema\/logo\/image\/"},"sameAs":["https:\/\/www.facebook.com\/people\/Cabinet-Manaia\/100086857133927\/","https:\/\/www.instagram.com\/_hu.care_\/","https:\/\/www.linkedin.com\/in\/natacha-soussan-a96721256\/?originalSubdomain=ch"]}]}},"_links":{"self":[{"href":"https:\/\/hu-care.ch\/de\/wp-json\/wp\/v2\/pages\/30953","targetHints":{"allow":["GET"]}}],"collection":[{"href":"https:\/\/hu-care.ch\/de\/wp-json\/wp\/v2\/pages"}],"about":[{"href":"https:\/\/hu-care.ch\/de\/wp-json\/wp\/v2\/types\/page"}],"author":[{"embeddable":true,"href":"https:\/\/hu-care.ch\/de\/wp-json\/wp\/v2\/users\/1"}],"replies":[{"embeddable":true,"href":"https:\/\/hu-care.ch\/de\/wp-json\/wp\/v2\/comments?post=30953"}],"version-history":[{"count":0,"href":"https:\/\/hu-care.ch\/de\/wp-json\/wp\/v2\/pages\/30953\/revisions"}],"wp:attachment":[{"href":"https:\/\/hu-care.ch\/de\/wp-json\/wp\/v2\/media?parent=30953"}],"curies":[{"name":"wp","href":"https:\/\/api.w.org\/{rel}","templated":true}]}}