{"id":30959,"date":"2023-02-22T08:28:51","date_gmt":"2023-02-22T07:28:51","guid":{"rendered":"https:\/\/hu-care.ch\/sendungen-und-ruecksendungen\/"},"modified":"2023-02-22T08:28:51","modified_gmt":"2023-02-22T07:28:51","slug":"sendungen-und-ruecksendungen","status":"publish","type":"page","link":"https:\/\/hu-care.ch\/de\/sendungen-und-ruecksendungen\/","title":{"rendered":"Sendungen und R\u00fccksendungen"},"content":{"rendered":"<article class=\"sections\" id=\"sections\" data-page-sections=\"6217f5ea525aee46bbccbea0\">\n<section data-test=\"page-section\" data-section-theme=\"\" class=\"page-section layout-engine-section background-width--full-bleed section-height--medium horizontal-alignment--center vertical-alignment--middle \" data-section-id=\"6217f5ea525aee46bbccbea3\" data-controller=\"SectionWrapperController\" data-current-styles=\"{ \"imageOverlayOpacity\": 0.15, \"backgroundWidth\": \"background-width--full-bleed\", \"sectionHeight\": \"section-height--medium\", \"customSectionHeight\": 10, \"horizontalAlignment\": \"horizontal-alignment--center\", \"verticalAlignment\": \"vertical-alignment--middle\", \"contentWidth\": \"content-width--custom\", \"customContentWidth\": 50, \"sectionTheme\": \"\", \"sectionAnimation\": \"none\", \"backgroundMode\": \"image\" }\" data-current-context=\"{ \"video\": { \"playbackSpeed\": 0.5, \"filter\": 1, \"filterStrength\": 0, \"zoom\": 0, \"videoSourceProvider\": \"none\" }, \"backgroundImageId\": null, \"backgroundMediaEffect\": null, \"divider\": null, \"typeName\": null }\" data-animation=\"none\">\n<div class=\"section-border\">\n<div class=\"section-background\"><\/div>\n<\/p><\/div>\n<div class=\"content-wrapper\" style=\" \">\n<div class=\"content\" style=\"width: 50%;\">\n<div class=\"sqs-layout sqs-grid-12 columns-12\" data-type=\"page-section\" id=\"page-section-6217f5ea525aee46bbccbea3\">\n<div class=\"row sqs-row\">\n<div class=\"col sqs-col-12 span-12\">\n<div class=\"sqs-block html-block sqs-block-html\" data-block-type=\"2\" id=\"block-35fd278d088cb35a97df\">\n<div class=\"sqs-block-content\">\n<h3 style=\"white-space:pre-wrap;\">Versand<\/h3>\n<h4 style=\"white-space:pre-wrap;\">Nationale Lieferung (Schweiz)<\/h4>\n<p class=\"\" style=\"white-space:pre-wrap;\">Wir vertrauen bei der Zustellung unserer Sendungen auf La Poste. Alle unsere Sendungen werden als Einschreiben gegen Unterschrift innerhalb von 10 Werktagen nach Zahlungseingang verschickt. Au\u00dfergew\u00f6hnliche Bedingungen k\u00f6nnten jedoch zu einer Lieferung innerhalb von 30 Tagen f\u00fchren.<\/p>\n<h4 style=\"white-space:pre-wrap;\">Sch\u00e4den durch den Transport<\/h4>\n<p class=\"sqsrte-large\" style=\"white-space:pre-wrap;\">Wenn Sie das Paket erhalten, bitten wir Sie, die Ware sorgf\u00e4ltig zu pr\u00fcfen und uns eventuelle Sch\u00e4den sehr schnell zu melden.<\/p>\n<h4 style=\"white-space:pre-wrap;\">Internationale Lieferung<\/h4>\n<p class=\"\" style=\"white-space:pre-wrap;\">Bisher f\u00fchren wir keine internationalen Lieferungen durch. Wir gehen davon aus, dass es in Ihrem Land andere H\u00e4ndler gibt, die unsere Produkte anbieten, und dass es umweltfreundlicher ist, diese zu nutzen. Bei Fragen k\u00f6nnen Sie sich jederzeit an uns wenden, wir freuen uns darauf, Ihnen zu antworten.<\/p>\n<\/div>\n<\/div>\n<div class=\"sqs-block horizontalrule-block sqs-block-horizontalrule\" data-block-type=\"47\" id=\"block-yui_3_17_2_1_1645799920063_3909\">\n<div class=\"sqs-block-content\">\n<hr>\n<\/div>\n<\/div>\n<div class=\"sqs-block html-block sqs-block-html\" data-block-type=\"2\" id=\"block-yui_3_17_2_1_1645799920063_3969\">\n<div class=\"sqs-block-content\">\n<h3 style=\"white-space:pre-wrap;\">Bedingungen f\u00fcr die R\u00fcckkehr<\/h3>\n<h4 style=\"white-space:pre-wrap;\">Kosten f\u00fcr die R\u00fccksendung<\/h4>\n<p class=\"\" style=\"white-space:pre-wrap;\">Wir m\u00f6chten, dass Sie sich \u00fcber unsere Produkte freuen. Es ist jedoch m\u00f6glich, dass Sie mit diesen nicht zufrieden sind, und in diesem Fall k\u00f6nnen Sie sie gem\u00e4\u00df den nachstehenden Bedingungen zur\u00fccksenden.<\/p>\n<h4 style=\"white-space:pre-wrap;\">Fristen f\u00fcr die R\u00fccksendung<\/h4>\n<p class=\"sqsrte-large\" style=\"white-space:pre-wrap;\">Die R\u00fccksendung der Ware muss innerhalb von 14&nbsp;Tagen erfolgen.<\/p>\n<p class=\"sqsrte-large\" style=\"white-space:pre-wrap;\">Die R\u00fcckgabefrist gilt ab dem Datum des Versands oder der Abholung. Es gilt das Datum des Poststempels oder der pers\u00f6nlichen R\u00fccksendung.<\/p>\n<p class=\"sqsrte-large\" style=\"white-space:pre-wrap;\">In den folgenden F\u00e4llen k\u00f6nnen wir leider keine \u00dcbernahme anbieten&nbsp;:<\/p>\n<ul data-rte-list=\"default\">\n<li>\n<p class=\"sqsrte-large\" style=\"white-space:pre-wrap;\">besch\u00e4digte Artikel (mit Ausnahme von Transportsch\u00e4den) ;<\/p>\n<\/li>\n<li>\n<p class=\"sqsrte-large\" style=\"white-space:pre-wrap;\">Produkt nicht in der Originalverpackung zur\u00fcckgegeben werden kann;<\/p>\n<\/li>\n<li>\n<p class=\"sqsrte-large\" style=\"white-space:pre-wrap;\">fehlendes Zubeh\u00f6r ;<\/p>\n<\/li>\n<li>\n<p class=\"sqsrte-large\" style=\"white-space:pre-wrap;\">Lebensmittel ;<\/p>\n<\/li>\n<li>\n<p class=\"sqsrte-large\" style=\"white-space:pre-wrap;\">offene Artikel.<\/p>\n<\/li>\n<\/ul>\n<h4 style=\"white-space:pre-wrap;\">R\u00fcckerstattung<\/h4>\n<p class=\"\" style=\"white-space:pre-wrap;\">Sofern das Produkt zur\u00fcckgegeben werden kann, gelten die folgenden Regeln f\u00fcr die R\u00fcckerstattung.<\/p>\n<p class=\"\" style=\"white-space:pre-wrap;\">Volle R\u00fcckerstattung zum Kaufpreis&nbsp;:<\/p>\n<ul data-rte-list=\"default\">\n<li>\n<p class=\"\" style=\"white-space:pre-wrap;\">Der Artikel befindet sich noch in der unge\u00f6ffneten und unbesch\u00e4digten Originalverpackung,<\/p>\n<\/li>\n<\/ul>\n<h4 style=\"white-space:pre-wrap;\">Kosten f\u00fcr die R\u00fccksendung<\/h4>\n<p class=\"\" style=\"white-space:pre-wrap;\">Die Versandkosten f\u00fcr die R\u00fccksendung von Artikeln sind in der Regel vom Absender zu tragen.<\/p>\n<\/div>\n<\/div>\n<div class=\"sqs-block spacer-block sqs-block-spacer sized vsize-1\" data-block-type=\"21\" id=\"block-e53863ed84e6690d9ab5\">\n<div class=\"sqs-block-content\">&nbsp;<\/div>\n<\/div>\n<\/div>\n<\/div>\n<\/div><\/div>\n<\/p><\/div>\n<\/section>\n<\/article>\n","protected":false},"excerpt":{"rendered":"<p>Versand Nationale Lieferung (Schweiz) Wir vertrauen bei der Zustellung unserer Sendungen auf La Poste. Alle unsere Sendungen werden als Einschreiben gegen Unterschrift innerhalb von 10 Werktagen nach Zahlungseingang verschickt. Au\u00dfergew\u00f6hnliche Bedingungen k\u00f6nnten jedoch zu einer Lieferung innerhalb von 30 Tagen f\u00fchren. Sch\u00e4den durch den Transport Wenn Sie das Paket erhalten, bitten wir Sie, die Ware [&hellip;]<\/p>\n","protected":false},"author":1,"featured_media":0,"parent":0,"menu_order":0,"comment_status":"closed","ping_status":"closed","template":"","meta":{"footnotes":""},"class_list":["post-30959","page","type-page","status-publish","hentry"],"yoast_head":"<!-- This site is optimized with the Yoast SEO plugin v27.3 - https:\/\/yoast.com\/product\/yoast-seo-wordpress\/ -->\n<title>Sendungen und R\u00fccksendungen - Hu Care<\/title>\n<meta name=\"robots\" content=\"index, follow, max-snippet:-1, max-image-preview:large, max-video-preview:-1\" \/>\n<link rel=\"canonical\" href=\"https:\/\/hu-care.ch\/de\/sendungen-und-ruecksendungen\/\" \/>\n<meta property=\"og:locale\" content=\"de_DE\" \/>\n<meta property=\"og:type\" content=\"article\" \/>\n<meta property=\"og:title\" content=\"Sendungen und R\u00fccksendungen - Hu Care\" \/>\n<meta property=\"og:description\" content=\"Versand Nationale Lieferung (Schweiz) Wir vertrauen bei der Zustellung unserer Sendungen auf La Poste. Alle unsere Sendungen werden als Einschreiben gegen Unterschrift innerhalb von 10 Werktagen nach Zahlungseingang verschickt. Au\u00dfergew\u00f6hnliche Bedingungen k\u00f6nnten jedoch zu einer Lieferung innerhalb von 30 Tagen f\u00fchren. Sch\u00e4den durch den Transport Wenn Sie das Paket erhalten, bitten wir Sie, die Ware [&hellip;]\" \/>\n<meta property=\"og:url\" content=\"https:\/\/hu-care.ch\/de\/sendungen-und-ruecksendungen\/\" \/>\n<meta property=\"og:site_name\" content=\"Hu Care\" \/>\n<meta property=\"article:publisher\" content=\"https:\/\/www.facebook.com\/people\/Cabinet-Manaia\/100086857133927\/\" \/>\n<meta name=\"twitter:card\" content=\"summary_large_image\" \/>\n<meta name=\"twitter:label1\" content=\"Est. reading time\" \/>\n\t<meta name=\"twitter:data1\" content=\"2 minutes\" \/>\n<script type=\"application\/ld+json\" class=\"yoast-schema-graph\">{\"@context\":\"https:\\\/\\\/schema.org\",\"@graph\":[{\"@type\":\"WebPage\",\"@id\":\"https:\\\/\\\/hu-care.ch\\\/de\\\/sendungen-und-ruecksendungen\\\/\",\"url\":\"https:\\\/\\\/hu-care.ch\\\/de\\\/sendungen-und-ruecksendungen\\\/\",\"name\":\"Sendungen und R\u00fccksendungen - Hu Care\",\"isPartOf\":{\"@id\":\"https:\\\/\\\/hu-care.ch\\\/de\\\/#website\"},\"datePublished\":\"2023-02-22T07:28:51+00:00\",\"breadcrumb\":{\"@id\":\"https:\\\/\\\/hu-care.ch\\\/de\\\/sendungen-und-ruecksendungen\\\/#breadcrumb\"},\"inLanguage\":\"de-DE\",\"potentialAction\":[{\"@type\":\"ReadAction\",\"target\":[\"https:\\\/\\\/hu-care.ch\\\/de\\\/sendungen-und-ruecksendungen\\\/\"]}]},{\"@type\":\"BreadcrumbList\",\"@id\":\"https:\\\/\\\/hu-care.ch\\\/de\\\/sendungen-und-ruecksendungen\\\/#breadcrumb\",\"itemListElement\":[{\"@type\":\"ListItem\",\"position\":1,\"name\":\"Accueil\",\"item\":\"https:\\\/\\\/hu-care.ch\\\/de\\\/\"},{\"@type\":\"ListItem\",\"position\":2,\"name\":\"Sendungen und R\u00fccksendungen\"}]},{\"@type\":\"WebSite\",\"@id\":\"https:\\\/\\\/hu-care.ch\\\/de\\\/#website\",\"url\":\"https:\\\/\\\/hu-care.ch\\\/de\\\/\",\"name\":\"Natacha Soussan - Hu Care\",\"description\":\"Th\u00e9rapies Compl\u00e9mentaires, Formations, Produits Sant\u00e9\",\"publisher\":{\"@id\":\"https:\\\/\\\/hu-care.ch\\\/de\\\/#organization\"},\"potentialAction\":[{\"@type\":\"SearchAction\",\"target\":{\"@type\":\"EntryPoint\",\"urlTemplate\":\"https:\\\/\\\/hu-care.ch\\\/de\\\/?s={search_term_string}\"},\"query-input\":{\"@type\":\"PropertyValueSpecification\",\"valueRequired\":true,\"valueName\":\"search_term_string\"}}],\"inLanguage\":\"de-DE\"},{\"@type\":\"Organization\",\"@id\":\"https:\\\/\\\/hu-care.ch\\\/de\\\/#organization\",\"name\":\"Hu Care\",\"url\":\"https:\\\/\\\/hu-care.ch\\\/de\\\/\",\"logo\":{\"@type\":\"ImageObject\",\"inLanguage\":\"de-DE\",\"@id\":\"https:\\\/\\\/hu-care.ch\\\/de\\\/#\\\/schema\\\/logo\\\/image\\\/\",\"url\":\"https:\\\/\\\/hu-care.ch\\\/wp-content\\\/uploads\\\/2023\\\/02\\\/hu_care.png\",\"contentUrl\":\"https:\\\/\\\/hu-care.ch\\\/wp-content\\\/uploads\\\/2023\\\/02\\\/hu_care.png\",\"width\":1280,\"height\":1280,\"caption\":\"Hu Care\"},\"image\":{\"@id\":\"https:\\\/\\\/hu-care.ch\\\/de\\\/#\\\/schema\\\/logo\\\/image\\\/\"},\"sameAs\":[\"https:\\\/\\\/www.facebook.com\\\/people\\\/Cabinet-Manaia\\\/100086857133927\\\/\",\"https:\\\/\\\/www.instagram.com\\\/_hu.care_\\\/\",\"https:\\\/\\\/www.linkedin.com\\\/in\\\/natacha-soussan-a96721256\\\/?originalSubdomain=ch\"]}]}<\/script>\n<!-- \/ Yoast SEO plugin. -->","yoast_head_json":{"title":"Sendungen und R\u00fccksendungen - Hu Care","robots":{"index":"index","follow":"follow","max-snippet":"max-snippet:-1","max-image-preview":"max-image-preview:large","max-video-preview":"max-video-preview:-1"},"canonical":"https:\/\/hu-care.ch\/de\/sendungen-und-ruecksendungen\/","og_locale":"de_DE","og_type":"article","og_title":"Sendungen und R\u00fccksendungen - Hu Care","og_description":"Versand Nationale Lieferung (Schweiz) Wir vertrauen bei der Zustellung unserer Sendungen auf La Poste. Alle unsere Sendungen werden als Einschreiben gegen Unterschrift innerhalb von 10 Werktagen nach Zahlungseingang verschickt. Au\u00dfergew\u00f6hnliche Bedingungen k\u00f6nnten jedoch zu einer Lieferung innerhalb von 30 Tagen f\u00fchren. Sch\u00e4den durch den Transport Wenn Sie das Paket erhalten, bitten wir Sie, die Ware [&hellip;]","og_url":"https:\/\/hu-care.ch\/de\/sendungen-und-ruecksendungen\/","og_site_name":"Hu Care","article_publisher":"https:\/\/www.facebook.com\/people\/Cabinet-Manaia\/100086857133927\/","twitter_card":"summary_large_image","twitter_misc":{"Est. reading time":"2 minutes"},"schema":{"@context":"https:\/\/schema.org","@graph":[{"@type":"WebPage","@id":"https:\/\/hu-care.ch\/de\/sendungen-und-ruecksendungen\/","url":"https:\/\/hu-care.ch\/de\/sendungen-und-ruecksendungen\/","name":"Sendungen und R\u00fccksendungen - Hu Care","isPartOf":{"@id":"https:\/\/hu-care.ch\/de\/#website"},"datePublished":"2023-02-22T07:28:51+00:00","breadcrumb":{"@id":"https:\/\/hu-care.ch\/de\/sendungen-und-ruecksendungen\/#breadcrumb"},"inLanguage":"de-DE","potentialAction":[{"@type":"ReadAction","target":["https:\/\/hu-care.ch\/de\/sendungen-und-ruecksendungen\/"]}]},{"@type":"BreadcrumbList","@id":"https:\/\/hu-care.ch\/de\/sendungen-und-ruecksendungen\/#breadcrumb","itemListElement":[{"@type":"ListItem","position":1,"name":"Accueil","item":"https:\/\/hu-care.ch\/de\/"},{"@type":"ListItem","position":2,"name":"Sendungen und R\u00fccksendungen"}]},{"@type":"WebSite","@id":"https:\/\/hu-care.ch\/de\/#website","url":"https:\/\/hu-care.ch\/de\/","name":"Natacha Soussan - Hu Care","description":"Th\u00e9rapies Compl\u00e9mentaires, Formations, Produits Sant\u00e9","publisher":{"@id":"https:\/\/hu-care.ch\/de\/#organization"},"potentialAction":[{"@type":"SearchAction","target":{"@type":"EntryPoint","urlTemplate":"https:\/\/hu-care.ch\/de\/?s={search_term_string}"},"query-input":{"@type":"PropertyValueSpecification","valueRequired":true,"valueName":"search_term_string"}}],"inLanguage":"de-DE"},{"@type":"Organization","@id":"https:\/\/hu-care.ch\/de\/#organization","name":"Hu Care","url":"https:\/\/hu-care.ch\/de\/","logo":{"@type":"ImageObject","inLanguage":"de-DE","@id":"https:\/\/hu-care.ch\/de\/#\/schema\/logo\/image\/","url":"https:\/\/hu-care.ch\/wp-content\/uploads\/2023\/02\/hu_care.png","contentUrl":"https:\/\/hu-care.ch\/wp-content\/uploads\/2023\/02\/hu_care.png","width":1280,"height":1280,"caption":"Hu Care"},"image":{"@id":"https:\/\/hu-care.ch\/de\/#\/schema\/logo\/image\/"},"sameAs":["https:\/\/www.facebook.com\/people\/Cabinet-Manaia\/100086857133927\/","https:\/\/www.instagram.com\/_hu.care_\/","https:\/\/www.linkedin.com\/in\/natacha-soussan-a96721256\/?originalSubdomain=ch"]}]}},"_links":{"self":[{"href":"https:\/\/hu-care.ch\/de\/wp-json\/wp\/v2\/pages\/30959","targetHints":{"allow":["GET"]}}],"collection":[{"href":"https:\/\/hu-care.ch\/de\/wp-json\/wp\/v2\/pages"}],"about":[{"href":"https:\/\/hu-care.ch\/de\/wp-json\/wp\/v2\/types\/page"}],"author":[{"embeddable":true,"href":"https:\/\/hu-care.ch\/de\/wp-json\/wp\/v2\/users\/1"}],"replies":[{"embeddable":true,"href":"https:\/\/hu-care.ch\/de\/wp-json\/wp\/v2\/comments?post=30959"}],"version-history":[{"count":0,"href":"https:\/\/hu-care.ch\/de\/wp-json\/wp\/v2\/pages\/30959\/revisions"}],"wp:attachment":[{"href":"https:\/\/hu-care.ch\/de\/wp-json\/wp\/v2\/media?parent=30959"}],"curies":[{"name":"wp","href":"https:\/\/api.w.org\/{rel}","templated":true}]}}