{"id":30964,"date":"2023-02-22T08:28:51","date_gmt":"2023-02-22T07:28:51","guid":{"rendered":"https:\/\/hu-care.ch\/rechtliche-hinweise\/"},"modified":"2023-02-22T08:28:51","modified_gmt":"2023-02-22T07:28:51","slug":"rechtliche-hinweise","status":"publish","type":"page","link":"https:\/\/hu-care.ch\/de\/rechtliche-hinweise\/","title":{"rendered":"Rechtliche Hinweise"},"content":{"rendered":"<article class=\"sections\" id=\"sections\" data-page-sections=\"627ad1c1139f03633ce7409a\">\n<section data-test=\"page-section\" data-section-theme=\"light\" class=\"page-section layout-engine-section background-width--full-bleed section-height--large content-width--narrow horizontal-alignment--center vertical-alignment--middle light\" data-section-id=\"627ad1c1139f03633ce7409d\" data-controller=\"SectionWrapperController\" data-current-styles=\"{ \"imageOverlayOpacity\": 0.15, \"backgroundWidth\": \"background-width--full-bleed\", \"sectionHeight\": \"section-height--large\", \"horizontalAlignment\": \"horizontal-alignment--center\", \"verticalAlignment\": \"vertical-alignment--middle\", \"contentWidth\": \"content-width--narrow\", \"customContentWidth\": 50, \"sectionTheme\": \"light\", \"sectionAnimation\": \"none\", \"backgroundMode\": \"image\" }\" data-current-context=\"{ \"video\": { \"playbackSpeed\": 0.5, \"filter\": 1, \"filterStrength\": 0, \"zoom\": 0, \"videoSourceProvider\": \"none\" }, \"backgroundImageId\": null, \"backgroundMediaEffect\": null, \"divider\": null, \"typeName\": null }\" data-animation=\"none\">\n<div class=\"section-border\">\n<div class=\"section-background\"><\/div>\n<\/p><\/div>\n<div class=\"content-wrapper\" style=\" \">\n<div class=\"content\">\n<div class=\"sqs-layout sqs-grid-12 columns-12\" data-type=\"page-section\" id=\"page-section-627ad1c1139f03633ce7409d\">\n<div class=\"row sqs-row\">\n<div class=\"col sqs-col-12 span-12\">\n<div class=\"sqs-block html-block sqs-block-html\" data-block-type=\"2\" id=\"block-1ff6d3a948afc17d6483\">\n<div class=\"sqs-block-content\">\n<h1 style=\"white-space:pre-wrap;\">Rechtliche Hinweise<\/h1>\n<h4 style=\"white-space:pre-wrap;\">HU CARE wird von der Kanzlei Manaia herausgegeben.<\/h4>\n<p class=\"\" style=\"white-space:pre-wrap;\"><strong>Praxis Manaia<\/strong><br \/>Chemin de la Roche 11<br \/>1020 Renens- Schweiz<br \/>IDE: 119009\/CHE-394.536.226<br \/>Nicht mehrwertsteuerpflichtig.<br \/>Telefon: +41 79 937 73 73<br \/>E-Mail: info[@]hu.care<\/p>\n<p class=\"\" data-rte-preserve-empty=\"true\" style=\"white-space:pre-wrap;\">\n<h4 style=\"white-space:pre-wrap;\">Die Website hu.care wird gehostet von<\/h4>\n<p class=\"\" style=\"white-space:pre-wrap;\"><strong>Infomaniak Network SA<br \/><\/strong>Rue Eug\u00e8ne-Marziano 25<br \/>1227 Genf &#8211; Schweiz<\/p>\n<p class=\"\" data-rte-preserve-empty=\"true\" style=\"white-space:pre-wrap;\">\n<h4 style=\"white-space:pre-wrap;\">Die Website hu.care wird auf Squarespace realisiert.<\/h4>\n<p class=\"\" style=\"white-space:pre-wrap;\"><strong>SQUARESPACE, INC.<\/strong><br \/>225 Varick Street, 12th floor<br \/>New York, NY 10014 &#8211; USA<\/p>\n<p class=\"\" data-rte-preserve-empty=\"true\" style=\"white-space:pre-wrap;\">\n<h4 style=\"white-space:pre-wrap;\">Die Website hu.care wird von Virpeen Design bezeichnet.<\/h4>\n<p class=\"\" style=\"white-space:pre-wrap;\"><strong>Virpeen Design<\/strong><br \/>1006 Lausanne &#8211; Schweiz<br \/>E-Mail: virpeen.design[@]protonmail.com<\/p>\n<\/div>\n<\/div>\n<\/div>\n<\/div>\n<\/div><\/div>\n<\/p><\/div>\n<\/section>\n<\/article>\n","protected":false},"excerpt":{"rendered":"<p>Rechtliche Hinweise HU CARE wird von der Kanzlei Manaia herausgegeben. Praxis ManaiaChemin de la Roche 111020 Renens- SchweizIDE: 119009\/CHE-394.536.226Nicht mehrwertsteuerpflichtig.Telefon: +41 79 937 73 73E-Mail: info[@]hu.care Die Website hu.care wird gehostet von Infomaniak Network SARue Eug\u00e8ne-Marziano 251227 Genf &#8211; Schweiz Die Website hu.care wird auf Squarespace realisiert. SQUARESPACE, INC.225 Varick Street, 12th floorNew York, NY [&hellip;]<\/p>\n","protected":false},"author":1,"featured_media":0,"parent":0,"menu_order":0,"comment_status":"closed","ping_status":"closed","template":"","meta":{"footnotes":""},"class_list":["post-30964","page","type-page","status-publish","hentry"],"yoast_head":"<!-- This site is optimized with the Yoast SEO plugin v27.3 - https:\/\/yoast.com\/product\/yoast-seo-wordpress\/ -->\n<title>Rechtliche Hinweise - Hu Care<\/title>\n<meta name=\"robots\" content=\"index, follow, max-snippet:-1, max-image-preview:large, max-video-preview:-1\" \/>\n<link rel=\"canonical\" href=\"https:\/\/hu-care.ch\/de\/rechtliche-hinweise\/\" \/>\n<meta property=\"og:locale\" content=\"de_DE\" \/>\n<meta property=\"og:type\" content=\"article\" \/>\n<meta property=\"og:title\" content=\"Rechtliche Hinweise - Hu Care\" \/>\n<meta property=\"og:description\" content=\"Rechtliche Hinweise HU CARE wird von der Kanzlei Manaia herausgegeben. Praxis ManaiaChemin de la Roche 111020 Renens- SchweizIDE: 119009\/CHE-394.536.226Nicht mehrwertsteuerpflichtig.Telefon: +41 79 937 73 73E-Mail: info[@]hu.care Die Website hu.care wird gehostet von Infomaniak Network SARue Eug\u00e8ne-Marziano 251227 Genf &#8211; Schweiz Die Website hu.care wird auf Squarespace realisiert. SQUARESPACE, INC.225 Varick Street, 12th floorNew York, NY [&hellip;]\" \/>\n<meta property=\"og:url\" content=\"https:\/\/hu-care.ch\/de\/rechtliche-hinweise\/\" \/>\n<meta property=\"og:site_name\" content=\"Hu Care\" \/>\n<meta property=\"article:publisher\" content=\"https:\/\/www.facebook.com\/people\/Cabinet-Manaia\/100086857133927\/\" \/>\n<meta name=\"twitter:card\" content=\"summary_large_image\" \/>\n<script type=\"application\/ld+json\" class=\"yoast-schema-graph\">{\"@context\":\"https:\\\/\\\/schema.org\",\"@graph\":[{\"@type\":\"WebPage\",\"@id\":\"https:\\\/\\\/hu-care.ch\\\/de\\\/rechtliche-hinweise\\\/\",\"url\":\"https:\\\/\\\/hu-care.ch\\\/de\\\/rechtliche-hinweise\\\/\",\"name\":\"Rechtliche Hinweise - Hu Care\",\"isPartOf\":{\"@id\":\"https:\\\/\\\/hu-care.ch\\\/de\\\/#website\"},\"datePublished\":\"2023-02-22T07:28:51+00:00\",\"breadcrumb\":{\"@id\":\"https:\\\/\\\/hu-care.ch\\\/de\\\/rechtliche-hinweise\\\/#breadcrumb\"},\"inLanguage\":\"de-DE\",\"potentialAction\":[{\"@type\":\"ReadAction\",\"target\":[\"https:\\\/\\\/hu-care.ch\\\/de\\\/rechtliche-hinweise\\\/\"]}]},{\"@type\":\"BreadcrumbList\",\"@id\":\"https:\\\/\\\/hu-care.ch\\\/de\\\/rechtliche-hinweise\\\/#breadcrumb\",\"itemListElement\":[{\"@type\":\"ListItem\",\"position\":1,\"name\":\"Accueil\",\"item\":\"https:\\\/\\\/hu-care.ch\\\/de\\\/\"},{\"@type\":\"ListItem\",\"position\":2,\"name\":\"Rechtliche Hinweise\"}]},{\"@type\":\"WebSite\",\"@id\":\"https:\\\/\\\/hu-care.ch\\\/de\\\/#website\",\"url\":\"https:\\\/\\\/hu-care.ch\\\/de\\\/\",\"name\":\"Natacha Soussan - Hu Care\",\"description\":\"Th\u00e9rapies Compl\u00e9mentaires, Formations, Produits Sant\u00e9\",\"publisher\":{\"@id\":\"https:\\\/\\\/hu-care.ch\\\/de\\\/#organization\"},\"potentialAction\":[{\"@type\":\"SearchAction\",\"target\":{\"@type\":\"EntryPoint\",\"urlTemplate\":\"https:\\\/\\\/hu-care.ch\\\/de\\\/?s={search_term_string}\"},\"query-input\":{\"@type\":\"PropertyValueSpecification\",\"valueRequired\":true,\"valueName\":\"search_term_string\"}}],\"inLanguage\":\"de-DE\"},{\"@type\":\"Organization\",\"@id\":\"https:\\\/\\\/hu-care.ch\\\/de\\\/#organization\",\"name\":\"Hu Care\",\"url\":\"https:\\\/\\\/hu-care.ch\\\/de\\\/\",\"logo\":{\"@type\":\"ImageObject\",\"inLanguage\":\"de-DE\",\"@id\":\"https:\\\/\\\/hu-care.ch\\\/de\\\/#\\\/schema\\\/logo\\\/image\\\/\",\"url\":\"https:\\\/\\\/hu-care.ch\\\/wp-content\\\/uploads\\\/2023\\\/02\\\/hu_care.png\",\"contentUrl\":\"https:\\\/\\\/hu-care.ch\\\/wp-content\\\/uploads\\\/2023\\\/02\\\/hu_care.png\",\"width\":1280,\"height\":1280,\"caption\":\"Hu Care\"},\"image\":{\"@id\":\"https:\\\/\\\/hu-care.ch\\\/de\\\/#\\\/schema\\\/logo\\\/image\\\/\"},\"sameAs\":[\"https:\\\/\\\/www.facebook.com\\\/people\\\/Cabinet-Manaia\\\/100086857133927\\\/\",\"https:\\\/\\\/www.instagram.com\\\/_hu.care_\\\/\",\"https:\\\/\\\/www.linkedin.com\\\/in\\\/natacha-soussan-a96721256\\\/?originalSubdomain=ch\"]}]}<\/script>\n<!-- \/ Yoast SEO plugin. -->","yoast_head_json":{"title":"Rechtliche Hinweise - Hu Care","robots":{"index":"index","follow":"follow","max-snippet":"max-snippet:-1","max-image-preview":"max-image-preview:large","max-video-preview":"max-video-preview:-1"},"canonical":"https:\/\/hu-care.ch\/de\/rechtliche-hinweise\/","og_locale":"de_DE","og_type":"article","og_title":"Rechtliche Hinweise - Hu Care","og_description":"Rechtliche Hinweise HU CARE wird von der Kanzlei Manaia herausgegeben. Praxis ManaiaChemin de la Roche 111020 Renens- SchweizIDE: 119009\/CHE-394.536.226Nicht mehrwertsteuerpflichtig.Telefon: +41 79 937 73 73E-Mail: info[@]hu.care Die Website hu.care wird gehostet von Infomaniak Network SARue Eug\u00e8ne-Marziano 251227 Genf &#8211; Schweiz Die Website hu.care wird auf Squarespace realisiert. SQUARESPACE, INC.225 Varick Street, 12th floorNew York, NY [&hellip;]","og_url":"https:\/\/hu-care.ch\/de\/rechtliche-hinweise\/","og_site_name":"Hu Care","article_publisher":"https:\/\/www.facebook.com\/people\/Cabinet-Manaia\/100086857133927\/","twitter_card":"summary_large_image","schema":{"@context":"https:\/\/schema.org","@graph":[{"@type":"WebPage","@id":"https:\/\/hu-care.ch\/de\/rechtliche-hinweise\/","url":"https:\/\/hu-care.ch\/de\/rechtliche-hinweise\/","name":"Rechtliche Hinweise - Hu Care","isPartOf":{"@id":"https:\/\/hu-care.ch\/de\/#website"},"datePublished":"2023-02-22T07:28:51+00:00","breadcrumb":{"@id":"https:\/\/hu-care.ch\/de\/rechtliche-hinweise\/#breadcrumb"},"inLanguage":"de-DE","potentialAction":[{"@type":"ReadAction","target":["https:\/\/hu-care.ch\/de\/rechtliche-hinweise\/"]}]},{"@type":"BreadcrumbList","@id":"https:\/\/hu-care.ch\/de\/rechtliche-hinweise\/#breadcrumb","itemListElement":[{"@type":"ListItem","position":1,"name":"Accueil","item":"https:\/\/hu-care.ch\/de\/"},{"@type":"ListItem","position":2,"name":"Rechtliche Hinweise"}]},{"@type":"WebSite","@id":"https:\/\/hu-care.ch\/de\/#website","url":"https:\/\/hu-care.ch\/de\/","name":"Natacha Soussan - Hu Care","description":"Th\u00e9rapies Compl\u00e9mentaires, Formations, Produits Sant\u00e9","publisher":{"@id":"https:\/\/hu-care.ch\/de\/#organization"},"potentialAction":[{"@type":"SearchAction","target":{"@type":"EntryPoint","urlTemplate":"https:\/\/hu-care.ch\/de\/?s={search_term_string}"},"query-input":{"@type":"PropertyValueSpecification","valueRequired":true,"valueName":"search_term_string"}}],"inLanguage":"de-DE"},{"@type":"Organization","@id":"https:\/\/hu-care.ch\/de\/#organization","name":"Hu Care","url":"https:\/\/hu-care.ch\/de\/","logo":{"@type":"ImageObject","inLanguage":"de-DE","@id":"https:\/\/hu-care.ch\/de\/#\/schema\/logo\/image\/","url":"https:\/\/hu-care.ch\/wp-content\/uploads\/2023\/02\/hu_care.png","contentUrl":"https:\/\/hu-care.ch\/wp-content\/uploads\/2023\/02\/hu_care.png","width":1280,"height":1280,"caption":"Hu Care"},"image":{"@id":"https:\/\/hu-care.ch\/de\/#\/schema\/logo\/image\/"},"sameAs":["https:\/\/www.facebook.com\/people\/Cabinet-Manaia\/100086857133927\/","https:\/\/www.instagram.com\/_hu.care_\/","https:\/\/www.linkedin.com\/in\/natacha-soussan-a96721256\/?originalSubdomain=ch"]}]}},"_links":{"self":[{"href":"https:\/\/hu-care.ch\/de\/wp-json\/wp\/v2\/pages\/30964","targetHints":{"allow":["GET"]}}],"collection":[{"href":"https:\/\/hu-care.ch\/de\/wp-json\/wp\/v2\/pages"}],"about":[{"href":"https:\/\/hu-care.ch\/de\/wp-json\/wp\/v2\/types\/page"}],"author":[{"embeddable":true,"href":"https:\/\/hu-care.ch\/de\/wp-json\/wp\/v2\/users\/1"}],"replies":[{"embeddable":true,"href":"https:\/\/hu-care.ch\/de\/wp-json\/wp\/v2\/comments?post=30964"}],"version-history":[{"count":0,"href":"https:\/\/hu-care.ch\/de\/wp-json\/wp\/v2\/pages\/30964\/revisions"}],"wp:attachment":[{"href":"https:\/\/hu-care.ch\/de\/wp-json\/wp\/v2\/media?parent=30964"}],"curies":[{"name":"wp","href":"https:\/\/api.w.org\/{rel}","templated":true}]}}