{"id":31012,"date":"2023-02-22T16:15:59","date_gmt":"2023-02-22T15:15:59","guid":{"rendered":"https:\/\/hu-care.ch\/schulungen\/hypersensibilitaet-vertrauen-in-die-eigenen-gefuehle-gewinnen\/"},"modified":"2023-08-07T09:22:18","modified_gmt":"2023-08-07T07:22:18","slug":"hypersensibilitaet-vertrauen-in-die-eigenen-gefuehle-gewinnen","status":"publish","type":"page","link":"https:\/\/hu-care.ch\/de\/schulungen\/hypersensibilitaet-vertrauen-in-die-eigenen-gefuehle-gewinnen\/","title":{"rendered":"Hypersensibilit\u00e4t: Vertrauen in die eigenen Gef\u00fchle gewinnen"},"content":{"rendered":"\t\t<div data-elementor-type=\"wp-page\" data-elementor-id=\"31012\" class=\"elementor elementor-31012 elementor-29918\" data-elementor-post-type=\"page\">\n\t\t\t\t\t\t<section class=\"elementor-section elementor-top-section elementor-element elementor-element-bcb9a21 elementor-section-boxed elementor-section-height-default elementor-section-height-default\" data-id=\"bcb9a21\" data-element_type=\"section\" data-e-type=\"section\">\n\t\t\t\t\t\t<div class=\"elementor-container elementor-column-gap-no\">\n\t\t\t\t\t<div class=\"elementor-column elementor-col-100 elementor-top-column elementor-element elementor-element-faa4f47\" data-id=\"faa4f47\" data-element_type=\"column\" data-e-type=\"column\">\n\t\t\t<div class=\"elementor-widget-wrap elementor-element-populated\">\n\t\t\t\t\t\t<div class=\"elementor-element elementor-element-1622d2d elementor-widget elementor-widget-heading\" data-id=\"1622d2d\" data-element_type=\"widget\" data-e-type=\"widget\" data-widget_type=\"heading.default\">\n\t\t\t\t\t<h3 class=\"elementor-heading-title elementor-size-default\">FORMATIONEN<\/h3>\t\t\t\t<\/div>\n\t\t\t\t<div class=\"elementor-element elementor-element-c291493 elementor-widget elementor-widget-heading\" data-id=\"c291493\" data-element_type=\"widget\" data-e-type=\"widget\" data-widget_type=\"heading.default\">\n\t\t\t\t\t<h2 class=\"elementor-heading-title elementor-size-default\">Hypersensibilit\u00e4t: Vertrauen in die eigenen Gef\u00fchle gewinnen<\/h2>\t\t\t\t<\/div>\n\t\t\t\t<div class=\"elementor-element elementor-element-c33dac6 elementor-widget elementor-widget-text-editor\" data-id=\"c33dac6\" data-element_type=\"widget\" data-e-type=\"widget\" data-widget_type=\"text-editor.default\">\n\t\t\t\t\t\t\t\t\t<p>Ich biete Ihnen an, im Laufe eines Tages herauszufinden, wie Sie sich mit Ihrer <a href=\"https:\/\/hu-care.ch\/de\/service\/lemuria-code\/\">\u00dcberempfindlichkeit<\/a> besser f\u00fchlen k\u00f6nnen.<\/p>\n<p>Wie man einen Energiewechsel begreift, wie man sich mit dem, was man wahrnimmt und f\u00fchlt, besser f\u00fchlt.<br \/>Arbeit am Umgang mit Schwingungen und Frequenzen von R\u00e4umen, Personen.<br \/>(Wieder-)Gewinnung von Vertrauen in die eigenen Energiesensoren.<\/p>\n<p>Im Schloss von Renens-sur-Roche<br \/>\u00d6ffnungszeiten: von 9 bis 17 Uhr<\/p>\n<p class=\"\">Preis pro Person: 180 chf \/ Tag<\/p>\n\t\t\t\t\t\t\t\t<\/div>\n\t\t\t\t\t<\/div>\n\t\t<\/div>\n\t\t\t\t\t<\/div>\n\t\t<\/section>\n\t\t\t\t<section class=\"elementor-section elementor-top-section elementor-element elementor-element-8cfd0b1 elementor-section-boxed elementor-section-height-default elementor-section-height-default\" data-id=\"8cfd0b1\" data-element_type=\"section\" data-e-type=\"section\">\n\t\t\t\t\t\t<div class=\"elementor-container elementor-column-gap-no\">\n\t\t\t\t\t<div class=\"elementor-column elementor-col-50 elementor-top-column elementor-element elementor-element-db8b645\" data-id=\"db8b645\" data-element_type=\"column\" data-e-type=\"column\">\n\t\t\t<div class=\"elementor-widget-wrap elementor-element-populated\">\n\t\t\t\t\t\t<div class=\"elementor-element elementor-element-77bc5f0 elementor-widget elementor-widget-image\" data-id=\"77bc5f0\" data-element_type=\"widget\" data-e-type=\"widget\" data-widget_type=\"image.default\">\n\t\t\t\t\t\t\t\t\t\t\t\t\t\t\t<img fetchpriority=\"high\" decoding=\"async\" width=\"300\" height=\"375\" src=\"https:\/\/hu-care.ch\/wp-content\/uploads\/2023\/02\/Hypersensibilite.jpeg\" class=\"attachment-large size-large wp-image-30913\" alt=\"\" srcset=\"https:\/\/hu-care.ch\/wp-content\/uploads\/2023\/02\/Hypersensibilite.jpeg 300w, https:\/\/hu-care.ch\/wp-content\/uploads\/2023\/02\/Hypersensibilite-240x300.jpeg 240w, https:\/\/hu-care.ch\/wp-content\/uploads\/2023\/02\/Hypersensibilite-64x80.jpeg 64w\" sizes=\"(max-width: 300px) 100vw, 300px\" \/>\t\t\t\t\t\t\t\t\t\t\t\t\t\t\t<\/div>\n\t\t\t\t\t<\/div>\n\t\t<\/div>\n\t\t\t\t<div class=\"elementor-column elementor-col-50 elementor-top-column elementor-element elementor-element-c22c17a\" data-id=\"c22c17a\" data-element_type=\"column\" data-e-type=\"column\">\n\t\t\t<div class=\"elementor-widget-wrap elementor-element-populated\">\n\t\t\t\t\t\t<div class=\"elementor-element elementor-element-26d7c69 elementor-widget elementor-widget-ameliaevents\" data-id=\"26d7c69\" data-element_type=\"widget\" data-e-type=\"widget\" data-widget_type=\"ameliaevents.default\">\n\t\t\t\t<div class=\"elementor-widget-container\">\n\t\t\t\t\t<script>\n  if (typeof hasAmeliaEvent === 'undefined') {\n    var hasAmeliaEvent = true;\n  }\n  if (typeof hasEventApiCall === 'undefined' && '' === '') {\n    var hasEventApiCall = true;\n  }\n  var hasEventShortcode = (typeof hasEventShortcode === 'undefined') ? false : true;\n  var bookingEntitiesIds = (typeof bookingEntitiesIds === 'undefined') ? [] : bookingEntitiesIds;\n  bookingEntitiesIds.push(\n    {\n      'hasApiCall': (typeof hasEventApiCall !== 'undefined') && hasEventApiCall,\n      'trigger': '',\n      'counter': '0',\n      'employee': '',\n      'eventId': '',\n      'eventRecurring': 0,\n      'eventTag': \"Hypersensibilit\u00e9\"\n    }\n  );\n  var lazyBookingEntitiesIds = (typeof lazyBookingEntitiesIds === 'undefined') ? [] : lazyBookingEntitiesIds;\n  if (bookingEntitiesIds[bookingEntitiesIds.length - 1].trigger !== '') {\n    lazyBookingEntitiesIds.push(bookingEntitiesIds.pop());\n  }\n  if (typeof hasEventApiCall !== 'undefined' && hasEventApiCall) {\n    hasEventApiCall = false;\n  }\n<\/script>\n\n<div id=\"amelia-app-booking0\" class=\"amelia-service amelia-frontend amelia-app-booking\">\n    <events-list><\/events-list><\/div>\n\t\t\t\t<\/div>\n\t\t\t\t<\/div>\n\t\t\t\t\t<\/div>\n\t\t<\/div>\n\t\t\t\t\t<\/div>\n\t\t<\/section>\n\t\t\t\t<\/div>\n\t\t","protected":false},"excerpt":{"rendered":"<p>FORMATIONEN Hypersensibilit\u00e4t: Vertrauen in die eigenen Gef\u00fchle gewinnen Ich biete Ihnen an, im Laufe eines Tages herauszufinden, wie Sie sich mit Ihrer \u00dcberempfindlichkeit besser f\u00fchlen k\u00f6nnen. Wie man einen Energiewechsel begreift, wie man sich mit dem, was man wahrnimmt und f\u00fchlt, besser f\u00fchlt.Arbeit am Umgang mit Schwingungen und Frequenzen von R\u00e4umen, Personen.(Wieder-)Gewinnung von Vertrauen in [&hellip;]<\/p>\n","protected":false},"author":1,"featured_media":0,"parent":31000,"menu_order":0,"comment_status":"closed","ping_status":"closed","template":"elementor_header_footer","meta":{"footnotes":""},"class_list":["post-31012","page","type-page","status-publish","hentry"],"yoast_head":"<!-- This site is optimized with the Yoast SEO plugin v27.4 - https:\/\/yoast.com\/product\/yoast-seo-wordpress\/ -->\n<title>Hypersensibilit\u00e4t: Vertrauen in die eigenen Gef\u00fchle gewinnen - Hu Care<\/title>\n<meta name=\"robots\" content=\"index, follow, max-snippet:-1, max-image-preview:large, max-video-preview:-1\" \/>\n<link rel=\"canonical\" href=\"https:\/\/hu-care.ch\/de\/schulungen\/hypersensibilitaet-vertrauen-in-die-eigenen-gefuehle-gewinnen\/\" \/>\n<meta property=\"og:locale\" content=\"de_DE\" \/>\n<meta property=\"og:type\" content=\"article\" \/>\n<meta property=\"og:title\" content=\"Hypersensibilit\u00e4t: Vertrauen in die eigenen Gef\u00fchle gewinnen - Hu Care\" \/>\n<meta property=\"og:description\" content=\"FORMATIONEN Hypersensibilit\u00e4t: Vertrauen in die eigenen Gef\u00fchle gewinnen Ich biete Ihnen an, im Laufe eines Tages herauszufinden, wie Sie sich mit Ihrer \u00dcberempfindlichkeit besser f\u00fchlen k\u00f6nnen. Wie man einen Energiewechsel begreift, wie man sich mit dem, was man wahrnimmt und f\u00fchlt, besser f\u00fchlt.Arbeit am Umgang mit Schwingungen und Frequenzen von R\u00e4umen, Personen.(Wieder-)Gewinnung von Vertrauen in [&hellip;]\" \/>\n<meta property=\"og:url\" content=\"https:\/\/hu-care.ch\/de\/schulungen\/hypersensibilitaet-vertrauen-in-die-eigenen-gefuehle-gewinnen\/\" \/>\n<meta property=\"og:site_name\" content=\"Hu Care\" \/>\n<meta property=\"article:publisher\" content=\"https:\/\/www.facebook.com\/people\/Cabinet-Manaia\/100086857133927\/\" \/>\n<meta property=\"article:modified_time\" content=\"2023-08-07T07:22:18+00:00\" \/>\n<meta property=\"og:image\" content=\"https:\/\/hu-care.ch\/wp-content\/uploads\/2023\/02\/Hypersensibilite.jpeg\" \/>\n<meta name=\"twitter:card\" content=\"summary_large_image\" \/>\n<script type=\"application\/ld+json\" class=\"yoast-schema-graph\">{\"@context\":\"https:\\\/\\\/schema.org\",\"@graph\":[{\"@type\":\"WebPage\",\"@id\":\"https:\\\/\\\/hu-care.ch\\\/de\\\/schulungen\\\/hypersensibilitaet-vertrauen-in-die-eigenen-gefuehle-gewinnen\\\/\",\"url\":\"https:\\\/\\\/hu-care.ch\\\/de\\\/schulungen\\\/hypersensibilitaet-vertrauen-in-die-eigenen-gefuehle-gewinnen\\\/\",\"name\":\"Hypersensibilit\u00e4t: Vertrauen in die eigenen Gef\u00fchle gewinnen - Hu Care\",\"isPartOf\":{\"@id\":\"https:\\\/\\\/hu-care.ch\\\/de\\\/#website\"},\"primaryImageOfPage\":{\"@id\":\"https:\\\/\\\/hu-care.ch\\\/de\\\/schulungen\\\/hypersensibilitaet-vertrauen-in-die-eigenen-gefuehle-gewinnen\\\/#primaryimage\"},\"image\":{\"@id\":\"https:\\\/\\\/hu-care.ch\\\/de\\\/schulungen\\\/hypersensibilitaet-vertrauen-in-die-eigenen-gefuehle-gewinnen\\\/#primaryimage\"},\"thumbnailUrl\":\"https:\\\/\\\/hu-care.ch\\\/wp-content\\\/uploads\\\/2023\\\/02\\\/Hypersensibilite.jpeg\",\"datePublished\":\"2023-02-22T15:15:59+00:00\",\"dateModified\":\"2023-08-07T07:22:18+00:00\",\"breadcrumb\":{\"@id\":\"https:\\\/\\\/hu-care.ch\\\/de\\\/schulungen\\\/hypersensibilitaet-vertrauen-in-die-eigenen-gefuehle-gewinnen\\\/#breadcrumb\"},\"inLanguage\":\"de-DE\",\"potentialAction\":[{\"@type\":\"ReadAction\",\"target\":[\"https:\\\/\\\/hu-care.ch\\\/de\\\/schulungen\\\/hypersensibilitaet-vertrauen-in-die-eigenen-gefuehle-gewinnen\\\/\"]}]},{\"@type\":\"ImageObject\",\"inLanguage\":\"de-DE\",\"@id\":\"https:\\\/\\\/hu-care.ch\\\/de\\\/schulungen\\\/hypersensibilitaet-vertrauen-in-die-eigenen-gefuehle-gewinnen\\\/#primaryimage\",\"url\":\"https:\\\/\\\/hu-care.ch\\\/wp-content\\\/uploads\\\/2023\\\/02\\\/Hypersensibilite.jpeg\",\"contentUrl\":\"https:\\\/\\\/hu-care.ch\\\/wp-content\\\/uploads\\\/2023\\\/02\\\/Hypersensibilite.jpeg\"},{\"@type\":\"BreadcrumbList\",\"@id\":\"https:\\\/\\\/hu-care.ch\\\/de\\\/schulungen\\\/hypersensibilitaet-vertrauen-in-die-eigenen-gefuehle-gewinnen\\\/#breadcrumb\",\"itemListElement\":[{\"@type\":\"ListItem\",\"position\":1,\"name\":\"Accueil\",\"item\":\"https:\\\/\\\/hu-care.ch\\\/de\\\/\"},{\"@type\":\"ListItem\",\"position\":2,\"name\":\"Schulungen\",\"item\":\"https:\\\/\\\/hu-care.ch\\\/de\\\/formations\\\/\"},{\"@type\":\"ListItem\",\"position\":3,\"name\":\"Hypersensibilit\u00e4t: Vertrauen in die eigenen Gef\u00fchle gewinnen\"}]},{\"@type\":\"WebSite\",\"@id\":\"https:\\\/\\\/hu-care.ch\\\/de\\\/#website\",\"url\":\"https:\\\/\\\/hu-care.ch\\\/de\\\/\",\"name\":\"Natacha Soussan - Hu Care\",\"description\":\"Th\u00e9rapies Compl\u00e9mentaires, Formations, Produits Sant\u00e9\",\"publisher\":{\"@id\":\"https:\\\/\\\/hu-care.ch\\\/de\\\/#organization\"},\"potentialAction\":[{\"@type\":\"SearchAction\",\"target\":{\"@type\":\"EntryPoint\",\"urlTemplate\":\"https:\\\/\\\/hu-care.ch\\\/de\\\/?s={search_term_string}\"},\"query-input\":{\"@type\":\"PropertyValueSpecification\",\"valueRequired\":true,\"valueName\":\"search_term_string\"}}],\"inLanguage\":\"de-DE\"},{\"@type\":\"Organization\",\"@id\":\"https:\\\/\\\/hu-care.ch\\\/de\\\/#organization\",\"name\":\"Hu Care\",\"url\":\"https:\\\/\\\/hu-care.ch\\\/de\\\/\",\"logo\":{\"@type\":\"ImageObject\",\"inLanguage\":\"de-DE\",\"@id\":\"https:\\\/\\\/hu-care.ch\\\/de\\\/#\\\/schema\\\/logo\\\/image\\\/\",\"url\":\"https:\\\/\\\/hu-care.ch\\\/wp-content\\\/uploads\\\/2023\\\/02\\\/hu_care.png\",\"contentUrl\":\"https:\\\/\\\/hu-care.ch\\\/wp-content\\\/uploads\\\/2023\\\/02\\\/hu_care.png\",\"width\":1280,\"height\":1280,\"caption\":\"Hu Care\"},\"image\":{\"@id\":\"https:\\\/\\\/hu-care.ch\\\/de\\\/#\\\/schema\\\/logo\\\/image\\\/\"},\"sameAs\":[\"https:\\\/\\\/www.facebook.com\\\/people\\\/Cabinet-Manaia\\\/100086857133927\\\/\",\"https:\\\/\\\/www.instagram.com\\\/_hu.care_\\\/\",\"https:\\\/\\\/www.linkedin.com\\\/in\\\/natacha-soussan-a96721256\\\/?originalSubdomain=ch\"]}]}<\/script>\n<!-- \/ Yoast SEO plugin. -->","yoast_head_json":{"title":"Hypersensibilit\u00e4t: Vertrauen in die eigenen Gef\u00fchle gewinnen - Hu Care","robots":{"index":"index","follow":"follow","max-snippet":"max-snippet:-1","max-image-preview":"max-image-preview:large","max-video-preview":"max-video-preview:-1"},"canonical":"https:\/\/hu-care.ch\/de\/schulungen\/hypersensibilitaet-vertrauen-in-die-eigenen-gefuehle-gewinnen\/","og_locale":"de_DE","og_type":"article","og_title":"Hypersensibilit\u00e4t: Vertrauen in die eigenen Gef\u00fchle gewinnen - Hu Care","og_description":"FORMATIONEN Hypersensibilit\u00e4t: Vertrauen in die eigenen Gef\u00fchle gewinnen Ich biete Ihnen an, im Laufe eines Tages herauszufinden, wie Sie sich mit Ihrer \u00dcberempfindlichkeit besser f\u00fchlen k\u00f6nnen. Wie man einen Energiewechsel begreift, wie man sich mit dem, was man wahrnimmt und f\u00fchlt, besser f\u00fchlt.Arbeit am Umgang mit Schwingungen und Frequenzen von R\u00e4umen, Personen.(Wieder-)Gewinnung von Vertrauen in [&hellip;]","og_url":"https:\/\/hu-care.ch\/de\/schulungen\/hypersensibilitaet-vertrauen-in-die-eigenen-gefuehle-gewinnen\/","og_site_name":"Hu Care","article_publisher":"https:\/\/www.facebook.com\/people\/Cabinet-Manaia\/100086857133927\/","article_modified_time":"2023-08-07T07:22:18+00:00","og_image":[{"url":"https:\/\/hu-care.ch\/wp-content\/uploads\/2023\/02\/Hypersensibilite.jpeg","type":"","width":"","height":""}],"twitter_card":"summary_large_image","schema":{"@context":"https:\/\/schema.org","@graph":[{"@type":"WebPage","@id":"https:\/\/hu-care.ch\/de\/schulungen\/hypersensibilitaet-vertrauen-in-die-eigenen-gefuehle-gewinnen\/","url":"https:\/\/hu-care.ch\/de\/schulungen\/hypersensibilitaet-vertrauen-in-die-eigenen-gefuehle-gewinnen\/","name":"Hypersensibilit\u00e4t: Vertrauen in die eigenen Gef\u00fchle gewinnen - Hu Care","isPartOf":{"@id":"https:\/\/hu-care.ch\/de\/#website"},"primaryImageOfPage":{"@id":"https:\/\/hu-care.ch\/de\/schulungen\/hypersensibilitaet-vertrauen-in-die-eigenen-gefuehle-gewinnen\/#primaryimage"},"image":{"@id":"https:\/\/hu-care.ch\/de\/schulungen\/hypersensibilitaet-vertrauen-in-die-eigenen-gefuehle-gewinnen\/#primaryimage"},"thumbnailUrl":"https:\/\/hu-care.ch\/wp-content\/uploads\/2023\/02\/Hypersensibilite.jpeg","datePublished":"2023-02-22T15:15:59+00:00","dateModified":"2023-08-07T07:22:18+00:00","breadcrumb":{"@id":"https:\/\/hu-care.ch\/de\/schulungen\/hypersensibilitaet-vertrauen-in-die-eigenen-gefuehle-gewinnen\/#breadcrumb"},"inLanguage":"de-DE","potentialAction":[{"@type":"ReadAction","target":["https:\/\/hu-care.ch\/de\/schulungen\/hypersensibilitaet-vertrauen-in-die-eigenen-gefuehle-gewinnen\/"]}]},{"@type":"ImageObject","inLanguage":"de-DE","@id":"https:\/\/hu-care.ch\/de\/schulungen\/hypersensibilitaet-vertrauen-in-die-eigenen-gefuehle-gewinnen\/#primaryimage","url":"https:\/\/hu-care.ch\/wp-content\/uploads\/2023\/02\/Hypersensibilite.jpeg","contentUrl":"https:\/\/hu-care.ch\/wp-content\/uploads\/2023\/02\/Hypersensibilite.jpeg"},{"@type":"BreadcrumbList","@id":"https:\/\/hu-care.ch\/de\/schulungen\/hypersensibilitaet-vertrauen-in-die-eigenen-gefuehle-gewinnen\/#breadcrumb","itemListElement":[{"@type":"ListItem","position":1,"name":"Accueil","item":"https:\/\/hu-care.ch\/de\/"},{"@type":"ListItem","position":2,"name":"Schulungen","item":"https:\/\/hu-care.ch\/de\/formations\/"},{"@type":"ListItem","position":3,"name":"Hypersensibilit\u00e4t: Vertrauen in die eigenen Gef\u00fchle gewinnen"}]},{"@type":"WebSite","@id":"https:\/\/hu-care.ch\/de\/#website","url":"https:\/\/hu-care.ch\/de\/","name":"Natacha Soussan - Hu Care","description":"Th\u00e9rapies Compl\u00e9mentaires, Formations, Produits Sant\u00e9","publisher":{"@id":"https:\/\/hu-care.ch\/de\/#organization"},"potentialAction":[{"@type":"SearchAction","target":{"@type":"EntryPoint","urlTemplate":"https:\/\/hu-care.ch\/de\/?s={search_term_string}"},"query-input":{"@type":"PropertyValueSpecification","valueRequired":true,"valueName":"search_term_string"}}],"inLanguage":"de-DE"},{"@type":"Organization","@id":"https:\/\/hu-care.ch\/de\/#organization","name":"Hu Care","url":"https:\/\/hu-care.ch\/de\/","logo":{"@type":"ImageObject","inLanguage":"de-DE","@id":"https:\/\/hu-care.ch\/de\/#\/schema\/logo\/image\/","url":"https:\/\/hu-care.ch\/wp-content\/uploads\/2023\/02\/hu_care.png","contentUrl":"https:\/\/hu-care.ch\/wp-content\/uploads\/2023\/02\/hu_care.png","width":1280,"height":1280,"caption":"Hu Care"},"image":{"@id":"https:\/\/hu-care.ch\/de\/#\/schema\/logo\/image\/"},"sameAs":["https:\/\/www.facebook.com\/people\/Cabinet-Manaia\/100086857133927\/","https:\/\/www.instagram.com\/_hu.care_\/","https:\/\/www.linkedin.com\/in\/natacha-soussan-a96721256\/?originalSubdomain=ch"]}]}},"_links":{"self":[{"href":"https:\/\/hu-care.ch\/de\/wp-json\/wp\/v2\/pages\/31012","targetHints":{"allow":["GET"]}}],"collection":[{"href":"https:\/\/hu-care.ch\/de\/wp-json\/wp\/v2\/pages"}],"about":[{"href":"https:\/\/hu-care.ch\/de\/wp-json\/wp\/v2\/types\/page"}],"author":[{"embeddable":true,"href":"https:\/\/hu-care.ch\/de\/wp-json\/wp\/v2\/users\/1"}],"replies":[{"embeddable":true,"href":"https:\/\/hu-care.ch\/de\/wp-json\/wp\/v2\/comments?post=31012"}],"version-history":[{"count":0,"href":"https:\/\/hu-care.ch\/de\/wp-json\/wp\/v2\/pages\/31012\/revisions"}],"up":[{"embeddable":true,"href":"https:\/\/hu-care.ch\/de\/wp-json\/wp\/v2\/pages\/31000"}],"wp:attachment":[{"href":"https:\/\/hu-care.ch\/de\/wp-json\/wp\/v2\/media?parent=31012"}],"curies":[{"name":"wp","href":"https:\/\/api.w.org\/{rel}","templated":true}]}}