{"id":36241,"date":"2024-06-19T17:48:09","date_gmt":"2024-06-19T15:48:09","guid":{"rendered":"https:\/\/hu-care.ch\/lieferung-und-ruecksendung\/"},"modified":"2024-06-19T17:49:47","modified_gmt":"2024-06-19T15:49:47","slug":"lieferung-und-ruecksendung","status":"publish","type":"page","link":"https:\/\/hu-care.ch\/de\/lieferung-und-ruecksendung\/","title":{"rendered":"Lieferung und R\u00fccksendung"},"content":{"rendered":"\t\t<div data-elementor-type=\"wp-page\" data-elementor-id=\"36241\" class=\"elementor elementor-36241 elementor-36228\" data-elementor-post-type=\"page\">\n\t\t\t\t\t\t<section class=\"elementor-section elementor-top-section elementor-element elementor-element-6ca500c elementor-section-boxed elementor-section-height-default elementor-section-height-default\" data-id=\"6ca500c\" data-element_type=\"section\" data-e-type=\"section\">\n\t\t\t\t\t\t<div class=\"elementor-container elementor-column-gap-default\">\n\t\t\t\t\t<div class=\"elementor-column elementor-col-100 elementor-top-column elementor-element elementor-element-3276fbef\" data-id=\"3276fbef\" data-element_type=\"column\" data-e-type=\"column\">\n\t\t\t<div class=\"elementor-widget-wrap elementor-element-populated\">\n\t\t\t\t\t\t<div class=\"elementor-element elementor-element-e0efe43 elementor-widget elementor-widget-text-editor\" data-id=\"e0efe43\" data-element_type=\"widget\" data-e-type=\"widget\" data-widget_type=\"text-editor.default\">\n\t\t\t\t\t\t\t\t\t<div class=\"elementor-element elementor-element-71ae962 elementor-widget elementor-widget-heading\" data-id=\"71ae962\" data-element_type=\"widget\" data-widget_type=\"heading.default\">\n<div class=\"elementor-widget-container\">\n<div class=\"elementor-element elementor-element-71ae962 elementor-widget elementor-widget-heading\" data-id=\"71ae962\" data-element_type=\"widget\" data-widget_type=\"heading.default\">\n<div class=\"elementor-widget-container\">\n<div class=\"elementor-element elementor-element-8011939 elementor-widget elementor-widget-heading\" data-id=\"8011939\" data-element_type=\"widget\" data-widget_type=\"heading.default\">\n<div class=\"elementor-widget-container\">\n<h2 class=\"elementor-heading-title elementor-size-default\">Lieferung und R\u00fcckgabe<\/h2><\/div><\/div><div class=\"elementor-element elementor-element-6497152 elementor-widget elementor-widget-text-editor\" data-id=\"6497152\" data-element_type=\"widget\" data-widget_type=\"text-editor.default\"><div class=\"elementor-widget-container\">\n<div id=\"block-ba9ad4fd38c0d3a3e1f4\" class=\"sqs-block html-block sqs-block-html\" data-block-type=\"2\" data-border-radii=\"{\"topLeft\":{\"unit\":\"px\",\"value\":0.0},\"topRight\":{\"unit\":\"px\",\"value\":0.0},\"bottomLeft\":{\"unit\":\"px\",\"value\":0.0},\"bottomRight\":{\"unit\":\"px\",\"value\":0.0}}\">\n<div class=\"sqs-block-content\">\n<div class=\"sqs-html-content\">\n<div>\n<div id=\"block-35fd278d088cb35a97df\" class=\"sqs-block html-block sqs-block-html\" data-block-type=\"2\" data-border-radii=\"{\"topLeft\":{\"unit\":\"px\",\"value\":0.0},\"topRight\":{\"unit\":\"px\",\"value\":0.0},\"bottomLeft\":{\"unit\":\"px\",\"value\":0.0},\"bottomRight\":{\"unit\":\"px\",\"value\":0.0}}\">\n<div class=\"sqs-block-content\">\n<div class=\"sqs-html-content\">\n<h3>Versand<\/h3>\n<h4>Nationale Lieferung (Schweiz)<\/h4>\n<p>Wir vertrauen bei der Zustellung unserer Sendungen auf La Poste. Alle unsere Sendungen werden als Einzelsendung mit Paketverfolgung innerhalb von 3 bis 10 Werktagen nach Zahlungseingang versendet. Au\u00dfergew\u00f6hnliche Bedingungen k\u00f6nnten jedoch zu einer Lieferung innerhalb von 30 Tagen f\u00fchren.<\/p>\n<h4>Sch\u00e4den durch den Transport<\/h4>\n<p class=\"sqsrte-large\">Wenn Sie das Paket erhalten, bitten wir Sie, die Ware sorgf\u00e4ltig zu pr\u00fcfen und uns eventuelle Sch\u00e4den umgehend zu melden.<\/p>\n<h4>Internationale Lieferung<\/h4>\n<p>Bisher f\u00fchren wir keine internationalen Lieferungen durch. Wir gehen davon aus, dass es in Ihrem Land andere H\u00e4ndler gibt, die unsere Produkte anbieten, und dass es umweltfreundlicher ist, diese zu nutzen. Bei Fragen k\u00f6nnen Sie sich jederzeit an uns wenden, wir freuen uns darauf, Ihnen zu antworten.<\/p>\n<\/div>\n<\/div>\n<\/div>\n<div id=\"block-yui_3_17_2_1_1645799920063_3909\" class=\"sqs-block horizontalrule-block sqs-block-horizontalrule\" data-block-type=\"47\">\n<div class=\"sqs-block-content\">\n<hr>\n<\/div>\n<\/div>\n<div id=\"block-yui_3_17_2_1_1645799920063_3969\" class=\"sqs-block html-block sqs-block-html\" data-block-type=\"2\" data-border-radii=\"{\"topLeft\":{\"unit\":\"px\",\"value\":0.0},\"topRight\":{\"unit\":\"px\",\"value\":0.0},\"bottomLeft\":{\"unit\":\"px\",\"value\":0.0},\"bottomRight\":{\"unit\":\"px\",\"value\":0.0}}\">\n<div class=\"sqs-block-content\">\n<div class=\"sqs-html-content\">\n<h3>Bedingungen f\u00fcr die R\u00fcckkehr<\/h3>\n<h4>Kosten f\u00fcr die R\u00fccksendung<\/h4>\n<p>Wir m\u00f6chten, dass Sie sich \u00fcber unsere Produkte freuen. Es ist jedoch m\u00f6glich, dass Sie mit diesen nicht zufrieden sind, und in diesem Fall k\u00f6nnen Sie sie gem\u00e4\u00df den nachstehenden Bedingungen zur\u00fccksenden.<\/p>\n<h4>Fristen f\u00fcr die R\u00fccksendung<\/h4>\n<p class=\"sqsrte-large\">Die R\u00fccksendung der Ware muss innerhalb von 14&nbsp;Tagen erfolgen.<\/p>\n<p class=\"sqsrte-large\">Die R\u00fcckgabefrist gilt ab dem Datum der Absendung oder Abholung. Es gilt das Datum des Poststempels oder der R\u00fcckkehr an den Ort des Geschehens.<\/p>\n<p class=\"sqsrte-large\">In den folgenden F\u00e4llen k\u00f6nnen wir leider keine \u00dcbernahme anbieten&nbsp;:<\/p>\n<ul data-rte-list=\"default\">\n<li>\n<p class=\"sqsrte-large\">besch\u00e4digte Artikel (mit Ausnahme von Transportsch\u00e4den) ;<\/p>\n<\/li>\n<li>\n<p class=\"sqsrte-large\">Das Produkt kann nicht in seiner Originalverpackung zur\u00fcckgegeben werden;<\/p>\n<\/li>\n<li>\n<p class=\"sqsrte-large\">fehlendes Zubeh\u00f6r ;<\/p>\n<\/li>\n<li>\n<p class=\"sqsrte-large\">Lebensmittel ;<\/p>\n<\/li>\n<li>\n<p class=\"sqsrte-large\">offene Artikel.<\/p>\n<\/li>\n<\/ul>\n<h4>R\u00fcckerstattung<\/h4>\n<p>Sofern das Produkt zur\u00fcckgegeben werden kann, gelten die folgenden Regeln f\u00fcr die R\u00fcckerstattung.<\/p>\n<p>Volle R\u00fcckerstattung zum Kaufpreis&nbsp;:<\/p>\n<ul data-rte-list=\"default\">\n<li>\n<p>Der Artikel befindet sich noch in der unge\u00f6ffneten und unbesch\u00e4digten Originalverpackung,<\/p>\n<\/li>\n<\/ul>\n<h4>Kosten f\u00fcr die R\u00fccksendung<\/h4>\n<p>Die Versandkosten f\u00fcr die R\u00fccksendung von Artikeln sind vom Absender zu tragen.<\/p>\n<h4>Zahlungsgeb\u00fchren<\/h4>\n<p>Die Geb\u00fchren f\u00fcr Kreditkarten oder Twint gehen zu Lasten des Absenders und werden von der R\u00fcckerstattungsgeb\u00fchr abgezogen.<\/p>\n<\/div>\n<\/div>\n<\/div>\n<\/div>\n<\/div>\n<\/div>\n<\/div>\n<\/div>\n<\/div>\n<\/div>\n<\/div>\n<\/div>\n<\/div>\t\t\t\t\t\t\t\t<\/div>\n\t\t\t\t\t<\/div>\n\t\t<\/div>\n\t\t\t\t\t<\/div>\n\t\t<\/section>\n\t\t\t\t<\/div>\n\t\t","protected":false},"excerpt":{"rendered":"<p>Lieferung und R\u00fcckgabe Versand Nationale Lieferung (Schweiz) Wir vertrauen bei der Zustellung unserer Sendungen auf La Poste. Alle unsere Sendungen werden als Einzelsendung mit Paketverfolgung innerhalb von 3 bis 10 Werktagen nach Zahlungseingang versendet. Au\u00dfergew\u00f6hnliche Bedingungen k\u00f6nnten jedoch zu einer Lieferung innerhalb von 30 Tagen f\u00fchren. Sch\u00e4den durch den Transport Wenn Sie das Paket erhalten, [&hellip;]<\/p>\n","protected":false},"author":1,"featured_media":0,"parent":0,"menu_order":0,"comment_status":"closed","ping_status":"closed","template":"","meta":{"footnotes":""},"class_list":["post-36241","page","type-page","status-publish","hentry"],"yoast_head":"<!-- This site is optimized with the Yoast SEO plugin v27.4 - https:\/\/yoast.com\/product\/yoast-seo-wordpress\/ -->\n<title>Lieferung und R\u00fccksendung - Hu Care<\/title>\n<meta name=\"robots\" content=\"index, follow, max-snippet:-1, max-image-preview:large, max-video-preview:-1\" \/>\n<link rel=\"canonical\" href=\"https:\/\/hu-care.ch\/de\/lieferung-und-ruecksendung\/\" \/>\n<meta property=\"og:locale\" content=\"de_DE\" \/>\n<meta property=\"og:type\" content=\"article\" \/>\n<meta property=\"og:title\" content=\"Lieferung und R\u00fccksendung - Hu Care\" \/>\n<meta property=\"og:description\" content=\"Lieferung und R\u00fcckgabe Versand Nationale Lieferung (Schweiz) Wir vertrauen bei der Zustellung unserer Sendungen auf La Poste. Alle unsere Sendungen werden als Einzelsendung mit Paketverfolgung innerhalb von 3 bis 10 Werktagen nach Zahlungseingang versendet. Au\u00dfergew\u00f6hnliche Bedingungen k\u00f6nnten jedoch zu einer Lieferung innerhalb von 30 Tagen f\u00fchren. Sch\u00e4den durch den Transport Wenn Sie das Paket erhalten, [&hellip;]\" \/>\n<meta property=\"og:url\" content=\"https:\/\/hu-care.ch\/de\/lieferung-und-ruecksendung\/\" \/>\n<meta property=\"og:site_name\" content=\"Hu Care\" \/>\n<meta property=\"article:publisher\" content=\"https:\/\/www.facebook.com\/people\/Cabinet-Manaia\/100086857133927\/\" \/>\n<meta property=\"article:modified_time\" content=\"2024-06-19T15:49:47+00:00\" \/>\n<meta name=\"twitter:card\" content=\"summary_large_image\" \/>\n<meta name=\"twitter:label1\" content=\"Est. reading time\" \/>\n\t<meta name=\"twitter:data1\" content=\"2 minutes\" \/>\n<script type=\"application\/ld+json\" class=\"yoast-schema-graph\">{\"@context\":\"https:\\\/\\\/schema.org\",\"@graph\":[{\"@type\":\"WebPage\",\"@id\":\"https:\\\/\\\/hu-care.ch\\\/de\\\/lieferung-und-ruecksendung\\\/\",\"url\":\"https:\\\/\\\/hu-care.ch\\\/de\\\/lieferung-und-ruecksendung\\\/\",\"name\":\"Lieferung und R\u00fccksendung - Hu Care\",\"isPartOf\":{\"@id\":\"https:\\\/\\\/hu-care.ch\\\/de\\\/#website\"},\"datePublished\":\"2024-06-19T15:48:09+00:00\",\"dateModified\":\"2024-06-19T15:49:47+00:00\",\"breadcrumb\":{\"@id\":\"https:\\\/\\\/hu-care.ch\\\/de\\\/lieferung-und-ruecksendung\\\/#breadcrumb\"},\"inLanguage\":\"de-DE\",\"potentialAction\":[{\"@type\":\"ReadAction\",\"target\":[\"https:\\\/\\\/hu-care.ch\\\/de\\\/lieferung-und-ruecksendung\\\/\"]}]},{\"@type\":\"BreadcrumbList\",\"@id\":\"https:\\\/\\\/hu-care.ch\\\/de\\\/lieferung-und-ruecksendung\\\/#breadcrumb\",\"itemListElement\":[{\"@type\":\"ListItem\",\"position\":1,\"name\":\"Accueil\",\"item\":\"https:\\\/\\\/hu-care.ch\\\/de\\\/\"},{\"@type\":\"ListItem\",\"position\":2,\"name\":\"Lieferung und R\u00fccksendung\"}]},{\"@type\":\"WebSite\",\"@id\":\"https:\\\/\\\/hu-care.ch\\\/de\\\/#website\",\"url\":\"https:\\\/\\\/hu-care.ch\\\/de\\\/\",\"name\":\"Natacha Soussan - Hu Care\",\"description\":\"Th\u00e9rapies Compl\u00e9mentaires, Formations, Produits Sant\u00e9\",\"publisher\":{\"@id\":\"https:\\\/\\\/hu-care.ch\\\/de\\\/#organization\"},\"potentialAction\":[{\"@type\":\"SearchAction\",\"target\":{\"@type\":\"EntryPoint\",\"urlTemplate\":\"https:\\\/\\\/hu-care.ch\\\/de\\\/?s={search_term_string}\"},\"query-input\":{\"@type\":\"PropertyValueSpecification\",\"valueRequired\":true,\"valueName\":\"search_term_string\"}}],\"inLanguage\":\"de-DE\"},{\"@type\":\"Organization\",\"@id\":\"https:\\\/\\\/hu-care.ch\\\/de\\\/#organization\",\"name\":\"Hu Care\",\"url\":\"https:\\\/\\\/hu-care.ch\\\/de\\\/\",\"logo\":{\"@type\":\"ImageObject\",\"inLanguage\":\"de-DE\",\"@id\":\"https:\\\/\\\/hu-care.ch\\\/de\\\/#\\\/schema\\\/logo\\\/image\\\/\",\"url\":\"https:\\\/\\\/hu-care.ch\\\/wp-content\\\/uploads\\\/2023\\\/02\\\/hu_care.png\",\"contentUrl\":\"https:\\\/\\\/hu-care.ch\\\/wp-content\\\/uploads\\\/2023\\\/02\\\/hu_care.png\",\"width\":1280,\"height\":1280,\"caption\":\"Hu Care\"},\"image\":{\"@id\":\"https:\\\/\\\/hu-care.ch\\\/de\\\/#\\\/schema\\\/logo\\\/image\\\/\"},\"sameAs\":[\"https:\\\/\\\/www.facebook.com\\\/people\\\/Cabinet-Manaia\\\/100086857133927\\\/\",\"https:\\\/\\\/www.instagram.com\\\/_hu.care_\\\/\",\"https:\\\/\\\/www.linkedin.com\\\/in\\\/natacha-soussan-a96721256\\\/?originalSubdomain=ch\"]}]}<\/script>\n<!-- \/ Yoast SEO plugin. -->","yoast_head_json":{"title":"Lieferung und R\u00fccksendung - Hu Care","robots":{"index":"index","follow":"follow","max-snippet":"max-snippet:-1","max-image-preview":"max-image-preview:large","max-video-preview":"max-video-preview:-1"},"canonical":"https:\/\/hu-care.ch\/de\/lieferung-und-ruecksendung\/","og_locale":"de_DE","og_type":"article","og_title":"Lieferung und R\u00fccksendung - Hu Care","og_description":"Lieferung und R\u00fcckgabe Versand Nationale Lieferung (Schweiz) Wir vertrauen bei der Zustellung unserer Sendungen auf La Poste. Alle unsere Sendungen werden als Einzelsendung mit Paketverfolgung innerhalb von 3 bis 10 Werktagen nach Zahlungseingang versendet. Au\u00dfergew\u00f6hnliche Bedingungen k\u00f6nnten jedoch zu einer Lieferung innerhalb von 30 Tagen f\u00fchren. Sch\u00e4den durch den Transport Wenn Sie das Paket erhalten, [&hellip;]","og_url":"https:\/\/hu-care.ch\/de\/lieferung-und-ruecksendung\/","og_site_name":"Hu Care","article_publisher":"https:\/\/www.facebook.com\/people\/Cabinet-Manaia\/100086857133927\/","article_modified_time":"2024-06-19T15:49:47+00:00","twitter_card":"summary_large_image","twitter_misc":{"Est. reading time":"2 minutes"},"schema":{"@context":"https:\/\/schema.org","@graph":[{"@type":"WebPage","@id":"https:\/\/hu-care.ch\/de\/lieferung-und-ruecksendung\/","url":"https:\/\/hu-care.ch\/de\/lieferung-und-ruecksendung\/","name":"Lieferung und R\u00fccksendung - Hu Care","isPartOf":{"@id":"https:\/\/hu-care.ch\/de\/#website"},"datePublished":"2024-06-19T15:48:09+00:00","dateModified":"2024-06-19T15:49:47+00:00","breadcrumb":{"@id":"https:\/\/hu-care.ch\/de\/lieferung-und-ruecksendung\/#breadcrumb"},"inLanguage":"de-DE","potentialAction":[{"@type":"ReadAction","target":["https:\/\/hu-care.ch\/de\/lieferung-und-ruecksendung\/"]}]},{"@type":"BreadcrumbList","@id":"https:\/\/hu-care.ch\/de\/lieferung-und-ruecksendung\/#breadcrumb","itemListElement":[{"@type":"ListItem","position":1,"name":"Accueil","item":"https:\/\/hu-care.ch\/de\/"},{"@type":"ListItem","position":2,"name":"Lieferung und R\u00fccksendung"}]},{"@type":"WebSite","@id":"https:\/\/hu-care.ch\/de\/#website","url":"https:\/\/hu-care.ch\/de\/","name":"Natacha Soussan - Hu Care","description":"Th\u00e9rapies Compl\u00e9mentaires, Formations, Produits Sant\u00e9","publisher":{"@id":"https:\/\/hu-care.ch\/de\/#organization"},"potentialAction":[{"@type":"SearchAction","target":{"@type":"EntryPoint","urlTemplate":"https:\/\/hu-care.ch\/de\/?s={search_term_string}"},"query-input":{"@type":"PropertyValueSpecification","valueRequired":true,"valueName":"search_term_string"}}],"inLanguage":"de-DE"},{"@type":"Organization","@id":"https:\/\/hu-care.ch\/de\/#organization","name":"Hu Care","url":"https:\/\/hu-care.ch\/de\/","logo":{"@type":"ImageObject","inLanguage":"de-DE","@id":"https:\/\/hu-care.ch\/de\/#\/schema\/logo\/image\/","url":"https:\/\/hu-care.ch\/wp-content\/uploads\/2023\/02\/hu_care.png","contentUrl":"https:\/\/hu-care.ch\/wp-content\/uploads\/2023\/02\/hu_care.png","width":1280,"height":1280,"caption":"Hu Care"},"image":{"@id":"https:\/\/hu-care.ch\/de\/#\/schema\/logo\/image\/"},"sameAs":["https:\/\/www.facebook.com\/people\/Cabinet-Manaia\/100086857133927\/","https:\/\/www.instagram.com\/_hu.care_\/","https:\/\/www.linkedin.com\/in\/natacha-soussan-a96721256\/?originalSubdomain=ch"]}]}},"_links":{"self":[{"href":"https:\/\/hu-care.ch\/de\/wp-json\/wp\/v2\/pages\/36241","targetHints":{"allow":["GET"]}}],"collection":[{"href":"https:\/\/hu-care.ch\/de\/wp-json\/wp\/v2\/pages"}],"about":[{"href":"https:\/\/hu-care.ch\/de\/wp-json\/wp\/v2\/types\/page"}],"author":[{"embeddable":true,"href":"https:\/\/hu-care.ch\/de\/wp-json\/wp\/v2\/users\/1"}],"replies":[{"embeddable":true,"href":"https:\/\/hu-care.ch\/de\/wp-json\/wp\/v2\/comments?post=36241"}],"version-history":[{"count":1,"href":"https:\/\/hu-care.ch\/de\/wp-json\/wp\/v2\/pages\/36241\/revisions"}],"predecessor-version":[{"id":36242,"href":"https:\/\/hu-care.ch\/de\/wp-json\/wp\/v2\/pages\/36241\/revisions\/36242"}],"wp:attachment":[{"href":"https:\/\/hu-care.ch\/de\/wp-json\/wp\/v2\/media?parent=36241"}],"curies":[{"name":"wp","href":"https:\/\/api.w.org\/{rel}","templated":true}]}}