{"id":31025,"date":"2023-02-22T14:02:22","date_gmt":"2023-02-22T13:02:22","guid":{"rendered":"https:\/\/hu-care.ch\/product\/earthing-produktkatalog\/"},"modified":"2023-09-25T10:12:51","modified_gmt":"2023-09-25T08:12:51","slug":"produktkatalog-earthing","status":"publish","type":"product","link":"https:\/\/hu-care.ch\/de\/produkt\/produktkatalog-earthing\/","title":{"rendered":"Earthing\u00a9 Produktkatalog"},"content":{"rendered":"","protected":false},"excerpt":{"rendered":"<ul>\n<li>Earthing\u00a9-Erdungsprodukte sind auf Bestellung erh\u00e4ltlich, wobei Sie sich direkt an uns wenden und nicht \u00fcber unseren Online-Shop bestellen m\u00fcssen (Verkaufsbedingungen unseres Lieferanten).<\/li>\n<li>Sie m\u00fcssen also nur unseren <strong>Katalog<\/strong> <strong>ansehen<\/strong> oder <strong>kostenlos<\/strong> <strong>herunterladen<\/strong> und dann Ihre Wahl treffen!<\/li>\n<li><strong>Geben Sie Ihre Bestellung<\/strong> auf oder stellen Sie Ihre <strong>Fragen<\/strong> unter <strong>079 937 73 73<\/strong> oder \u00fcber unser <strong>Formular<\/strong>. Zahlungen k\u00f6nnen per Twint, Kreditkarte oder Rechnung erfolgen.<\/li>\n<\/ul>\n<p>Clinton Obers Konzept des &#8220;Earthing&#8221;, das auch unter dem Begriff &#8220;Grounding&#8221; bekannt ist, besteht darin, eine direkte Verbindung zwischen dem menschlichen K\u00f6rper und der Erdoberfl\u00e4che herzustellen. Dadurch werden Entz\u00fcndungen reduziert, Schmerzen gelindert, der Schlaf verbessert und der oxidative Stress im K\u00f6rper verringert.<\/p>\n<p>Die Idee dahinter ist, dass die Erdoberfl\u00e4che negativ geladen ist und dass wir, wenn wir in direkten Kontakt mit ihr kommen (z. B. wenn wir barfu\u00df \u00fcber das Gras laufen), Elektronen aufnehmen, die dabei helfen, freie Radikale in unserem K\u00f6rper zu neutralisieren. Diese Neutralisierung der freien Radikale hat positive Auswirkungen auf unsere Gesundheit, insbesondere durch die Verringerung chronischer Entz\u00fcndungen, die mit vielen Krankheiten in Verbindung gebracht werden.<\/p>\n<p>Die earthing\u00ae-Produkte, Matten, auf Matratzen, Grounding-Pflaster wurden entwickelt, damit Menschen auch dann earthing praktizieren k\u00f6nnen, wenn sie nicht barfu\u00df auf der Erde laufen k\u00f6nnen.<\/p>\n","protected":false},"featured_media":37556,"template":"","meta":[],"product_brand":[],"product_cat":[220],"product_tag":[],"class_list":{"0":"post-31025","1":"product","2":"type-product","3":"status-publish","4":"has-post-thumbnail","6":"product_cat-earthing-de","8":"first","9":"instock","10":"downloadable","11":"virtual","12":"purchasable","13":"product-type-simple"},"yoast_head":"<!-- This site is optimized with the Yoast SEO plugin v27.5 - https:\/\/yoast.com\/product\/yoast-seo-wordpress\/ -->\n<title>Earthing\u00a9 Produktkatalog - Hu Care<\/title>\n<meta name=\"description\" content=\"Offizielle Clinton Ober Earthing\u00ae-Produkte. Stellt die elektrische Stabilit\u00e4t des K\u00f6rpers wieder her. Reduziert Entz\u00fcndungen und Schmerzen. Verbessert den Schlaf.\" \/>\n<meta name=\"robots\" content=\"noindex, follow\" \/>\n<meta property=\"og:locale\" content=\"de_DE\" \/>\n<meta property=\"og:type\" content=\"article\" \/>\n<meta property=\"og:title\" content=\"Earthing\u00a9 Produktkatalog - Hu Care\" \/>\n<meta property=\"og:description\" content=\"Offizielle Clinton Ober Earthing\u00ae-Produkte. Stellt die elektrische Stabilit\u00e4t des K\u00f6rpers wieder her. Reduziert Entz\u00fcndungen und Schmerzen. Verbessert den Schlaf.\" \/>\n<meta property=\"og:url\" content=\"https:\/\/hu-care.ch\/de\/produkt\/produktkatalog-earthing\/\" \/>\n<meta property=\"og:site_name\" content=\"Hu Care\" \/>\n<meta property=\"article:publisher\" content=\"https:\/\/www.facebook.com\/people\/Cabinet-Manaia\/100086857133927\/\" \/>\n<meta property=\"article:modified_time\" content=\"2023-09-25T08:12:51+00:00\" \/>\n<meta property=\"og:image\" content=\"https:\/\/hu-care.ch\/wp-content\/uploads\/2023\/02\/Catalogue_Earthing_hu-care.jpg\" \/>\n\t<meta property=\"og:image:width\" content=\"750\" \/>\n\t<meta property=\"og:image:height\" content=\"971\" \/>\n\t<meta property=\"og:image:type\" content=\"image\/jpeg\" \/>\n<meta name=\"twitter:card\" content=\"summary_large_image\" \/>\n<script type=\"application\/ld+json\" class=\"yoast-schema-graph\">{\"@context\":\"https:\\\/\\\/schema.org\",\"@graph\":[{\"@type\":\"WebPage\",\"@id\":\"https:\\\/\\\/hu-care.ch\\\/de\\\/produkt\\\/produktkatalog-earthing\\\/\",\"url\":\"https:\\\/\\\/hu-care.ch\\\/de\\\/produkt\\\/produktkatalog-earthing\\\/\",\"name\":\"Earthing\u00a9 Produktkatalog - Hu Care\",\"isPartOf\":{\"@id\":\"https:\\\/\\\/hu-care.ch\\\/de\\\/#website\"},\"primaryImageOfPage\":{\"@id\":\"https:\\\/\\\/hu-care.ch\\\/de\\\/produkt\\\/produktkatalog-earthing\\\/#primaryimage\"},\"image\":{\"@id\":\"https:\\\/\\\/hu-care.ch\\\/de\\\/produkt\\\/produktkatalog-earthing\\\/#primaryimage\"},\"thumbnailUrl\":\"https:\\\/\\\/hu-care.ch\\\/wp-content\\\/uploads\\\/2023\\\/02\\\/Hu-Care-catalogue-Earthing\u00a9-pdf.jpg\",\"datePublished\":\"2023-02-22T13:02:22+00:00\",\"dateModified\":\"2023-09-25T08:12:51+00:00\",\"description\":\"Offizielle Clinton Ober Earthing\u00ae-Produkte. Stellt die elektrische Stabilit\u00e4t des K\u00f6rpers wieder her. Reduziert Entz\u00fcndungen und Schmerzen. Verbessert den Schlaf.\",\"breadcrumb\":{\"@id\":\"https:\\\/\\\/hu-care.ch\\\/de\\\/produkt\\\/produktkatalog-earthing\\\/#breadcrumb\"},\"inLanguage\":\"de-DE\",\"potentialAction\":[{\"@type\":\"ReadAction\",\"target\":[\"https:\\\/\\\/hu-care.ch\\\/de\\\/produkt\\\/produktkatalog-earthing\\\/\"]}]},{\"@type\":\"ImageObject\",\"inLanguage\":\"de-DE\",\"@id\":\"https:\\\/\\\/hu-care.ch\\\/de\\\/produkt\\\/produktkatalog-earthing\\\/#primaryimage\",\"url\":\"https:\\\/\\\/hu-care.ch\\\/wp-content\\\/uploads\\\/2023\\\/02\\\/Hu-Care-catalogue-Earthing\u00a9-pdf.jpg\",\"contentUrl\":\"https:\\\/\\\/hu-care.ch\\\/wp-content\\\/uploads\\\/2023\\\/02\\\/Hu-Care-catalogue-Earthing\u00a9-pdf.jpg\"},{\"@type\":\"BreadcrumbList\",\"@id\":\"https:\\\/\\\/hu-care.ch\\\/de\\\/produkt\\\/produktkatalog-earthing\\\/#breadcrumb\",\"itemListElement\":[{\"@type\":\"ListItem\",\"position\":1,\"name\":\"Accueil\",\"item\":\"https:\\\/\\\/hu-care.ch\\\/de\\\/\"},{\"@type\":\"ListItem\",\"position\":2,\"name\":\"Shop\",\"item\":\"https:\\\/\\\/hu-care.ch\\\/boutique\\\/\"},{\"@type\":\"ListItem\",\"position\":3,\"name\":\"Earthing\u00a9 Produktkatalog\"}]},{\"@type\":\"WebSite\",\"@id\":\"https:\\\/\\\/hu-care.ch\\\/de\\\/#website\",\"url\":\"https:\\\/\\\/hu-care.ch\\\/de\\\/\",\"name\":\"Natacha Soussan - Hu Care\",\"description\":\"Th\u00e9rapies Compl\u00e9mentaires, Formations, Produits Sant\u00e9\",\"publisher\":{\"@id\":\"https:\\\/\\\/hu-care.ch\\\/de\\\/#organization\"},\"potentialAction\":[{\"@type\":\"SearchAction\",\"target\":{\"@type\":\"EntryPoint\",\"urlTemplate\":\"https:\\\/\\\/hu-care.ch\\\/de\\\/?s={search_term_string}\"},\"query-input\":{\"@type\":\"PropertyValueSpecification\",\"valueRequired\":true,\"valueName\":\"search_term_string\"}}],\"inLanguage\":\"de-DE\"},{\"@type\":\"Organization\",\"@id\":\"https:\\\/\\\/hu-care.ch\\\/de\\\/#organization\",\"name\":\"Hu Care\",\"url\":\"https:\\\/\\\/hu-care.ch\\\/de\\\/\",\"logo\":{\"@type\":\"ImageObject\",\"inLanguage\":\"de-DE\",\"@id\":\"https:\\\/\\\/hu-care.ch\\\/de\\\/#\\\/schema\\\/logo\\\/image\\\/\",\"url\":\"https:\\\/\\\/hu-care.ch\\\/wp-content\\\/uploads\\\/2023\\\/02\\\/hu_care.png\",\"contentUrl\":\"https:\\\/\\\/hu-care.ch\\\/wp-content\\\/uploads\\\/2023\\\/02\\\/hu_care.png\",\"width\":1280,\"height\":1280,\"caption\":\"Hu Care\"},\"image\":{\"@id\":\"https:\\\/\\\/hu-care.ch\\\/de\\\/#\\\/schema\\\/logo\\\/image\\\/\"},\"sameAs\":[\"https:\\\/\\\/www.facebook.com\\\/people\\\/Cabinet-Manaia\\\/100086857133927\\\/\",\"https:\\\/\\\/www.instagram.com\\\/_hu.care_\\\/\",\"https:\\\/\\\/www.linkedin.com\\\/in\\\/natacha-soussan-a96721256\\\/?originalSubdomain=ch\"]}]}<\/script>\n<!-- \/ Yoast SEO plugin. -->","yoast_head_json":{"title":"Earthing\u00a9 Produktkatalog - Hu Care","description":"Offizielle Clinton Ober Earthing\u00ae-Produkte. Stellt die elektrische Stabilit\u00e4t des K\u00f6rpers wieder her. Reduziert Entz\u00fcndungen und Schmerzen. Verbessert den Schlaf.","robots":{"index":"noindex","follow":"follow"},"og_locale":"de_DE","og_type":"article","og_title":"Earthing\u00a9 Produktkatalog - Hu Care","og_description":"Offizielle Clinton Ober Earthing\u00ae-Produkte. Stellt die elektrische Stabilit\u00e4t des K\u00f6rpers wieder her. Reduziert Entz\u00fcndungen und Schmerzen. Verbessert den Schlaf.","og_url":"https:\/\/hu-care.ch\/de\/produkt\/produktkatalog-earthing\/","og_site_name":"Hu Care","article_publisher":"https:\/\/www.facebook.com\/people\/Cabinet-Manaia\/100086857133927\/","article_modified_time":"2023-09-25T08:12:51+00:00","og_image":[{"width":750,"height":971,"url":"https:\/\/hu-care.ch\/wp-content\/uploads\/2023\/02\/Catalogue_Earthing_hu-care.jpg","type":"image\/jpeg"}],"twitter_card":"summary_large_image","schema":{"@context":"https:\/\/schema.org","@graph":[{"@type":"WebPage","@id":"https:\/\/hu-care.ch\/de\/produkt\/produktkatalog-earthing\/","url":"https:\/\/hu-care.ch\/de\/produkt\/produktkatalog-earthing\/","name":"Earthing\u00a9 Produktkatalog - Hu Care","isPartOf":{"@id":"https:\/\/hu-care.ch\/de\/#website"},"primaryImageOfPage":{"@id":"https:\/\/hu-care.ch\/de\/produkt\/produktkatalog-earthing\/#primaryimage"},"image":{"@id":"https:\/\/hu-care.ch\/de\/produkt\/produktkatalog-earthing\/#primaryimage"},"thumbnailUrl":"https:\/\/hu-care.ch\/wp-content\/uploads\/2023\/02\/Hu-Care-catalogue-Earthing\u00a9-pdf.jpg","datePublished":"2023-02-22T13:02:22+00:00","dateModified":"2023-09-25T08:12:51+00:00","description":"Offizielle Clinton Ober Earthing\u00ae-Produkte. Stellt die elektrische Stabilit\u00e4t des K\u00f6rpers wieder her. Reduziert Entz\u00fcndungen und Schmerzen. Verbessert den Schlaf.","breadcrumb":{"@id":"https:\/\/hu-care.ch\/de\/produkt\/produktkatalog-earthing\/#breadcrumb"},"inLanguage":"de-DE","potentialAction":[{"@type":"ReadAction","target":["https:\/\/hu-care.ch\/de\/produkt\/produktkatalog-earthing\/"]}]},{"@type":"ImageObject","inLanguage":"de-DE","@id":"https:\/\/hu-care.ch\/de\/produkt\/produktkatalog-earthing\/#primaryimage","url":"https:\/\/hu-care.ch\/wp-content\/uploads\/2023\/02\/Hu-Care-catalogue-Earthing\u00a9-pdf.jpg","contentUrl":"https:\/\/hu-care.ch\/wp-content\/uploads\/2023\/02\/Hu-Care-catalogue-Earthing\u00a9-pdf.jpg"},{"@type":"BreadcrumbList","@id":"https:\/\/hu-care.ch\/de\/produkt\/produktkatalog-earthing\/#breadcrumb","itemListElement":[{"@type":"ListItem","position":1,"name":"Accueil","item":"https:\/\/hu-care.ch\/de\/"},{"@type":"ListItem","position":2,"name":"Shop","item":"https:\/\/hu-care.ch\/boutique\/"},{"@type":"ListItem","position":3,"name":"Earthing\u00a9 Produktkatalog"}]},{"@type":"WebSite","@id":"https:\/\/hu-care.ch\/de\/#website","url":"https:\/\/hu-care.ch\/de\/","name":"Natacha Soussan - Hu Care","description":"Th\u00e9rapies Compl\u00e9mentaires, Formations, Produits Sant\u00e9","publisher":{"@id":"https:\/\/hu-care.ch\/de\/#organization"},"potentialAction":[{"@type":"SearchAction","target":{"@type":"EntryPoint","urlTemplate":"https:\/\/hu-care.ch\/de\/?s={search_term_string}"},"query-input":{"@type":"PropertyValueSpecification","valueRequired":true,"valueName":"search_term_string"}}],"inLanguage":"de-DE"},{"@type":"Organization","@id":"https:\/\/hu-care.ch\/de\/#organization","name":"Hu Care","url":"https:\/\/hu-care.ch\/de\/","logo":{"@type":"ImageObject","inLanguage":"de-DE","@id":"https:\/\/hu-care.ch\/de\/#\/schema\/logo\/image\/","url":"https:\/\/hu-care.ch\/wp-content\/uploads\/2023\/02\/hu_care.png","contentUrl":"https:\/\/hu-care.ch\/wp-content\/uploads\/2023\/02\/hu_care.png","width":1280,"height":1280,"caption":"Hu Care"},"image":{"@id":"https:\/\/hu-care.ch\/de\/#\/schema\/logo\/image\/"},"sameAs":["https:\/\/www.facebook.com\/people\/Cabinet-Manaia\/100086857133927\/","https:\/\/www.instagram.com\/_hu.care_\/","https:\/\/www.linkedin.com\/in\/natacha-soussan-a96721256\/?originalSubdomain=ch"]}]}},"_links":{"self":[{"href":"https:\/\/hu-care.ch\/de\/wp-json\/wp\/v2\/product\/31025","targetHints":{"allow":["GET"]}}],"collection":[{"href":"https:\/\/hu-care.ch\/de\/wp-json\/wp\/v2\/product"}],"about":[{"href":"https:\/\/hu-care.ch\/de\/wp-json\/wp\/v2\/types\/product"}],"wp:featuredmedia":[{"embeddable":true,"href":"https:\/\/hu-care.ch\/de\/wp-json\/wp\/v2\/media\/37556"}],"wp:attachment":[{"href":"https:\/\/hu-care.ch\/de\/wp-json\/wp\/v2\/media?parent=31025"}],"wp:term":[{"taxonomy":"product_brand","embeddable":true,"href":"https:\/\/hu-care.ch\/de\/wp-json\/wp\/v2\/product_brand?post=31025"},{"taxonomy":"product_cat","embeddable":true,"href":"https:\/\/hu-care.ch\/de\/wp-json\/wp\/v2\/product_cat?post=31025"},{"taxonomy":"product_tag","embeddable":true,"href":"https:\/\/hu-care.ch\/de\/wp-json\/wp\/v2\/product_tag?post=31025"}],"curies":[{"name":"wp","href":"https:\/\/api.w.org\/{rel}","templated":true}]}}