{"id":31055,"date":"2023-02-17T19:36:22","date_gmt":"2023-02-17T18:36:22","guid":{"rendered":"https:\/\/hu-care.ch\/product\/naboso-standing-mat\/"},"modified":"2025-06-30T16:45:11","modified_gmt":"2025-06-30T14:45:11","slug":"naboso-standing-mat","status":"publish","type":"product","link":"https:\/\/hu-care.ch\/de\/produkt\/naboso-standing-mat\/","title":{"rendered":"Naboso\u00ae Standing Mat &#8211; Matte zur Fu\u00dfstimulation"},"content":{"rendered":"<p class=\"\">Oberschicht aus RBEVA mit Unterschicht aus Gummi, einem umweltfreundlicheren Gummi, da es sich um ein wiederverwertbares Material handelt. Wasserdichtes, geschlossenzelliges RBEVA, leicht zu reinigen und haltbarer.<\/p>\n<p class=\"\">In warmem Wasser mit Seife waschen und an der Luft trocknen. Reinigung einmal pro Woche empfohlen.<\/p>\n<p class=\"\">In den USA entwickelt. Hergestellt in China.<\/p>\n<p class=\"\">Eigenschaften :<\/p>\n<p class=\"\">Stimulation auf h\u00f6chstem Niveau<\/p>\n<p class=\"\">Gesamtdicke von 8 mm<\/p>\n<p class=\"\">Gesamtgewicht von 2 Pfund<\/p>\n<p class=\"\">Ma\u00dfe: 53 x 61 cm<\/p>\n<p class=\"\">Ungiftig | Latexfrei | 100% recycelbar<\/p>\n","protected":false},"excerpt":{"rendered":"<p class=\"\">Sind Sie bereit, sich mit Naboso\u00ae zu bewegen?<\/p>\n<p class=\"\">Naboso\u00ae hat Produkte entwickelt, die unser Gef\u00fchl in Bewegung stimulieren.<\/p>\n<p class=\"\">&#8220;Jeder soll die Zuversicht und die Lebensqualit\u00e4t erfahren, die sich aus der Optimierung der Bewegung ergeben.<\/p>\n<p class=\"\">F\u00fcr Menschen, die ihre Art sich zu bewegen, sich zu f\u00fchlen und zu leben verbessern m\u00f6chten, bietet Naboso\u00ae die allerersten propriozeptiven Einlegesohlen und Matten mit kleinen Nerven, die entwickelt wurden, um das Nervensystem zu stimulieren und die Bewegung zu verbessern.<\/p>\n<p class=\"\">Die F\u00fc\u00dfe sind die Grundlage der Bewegung. Wir betrachten die F\u00fc\u00dfe nicht als Mittel zum Zweck, sondern als Mittel, um die Bewegung zu beherrschen&#8221;.<\/p>\n<p class=\"\">Hier ist die Naboso\u00ae Standing Mat, die 53 cm x 61 cm misst und sich problemlos in Ihr Zuhause oder B\u00fcro integrieren l\u00e4sst!<\/p>\n<p>Die Naboso-Produkte sind eine Reihe innovativer Produkte, die zur Verbesserung der Gesundheit und Leistungsf\u00e4higkeit der F\u00fc\u00dfe entwickelt wurden. Zu den Produkten von Naboso geh\u00f6ren Fu\u00dfstimulationsmatten, Standing Mat, Einlegesohlen und Massageb\u00e4lle, Neuro Ball, die von der amerikanischen Podologin Dr. Emily Splichal entwickelt wurden.<\/p>\n<p>Die Naboso-Produkte wurden entwickelt, um die Sinnesrezeptoren der F\u00fc\u00dfe zu stimulieren, die f\u00fcr das Tastgef\u00fchl und die Propriozeption verantwortlich sind. Propriozeption ist die F\u00e4higkeit unseres K\u00f6rpers, zu wissen, wo sich unsere Gliedma\u00dfen im Raum befinden, ohne hinsehen zu m\u00fcssen. Die Sinnesrezeptoren in den F\u00fc\u00dfen sind besonders wichtig, da sie f\u00fcr das Gleichgewicht und die K\u00f6rperhaltung sowie f\u00fcr die Koordination und Stabilit\u00e4t beim Gehen und Laufen verantwortlich sind.<\/p>\n<p>Naboso Fu\u00dfstimulationsmatten sind so konzipiert, dass sie barfu\u00df verwendet werden k\u00f6nnen. So k\u00f6nnen die F\u00fc\u00dfe die unterschiedlichen Strukturen und Tiefen der Erhebungen auf der Matte sp\u00fcren. Naboso Fu\u00dfstimulationsmatten k\u00f6nnen helfen, die Fu\u00dfmuskeln zu st\u00e4rken, die Stabilit\u00e4t und das Gleichgewicht zu verbessern sowie Schmerzen und Entz\u00fcndungen in den F\u00fc\u00dfen zu reduzieren.<\/p>\n<p>Die Naboso-Massageb\u00e4lle sind so konzipiert, dass sie zur Massage der F\u00fc\u00dfe verwendet werden k\u00f6nnen, indem sie die Sinnesrezeptoren stimulieren und die Durchblutung verbessern. Naboso-Massageb\u00e4lle k\u00f6nnen helfen, Schmerzen und M\u00fcdigkeit der F\u00fc\u00dfe zu lindern und die Flexibilit\u00e4t und Beweglichkeit der F\u00fc\u00dfe zu verbessern.<\/p>\n<p>Naboso-Produkte sind f\u00fcr jeden von Vorteil, egal ob Sie ein Sportler sind, der seine Leistung verbessern m\u00f6chte, oder eine Person, die unter Fu\u00dfschmerzen oder Haltungssch\u00e4den leidet. Naboso-Produkte k\u00f6nnen helfen, die Fu\u00dfmuskeln zu st\u00e4rken, das Gleichgewicht und die Koordination zu verbessern, Schmerzen und Entz\u00fcndungen in den F\u00fc\u00dfen zu reduzieren sowie die K\u00f6rperausrichtung und die K\u00f6rperhaltung zu verbessern.<\/p>\n<p>Wenn Sie die Gesundheit Ihrer F\u00fc\u00dfe verbessern wollen, sind die Produkte von Naboso eine ausgezeichnete Wahl.<\/p>\n","protected":false},"featured_media":30641,"template":"","meta":[],"product_brand":[],"product_cat":[250],"product_tag":[],"class_list":{"0":"post-31055","1":"product","2":"type-product","3":"status-publish","4":"has-post-thumbnail","6":"product_cat-in-bewegung","8":"first","9":"instock","10":"sale","11":"shipping-taxable","12":"purchasable","13":"product-type-simple"},"yoast_head":"<!-- This site is optimized with the Yoast SEO plugin v27.4 - https:\/\/yoast.com\/product\/yoast-seo-wordpress\/ -->\n<title>Naboso\u00ae Standing Mat - Matte zur Fu\u00dfstimulation - Hu Care<\/title>\n<meta name=\"description\" content=\"Die Naboso\u00ae-Produkte wirken auf das Nervensystem, helfen, Spannungen in K\u00f6rper und Geist abzubauen, und verbessern die K\u00f6rperhaltung und das Gleichgewicht.\" \/>\n<meta name=\"robots\" content=\"noindex, follow\" \/>\n<meta property=\"og:locale\" content=\"de_DE\" \/>\n<meta property=\"og:type\" content=\"article\" \/>\n<meta property=\"og:title\" content=\"Naboso\u00ae Standing Mat - Matte zur Fu\u00dfstimulation - Hu Care\" \/>\n<meta property=\"og:description\" content=\"Die Naboso\u00ae-Produkte wirken auf das Nervensystem, helfen, Spannungen in K\u00f6rper und Geist abzubauen, und verbessern die K\u00f6rperhaltung und das Gleichgewicht.\" \/>\n<meta property=\"og:url\" content=\"https:\/\/hu-care.ch\/de\/produkt\/naboso-standing-mat\/\" \/>\n<meta property=\"og:site_name\" content=\"Hu Care\" \/>\n<meta property=\"article:publisher\" content=\"https:\/\/www.facebook.com\/people\/Cabinet-Manaia\/100086857133927\/\" \/>\n<meta property=\"article:modified_time\" content=\"2025-06-30T14:45:11+00:00\" \/>\n<meta property=\"og:image\" content=\"https:\/\/hu-care.ch\/wp-content\/uploads\/2023\/02\/03_StandingMat-WorkHome_1080x.jpeg\" \/>\n\t<meta property=\"og:image:width\" content=\"750\" \/>\n\t<meta property=\"og:image:height\" content=\"750\" \/>\n\t<meta property=\"og:image:type\" content=\"image\/jpeg\" \/>\n<meta name=\"twitter:card\" content=\"summary_large_image\" \/>\n<script type=\"application\/ld+json\" class=\"yoast-schema-graph\">{\"@context\":\"https:\\\/\\\/schema.org\",\"@graph\":[{\"@type\":\"WebPage\",\"@id\":\"https:\\\/\\\/hu-care.ch\\\/de\\\/produkt\\\/naboso-standing-mat\\\/\",\"url\":\"https:\\\/\\\/hu-care.ch\\\/de\\\/produkt\\\/naboso-standing-mat\\\/\",\"name\":\"Naboso\u00ae Standing Mat - Matte zur Fu\u00dfstimulation - Hu Care\",\"isPartOf\":{\"@id\":\"https:\\\/\\\/hu-care.ch\\\/de\\\/#website\"},\"primaryImageOfPage\":{\"@id\":\"https:\\\/\\\/hu-care.ch\\\/de\\\/produkt\\\/naboso-standing-mat\\\/#primaryimage\"},\"image\":{\"@id\":\"https:\\\/\\\/hu-care.ch\\\/de\\\/produkt\\\/naboso-standing-mat\\\/#primaryimage\"},\"thumbnailUrl\":\"https:\\\/\\\/hu-care.ch\\\/wp-content\\\/uploads\\\/2023\\\/02\\\/03_StandingMat-WorkHome_1080x.jpeg\",\"datePublished\":\"2023-02-17T18:36:22+00:00\",\"dateModified\":\"2025-06-30T14:45:11+00:00\",\"description\":\"Die Naboso\u00ae-Produkte wirken auf das Nervensystem, helfen, Spannungen in K\u00f6rper und Geist abzubauen, und verbessern die K\u00f6rperhaltung und das Gleichgewicht.\",\"breadcrumb\":{\"@id\":\"https:\\\/\\\/hu-care.ch\\\/de\\\/produkt\\\/naboso-standing-mat\\\/#breadcrumb\"},\"inLanguage\":\"de-DE\",\"potentialAction\":[{\"@type\":\"ReadAction\",\"target\":[\"https:\\\/\\\/hu-care.ch\\\/de\\\/produkt\\\/naboso-standing-mat\\\/\"]}]},{\"@type\":\"ImageObject\",\"inLanguage\":\"de-DE\",\"@id\":\"https:\\\/\\\/hu-care.ch\\\/de\\\/produkt\\\/naboso-standing-mat\\\/#primaryimage\",\"url\":\"https:\\\/\\\/hu-care.ch\\\/wp-content\\\/uploads\\\/2023\\\/02\\\/03_StandingMat-WorkHome_1080x.jpeg\",\"contentUrl\":\"https:\\\/\\\/hu-care.ch\\\/wp-content\\\/uploads\\\/2023\\\/02\\\/03_StandingMat-WorkHome_1080x.jpeg\",\"width\":750,\"height\":750},{\"@type\":\"BreadcrumbList\",\"@id\":\"https:\\\/\\\/hu-care.ch\\\/de\\\/produkt\\\/naboso-standing-mat\\\/#breadcrumb\",\"itemListElement\":[{\"@type\":\"ListItem\",\"position\":1,\"name\":\"Accueil\",\"item\":\"https:\\\/\\\/hu-care.ch\\\/de\\\/\"},{\"@type\":\"ListItem\",\"position\":2,\"name\":\"Shop\",\"item\":\"https:\\\/\\\/hu-care.ch\\\/boutique\\\/\"},{\"@type\":\"ListItem\",\"position\":3,\"name\":\"Naboso\u00ae Standing Mat &#8211; Matte zur Fu\u00dfstimulation\"}]},{\"@type\":\"WebSite\",\"@id\":\"https:\\\/\\\/hu-care.ch\\\/de\\\/#website\",\"url\":\"https:\\\/\\\/hu-care.ch\\\/de\\\/\",\"name\":\"Natacha Soussan - Hu Care\",\"description\":\"Th\u00e9rapies Compl\u00e9mentaires, Formations, Produits Sant\u00e9\",\"publisher\":{\"@id\":\"https:\\\/\\\/hu-care.ch\\\/de\\\/#organization\"},\"potentialAction\":[{\"@type\":\"SearchAction\",\"target\":{\"@type\":\"EntryPoint\",\"urlTemplate\":\"https:\\\/\\\/hu-care.ch\\\/de\\\/?s={search_term_string}\"},\"query-input\":{\"@type\":\"PropertyValueSpecification\",\"valueRequired\":true,\"valueName\":\"search_term_string\"}}],\"inLanguage\":\"de-DE\"},{\"@type\":\"Organization\",\"@id\":\"https:\\\/\\\/hu-care.ch\\\/de\\\/#organization\",\"name\":\"Hu Care\",\"url\":\"https:\\\/\\\/hu-care.ch\\\/de\\\/\",\"logo\":{\"@type\":\"ImageObject\",\"inLanguage\":\"de-DE\",\"@id\":\"https:\\\/\\\/hu-care.ch\\\/de\\\/#\\\/schema\\\/logo\\\/image\\\/\",\"url\":\"https:\\\/\\\/hu-care.ch\\\/wp-content\\\/uploads\\\/2023\\\/02\\\/hu_care.png\",\"contentUrl\":\"https:\\\/\\\/hu-care.ch\\\/wp-content\\\/uploads\\\/2023\\\/02\\\/hu_care.png\",\"width\":1280,\"height\":1280,\"caption\":\"Hu Care\"},\"image\":{\"@id\":\"https:\\\/\\\/hu-care.ch\\\/de\\\/#\\\/schema\\\/logo\\\/image\\\/\"},\"sameAs\":[\"https:\\\/\\\/www.facebook.com\\\/people\\\/Cabinet-Manaia\\\/100086857133927\\\/\",\"https:\\\/\\\/www.instagram.com\\\/_hu.care_\\\/\",\"https:\\\/\\\/www.linkedin.com\\\/in\\\/natacha-soussan-a96721256\\\/?originalSubdomain=ch\"]}]}<\/script>\n<!-- \/ Yoast SEO plugin. -->","yoast_head_json":{"title":"Naboso\u00ae Standing Mat - Matte zur Fu\u00dfstimulation - Hu Care","description":"Die Naboso\u00ae-Produkte wirken auf das Nervensystem, helfen, Spannungen in K\u00f6rper und Geist abzubauen, und verbessern die K\u00f6rperhaltung und das Gleichgewicht.","robots":{"index":"noindex","follow":"follow"},"og_locale":"de_DE","og_type":"article","og_title":"Naboso\u00ae Standing Mat - Matte zur Fu\u00dfstimulation - Hu Care","og_description":"Die Naboso\u00ae-Produkte wirken auf das Nervensystem, helfen, Spannungen in K\u00f6rper und Geist abzubauen, und verbessern die K\u00f6rperhaltung und das Gleichgewicht.","og_url":"https:\/\/hu-care.ch\/de\/produkt\/naboso-standing-mat\/","og_site_name":"Hu Care","article_publisher":"https:\/\/www.facebook.com\/people\/Cabinet-Manaia\/100086857133927\/","article_modified_time":"2025-06-30T14:45:11+00:00","og_image":[{"width":750,"height":750,"url":"https:\/\/hu-care.ch\/wp-content\/uploads\/2023\/02\/03_StandingMat-WorkHome_1080x.jpeg","type":"image\/jpeg"}],"twitter_card":"summary_large_image","schema":{"@context":"https:\/\/schema.org","@graph":[{"@type":"WebPage","@id":"https:\/\/hu-care.ch\/de\/produkt\/naboso-standing-mat\/","url":"https:\/\/hu-care.ch\/de\/produkt\/naboso-standing-mat\/","name":"Naboso\u00ae Standing Mat - Matte zur Fu\u00dfstimulation - Hu Care","isPartOf":{"@id":"https:\/\/hu-care.ch\/de\/#website"},"primaryImageOfPage":{"@id":"https:\/\/hu-care.ch\/de\/produkt\/naboso-standing-mat\/#primaryimage"},"image":{"@id":"https:\/\/hu-care.ch\/de\/produkt\/naboso-standing-mat\/#primaryimage"},"thumbnailUrl":"https:\/\/hu-care.ch\/wp-content\/uploads\/2023\/02\/03_StandingMat-WorkHome_1080x.jpeg","datePublished":"2023-02-17T18:36:22+00:00","dateModified":"2025-06-30T14:45:11+00:00","description":"Die Naboso\u00ae-Produkte wirken auf das Nervensystem, helfen, Spannungen in K\u00f6rper und Geist abzubauen, und verbessern die K\u00f6rperhaltung und das Gleichgewicht.","breadcrumb":{"@id":"https:\/\/hu-care.ch\/de\/produkt\/naboso-standing-mat\/#breadcrumb"},"inLanguage":"de-DE","potentialAction":[{"@type":"ReadAction","target":["https:\/\/hu-care.ch\/de\/produkt\/naboso-standing-mat\/"]}]},{"@type":"ImageObject","inLanguage":"de-DE","@id":"https:\/\/hu-care.ch\/de\/produkt\/naboso-standing-mat\/#primaryimage","url":"https:\/\/hu-care.ch\/wp-content\/uploads\/2023\/02\/03_StandingMat-WorkHome_1080x.jpeg","contentUrl":"https:\/\/hu-care.ch\/wp-content\/uploads\/2023\/02\/03_StandingMat-WorkHome_1080x.jpeg","width":750,"height":750},{"@type":"BreadcrumbList","@id":"https:\/\/hu-care.ch\/de\/produkt\/naboso-standing-mat\/#breadcrumb","itemListElement":[{"@type":"ListItem","position":1,"name":"Accueil","item":"https:\/\/hu-care.ch\/de\/"},{"@type":"ListItem","position":2,"name":"Shop","item":"https:\/\/hu-care.ch\/boutique\/"},{"@type":"ListItem","position":3,"name":"Naboso\u00ae Standing Mat &#8211; Matte zur Fu\u00dfstimulation"}]},{"@type":"WebSite","@id":"https:\/\/hu-care.ch\/de\/#website","url":"https:\/\/hu-care.ch\/de\/","name":"Natacha Soussan - Hu Care","description":"Th\u00e9rapies Compl\u00e9mentaires, Formations, Produits Sant\u00e9","publisher":{"@id":"https:\/\/hu-care.ch\/de\/#organization"},"potentialAction":[{"@type":"SearchAction","target":{"@type":"EntryPoint","urlTemplate":"https:\/\/hu-care.ch\/de\/?s={search_term_string}"},"query-input":{"@type":"PropertyValueSpecification","valueRequired":true,"valueName":"search_term_string"}}],"inLanguage":"de-DE"},{"@type":"Organization","@id":"https:\/\/hu-care.ch\/de\/#organization","name":"Hu Care","url":"https:\/\/hu-care.ch\/de\/","logo":{"@type":"ImageObject","inLanguage":"de-DE","@id":"https:\/\/hu-care.ch\/de\/#\/schema\/logo\/image\/","url":"https:\/\/hu-care.ch\/wp-content\/uploads\/2023\/02\/hu_care.png","contentUrl":"https:\/\/hu-care.ch\/wp-content\/uploads\/2023\/02\/hu_care.png","width":1280,"height":1280,"caption":"Hu Care"},"image":{"@id":"https:\/\/hu-care.ch\/de\/#\/schema\/logo\/image\/"},"sameAs":["https:\/\/www.facebook.com\/people\/Cabinet-Manaia\/100086857133927\/","https:\/\/www.instagram.com\/_hu.care_\/","https:\/\/www.linkedin.com\/in\/natacha-soussan-a96721256\/?originalSubdomain=ch"]}]}},"_links":{"self":[{"href":"https:\/\/hu-care.ch\/de\/wp-json\/wp\/v2\/product\/31055","targetHints":{"allow":["GET"]}}],"collection":[{"href":"https:\/\/hu-care.ch\/de\/wp-json\/wp\/v2\/product"}],"about":[{"href":"https:\/\/hu-care.ch\/de\/wp-json\/wp\/v2\/types\/product"}],"wp:featuredmedia":[{"embeddable":true,"href":"https:\/\/hu-care.ch\/de\/wp-json\/wp\/v2\/media\/30641"}],"wp:attachment":[{"href":"https:\/\/hu-care.ch\/de\/wp-json\/wp\/v2\/media?parent=31055"}],"wp:term":[{"taxonomy":"product_brand","embeddable":true,"href":"https:\/\/hu-care.ch\/de\/wp-json\/wp\/v2\/product_brand?post=31055"},{"taxonomy":"product_cat","embeddable":true,"href":"https:\/\/hu-care.ch\/de\/wp-json\/wp\/v2\/product_cat?post=31055"},{"taxonomy":"product_tag","embeddable":true,"href":"https:\/\/hu-care.ch\/de\/wp-json\/wp\/v2\/product_tag?post=31055"}],"curies":[{"name":"wp","href":"https:\/\/api.w.org\/{rel}","templated":true}]}}