{"id":31095,"date":"2023-02-22T14:32:37","date_gmt":"2023-02-22T13:32:37","guid":{"rendered":"https:\/\/hu-care.ch\/product\/trinkflasche-aus-glas-04-liter-breiter-hals-motiv-blume-des-lebens\/"},"modified":"2024-06-27T08:59:28","modified_gmt":"2024-06-27T06:59:28","slug":"feldflasche-in-glas-04-liter-weiter-hals-motiv-blume-des-lebens","status":"publish","type":"product","link":"https:\/\/hu-care.ch\/de\/produkt\/feldflasche-in-glas-04-liter-weiter-hals-motiv-blume-des-lebens\/","title":{"rendered":"Trinkflasche aus Glas &#8211; 0,4 Liter &#8211; breiter Hals &#8211; Motiv &#8220;Blume des Lebens&#8221;."},"content":{"rendered":"<p><strong>Glasflaschen &#8220;Emil &#8211; die Flasche\u00ae&#8221;: seit \u00fcber 25 Jahren.<\/strong><\/p>\n<p class=\"sqsrte-small\">Ein Herz aus Glas ist seine St\u00e4rke. Glasflaschen haben eine lange Lebensdauer, sind geschmacksneutral, s\u00e4urebest\u00e4ndig, k\u00f6nnen so oft wie n\u00f6tig hygienisch gereinigt werden und sind zu 100% recycelbar. Kein anderes Material ist dazu in der Lage!<\/p>\n<p class=\"sqsrte-small\">Wer sich f\u00fcr Emil entscheidet, w\u00e4hlt eine umwelt- und gesundheitsfreundliche Trinkflasche &#8211; 100 % &#8220;Made in Germany&#8221;. Ein nachhaltiges Konzept &#8211; seit 1990. Emil ist modular. Sie k\u00f6nnen alle Komponenten einzeln umtauschen oder nachkaufen, um Abfall zu vermeiden.<\/p>\n<p class=\"sqsrte-small\">Gemeinsam mit Emil wollen wir dazu beitragen, unsere Umwelt von morgen ein wenig sauberer und nachhaltiger zu gestalten.<\/p>\n<p class=\"\" data-rte-preserve-empty=\"true\">\n<p><strong>NACHHALTIGE ENTWICKLUNG EINE HERZENSANGELEGENHEIT.<\/strong><\/p>\n<p class=\"\"><em>&#8220;Ich m\u00f6chte nicht, dass meine Kinder in einer Welt voller Einwegflaschen aufwachsen&#8221; (Agnes Ziegleder-Weiss, Gr\u00fcnderin von Emil &#8211; die Flasche\u00ae).<\/em><\/p>\n<p class=\"sqsrte-small\">Was Anfang der 90er Jahre zur Entwicklung von Emil &#8211; die Flasche\u00ae f\u00fchrte, motiviert auch heute noch im Alltag: ein nachhaltiger Gestaltungswille. Mit Erfolg!<\/p>\n<p class=\"sqsrte-small\">Nach einer Modellrechnung sparen Emils Kunden jedes Jahr etwa 40 Millionen Einwegplastikflaschen ein, was einem Gewicht von 800 Tonnen Plastikm\u00fcll entspricht. Weiter so!<\/p>\n<p class=\"\" data-rte-preserve-empty=\"true\">\n<p><strong>WIEDERVERWENDUNG, WIEDERHERSTELLUNG, MODULARIT\u00c4T: MASSNAHMEN F\u00dcR DEN ERFOLG.<\/strong><\/p>\n<p class=\"sqsrte-small\">Emil setzt von Anfang an auf Glas f\u00fcr seine Trinkflaschen. Es ist nicht nur sehr haltbar, sondern im Gegensatz zu vielen anderen Kunststoffen auch immer zu 100 % recycelbar.<\/p>\n<p class=\"sqsrte-small\">Als Beh\u00e4lter f\u00fcr Getr\u00e4nke und Lebensmittel hat Glas dar\u00fcber hinaus unschlagbare Vorteile. Es ist z. B. v\u00f6llig frei von sch\u00e4dlichen Stoffen, geschmacksneutral und s\u00e4urebest\u00e4ndig.<\/p>\n<p class=\"\" data-rte-preserve-empty=\"true\">\n<p><strong>LOKALE PRODUKTION (Deutschland), KURZE LIEFERKETTEN: Das Gute liegt vor Ihrer Haust\u00fcr.<\/strong><\/p>\n<p class=\"sqsrte-small\">Wenn Sie eine Emil-Feldflasche oder ein anderes Emil-Produkt kaufen, hat er noch nicht viel von der Welt gesehen. Und das ist auch gut so. Durch die lokale Produktion in Niederbayern (Deutschland), lokale Lieferanten und kurze Lieferketten werden erhebliche Mengen an CO2 eingespart.<\/p>\n","protected":false},"excerpt":{"rendered":"<p><strong>Glasflasche &#8220;Emil &#8211; Die Flasche\u00ae<\/strong><strong>&#8220;<\/strong>.<\/p>\n<p class=\"\"><strong>0,4l &#8211; Hals 34mm &#8211; H\u00f6he 19,5 cm &#8211; \u00d8 6,0 cm &#8211; Leergewicht 280 g (mit Verschluss).<\/strong><\/p>\n<p class=\"\"><strong>Die weithalsigen Glasflaschen von Emil eignen sich mit ihrer 34 mm gro\u00dfen \u00d6ffnung perfekt f\u00fcr frisch zubereitete Smoothies und S\u00e4fte.<\/strong><\/p>\n<p class=\"\">Alle Emil-Glasflaschen haben eine hochwertige Gravur auf dem Boden, die das energiespendende Symbol &#8220;Blume des Lebens&#8221; darstellt.<\/p>\n<p class=\"\">Glasflaschen sind hygienisch, lassen sich r\u00fcckstandsfrei reinigen und bleiben immer geschmacksneutral.<\/p>\n<p class=\"\">Garantiert frei von Schadstoffen und Weichmachern (BPA-freier Verschluss).<\/p>\n<p class=\"\">Glasflaschen k\u00f6nnen bis zu 60 \u00b0C bef\u00fcllt werden und sind sp\u00fclmaschinenfest.<\/p>\n","protected":false},"featured_media":30855,"template":"","meta":[],"product_brand":[],"product_cat":[328],"product_tag":[],"class_list":{"0":"post-31095","1":"product","2":"type-product","3":"status-publish","4":"has-post-thumbnail","6":"product_cat-reines-wasser","8":"first","9":"instock","10":"shipping-taxable","11":"purchasable","12":"product-type-simple"},"yoast_head":"<!-- This site is optimized with the Yoast SEO plugin v27.4 - https:\/\/yoast.com\/product\/yoast-seo-wordpress\/ -->\n<title>Trinkflasche aus Glas - 0,4 Liter - breiter Hals - Motiv &quot;Blume des Lebens&quot;. - Hu Care<\/title>\n<meta name=\"robots\" content=\"noindex, follow\" \/>\n<meta property=\"og:locale\" content=\"de_DE\" \/>\n<meta property=\"og:type\" content=\"article\" \/>\n<meta property=\"og:title\" content=\"Trinkflasche aus Glas - 0,4 Liter - breiter Hals - Motiv &quot;Blume des Lebens&quot;. - Hu Care\" \/>\n<meta property=\"og:description\" content=\"Glasflasche &quot;Emil - Die Flasche\u00ae&quot;. 0,4l - Hals 34mm - H\u00f6he 19,5 cm - \u00d8 6,0 cm - Leergewicht 280 g (mit Verschluss). Die weithalsigen Glasflaschen von Emil eignen sich mit ihrer 34 mm gro\u00dfen \u00d6ffnung perfekt f\u00fcr frisch zubereitete Smoothies und S\u00e4fte. Alle Emil-Glasflaschen haben eine hochwertige Gravur auf dem Boden, die das energiespendende Symbol &quot;Blume des Lebens&quot; darstellt. Glasflaschen sind hygienisch, lassen sich r\u00fcckstandsfrei reinigen und bleiben immer geschmacksneutral. Garantiert frei von Schadstoffen und Weichmachern (BPA-freier Verschluss). Glasflaschen k\u00f6nnen bis zu 60 \u00b0C bef\u00fcllt werden und sind sp\u00fclmaschinenfest.\" \/>\n<meta property=\"og:url\" content=\"https:\/\/hu-care.ch\/de\/produkt\/feldflasche-in-glas-04-liter-weiter-hals-motiv-blume-des-lebens\/\" \/>\n<meta property=\"og:site_name\" content=\"Hu Care\" \/>\n<meta property=\"article:publisher\" content=\"https:\/\/www.facebook.com\/people\/Cabinet-Manaia\/100086857133927\/\" \/>\n<meta property=\"article:modified_time\" content=\"2024-06-27T06:59:28+00:00\" \/>\n<meta property=\"og:image\" content=\"https:\/\/hu-care.ch\/wp-content\/uploads\/2023\/02\/Ersatz-GlasflaxcheWeithals04.jpeg\" \/>\n\t<meta property=\"og:image:width\" content=\"300\" \/>\n\t<meta property=\"og:image:height\" content=\"300\" \/>\n\t<meta property=\"og:image:type\" content=\"image\/jpeg\" \/>\n<meta name=\"twitter:card\" content=\"summary_large_image\" \/>\n<meta name=\"twitter:label1\" content=\"Est. reading time\" \/>\n\t<meta name=\"twitter:data1\" content=\"2 minutes\" \/>\n<script type=\"application\/ld+json\" class=\"yoast-schema-graph\">{\"@context\":\"https:\\\/\\\/schema.org\",\"@graph\":[{\"@type\":\"WebPage\",\"@id\":\"https:\\\/\\\/hu-care.ch\\\/de\\\/produkt\\\/feldflasche-in-glas-04-liter-weiter-hals-motiv-blume-des-lebens\\\/\",\"url\":\"https:\\\/\\\/hu-care.ch\\\/de\\\/produkt\\\/feldflasche-in-glas-04-liter-weiter-hals-motiv-blume-des-lebens\\\/\",\"name\":\"Trinkflasche aus Glas - 0,4 Liter - breiter Hals - Motiv \\\"Blume des Lebens\\\". - Hu Care\",\"isPartOf\":{\"@id\":\"https:\\\/\\\/hu-care.ch\\\/de\\\/#website\"},\"primaryImageOfPage\":{\"@id\":\"https:\\\/\\\/hu-care.ch\\\/de\\\/produkt\\\/feldflasche-in-glas-04-liter-weiter-hals-motiv-blume-des-lebens\\\/#primaryimage\"},\"image\":{\"@id\":\"https:\\\/\\\/hu-care.ch\\\/de\\\/produkt\\\/feldflasche-in-glas-04-liter-weiter-hals-motiv-blume-des-lebens\\\/#primaryimage\"},\"thumbnailUrl\":\"https:\\\/\\\/hu-care.ch\\\/wp-content\\\/uploads\\\/2023\\\/02\\\/Ersatz-GlasflaxcheWeithals04.jpeg\",\"datePublished\":\"2023-02-22T13:32:37+00:00\",\"dateModified\":\"2024-06-27T06:59:28+00:00\",\"breadcrumb\":{\"@id\":\"https:\\\/\\\/hu-care.ch\\\/de\\\/produkt\\\/feldflasche-in-glas-04-liter-weiter-hals-motiv-blume-des-lebens\\\/#breadcrumb\"},\"inLanguage\":\"de-DE\",\"potentialAction\":[{\"@type\":\"ReadAction\",\"target\":[\"https:\\\/\\\/hu-care.ch\\\/de\\\/produkt\\\/feldflasche-in-glas-04-liter-weiter-hals-motiv-blume-des-lebens\\\/\"]}]},{\"@type\":\"ImageObject\",\"inLanguage\":\"de-DE\",\"@id\":\"https:\\\/\\\/hu-care.ch\\\/de\\\/produkt\\\/feldflasche-in-glas-04-liter-weiter-hals-motiv-blume-des-lebens\\\/#primaryimage\",\"url\":\"https:\\\/\\\/hu-care.ch\\\/wp-content\\\/uploads\\\/2023\\\/02\\\/Ersatz-GlasflaxcheWeithals04.jpeg\",\"contentUrl\":\"https:\\\/\\\/hu-care.ch\\\/wp-content\\\/uploads\\\/2023\\\/02\\\/Ersatz-GlasflaxcheWeithals04.jpeg\",\"width\":300,\"height\":300},{\"@type\":\"BreadcrumbList\",\"@id\":\"https:\\\/\\\/hu-care.ch\\\/de\\\/produkt\\\/feldflasche-in-glas-04-liter-weiter-hals-motiv-blume-des-lebens\\\/#breadcrumb\",\"itemListElement\":[{\"@type\":\"ListItem\",\"position\":1,\"name\":\"Accueil\",\"item\":\"https:\\\/\\\/hu-care.ch\\\/de\\\/\"},{\"@type\":\"ListItem\",\"position\":2,\"name\":\"Shop\",\"item\":\"https:\\\/\\\/hu-care.ch\\\/boutique\\\/\"},{\"@type\":\"ListItem\",\"position\":3,\"name\":\"Trinkflasche aus Glas &#8211; 0,4 Liter &#8211; breiter Hals &#8211; Motiv &#8220;Blume des Lebens&#8221;.\"}]},{\"@type\":\"WebSite\",\"@id\":\"https:\\\/\\\/hu-care.ch\\\/de\\\/#website\",\"url\":\"https:\\\/\\\/hu-care.ch\\\/de\\\/\",\"name\":\"Natacha Soussan - Hu Care\",\"description\":\"Th\u00e9rapies Compl\u00e9mentaires, Formations, Produits Sant\u00e9\",\"publisher\":{\"@id\":\"https:\\\/\\\/hu-care.ch\\\/de\\\/#organization\"},\"potentialAction\":[{\"@type\":\"SearchAction\",\"target\":{\"@type\":\"EntryPoint\",\"urlTemplate\":\"https:\\\/\\\/hu-care.ch\\\/de\\\/?s={search_term_string}\"},\"query-input\":{\"@type\":\"PropertyValueSpecification\",\"valueRequired\":true,\"valueName\":\"search_term_string\"}}],\"inLanguage\":\"de-DE\"},{\"@type\":\"Organization\",\"@id\":\"https:\\\/\\\/hu-care.ch\\\/de\\\/#organization\",\"name\":\"Hu Care\",\"url\":\"https:\\\/\\\/hu-care.ch\\\/de\\\/\",\"logo\":{\"@type\":\"ImageObject\",\"inLanguage\":\"de-DE\",\"@id\":\"https:\\\/\\\/hu-care.ch\\\/de\\\/#\\\/schema\\\/logo\\\/image\\\/\",\"url\":\"https:\\\/\\\/hu-care.ch\\\/wp-content\\\/uploads\\\/2023\\\/02\\\/hu_care.png\",\"contentUrl\":\"https:\\\/\\\/hu-care.ch\\\/wp-content\\\/uploads\\\/2023\\\/02\\\/hu_care.png\",\"width\":1280,\"height\":1280,\"caption\":\"Hu Care\"},\"image\":{\"@id\":\"https:\\\/\\\/hu-care.ch\\\/de\\\/#\\\/schema\\\/logo\\\/image\\\/\"},\"sameAs\":[\"https:\\\/\\\/www.facebook.com\\\/people\\\/Cabinet-Manaia\\\/100086857133927\\\/\",\"https:\\\/\\\/www.instagram.com\\\/_hu.care_\\\/\",\"https:\\\/\\\/www.linkedin.com\\\/in\\\/natacha-soussan-a96721256\\\/?originalSubdomain=ch\"]}]}<\/script>\n<!-- \/ Yoast SEO plugin. -->","yoast_head_json":{"title":"Trinkflasche aus Glas - 0,4 Liter - breiter Hals - Motiv \"Blume des Lebens\". - Hu Care","robots":{"index":"noindex","follow":"follow"},"og_locale":"de_DE","og_type":"article","og_title":"Trinkflasche aus Glas - 0,4 Liter - breiter Hals - Motiv \"Blume des Lebens\". - Hu Care","og_description":"Glasflasche \"Emil - Die Flasche\u00ae\". 0,4l - Hals 34mm - H\u00f6he 19,5 cm - \u00d8 6,0 cm - Leergewicht 280 g (mit Verschluss). Die weithalsigen Glasflaschen von Emil eignen sich mit ihrer 34 mm gro\u00dfen \u00d6ffnung perfekt f\u00fcr frisch zubereitete Smoothies und S\u00e4fte. Alle Emil-Glasflaschen haben eine hochwertige Gravur auf dem Boden, die das energiespendende Symbol \"Blume des Lebens\" darstellt. Glasflaschen sind hygienisch, lassen sich r\u00fcckstandsfrei reinigen und bleiben immer geschmacksneutral. Garantiert frei von Schadstoffen und Weichmachern (BPA-freier Verschluss). Glasflaschen k\u00f6nnen bis zu 60 \u00b0C bef\u00fcllt werden und sind sp\u00fclmaschinenfest.","og_url":"https:\/\/hu-care.ch\/de\/produkt\/feldflasche-in-glas-04-liter-weiter-hals-motiv-blume-des-lebens\/","og_site_name":"Hu Care","article_publisher":"https:\/\/www.facebook.com\/people\/Cabinet-Manaia\/100086857133927\/","article_modified_time":"2024-06-27T06:59:28+00:00","og_image":[{"width":300,"height":300,"url":"https:\/\/hu-care.ch\/wp-content\/uploads\/2023\/02\/Ersatz-GlasflaxcheWeithals04.jpeg","type":"image\/jpeg"}],"twitter_card":"summary_large_image","twitter_misc":{"Est. reading time":"2 minutes"},"schema":{"@context":"https:\/\/schema.org","@graph":[{"@type":"WebPage","@id":"https:\/\/hu-care.ch\/de\/produkt\/feldflasche-in-glas-04-liter-weiter-hals-motiv-blume-des-lebens\/","url":"https:\/\/hu-care.ch\/de\/produkt\/feldflasche-in-glas-04-liter-weiter-hals-motiv-blume-des-lebens\/","name":"Trinkflasche aus Glas - 0,4 Liter - breiter Hals - Motiv \"Blume des Lebens\". - Hu Care","isPartOf":{"@id":"https:\/\/hu-care.ch\/de\/#website"},"primaryImageOfPage":{"@id":"https:\/\/hu-care.ch\/de\/produkt\/feldflasche-in-glas-04-liter-weiter-hals-motiv-blume-des-lebens\/#primaryimage"},"image":{"@id":"https:\/\/hu-care.ch\/de\/produkt\/feldflasche-in-glas-04-liter-weiter-hals-motiv-blume-des-lebens\/#primaryimage"},"thumbnailUrl":"https:\/\/hu-care.ch\/wp-content\/uploads\/2023\/02\/Ersatz-GlasflaxcheWeithals04.jpeg","datePublished":"2023-02-22T13:32:37+00:00","dateModified":"2024-06-27T06:59:28+00:00","breadcrumb":{"@id":"https:\/\/hu-care.ch\/de\/produkt\/feldflasche-in-glas-04-liter-weiter-hals-motiv-blume-des-lebens\/#breadcrumb"},"inLanguage":"de-DE","potentialAction":[{"@type":"ReadAction","target":["https:\/\/hu-care.ch\/de\/produkt\/feldflasche-in-glas-04-liter-weiter-hals-motiv-blume-des-lebens\/"]}]},{"@type":"ImageObject","inLanguage":"de-DE","@id":"https:\/\/hu-care.ch\/de\/produkt\/feldflasche-in-glas-04-liter-weiter-hals-motiv-blume-des-lebens\/#primaryimage","url":"https:\/\/hu-care.ch\/wp-content\/uploads\/2023\/02\/Ersatz-GlasflaxcheWeithals04.jpeg","contentUrl":"https:\/\/hu-care.ch\/wp-content\/uploads\/2023\/02\/Ersatz-GlasflaxcheWeithals04.jpeg","width":300,"height":300},{"@type":"BreadcrumbList","@id":"https:\/\/hu-care.ch\/de\/produkt\/feldflasche-in-glas-04-liter-weiter-hals-motiv-blume-des-lebens\/#breadcrumb","itemListElement":[{"@type":"ListItem","position":1,"name":"Accueil","item":"https:\/\/hu-care.ch\/de\/"},{"@type":"ListItem","position":2,"name":"Shop","item":"https:\/\/hu-care.ch\/boutique\/"},{"@type":"ListItem","position":3,"name":"Trinkflasche aus Glas &#8211; 0,4 Liter &#8211; breiter Hals &#8211; Motiv &#8220;Blume des Lebens&#8221;."}]},{"@type":"WebSite","@id":"https:\/\/hu-care.ch\/de\/#website","url":"https:\/\/hu-care.ch\/de\/","name":"Natacha Soussan - Hu Care","description":"Th\u00e9rapies Compl\u00e9mentaires, Formations, Produits Sant\u00e9","publisher":{"@id":"https:\/\/hu-care.ch\/de\/#organization"},"potentialAction":[{"@type":"SearchAction","target":{"@type":"EntryPoint","urlTemplate":"https:\/\/hu-care.ch\/de\/?s={search_term_string}"},"query-input":{"@type":"PropertyValueSpecification","valueRequired":true,"valueName":"search_term_string"}}],"inLanguage":"de-DE"},{"@type":"Organization","@id":"https:\/\/hu-care.ch\/de\/#organization","name":"Hu Care","url":"https:\/\/hu-care.ch\/de\/","logo":{"@type":"ImageObject","inLanguage":"de-DE","@id":"https:\/\/hu-care.ch\/de\/#\/schema\/logo\/image\/","url":"https:\/\/hu-care.ch\/wp-content\/uploads\/2023\/02\/hu_care.png","contentUrl":"https:\/\/hu-care.ch\/wp-content\/uploads\/2023\/02\/hu_care.png","width":1280,"height":1280,"caption":"Hu Care"},"image":{"@id":"https:\/\/hu-care.ch\/de\/#\/schema\/logo\/image\/"},"sameAs":["https:\/\/www.facebook.com\/people\/Cabinet-Manaia\/100086857133927\/","https:\/\/www.instagram.com\/_hu.care_\/","https:\/\/www.linkedin.com\/in\/natacha-soussan-a96721256\/?originalSubdomain=ch"]}]}},"_links":{"self":[{"href":"https:\/\/hu-care.ch\/de\/wp-json\/wp\/v2\/product\/31095","targetHints":{"allow":["GET"]}}],"collection":[{"href":"https:\/\/hu-care.ch\/de\/wp-json\/wp\/v2\/product"}],"about":[{"href":"https:\/\/hu-care.ch\/de\/wp-json\/wp\/v2\/types\/product"}],"wp:featuredmedia":[{"embeddable":true,"href":"https:\/\/hu-care.ch\/de\/wp-json\/wp\/v2\/media\/30855"}],"wp:attachment":[{"href":"https:\/\/hu-care.ch\/de\/wp-json\/wp\/v2\/media?parent=31095"}],"wp:term":[{"taxonomy":"product_brand","embeddable":true,"href":"https:\/\/hu-care.ch\/de\/wp-json\/wp\/v2\/product_brand?post=31095"},{"taxonomy":"product_cat","embeddable":true,"href":"https:\/\/hu-care.ch\/de\/wp-json\/wp\/v2\/product_cat?post=31095"},{"taxonomy":"product_tag","embeddable":true,"href":"https:\/\/hu-care.ch\/de\/wp-json\/wp\/v2\/product_tag?post=31095"}],"curies":[{"name":"wp","href":"https:\/\/api.w.org\/{rel}","templated":true}]}}