{"id":31102,"date":"2023-02-22T14:34:57","date_gmt":"2023-02-22T13:34:57","guid":{"rendered":"https:\/\/hu-care.ch\/product\/duschkopf-mit-eva-filter\/"},"modified":"2023-09-06T13:15:06","modified_gmt":"2023-09-06T11:15:06","slug":"duschkopf-filant-eva","status":"publish","type":"product","link":"https:\/\/hu-care.ch\/de\/produkt\/duschkopf-filant-eva\/","title":{"rendered":"Duschkopf mit EVA-Filter"},"content":{"rendered":"<ul>\n<li>Die Kugeln aus <strong>Hinoki-Zedernsplintholz<\/strong> verleihen den enthaltenen Essenzen eine <strong>weichmachende <\/strong>und<strong> beruhigende<\/strong> <strong>Wirkung <\/strong>bei <strong>empfindlicher<\/strong> oder atopischer <strong>Haut<\/strong> (Psoriasis, Ekzeme&#8230;).<\/li>\n<li>Die K\u00f6rnchen aus reinem <strong>Kalzium<\/strong> oxidieren bei Kontakt mit Wasser und haben eine <strong>Peelingwirkung auf die Haut<\/strong>.<\/li>\n<li><strong>Zeolithgranulat<\/strong>, vulkanisches Gestein, filtert umweltsch\u00e4dliche <strong>Schwermetalle<\/strong>, <strong>Chlor<\/strong> und <strong>chemische Substanzen<\/strong> aus Wasserleitungen.<\/li>\n<li>Die Patrone mit <strong>Perlonwatte<\/strong> f\u00e4ngt auch die letzten <strong>R\u00fcckst\u00e4nde<\/strong> ein.<\/li>\n<\/ul>\n<p>Es ist ratsam, die mikroperforierte Disc einmal im Monat mit einem neuen, in wei\u00dfem Essig getr\u00e4nkten Schwamm zu reinigen, um R\u00fcckst\u00e4nde und andere vorhandene Substanzen zu entfernen.<\/p>\n","protected":false},"excerpt":{"rendered":"<p class=\"\"><em>(Preise inkl. Steuern und Zollgeb\u00fchren)<\/em><\/p>\n<p class=\"sqsrte-large\"><strong>Der EVA-Duschkopf filtert und reinigt potenziell sch\u00e4dliche Stoffe aus dem Leitungswasser.<\/strong><\/p>\n<p class=\"\">Die Struktur besteht aus den gleichen unver\u00e4nderlichen Materialien wie die EVA-Produkte und an beiden Enden aus synthetischen Perlonwattepads.<strong> <\/strong>Verunreinigungen zur\u00fcckhalten. Er garantiert eine Senkung des Wasserverbrauchs um etwa 30 %.<\/p>\n<p>&#8211; Reduzierung des Wasserverbrauchs<br \/>\n&#8211; Beruhigende Wirkung auf die Haut<\/p>\n<p>Gewicht: 0.455 Kg<\/p>\n<p><strong>ALLE 6 MONATE AUFZULADEN.<\/strong><\/p>\n","protected":false},"featured_media":30863,"template":"","meta":[],"product_brand":[],"product_cat":[328],"product_tag":[],"class_list":{"0":"post-31102","1":"product","2":"type-product","3":"status-publish","4":"has-post-thumbnail","6":"product_cat-reines-wasser","8":"first","9":"instock","10":"shipping-taxable","11":"purchasable","12":"product-type-simple"},"yoast_head":"<!-- This site is optimized with the Yoast SEO plugin v27.3 - https:\/\/yoast.com\/product\/yoast-seo-wordpress\/ -->\n<title>Duschkopf mit EVA-Filter - Hu Care<\/title>\n<meta name=\"description\" content=\"Duschkopf mit EVA-Filter f\u00fcr Ihre Haut, reinigen Sie das Wasser f\u00fcr Ihre Gesundheit. Umweltfreundlich, reduziert den Wasserverbrauch, Nachf\u00fcllungen alle 6 Monate.\" \/>\n<meta name=\"robots\" content=\"noindex, follow\" \/>\n<meta property=\"og:locale\" content=\"de_DE\" \/>\n<meta property=\"og:type\" content=\"article\" \/>\n<meta property=\"og:title\" content=\"Duschkopf mit EVA-Filter - Hu Care\" \/>\n<meta property=\"og:description\" content=\"Duschkopf mit EVA-Filter f\u00fcr Ihre Haut, reinigen Sie das Wasser f\u00fcr Ihre Gesundheit. Umweltfreundlich, reduziert den Wasserverbrauch, Nachf\u00fcllungen alle 6 Monate.\" \/>\n<meta property=\"og:url\" content=\"https:\/\/hu-care.ch\/de\/produkt\/duschkopf-filant-eva\/\" \/>\n<meta property=\"og:site_name\" content=\"Hu Care\" \/>\n<meta property=\"article:publisher\" content=\"https:\/\/www.facebook.com\/people\/Cabinet-Manaia\/100086857133927\/\" \/>\n<meta property=\"article:modified_time\" content=\"2023-09-06T11:15:06+00:00\" \/>\n<meta property=\"og:image\" content=\"https:\/\/hu-care.ch\/wp-content\/uploads\/2023\/02\/pommeau-de-douche-fontaine-eva.jpg\" \/>\n\t<meta property=\"og:image:width\" content=\"750\" \/>\n\t<meta property=\"og:image:height\" content=\"987\" \/>\n\t<meta property=\"og:image:type\" content=\"image\/jpeg\" \/>\n<meta name=\"twitter:card\" content=\"summary_large_image\" \/>\n<script type=\"application\/ld+json\" class=\"yoast-schema-graph\">{\"@context\":\"https:\\\/\\\/schema.org\",\"@graph\":[{\"@type\":\"WebPage\",\"@id\":\"https:\\\/\\\/hu-care.ch\\\/de\\\/produkt\\\/duschkopf-filant-eva\\\/\",\"url\":\"https:\\\/\\\/hu-care.ch\\\/de\\\/produkt\\\/duschkopf-filant-eva\\\/\",\"name\":\"Duschkopf mit EVA-Filter - Hu Care\",\"isPartOf\":{\"@id\":\"https:\\\/\\\/hu-care.ch\\\/de\\\/#website\"},\"primaryImageOfPage\":{\"@id\":\"https:\\\/\\\/hu-care.ch\\\/de\\\/produkt\\\/duschkopf-filant-eva\\\/#primaryimage\"},\"image\":{\"@id\":\"https:\\\/\\\/hu-care.ch\\\/de\\\/produkt\\\/duschkopf-filant-eva\\\/#primaryimage\"},\"thumbnailUrl\":\"https:\\\/\\\/hu-care.ch\\\/wp-content\\\/uploads\\\/2023\\\/02\\\/pommeau-de-douche-fontaine-eva.jpg\",\"datePublished\":\"2023-02-22T13:34:57+00:00\",\"dateModified\":\"2023-09-06T11:15:06+00:00\",\"description\":\"Duschkopf mit EVA-Filter f\u00fcr Ihre Haut, reinigen Sie das Wasser f\u00fcr Ihre Gesundheit. Umweltfreundlich, reduziert den Wasserverbrauch, Nachf\u00fcllungen alle 6 Monate.\",\"breadcrumb\":{\"@id\":\"https:\\\/\\\/hu-care.ch\\\/de\\\/produkt\\\/duschkopf-filant-eva\\\/#breadcrumb\"},\"inLanguage\":\"de-DE\",\"potentialAction\":[{\"@type\":\"ReadAction\",\"target\":[\"https:\\\/\\\/hu-care.ch\\\/de\\\/produkt\\\/duschkopf-filant-eva\\\/\"]}]},{\"@type\":\"ImageObject\",\"inLanguage\":\"de-DE\",\"@id\":\"https:\\\/\\\/hu-care.ch\\\/de\\\/produkt\\\/duschkopf-filant-eva\\\/#primaryimage\",\"url\":\"https:\\\/\\\/hu-care.ch\\\/wp-content\\\/uploads\\\/2023\\\/02\\\/pommeau-de-douche-fontaine-eva.jpg\",\"contentUrl\":\"https:\\\/\\\/hu-care.ch\\\/wp-content\\\/uploads\\\/2023\\\/02\\\/pommeau-de-douche-fontaine-eva.jpg\",\"width\":750,\"height\":987},{\"@type\":\"BreadcrumbList\",\"@id\":\"https:\\\/\\\/hu-care.ch\\\/de\\\/produkt\\\/duschkopf-filant-eva\\\/#breadcrumb\",\"itemListElement\":[{\"@type\":\"ListItem\",\"position\":1,\"name\":\"Accueil\",\"item\":\"https:\\\/\\\/hu-care.ch\\\/de\\\/\"},{\"@type\":\"ListItem\",\"position\":2,\"name\":\"Shop\",\"item\":\"https:\\\/\\\/hu-care.ch\\\/boutique\\\/\"},{\"@type\":\"ListItem\",\"position\":3,\"name\":\"Duschkopf mit EVA-Filter\"}]},{\"@type\":\"WebSite\",\"@id\":\"https:\\\/\\\/hu-care.ch\\\/de\\\/#website\",\"url\":\"https:\\\/\\\/hu-care.ch\\\/de\\\/\",\"name\":\"Natacha Soussan - Hu Care\",\"description\":\"Th\u00e9rapies Compl\u00e9mentaires, Formations, Produits Sant\u00e9\",\"publisher\":{\"@id\":\"https:\\\/\\\/hu-care.ch\\\/de\\\/#organization\"},\"potentialAction\":[{\"@type\":\"SearchAction\",\"target\":{\"@type\":\"EntryPoint\",\"urlTemplate\":\"https:\\\/\\\/hu-care.ch\\\/de\\\/?s={search_term_string}\"},\"query-input\":{\"@type\":\"PropertyValueSpecification\",\"valueRequired\":true,\"valueName\":\"search_term_string\"}}],\"inLanguage\":\"de-DE\"},{\"@type\":\"Organization\",\"@id\":\"https:\\\/\\\/hu-care.ch\\\/de\\\/#organization\",\"name\":\"Hu Care\",\"url\":\"https:\\\/\\\/hu-care.ch\\\/de\\\/\",\"logo\":{\"@type\":\"ImageObject\",\"inLanguage\":\"de-DE\",\"@id\":\"https:\\\/\\\/hu-care.ch\\\/de\\\/#\\\/schema\\\/logo\\\/image\\\/\",\"url\":\"https:\\\/\\\/hu-care.ch\\\/wp-content\\\/uploads\\\/2023\\\/02\\\/hu_care.png\",\"contentUrl\":\"https:\\\/\\\/hu-care.ch\\\/wp-content\\\/uploads\\\/2023\\\/02\\\/hu_care.png\",\"width\":1280,\"height\":1280,\"caption\":\"Hu Care\"},\"image\":{\"@id\":\"https:\\\/\\\/hu-care.ch\\\/de\\\/#\\\/schema\\\/logo\\\/image\\\/\"},\"sameAs\":[\"https:\\\/\\\/www.facebook.com\\\/people\\\/Cabinet-Manaia\\\/100086857133927\\\/\",\"https:\\\/\\\/www.instagram.com\\\/_hu.care_\\\/\",\"https:\\\/\\\/www.linkedin.com\\\/in\\\/natacha-soussan-a96721256\\\/?originalSubdomain=ch\"]}]}<\/script>\n<!-- \/ Yoast SEO plugin. -->","yoast_head_json":{"title":"Duschkopf mit EVA-Filter - Hu Care","description":"Duschkopf mit EVA-Filter f\u00fcr Ihre Haut, reinigen Sie das Wasser f\u00fcr Ihre Gesundheit. Umweltfreundlich, reduziert den Wasserverbrauch, Nachf\u00fcllungen alle 6 Monate.","robots":{"index":"noindex","follow":"follow"},"og_locale":"de_DE","og_type":"article","og_title":"Duschkopf mit EVA-Filter - Hu Care","og_description":"Duschkopf mit EVA-Filter f\u00fcr Ihre Haut, reinigen Sie das Wasser f\u00fcr Ihre Gesundheit. Umweltfreundlich, reduziert den Wasserverbrauch, Nachf\u00fcllungen alle 6 Monate.","og_url":"https:\/\/hu-care.ch\/de\/produkt\/duschkopf-filant-eva\/","og_site_name":"Hu Care","article_publisher":"https:\/\/www.facebook.com\/people\/Cabinet-Manaia\/100086857133927\/","article_modified_time":"2023-09-06T11:15:06+00:00","og_image":[{"width":750,"height":987,"url":"https:\/\/hu-care.ch\/wp-content\/uploads\/2023\/02\/pommeau-de-douche-fontaine-eva.jpg","type":"image\/jpeg"}],"twitter_card":"summary_large_image","schema":{"@context":"https:\/\/schema.org","@graph":[{"@type":"WebPage","@id":"https:\/\/hu-care.ch\/de\/produkt\/duschkopf-filant-eva\/","url":"https:\/\/hu-care.ch\/de\/produkt\/duschkopf-filant-eva\/","name":"Duschkopf mit EVA-Filter - Hu Care","isPartOf":{"@id":"https:\/\/hu-care.ch\/de\/#website"},"primaryImageOfPage":{"@id":"https:\/\/hu-care.ch\/de\/produkt\/duschkopf-filant-eva\/#primaryimage"},"image":{"@id":"https:\/\/hu-care.ch\/de\/produkt\/duschkopf-filant-eva\/#primaryimage"},"thumbnailUrl":"https:\/\/hu-care.ch\/wp-content\/uploads\/2023\/02\/pommeau-de-douche-fontaine-eva.jpg","datePublished":"2023-02-22T13:34:57+00:00","dateModified":"2023-09-06T11:15:06+00:00","description":"Duschkopf mit EVA-Filter f\u00fcr Ihre Haut, reinigen Sie das Wasser f\u00fcr Ihre Gesundheit. Umweltfreundlich, reduziert den Wasserverbrauch, Nachf\u00fcllungen alle 6 Monate.","breadcrumb":{"@id":"https:\/\/hu-care.ch\/de\/produkt\/duschkopf-filant-eva\/#breadcrumb"},"inLanguage":"de-DE","potentialAction":[{"@type":"ReadAction","target":["https:\/\/hu-care.ch\/de\/produkt\/duschkopf-filant-eva\/"]}]},{"@type":"ImageObject","inLanguage":"de-DE","@id":"https:\/\/hu-care.ch\/de\/produkt\/duschkopf-filant-eva\/#primaryimage","url":"https:\/\/hu-care.ch\/wp-content\/uploads\/2023\/02\/pommeau-de-douche-fontaine-eva.jpg","contentUrl":"https:\/\/hu-care.ch\/wp-content\/uploads\/2023\/02\/pommeau-de-douche-fontaine-eva.jpg","width":750,"height":987},{"@type":"BreadcrumbList","@id":"https:\/\/hu-care.ch\/de\/produkt\/duschkopf-filant-eva\/#breadcrumb","itemListElement":[{"@type":"ListItem","position":1,"name":"Accueil","item":"https:\/\/hu-care.ch\/de\/"},{"@type":"ListItem","position":2,"name":"Shop","item":"https:\/\/hu-care.ch\/boutique\/"},{"@type":"ListItem","position":3,"name":"Duschkopf mit EVA-Filter"}]},{"@type":"WebSite","@id":"https:\/\/hu-care.ch\/de\/#website","url":"https:\/\/hu-care.ch\/de\/","name":"Natacha Soussan - Hu Care","description":"Th\u00e9rapies Compl\u00e9mentaires, Formations, Produits Sant\u00e9","publisher":{"@id":"https:\/\/hu-care.ch\/de\/#organization"},"potentialAction":[{"@type":"SearchAction","target":{"@type":"EntryPoint","urlTemplate":"https:\/\/hu-care.ch\/de\/?s={search_term_string}"},"query-input":{"@type":"PropertyValueSpecification","valueRequired":true,"valueName":"search_term_string"}}],"inLanguage":"de-DE"},{"@type":"Organization","@id":"https:\/\/hu-care.ch\/de\/#organization","name":"Hu Care","url":"https:\/\/hu-care.ch\/de\/","logo":{"@type":"ImageObject","inLanguage":"de-DE","@id":"https:\/\/hu-care.ch\/de\/#\/schema\/logo\/image\/","url":"https:\/\/hu-care.ch\/wp-content\/uploads\/2023\/02\/hu_care.png","contentUrl":"https:\/\/hu-care.ch\/wp-content\/uploads\/2023\/02\/hu_care.png","width":1280,"height":1280,"caption":"Hu Care"},"image":{"@id":"https:\/\/hu-care.ch\/de\/#\/schema\/logo\/image\/"},"sameAs":["https:\/\/www.facebook.com\/people\/Cabinet-Manaia\/100086857133927\/","https:\/\/www.instagram.com\/_hu.care_\/","https:\/\/www.linkedin.com\/in\/natacha-soussan-a96721256\/?originalSubdomain=ch"]}]}},"_links":{"self":[{"href":"https:\/\/hu-care.ch\/de\/wp-json\/wp\/v2\/product\/31102","targetHints":{"allow":["GET"]}}],"collection":[{"href":"https:\/\/hu-care.ch\/de\/wp-json\/wp\/v2\/product"}],"about":[{"href":"https:\/\/hu-care.ch\/de\/wp-json\/wp\/v2\/types\/product"}],"wp:featuredmedia":[{"embeddable":true,"href":"https:\/\/hu-care.ch\/de\/wp-json\/wp\/v2\/media\/30863"}],"wp:attachment":[{"href":"https:\/\/hu-care.ch\/de\/wp-json\/wp\/v2\/media?parent=31102"}],"wp:term":[{"taxonomy":"product_brand","embeddable":true,"href":"https:\/\/hu-care.ch\/de\/wp-json\/wp\/v2\/product_brand?post=31102"},{"taxonomy":"product_cat","embeddable":true,"href":"https:\/\/hu-care.ch\/de\/wp-json\/wp\/v2\/product_cat?post=31102"},{"taxonomy":"product_tag","embeddable":true,"href":"https:\/\/hu-care.ch\/de\/wp-json\/wp\/v2\/product_tag?post=31102"}],"curies":[{"name":"wp","href":"https:\/\/api.w.org\/{rel}","templated":true}]}}