{"id":31104,"date":"2023-02-22T14:44:33","date_gmt":"2023-02-22T13:44:33","guid":{"rendered":"https:\/\/hu-care.ch\/product\/trinkbrunnen-eva-7-liter\/"},"modified":"2024-06-16T00:00:41","modified_gmt":"2024-06-15T22:00:41","slug":"brunnen-eva-7-liter","status":"publish","type":"product","link":"https:\/\/hu-care.ch\/de\/produkt\/brunnen-eva-7-liter\/","title":{"rendered":"Trinkbrunnen EVA 7 Liter"},"content":{"rendered":"<div id=\"block-yui_3_17_2_1_1645737082092_8653\" class=\"sqs-block html-block sqs-block-html\" data-block-type=\"2\">\n<div class=\"sqs-block-content\">\n<h2>Mehr erfahren<\/h2>\n<h3>Warum sollte man einen EVA-Filterbrunnen kaufen?<\/h3>\n<p class=\"\">Das Trinken von gereinigtem und ausgeglichenem, leicht alkalischem Wasser ist hervorragend f\u00fcr unsere Gesundheit.<\/p>\n<p class=\"\">G\u00fcnstig f\u00fcr unsere ausgewogene Ern\u00e4hrung. Tee, Kr\u00e4utertee und Kaffee enth\u00fcllen ihre nat\u00fcrlichen Aromen und Feinheiten.<\/p>\n<p class=\"\">Kochen Sie mit gesundem Wasser, waschen und sp\u00fclen Sie Ihr Obst und Gem\u00fcse in einem Wasser, das von allen potenziellen Verunreinigungen befreit ist.<\/p>\n<p class=\"\">Einfach zu verwenden, die Kinder bedienen sich selbst.<\/p>\n<p class=\"\">Sie l\u00e4sst sich leicht installieren.<\/p>\n<h3>Die Wasserspender EVA 700 (7 Liter)<\/h3>\n<p class=\"\">Der EVA-Brunnen ist ein nat\u00fcrliches, eigenst\u00e4ndiges <strong>Trinkwasserfiltersystem<\/strong>, das durch nat\u00fcrliche Schwerkraft funktioniert. Dieser Brunnen funktioniert ohne Strom.<\/p>\n<p class=\"\">Wie in der Natur muss das Wasser durch die Schwerkraft gereinigt werden &#8230; Tropfen f\u00fcr Tropfen, nat\u00fcrlich und langsam &#8230; Die Filterzeit betr\u00e4gt etwa 1\/2 Stunde f\u00fcr 12 Liter Wasser. Das so gewonnene gefilterte Wasser ist ein alkalisches Wasser, das reich an mineralischem Siliziumdioxid ist, gereinigt und remineralisiert.<\/p>\n<p class=\"\">Der EVA-Brunnen ist umweltfreundlich <strong>und wirtschaftlich<\/strong>. Sie reduzieren den Kauf von Plastikwasserflaschen erheblich und schonen so unseren Planeten.<\/p>\n<p class=\"\">Der EVA-Brunnen ist garantiert <strong>frei von Bisphenol A,<\/strong> Phthalaten und anderen chemischen Stoffen. Er ist aus PMMA (Polymethylmethacrylat) (lebensmittelecht) hergestellt.<\/p>\n<p class=\"\">Wasserspender zum Filtern und Reinigen Ihres Leitungswassers, Brunnenwassers* oder Regenwassers, indem Bakterien, Schwermetalle, Chlor, Nitrate und alle potenziell im Leitungswasser vorhandenen Substanzen entfernt werden.<\/p>\n<p class=\"\">*Nach Analysen des Brunnenwassers, die von einem COFRAC-Labor durchgef\u00fchrt wurden<\/p>\n<p class=\"\"><strong>Empfehlung<\/strong>: Trotz der durchgef\u00fchrten Tests sollte Ihr Leitungswasser vor dem Filtern nicht mehr als 50 mg\/L Nitrat enthalten. Seine Daten werden Ihnen von der Wasserbeh\u00f6rde Ihrer Gemeinde zur Verf\u00fcgung gestellt. Z\u00f6gern Sie nicht, sich danach zu erkundigen.<\/p>\n<h4><strong>Die Technologie des EVA-Brunnens, system &#8220;Water Clinic&#8221;, bewahrt Ihr Gleichgewicht, garantiert ohne Bisphenol A, Phthalate oder andere chemische Substanzen.  <\/strong><\/h4>\n<ul data-rte-list=\"default\">\n<li>\n<p class=\"\">Indem es zun\u00e4chst potenziell sch\u00e4dliche Elemente im Wasser zur\u00fcckh\u00e4lt (Nitrate, Chlor, Sulfate, Schwermetalle, Chemikalien usw.) und es dann stabilisiert.<\/p>\n<\/li>\n<li>\n<p class=\"\">Durch die Diffusion ausgew\u00e4hlter Mineralien, die ein alkalisches Wasser liefern &#8211; leicht negativer PRAL-Index &#8211; &#8220;Potentiel Renal Acid Lead&#8221; (+ 70 % reines mineralisches Siliziumoxid, das den Kampf gegen organische S\u00e4uren verst\u00e4rkt und den Schutz des Knochengewebes f\u00f6rdert), um ein alkalisches Wasser zu liefern, das dem besten nat\u00fcrlichen Wasser nahe kommt &#8230; alkalisch.<\/p>\n<\/li>\n<\/ul>\n<h4><strong><em>Funktionsweise von EVA-Brunnen<\/em><\/strong><\/h4>\n<p class=\"\">Dank seines exklusiven und patentierten Verfahrens setzt das in verschiedenen Schichten der &#8220;Ultimate&#8221;-Filterung vorhandene Vulkangestein einen an Spurenelementen reichen Mineralzusatz frei, der es Ihrem K\u00f6rper erm\u00f6glicht, den Gewebeaustausch zu f\u00f6rdern und eine Wirkung auf den nat\u00fcrlichen S\u00e4urehaushalt zu beg\u00fcnstigen.<br \/>\n<strong>EVA-Felsen<\/strong> geben mehr als 20 Mineralien an das gefilterte Wasser ab. Diese Gesteine haben eine Funktion, die es erm\u00f6glicht, den idealen pH-Wert zu stabilisieren.<\/p>\n<h5>Modelle mit PLC-Filterung<\/h5>\n<p class=\"\">Die EVA Wasserspender gew\u00e4hrleisten diese vollst\u00e4ndige Reinigung Ihres Leitungswassers in 7 Schritten durch eine Reihe von aufeinanderfolgenden nat\u00fcrlichen Filtern:<\/p>\n<ul data-rte-list=\"default\">\n<li>\n<p class=\"\"><em>Schritt 1<\/em>:<strong> Keramikfilter<\/strong> mit hoher Dichte. Diese Keramik funktioniert nach dem Prinzip eines Filters, der wasserfremde Schadstoffe zur\u00fcckh\u00e4lt: Rost, Sedimente, Keime und Verunreinigungen. Sie sollten die Keramik mindestens einmal im Monat reinigen (siehe Pflegetipps).<\/p>\n<\/li>\n<li>\n<p class=\"\"><em>2. Schritt<\/em>: <strong>Aktivkohle<\/strong>, die Chlor, schlechte Ger\u00fcche, Chemikalien &#8230; neutralisieren kann.<\/p>\n<\/li>\n<li>\n<p class=\"\"><em>3. Schritt:<\/em> <strong>Aktivkohle + koloidales Silber<\/strong> erm\u00f6glichen es, Chlor, Spuren von L\u00f6sungsmitteln &#8230; zu neutralisieren. Beseitigt auch Bakterien, indem kolloidales Silber verteilt wird.<\/p>\n<\/li>\n<li>\n<p class=\"\"><em>Schritt 4:<\/em> Mineral <strong>Quarzsand<\/strong> neutralisiert den S\u00e4uregehalt, stellt den pH-Wert zwischen 7,2 und 7,8 ein und verleiht dem Wasser wieder einen angenehmen Geschmack.<\/p>\n<\/li>\n<li>\n<p class=\"\"><em>5. Schritt<\/em>: Mineral<strong> Zeolith<\/strong>, es ist vulkanischen Ursprungs und mikropor\u00f6s. Es macht das Wasser weicher und bindet Schwermetalle.<\/p>\n<\/li>\n<li>\n<p class=\"\"><em>6. Schritt<\/em>: <strong>Vulkangestein<\/strong>, das die Wirkung der Aktivkohle verst\u00e4rkt und das Wasser rein h\u00e4lt. Sie streuen 14 Mineralien (Magnesium, Kalzium, Eisen usw.).<\/p>\n<\/li>\n<li>\n<p class=\"\"><em>7. Schritt<\/em>:<strong> EVA-Korallenfelsen<\/strong>, sie setzen Mineralien und Sauerstoff frei, indem sie den pH-Wert des Wassers mit dem des K\u00f6rpers harmonisieren.<\/p>\n<\/li>\n<\/ul>\n<h5>Modelle mit BEP-Filterung<\/h5>\n<p class=\"\">EVA Wasserspender mit BEP-Filtration integrieren 2 zus\u00e4tzliche Filterstufen:<\/p>\n<ul data-rte-list=\"default\">\n<li>\n<p class=\"\"><em>8. Schritt<\/em>: Magnetisches <strong>System<\/strong> (nur BEP-Modelle): Durch die Magnetisierung erh\u00e4lt das Wasser wieder eine sechseckige Struktur, sodass es von den K\u00f6rperzellen leichter aufgenommen werden kann. Dank<strong> zweier Magnete<\/strong>, die die Molekularstruktur des Wassers aktivieren und sich im Inneren des Mineralienkorbs befinden, wird Ihr remagnetisiertes Wasser wieder eine sechseckige Molekularstruktur annehmen, die mit den K\u00f6rperfl\u00fcssigkeiten harmoniert und lebendiger ist. Dieses Wasser ist gut f\u00fcr Ihre Gesundheit und bringt <strong>Ihrem K\u00f6rper viele nat\u00fcrliche Vorteile<\/strong> (Reinigung durch erleichterte Nierenausscheidung, optimierte Rehydrierung nach k\u00f6rperlicher Anstrengung &#8230;).<\/p>\n<\/li>\n<li>\n<p class=\"\"><em>9. Schritt<\/em>: <strong>Ferninfrarotstrahlen (FIR<\/strong> ): Indem die FIR die Clustergr\u00f6\u00dfe des Wassers verringert, f\u00f6rdert sie dessen Aufnahme und Assimilation im Gewebe. Das Vorhandensein dieses Teils verst\u00e4rkt die Wirkung des Magneten, indem es die negativen Auswirkungen des Lichts auf das gefilterte Wasser aufhebt.<\/p>\n<\/li>\n<\/ul>\n<p class=\"\">Bei BEP-Modellen befindet sich die wei\u00dfe Magnetscheibe im Inneren des blauen Korbs und der Mineralien. Die gr\u00fcne IRL-M\u00fcnze wird in der Mitte des Korbs positioniert.<\/p>\n<p class=\"\">Die Wirksamkeit des EVA-Systems wurde in zahlreichen Tests nachgewiesen, die von unabh\u00e4ngigen Organisationen und Analyselaboren zertifiziert und validiert wurden. Die durchgef\u00fchrten Analysen und Tests sind<a href=\"https:\/\/www.fontaine-eva.fr\/\" target=\"_blank\" rel=\"noopener\"> hier<\/a> verf\u00fcgbar.<\/p>\n<h4>Lieferung und Installation<\/h4>\n<p class=\"\">Der EVA-Brunnen ist sehr einfach zu montieren und erfordert weder Werkzeuge noch besondere F\u00e4higkeiten.<\/p>\n<p class=\"\">Sie wird komplett und gebrauchsfertig geliefert mit<\/p>\n<ul data-rte-list=\"default\">\n<li>\n<p class=\"\">1 Filterkeramik mit hoher Dichte<\/p>\n<\/li>\n<li>\n<p class=\"\">1 Filterpatrone<\/p>\n<\/li>\n<li>\n<p class=\"\">1 Korb mit Mineralien<\/p>\n<p class=\"\">Bei Modellen mit Magnetsystem zus\u00e4tzlich :<\/p>\n<\/li>\n<li>\n<p class=\"\">1 St\u00fcck IRL<\/p>\n<\/li>\n<li>\n<p class=\"\">1 magnetischer Ring<\/p>\n<\/li>\n<\/ul>\n<h4>Merkmale<\/h4>\n<ul data-rte-list=\"default\">\n<li>\n<p class=\"\">Garantiert frei von BISPHENOL A, PHTALATE oder anderen chemischen Substanzen.<\/p>\n<\/li>\n<li>\n<p class=\"\">Gewicht: 5 bis 5,4 kg je nach Modell<\/p>\n<\/li>\n<li>\n<p class=\"\">EVA-Filterkartusche: alle 6 Monate austauschen<\/p>\n<\/li>\n<li>\n<p class=\"\">Keramikfilter: Maximal alle 18 Monate austauschen, empfohlen alle 12 Monate.<\/p>\n<\/li>\n<li>\n<p class=\"\">Mineraliennachf\u00fcllung: alle 24 Monate wechseln<\/p>\n<\/li>\n<li>\n<p class=\"\">Unbegrenzte Garantie f\u00fcr die Struktur, (au\u00dfer Wasserhahn).<\/p>\n<\/li>\n<li>\n<p class=\"\">Herkunft: S\u00fcdkorea &#8211; Verleiher: JC2O Frankreich<\/p>\n<\/li>\n<\/ul>\n<\/div>\n<\/div>\n<div id=\"block-yui_3_17_2_1_1645737082092_17880\" class=\"sqs-block horizontalrule-block sqs-block-horizontalrule\" data-block-type=\"47\">\n<div class=\"sqs-block-content\">\n<hr>\n<\/div>\n<\/div>\n<div id=\"block-7183c82b604475aee451\" class=\"sqs-block html-block sqs-block-html\" data-block-type=\"2\">\n<div class=\"sqs-block-content\">\n<p class=\"\">*Nach Analyse des Brunnenwassers durch ein COFRAC-Labor.<\/p>\n<\/div>\n<\/div>\n","protected":false},"excerpt":{"rendered":"<p class=\"\"><strong>GESAMTKAPAZIT\u00c4T 7 LITER<br \/>\n(3 Liter in der ersten Etage &#8211; 4 Liter in der unteren Auffangschale)<\/strong><\/p>\n<p class=\"\">H\u00f6he: 53 cm<br \/>\nBreite 23 cm<br \/>\nTiefe: 22 cm<\/p>\n<p class=\"\">Gesamtgewicht: 5,4 kg<\/p>\n<p class=\"\">Geeignet f\u00fcr 1 bis 3 Personen.<\/p>\n<p class=\"\">Mit EVA filtern Sie sch\u00e4dliche Stoffe aus dem Leitungswasser: Chlor, Farbstoffe, Schwermetalle, Chemikalien wie Nitrate etc.<\/p>\n<p class=\"\">Trinken Sie remineralisiertes, alkalisches Wasser mit einem PH-Wert von 7,7 bis 8,0, das klar, weich und angenehm im Mund ist.<\/p>\n<p class=\"\">Der EVA-Brunnen kann sowohl zu Hause als auch im B\u00fcro verwendet werden.<\/p>\n<p class=\"\">EVA-Wasser dient zum Kochen, f\u00fcr Tee, Kaffee, Suppen, f\u00fcr deine Pflanzen oder Tiere. Auch f\u00fcr Babyflaschen geeignet.<\/p>\n","protected":false},"featured_media":30879,"template":"","meta":[],"product_brand":[],"product_cat":[328],"product_tag":[],"class_list":{"0":"post-31104","1":"product","2":"type-product","3":"status-publish","4":"has-post-thumbnail","6":"product_cat-reines-wasser","8":"first","9":"instock","10":"shipping-taxable","11":"purchasable","12":"product-type-variable"},"yoast_head":"<!-- This site is optimized with the Yoast SEO plugin v27.3 - https:\/\/yoast.com\/product\/yoast-seo-wordpress\/ -->\n<title>Trinkbrunnen EVA 7 Liter - Hu Care<\/title>\n<meta name=\"description\" content=\"EVA-Filterbrunnen f\u00fcr Ihre Gesundheit, reinigen Sie Ihr Leitungswasser. Leicht alkalischer PH-Wert. F\u00fcr Ihre Kinder, Ihre Tiere und Ihre Pflanzen. Umweltfreundlich.\" \/>\n<meta name=\"robots\" content=\"noindex, follow\" \/>\n<meta property=\"og:locale\" content=\"de_DE\" \/>\n<meta property=\"og:type\" content=\"article\" \/>\n<meta property=\"og:title\" content=\"Trinkbrunnen EVA 7 Liter - Hu Care\" \/>\n<meta property=\"og:description\" content=\"EVA-Filterbrunnen f\u00fcr Ihre Gesundheit, reinigen Sie Ihr Leitungswasser. Leicht alkalischer PH-Wert. F\u00fcr Ihre Kinder, Ihre Tiere und Ihre Pflanzen. Umweltfreundlich.\" \/>\n<meta property=\"og:url\" content=\"https:\/\/hu-care.ch\/de\/produkt\/brunnen-eva-7-liter\/\" \/>\n<meta property=\"og:site_name\" content=\"Hu Care\" \/>\n<meta property=\"article:publisher\" content=\"https:\/\/www.facebook.com\/people\/Cabinet-Manaia\/100086857133927\/\" \/>\n<meta property=\"article:modified_time\" content=\"2024-06-15T22:00:41+00:00\" \/>\n<meta property=\"og:image\" content=\"https:\/\/hu-care.ch\/wp-content\/uploads\/2023\/02\/EVA700PLC_blanc.png\" \/>\n\t<meta property=\"og:image:width\" content=\"450\" \/>\n\t<meta property=\"og:image:height\" content=\"450\" \/>\n\t<meta property=\"og:image:type\" content=\"image\/png\" \/>\n<meta name=\"twitter:card\" content=\"summary_large_image\" \/>\n<meta name=\"twitter:label1\" content=\"Est. reading time\" \/>\n\t<meta name=\"twitter:data1\" content=\"5 minutes\" \/>\n<script type=\"application\/ld+json\" class=\"yoast-schema-graph\">{\"@context\":\"https:\\\/\\\/schema.org\",\"@graph\":[{\"@type\":\"WebPage\",\"@id\":\"https:\\\/\\\/hu-care.ch\\\/de\\\/produkt\\\/brunnen-eva-7-liter\\\/\",\"url\":\"https:\\\/\\\/hu-care.ch\\\/de\\\/produkt\\\/brunnen-eva-7-liter\\\/\",\"name\":\"Trinkbrunnen EVA 7 Liter - Hu Care\",\"isPartOf\":{\"@id\":\"https:\\\/\\\/hu-care.ch\\\/de\\\/#website\"},\"primaryImageOfPage\":{\"@id\":\"https:\\\/\\\/hu-care.ch\\\/de\\\/produkt\\\/brunnen-eva-7-liter\\\/#primaryimage\"},\"image\":{\"@id\":\"https:\\\/\\\/hu-care.ch\\\/de\\\/produkt\\\/brunnen-eva-7-liter\\\/#primaryimage\"},\"thumbnailUrl\":\"https:\\\/\\\/hu-care.ch\\\/wp-content\\\/uploads\\\/2023\\\/02\\\/EVA700PLC_blanc.png\",\"datePublished\":\"2023-02-22T13:44:33+00:00\",\"dateModified\":\"2024-06-15T22:00:41+00:00\",\"description\":\"EVA-Filterbrunnen f\u00fcr Ihre Gesundheit, reinigen Sie Ihr Leitungswasser. Leicht alkalischer PH-Wert. F\u00fcr Ihre Kinder, Ihre Tiere und Ihre Pflanzen. Umweltfreundlich.\",\"breadcrumb\":{\"@id\":\"https:\\\/\\\/hu-care.ch\\\/de\\\/produkt\\\/brunnen-eva-7-liter\\\/#breadcrumb\"},\"inLanguage\":\"de-DE\",\"potentialAction\":[{\"@type\":\"ReadAction\",\"target\":[\"https:\\\/\\\/hu-care.ch\\\/de\\\/produkt\\\/brunnen-eva-7-liter\\\/\"]}]},{\"@type\":\"ImageObject\",\"inLanguage\":\"de-DE\",\"@id\":\"https:\\\/\\\/hu-care.ch\\\/de\\\/produkt\\\/brunnen-eva-7-liter\\\/#primaryimage\",\"url\":\"https:\\\/\\\/hu-care.ch\\\/wp-content\\\/uploads\\\/2023\\\/02\\\/EVA700PLC_blanc.png\",\"contentUrl\":\"https:\\\/\\\/hu-care.ch\\\/wp-content\\\/uploads\\\/2023\\\/02\\\/EVA700PLC_blanc.png\",\"width\":450,\"height\":450},{\"@type\":\"BreadcrumbList\",\"@id\":\"https:\\\/\\\/hu-care.ch\\\/de\\\/produkt\\\/brunnen-eva-7-liter\\\/#breadcrumb\",\"itemListElement\":[{\"@type\":\"ListItem\",\"position\":1,\"name\":\"Accueil\",\"item\":\"https:\\\/\\\/hu-care.ch\\\/de\\\/\"},{\"@type\":\"ListItem\",\"position\":2,\"name\":\"Shop\",\"item\":\"https:\\\/\\\/hu-care.ch\\\/boutique\\\/\"},{\"@type\":\"ListItem\",\"position\":3,\"name\":\"Trinkbrunnen EVA 7 Liter\"}]},{\"@type\":\"WebSite\",\"@id\":\"https:\\\/\\\/hu-care.ch\\\/de\\\/#website\",\"url\":\"https:\\\/\\\/hu-care.ch\\\/de\\\/\",\"name\":\"Natacha Soussan - Hu Care\",\"description\":\"Th\u00e9rapies Compl\u00e9mentaires, Formations, Produits Sant\u00e9\",\"publisher\":{\"@id\":\"https:\\\/\\\/hu-care.ch\\\/de\\\/#organization\"},\"potentialAction\":[{\"@type\":\"SearchAction\",\"target\":{\"@type\":\"EntryPoint\",\"urlTemplate\":\"https:\\\/\\\/hu-care.ch\\\/de\\\/?s={search_term_string}\"},\"query-input\":{\"@type\":\"PropertyValueSpecification\",\"valueRequired\":true,\"valueName\":\"search_term_string\"}}],\"inLanguage\":\"de-DE\"},{\"@type\":\"Organization\",\"@id\":\"https:\\\/\\\/hu-care.ch\\\/de\\\/#organization\",\"name\":\"Hu Care\",\"url\":\"https:\\\/\\\/hu-care.ch\\\/de\\\/\",\"logo\":{\"@type\":\"ImageObject\",\"inLanguage\":\"de-DE\",\"@id\":\"https:\\\/\\\/hu-care.ch\\\/de\\\/#\\\/schema\\\/logo\\\/image\\\/\",\"url\":\"https:\\\/\\\/hu-care.ch\\\/wp-content\\\/uploads\\\/2023\\\/02\\\/hu_care.png\",\"contentUrl\":\"https:\\\/\\\/hu-care.ch\\\/wp-content\\\/uploads\\\/2023\\\/02\\\/hu_care.png\",\"width\":1280,\"height\":1280,\"caption\":\"Hu Care\"},\"image\":{\"@id\":\"https:\\\/\\\/hu-care.ch\\\/de\\\/#\\\/schema\\\/logo\\\/image\\\/\"},\"sameAs\":[\"https:\\\/\\\/www.facebook.com\\\/people\\\/Cabinet-Manaia\\\/100086857133927\\\/\",\"https:\\\/\\\/www.instagram.com\\\/_hu.care_\\\/\",\"https:\\\/\\\/www.linkedin.com\\\/in\\\/natacha-soussan-a96721256\\\/?originalSubdomain=ch\"]}]}<\/script>\n<!-- \/ Yoast SEO plugin. -->","yoast_head_json":{"title":"Trinkbrunnen EVA 7 Liter - Hu Care","description":"EVA-Filterbrunnen f\u00fcr Ihre Gesundheit, reinigen Sie Ihr Leitungswasser. Leicht alkalischer PH-Wert. F\u00fcr Ihre Kinder, Ihre Tiere und Ihre Pflanzen. Umweltfreundlich.","robots":{"index":"noindex","follow":"follow"},"og_locale":"de_DE","og_type":"article","og_title":"Trinkbrunnen EVA 7 Liter - Hu Care","og_description":"EVA-Filterbrunnen f\u00fcr Ihre Gesundheit, reinigen Sie Ihr Leitungswasser. Leicht alkalischer PH-Wert. F\u00fcr Ihre Kinder, Ihre Tiere und Ihre Pflanzen. Umweltfreundlich.","og_url":"https:\/\/hu-care.ch\/de\/produkt\/brunnen-eva-7-liter\/","og_site_name":"Hu Care","article_publisher":"https:\/\/www.facebook.com\/people\/Cabinet-Manaia\/100086857133927\/","article_modified_time":"2024-06-15T22:00:41+00:00","og_image":[{"width":450,"height":450,"url":"https:\/\/hu-care.ch\/wp-content\/uploads\/2023\/02\/EVA700PLC_blanc.png","type":"image\/png"}],"twitter_card":"summary_large_image","twitter_misc":{"Est. reading time":"5 minutes"},"schema":{"@context":"https:\/\/schema.org","@graph":[{"@type":"WebPage","@id":"https:\/\/hu-care.ch\/de\/produkt\/brunnen-eva-7-liter\/","url":"https:\/\/hu-care.ch\/de\/produkt\/brunnen-eva-7-liter\/","name":"Trinkbrunnen EVA 7 Liter - Hu Care","isPartOf":{"@id":"https:\/\/hu-care.ch\/de\/#website"},"primaryImageOfPage":{"@id":"https:\/\/hu-care.ch\/de\/produkt\/brunnen-eva-7-liter\/#primaryimage"},"image":{"@id":"https:\/\/hu-care.ch\/de\/produkt\/brunnen-eva-7-liter\/#primaryimage"},"thumbnailUrl":"https:\/\/hu-care.ch\/wp-content\/uploads\/2023\/02\/EVA700PLC_blanc.png","datePublished":"2023-02-22T13:44:33+00:00","dateModified":"2024-06-15T22:00:41+00:00","description":"EVA-Filterbrunnen f\u00fcr Ihre Gesundheit, reinigen Sie Ihr Leitungswasser. Leicht alkalischer PH-Wert. F\u00fcr Ihre Kinder, Ihre Tiere und Ihre Pflanzen. Umweltfreundlich.","breadcrumb":{"@id":"https:\/\/hu-care.ch\/de\/produkt\/brunnen-eva-7-liter\/#breadcrumb"},"inLanguage":"de-DE","potentialAction":[{"@type":"ReadAction","target":["https:\/\/hu-care.ch\/de\/produkt\/brunnen-eva-7-liter\/"]}]},{"@type":"ImageObject","inLanguage":"de-DE","@id":"https:\/\/hu-care.ch\/de\/produkt\/brunnen-eva-7-liter\/#primaryimage","url":"https:\/\/hu-care.ch\/wp-content\/uploads\/2023\/02\/EVA700PLC_blanc.png","contentUrl":"https:\/\/hu-care.ch\/wp-content\/uploads\/2023\/02\/EVA700PLC_blanc.png","width":450,"height":450},{"@type":"BreadcrumbList","@id":"https:\/\/hu-care.ch\/de\/produkt\/brunnen-eva-7-liter\/#breadcrumb","itemListElement":[{"@type":"ListItem","position":1,"name":"Accueil","item":"https:\/\/hu-care.ch\/de\/"},{"@type":"ListItem","position":2,"name":"Shop","item":"https:\/\/hu-care.ch\/boutique\/"},{"@type":"ListItem","position":3,"name":"Trinkbrunnen EVA 7 Liter"}]},{"@type":"WebSite","@id":"https:\/\/hu-care.ch\/de\/#website","url":"https:\/\/hu-care.ch\/de\/","name":"Natacha Soussan - Hu Care","description":"Th\u00e9rapies Compl\u00e9mentaires, Formations, Produits Sant\u00e9","publisher":{"@id":"https:\/\/hu-care.ch\/de\/#organization"},"potentialAction":[{"@type":"SearchAction","target":{"@type":"EntryPoint","urlTemplate":"https:\/\/hu-care.ch\/de\/?s={search_term_string}"},"query-input":{"@type":"PropertyValueSpecification","valueRequired":true,"valueName":"search_term_string"}}],"inLanguage":"de-DE"},{"@type":"Organization","@id":"https:\/\/hu-care.ch\/de\/#organization","name":"Hu Care","url":"https:\/\/hu-care.ch\/de\/","logo":{"@type":"ImageObject","inLanguage":"de-DE","@id":"https:\/\/hu-care.ch\/de\/#\/schema\/logo\/image\/","url":"https:\/\/hu-care.ch\/wp-content\/uploads\/2023\/02\/hu_care.png","contentUrl":"https:\/\/hu-care.ch\/wp-content\/uploads\/2023\/02\/hu_care.png","width":1280,"height":1280,"caption":"Hu Care"},"image":{"@id":"https:\/\/hu-care.ch\/de\/#\/schema\/logo\/image\/"},"sameAs":["https:\/\/www.facebook.com\/people\/Cabinet-Manaia\/100086857133927\/","https:\/\/www.instagram.com\/_hu.care_\/","https:\/\/www.linkedin.com\/in\/natacha-soussan-a96721256\/?originalSubdomain=ch"]}]}},"_links":{"self":[{"href":"https:\/\/hu-care.ch\/de\/wp-json\/wp\/v2\/product\/31104","targetHints":{"allow":["GET"]}}],"collection":[{"href":"https:\/\/hu-care.ch\/de\/wp-json\/wp\/v2\/product"}],"about":[{"href":"https:\/\/hu-care.ch\/de\/wp-json\/wp\/v2\/types\/product"}],"wp:featuredmedia":[{"embeddable":true,"href":"https:\/\/hu-care.ch\/de\/wp-json\/wp\/v2\/media\/30879"}],"wp:attachment":[{"href":"https:\/\/hu-care.ch\/de\/wp-json\/wp\/v2\/media?parent=31104"}],"wp:term":[{"taxonomy":"product_brand","embeddable":true,"href":"https:\/\/hu-care.ch\/de\/wp-json\/wp\/v2\/product_brand?post=31104"},{"taxonomy":"product_cat","embeddable":true,"href":"https:\/\/hu-care.ch\/de\/wp-json\/wp\/v2\/product_cat?post=31104"},{"taxonomy":"product_tag","embeddable":true,"href":"https:\/\/hu-care.ch\/de\/wp-json\/wp\/v2\/product_tag?post=31104"}],"curies":[{"name":"wp","href":"https:\/\/api.w.org\/{rel}","templated":true}]}}