{"id":31125,"date":"2023-02-22T14:38:45","date_gmt":"2023-02-22T13:38:45","guid":{"rendered":"https:\/\/hu-care.ch\/product\/keramikfilter-fuer-eva-brunnen\/"},"modified":"2024-03-03T21:38:35","modified_gmt":"2024-03-03T20:38:35","slug":"ceramic-filter-fur-eva-brunnen","status":"publish","type":"product","link":"https:\/\/hu-care.ch\/de\/produkt\/ceramic-filter-fur-eva-brunnen\/","title":{"rendered":"Keramikfilter f\u00fcr EVA-Brunnen"},"content":{"rendered":"<p><strong>Reinigen der Keramik :<\/strong><br \/>\nNehmen Sie die obere Schale, in der sich die Keramik befindet. Schrauben Sie die Keramik nicht ab.<br \/>\nStellen Sie die Wanne in Ihre saubere Sp\u00fcle, ohne den Abfluss zu verstopfen, und bedecken Sie die Keramik mit Leitungswasser, dem Sie wei\u00dfen Essig (ein Glas wei\u00dfen Essig) zugesetzt haben. Lassen Sie es ablaufen, wiederholen Sie den Vorgang zwei- bis dreimal und verwenden Sie dabei nur Leitungswasser.<br \/>\nDer wei\u00dfe Essig muss vollst\u00e4ndig verschwinden, also sp\u00fclen Sie die Keramik gr\u00fcndlich ab, um den Essiggeruch zu beseitigen.<\/p>\n<p>Nehmen Sie einen neuen, nicht scheuernden Schwamm und fahren Sie damit \u00fcber die Keramik und sp\u00fclen Sie sie gr\u00fcndlich ab.<\/p>\n<p><strong>Achtung<\/strong>: Achten Sie darauf, dass kein Essigwasser in die Filterkartusche gelangt, da sonst die Kartusche besch\u00e4digt wird und Ihr Wasser ungenie\u00dfbar wird.<\/p>\n","protected":false},"excerpt":{"rendered":"<p class=\"\"><em>(Preise inkl. Steuern und Zollgeb\u00fchren)<\/em><\/p>\n<p class=\"\"><strong>Die hochdichte Keramik f\u00fcr Brunnen Eva <\/strong>mit einer Dicke von 1 cm und einer Porosit\u00e4t von 0,2 Mikron h\u00e4lt potenziell schwebende Stoffe zur\u00fcck, die durch Trinkwasserleitungen verbreitet werden, wie Rost, Salmonellen, Eschericia coli &#8230;<\/p>\n<p>Sie funktioniert nach dem Prinzip einer <strong>Anti-Bakterien-Barriere<\/strong>.<\/p>\n<p>Es wird empfohlen, <strong>die Keramik einmal im Monat zu reinigen<\/strong> (siehe unten).<\/p>\n<p class=\"\"><strong>ALLE 18 MONATE ZU ERSETZEN.<\/strong><\/p>\n","protected":false},"featured_media":30873,"template":"","meta":[],"product_brand":[],"product_cat":[328],"product_tag":[],"class_list":{"0":"post-31125","1":"product","2":"type-product","3":"status-publish","4":"has-post-thumbnail","6":"product_cat-reines-wasser","8":"first","9":"instock","10":"shipping-taxable","11":"purchasable","12":"product-type-simple"},"yoast_head":"<!-- This site is optimized with the Yoast SEO plugin v27.4 - https:\/\/yoast.com\/product\/yoast-seo-wordpress\/ -->\n<title>Keramikfilter f\u00fcr EVA-Brunnen - Hu Care<\/title>\n<meta name=\"description\" content=\"EVA-Filterbrunnen f\u00fcr Ihre Gesundheit, reinigen Sie Ihr Leitungswasser. Leicht alkalischer PH-Wert. F\u00fcr Ihre Kinder, Ihre Tiere und Ihre Pflanzen. Umweltfreundlich.\" \/>\n<meta name=\"robots\" content=\"noindex, follow\" \/>\n<meta property=\"og:locale\" content=\"de_DE\" \/>\n<meta property=\"og:type\" content=\"article\" \/>\n<meta property=\"og:title\" content=\"Keramikfilter f\u00fcr EVA-Brunnen - Hu Care\" \/>\n<meta property=\"og:description\" content=\"EVA-Filterbrunnen f\u00fcr Ihre Gesundheit, reinigen Sie Ihr Leitungswasser. Leicht alkalischer PH-Wert. F\u00fcr Ihre Kinder, Ihre Tiere und Ihre Pflanzen. Umweltfreundlich.\" \/>\n<meta property=\"og:url\" content=\"https:\/\/hu-care.ch\/de\/produkt\/ceramic-filter-fur-eva-brunnen\/\" \/>\n<meta property=\"og:site_name\" content=\"Hu Care\" \/>\n<meta property=\"article:publisher\" content=\"https:\/\/www.facebook.com\/people\/Cabinet-Manaia\/100086857133927\/\" \/>\n<meta property=\"article:modified_time\" content=\"2024-03-03T20:38:35+00:00\" \/>\n<meta property=\"og:image\" content=\"https:\/\/hu-care.ch\/wp-content\/uploads\/2023\/02\/ceramique-filtrante-eva.jpg\" \/>\n\t<meta property=\"og:image:width\" content=\"750\" \/>\n\t<meta property=\"og:image:height\" content=\"750\" \/>\n\t<meta property=\"og:image:type\" content=\"image\/jpeg\" \/>\n<meta name=\"twitter:card\" content=\"summary_large_image\" \/>\n<meta name=\"twitter:label1\" content=\"Est. reading time\" \/>\n\t<meta name=\"twitter:data1\" content=\"1 minute\" \/>\n<script type=\"application\/ld+json\" class=\"yoast-schema-graph\">{\"@context\":\"https:\\\/\\\/schema.org\",\"@graph\":[{\"@type\":\"WebPage\",\"@id\":\"https:\\\/\\\/hu-care.ch\\\/de\\\/produkt\\\/ceramic-filter-fur-eva-brunnen\\\/\",\"url\":\"https:\\\/\\\/hu-care.ch\\\/de\\\/produkt\\\/ceramic-filter-fur-eva-brunnen\\\/\",\"name\":\"Keramikfilter f\u00fcr EVA-Brunnen - Hu Care\",\"isPartOf\":{\"@id\":\"https:\\\/\\\/hu-care.ch\\\/de\\\/#website\"},\"primaryImageOfPage\":{\"@id\":\"https:\\\/\\\/hu-care.ch\\\/de\\\/produkt\\\/ceramic-filter-fur-eva-brunnen\\\/#primaryimage\"},\"image\":{\"@id\":\"https:\\\/\\\/hu-care.ch\\\/de\\\/produkt\\\/ceramic-filter-fur-eva-brunnen\\\/#primaryimage\"},\"thumbnailUrl\":\"https:\\\/\\\/hu-care.ch\\\/wp-content\\\/uploads\\\/2023\\\/02\\\/ceramique-filtrante-eva.jpg\",\"datePublished\":\"2023-02-22T13:38:45+00:00\",\"dateModified\":\"2024-03-03T20:38:35+00:00\",\"description\":\"EVA-Filterbrunnen f\u00fcr Ihre Gesundheit, reinigen Sie Ihr Leitungswasser. Leicht alkalischer PH-Wert. F\u00fcr Ihre Kinder, Ihre Tiere und Ihre Pflanzen. Umweltfreundlich.\",\"breadcrumb\":{\"@id\":\"https:\\\/\\\/hu-care.ch\\\/de\\\/produkt\\\/ceramic-filter-fur-eva-brunnen\\\/#breadcrumb\"},\"inLanguage\":\"de-DE\",\"potentialAction\":[{\"@type\":\"ReadAction\",\"target\":[\"https:\\\/\\\/hu-care.ch\\\/de\\\/produkt\\\/ceramic-filter-fur-eva-brunnen\\\/\"]}]},{\"@type\":\"ImageObject\",\"inLanguage\":\"de-DE\",\"@id\":\"https:\\\/\\\/hu-care.ch\\\/de\\\/produkt\\\/ceramic-filter-fur-eva-brunnen\\\/#primaryimage\",\"url\":\"https:\\\/\\\/hu-care.ch\\\/wp-content\\\/uploads\\\/2023\\\/02\\\/ceramique-filtrante-eva.jpg\",\"contentUrl\":\"https:\\\/\\\/hu-care.ch\\\/wp-content\\\/uploads\\\/2023\\\/02\\\/ceramique-filtrante-eva.jpg\",\"width\":750,\"height\":750},{\"@type\":\"BreadcrumbList\",\"@id\":\"https:\\\/\\\/hu-care.ch\\\/de\\\/produkt\\\/ceramic-filter-fur-eva-brunnen\\\/#breadcrumb\",\"itemListElement\":[{\"@type\":\"ListItem\",\"position\":1,\"name\":\"Accueil\",\"item\":\"https:\\\/\\\/hu-care.ch\\\/de\\\/\"},{\"@type\":\"ListItem\",\"position\":2,\"name\":\"Shop\",\"item\":\"https:\\\/\\\/hu-care.ch\\\/boutique\\\/\"},{\"@type\":\"ListItem\",\"position\":3,\"name\":\"Keramikfilter f\u00fcr EVA-Brunnen\"}]},{\"@type\":\"WebSite\",\"@id\":\"https:\\\/\\\/hu-care.ch\\\/de\\\/#website\",\"url\":\"https:\\\/\\\/hu-care.ch\\\/de\\\/\",\"name\":\"Natacha Soussan - Hu Care\",\"description\":\"Th\u00e9rapies Compl\u00e9mentaires, Formations, Produits Sant\u00e9\",\"publisher\":{\"@id\":\"https:\\\/\\\/hu-care.ch\\\/de\\\/#organization\"},\"potentialAction\":[{\"@type\":\"SearchAction\",\"target\":{\"@type\":\"EntryPoint\",\"urlTemplate\":\"https:\\\/\\\/hu-care.ch\\\/de\\\/?s={search_term_string}\"},\"query-input\":{\"@type\":\"PropertyValueSpecification\",\"valueRequired\":true,\"valueName\":\"search_term_string\"}}],\"inLanguage\":\"de-DE\"},{\"@type\":\"Organization\",\"@id\":\"https:\\\/\\\/hu-care.ch\\\/de\\\/#organization\",\"name\":\"Hu Care\",\"url\":\"https:\\\/\\\/hu-care.ch\\\/de\\\/\",\"logo\":{\"@type\":\"ImageObject\",\"inLanguage\":\"de-DE\",\"@id\":\"https:\\\/\\\/hu-care.ch\\\/de\\\/#\\\/schema\\\/logo\\\/image\\\/\",\"url\":\"https:\\\/\\\/hu-care.ch\\\/wp-content\\\/uploads\\\/2023\\\/02\\\/hu_care.png\",\"contentUrl\":\"https:\\\/\\\/hu-care.ch\\\/wp-content\\\/uploads\\\/2023\\\/02\\\/hu_care.png\",\"width\":1280,\"height\":1280,\"caption\":\"Hu Care\"},\"image\":{\"@id\":\"https:\\\/\\\/hu-care.ch\\\/de\\\/#\\\/schema\\\/logo\\\/image\\\/\"},\"sameAs\":[\"https:\\\/\\\/www.facebook.com\\\/people\\\/Cabinet-Manaia\\\/100086857133927\\\/\",\"https:\\\/\\\/www.instagram.com\\\/_hu.care_\\\/\",\"https:\\\/\\\/www.linkedin.com\\\/in\\\/natacha-soussan-a96721256\\\/?originalSubdomain=ch\"]}]}<\/script>\n<!-- \/ Yoast SEO plugin. -->","yoast_head_json":{"title":"Keramikfilter f\u00fcr EVA-Brunnen - Hu Care","description":"EVA-Filterbrunnen f\u00fcr Ihre Gesundheit, reinigen Sie Ihr Leitungswasser. Leicht alkalischer PH-Wert. F\u00fcr Ihre Kinder, Ihre Tiere und Ihre Pflanzen. Umweltfreundlich.","robots":{"index":"noindex","follow":"follow"},"og_locale":"de_DE","og_type":"article","og_title":"Keramikfilter f\u00fcr EVA-Brunnen - Hu Care","og_description":"EVA-Filterbrunnen f\u00fcr Ihre Gesundheit, reinigen Sie Ihr Leitungswasser. Leicht alkalischer PH-Wert. F\u00fcr Ihre Kinder, Ihre Tiere und Ihre Pflanzen. Umweltfreundlich.","og_url":"https:\/\/hu-care.ch\/de\/produkt\/ceramic-filter-fur-eva-brunnen\/","og_site_name":"Hu Care","article_publisher":"https:\/\/www.facebook.com\/people\/Cabinet-Manaia\/100086857133927\/","article_modified_time":"2024-03-03T20:38:35+00:00","og_image":[{"width":750,"height":750,"url":"https:\/\/hu-care.ch\/wp-content\/uploads\/2023\/02\/ceramique-filtrante-eva.jpg","type":"image\/jpeg"}],"twitter_card":"summary_large_image","twitter_misc":{"Est. reading time":"1 minute"},"schema":{"@context":"https:\/\/schema.org","@graph":[{"@type":"WebPage","@id":"https:\/\/hu-care.ch\/de\/produkt\/ceramic-filter-fur-eva-brunnen\/","url":"https:\/\/hu-care.ch\/de\/produkt\/ceramic-filter-fur-eva-brunnen\/","name":"Keramikfilter f\u00fcr EVA-Brunnen - Hu Care","isPartOf":{"@id":"https:\/\/hu-care.ch\/de\/#website"},"primaryImageOfPage":{"@id":"https:\/\/hu-care.ch\/de\/produkt\/ceramic-filter-fur-eva-brunnen\/#primaryimage"},"image":{"@id":"https:\/\/hu-care.ch\/de\/produkt\/ceramic-filter-fur-eva-brunnen\/#primaryimage"},"thumbnailUrl":"https:\/\/hu-care.ch\/wp-content\/uploads\/2023\/02\/ceramique-filtrante-eva.jpg","datePublished":"2023-02-22T13:38:45+00:00","dateModified":"2024-03-03T20:38:35+00:00","description":"EVA-Filterbrunnen f\u00fcr Ihre Gesundheit, reinigen Sie Ihr Leitungswasser. Leicht alkalischer PH-Wert. F\u00fcr Ihre Kinder, Ihre Tiere und Ihre Pflanzen. Umweltfreundlich.","breadcrumb":{"@id":"https:\/\/hu-care.ch\/de\/produkt\/ceramic-filter-fur-eva-brunnen\/#breadcrumb"},"inLanguage":"de-DE","potentialAction":[{"@type":"ReadAction","target":["https:\/\/hu-care.ch\/de\/produkt\/ceramic-filter-fur-eva-brunnen\/"]}]},{"@type":"ImageObject","inLanguage":"de-DE","@id":"https:\/\/hu-care.ch\/de\/produkt\/ceramic-filter-fur-eva-brunnen\/#primaryimage","url":"https:\/\/hu-care.ch\/wp-content\/uploads\/2023\/02\/ceramique-filtrante-eva.jpg","contentUrl":"https:\/\/hu-care.ch\/wp-content\/uploads\/2023\/02\/ceramique-filtrante-eva.jpg","width":750,"height":750},{"@type":"BreadcrumbList","@id":"https:\/\/hu-care.ch\/de\/produkt\/ceramic-filter-fur-eva-brunnen\/#breadcrumb","itemListElement":[{"@type":"ListItem","position":1,"name":"Accueil","item":"https:\/\/hu-care.ch\/de\/"},{"@type":"ListItem","position":2,"name":"Shop","item":"https:\/\/hu-care.ch\/boutique\/"},{"@type":"ListItem","position":3,"name":"Keramikfilter f\u00fcr EVA-Brunnen"}]},{"@type":"WebSite","@id":"https:\/\/hu-care.ch\/de\/#website","url":"https:\/\/hu-care.ch\/de\/","name":"Natacha Soussan - Hu Care","description":"Th\u00e9rapies Compl\u00e9mentaires, Formations, Produits Sant\u00e9","publisher":{"@id":"https:\/\/hu-care.ch\/de\/#organization"},"potentialAction":[{"@type":"SearchAction","target":{"@type":"EntryPoint","urlTemplate":"https:\/\/hu-care.ch\/de\/?s={search_term_string}"},"query-input":{"@type":"PropertyValueSpecification","valueRequired":true,"valueName":"search_term_string"}}],"inLanguage":"de-DE"},{"@type":"Organization","@id":"https:\/\/hu-care.ch\/de\/#organization","name":"Hu Care","url":"https:\/\/hu-care.ch\/de\/","logo":{"@type":"ImageObject","inLanguage":"de-DE","@id":"https:\/\/hu-care.ch\/de\/#\/schema\/logo\/image\/","url":"https:\/\/hu-care.ch\/wp-content\/uploads\/2023\/02\/hu_care.png","contentUrl":"https:\/\/hu-care.ch\/wp-content\/uploads\/2023\/02\/hu_care.png","width":1280,"height":1280,"caption":"Hu Care"},"image":{"@id":"https:\/\/hu-care.ch\/de\/#\/schema\/logo\/image\/"},"sameAs":["https:\/\/www.facebook.com\/people\/Cabinet-Manaia\/100086857133927\/","https:\/\/www.instagram.com\/_hu.care_\/","https:\/\/www.linkedin.com\/in\/natacha-soussan-a96721256\/?originalSubdomain=ch"]}]}},"_links":{"self":[{"href":"https:\/\/hu-care.ch\/de\/wp-json\/wp\/v2\/product\/31125","targetHints":{"allow":["GET"]}}],"collection":[{"href":"https:\/\/hu-care.ch\/de\/wp-json\/wp\/v2\/product"}],"about":[{"href":"https:\/\/hu-care.ch\/de\/wp-json\/wp\/v2\/types\/product"}],"wp:featuredmedia":[{"embeddable":true,"href":"https:\/\/hu-care.ch\/de\/wp-json\/wp\/v2\/media\/30873"}],"wp:attachment":[{"href":"https:\/\/hu-care.ch\/de\/wp-json\/wp\/v2\/media?parent=31125"}],"wp:term":[{"taxonomy":"product_brand","embeddable":true,"href":"https:\/\/hu-care.ch\/de\/wp-json\/wp\/v2\/product_brand?post=31125"},{"taxonomy":"product_cat","embeddable":true,"href":"https:\/\/hu-care.ch\/de\/wp-json\/wp\/v2\/product_cat?post=31125"},{"taxonomy":"product_tag","embeddable":true,"href":"https:\/\/hu-care.ch\/de\/wp-json\/wp\/v2\/product_tag?post=31125"}],"curies":[{"name":"wp","href":"https:\/\/api.w.org\/{rel}","templated":true}]}}