{"id":31127,"date":"2023-02-22T14:55:22","date_gmt":"2023-02-22T13:55:22","guid":{"rendered":"https:\/\/hu-care.ch\/product\/bezug-fuer-brunnen-eva-unteres-becken\/"},"modified":"2023-09-25T14:47:55","modified_gmt":"2023-09-25T12:47:55","slug":"hulle-fur-brunnen-eva-bac-von-unten","status":"publish","type":"product","link":"https:\/\/hu-care.ch\/de\/produkt\/hulle-fur-brunnen-eva-bac-von-unten\/","title":{"rendered":"Bezug f\u00fcr Brunnen EVA (unteres Becken)"},"content":{"rendered":"<h2>Schutzh\u00fclle f\u00fcr EVA-Brunnen<\/h2>\n<p class=\"\"><strong>F\u00fcr den EVA-Brunnen 7 Liter gibt es 2 Modelle :<\/strong><\/p>\n<ul data-rte-list=\"default\">\n<li>\n<p class=\"\">Cretonne-Stoff aus 100 % Baumwolle mit goldenem \/ t\u00fcrkisfarbenem Schuppenmuster , handgefertigtes Wendetuch.<br \/>\nStoff in oeko &#8211; tex garantiert, dass die Textilien getestet und als schadstofffrei zertifiziert wurden.<\/p>\n<\/li>\n<li>\n<p class=\"\">Cretonne-Stoff aus 100 % Baumwolle mit grauem Schuppenmuster.<br \/>\nStoff in oeko &#8211; tex garantiert, dass die Textilien getestet und als schadstofffrei zertifiziert wurden.<\/p>\n<\/li>\n<\/ul>\n<p class=\"\"><strong>ACHTUNG: Dieser Bezug ist nicht f\u00fcr das 7-Liter-Modell mit Glasbeh\u00e4lter geeignet. Wir werden schon bald ein kompatibles Modell anbieten.<\/strong><\/p>\n<p class=\"\"><strong>F\u00fcr den EVA-Brunnen 12 Liter gibt es 3 Modelle :<\/strong><\/p>\n<ul data-rte-list=\"default\">\n<li>\n<p class=\"\">gesteppter oeko-tex wendbarer jerseystoff dunkelgrau \/ hellgrau.<\/p>\n<\/li>\n<li>\n<p class=\"\">gesteppter oeko-tex wendbarer jerseystoff Gelb \/ Grau.<\/p>\n<\/li>\n<li>\n<p class=\"\">gesteppter oeko-tex-Jerseystoff Gelb.<\/p>\n<\/li>\n<\/ul>\n<p class=\"\">Wenn Sie eine gr\u00fcne Farbe auf dem Mineralienkorb, gr\u00fcne Punkte auf der Keramik, dem Wasserhahn usw. sehen, h\u00e4ngt dies mit dem Auftreten von mikroskopisch kleinen, ungiftigen Algen zusammen, die sich durch direkte Sonneneinstrahlung vermehren.<\/p>\n<p class=\"\">Um diese Unannehmlichkeit zu vermeiden, sollten Sie Ihren EVA-Brunnen an einen schattigen Ort bringen, um seine gr\u00fcnen Wucherungen verschwinden zu lassen, oder alternativ unsere EVA-Wasserspenderh\u00fcllen f\u00fcr Ihre unteren Becken kaufen, um sie vor dem direkten Sonnenlicht zu verstecken.<\/p>\n","protected":false},"excerpt":{"rendered":"<p class=\"\"><em>(Preise inkl. Steuern und Zollgeb\u00fchren)<\/em><\/p>\n<p class=\"\">EVA-Brunnenabdeckung zum Schutz Ihrer unteren Schale vor Lichteinwirkung, so dass Ihr blauer Korb mit Mineralien nicht mit einem gr\u00fcnen Flaum bedeckt wird.<\/p>\n<ul>\n<li>Sch\u00fctzt den Brunnen vor direktem Sonnenlicht.<\/li>\n<li>Passender Bezug f\u00fcr den unteren Tank.<\/li>\n<li>Verhindert die Photosynthese.<\/li>\n<\/ul>\n","protected":false},"featured_media":30899,"template":"","meta":[],"product_brand":[],"product_cat":[328],"product_tag":[],"class_list":{"0":"post-31127","1":"product","2":"type-product","3":"status-publish","4":"has-post-thumbnail","6":"product_cat-reines-wasser","8":"first","9":"instock","10":"shipping-taxable","11":"purchasable","12":"product-type-variable"},"yoast_head":"<!-- This site is optimized with the Yoast SEO plugin v27.4 - https:\/\/yoast.com\/product\/yoast-seo-wordpress\/ -->\n<title>Bezug f\u00fcr Brunnen EVA (unteres Becken) - Hu Care<\/title>\n<meta name=\"description\" content=\"EVA-Filterbrunnen f\u00fcr Ihre Gesundheit, reinigen Sie Ihr Leitungswasser. Leicht alkalischer PH-Wert. F\u00fcr Ihre Kinder, Ihre Tiere und Ihre Pflanzen. Umweltfreundlich.\" \/>\n<meta name=\"robots\" content=\"noindex, follow\" \/>\n<meta property=\"og:locale\" content=\"de_DE\" \/>\n<meta property=\"og:type\" content=\"article\" \/>\n<meta property=\"og:title\" content=\"Bezug f\u00fcr Brunnen EVA (unteres Becken) - Hu Care\" \/>\n<meta property=\"og:description\" content=\"EVA-Filterbrunnen f\u00fcr Ihre Gesundheit, reinigen Sie Ihr Leitungswasser. Leicht alkalischer PH-Wert. F\u00fcr Ihre Kinder, Ihre Tiere und Ihre Pflanzen. Umweltfreundlich.\" \/>\n<meta property=\"og:url\" content=\"https:\/\/hu-care.ch\/de\/produkt\/hulle-fur-brunnen-eva-bac-von-unten\/\" \/>\n<meta property=\"og:site_name\" content=\"Hu Care\" \/>\n<meta property=\"article:publisher\" content=\"https:\/\/www.facebook.com\/people\/Cabinet-Manaia\/100086857133927\/\" \/>\n<meta property=\"article:modified_time\" content=\"2023-09-25T12:47:55+00:00\" \/>\n<meta property=\"og:image\" content=\"https:\/\/hu-care.ch\/wp-content\/uploads\/2023\/02\/housse-7-litrs-grise.png\" \/>\n\t<meta property=\"og:image:width\" content=\"632\" \/>\n\t<meta property=\"og:image:height\" content=\"950\" \/>\n\t<meta property=\"og:image:type\" content=\"image\/png\" \/>\n<meta name=\"twitter:card\" content=\"summary_large_image\" \/>\n<meta name=\"twitter:label1\" content=\"Est. reading time\" \/>\n\t<meta name=\"twitter:data1\" content=\"1 minute\" \/>\n<script type=\"application\/ld+json\" class=\"yoast-schema-graph\">{\"@context\":\"https:\\\/\\\/schema.org\",\"@graph\":[{\"@type\":\"WebPage\",\"@id\":\"https:\\\/\\\/hu-care.ch\\\/de\\\/produkt\\\/hulle-fur-brunnen-eva-bac-von-unten\\\/\",\"url\":\"https:\\\/\\\/hu-care.ch\\\/de\\\/produkt\\\/hulle-fur-brunnen-eva-bac-von-unten\\\/\",\"name\":\"Bezug f\u00fcr Brunnen EVA (unteres Becken) - Hu Care\",\"isPartOf\":{\"@id\":\"https:\\\/\\\/hu-care.ch\\\/de\\\/#website\"},\"primaryImageOfPage\":{\"@id\":\"https:\\\/\\\/hu-care.ch\\\/de\\\/produkt\\\/hulle-fur-brunnen-eva-bac-von-unten\\\/#primaryimage\"},\"image\":{\"@id\":\"https:\\\/\\\/hu-care.ch\\\/de\\\/produkt\\\/hulle-fur-brunnen-eva-bac-von-unten\\\/#primaryimage\"},\"thumbnailUrl\":\"https:\\\/\\\/hu-care.ch\\\/wp-content\\\/uploads\\\/2023\\\/02\\\/housse-7-litrs-grise.png\",\"datePublished\":\"2023-02-22T13:55:22+00:00\",\"dateModified\":\"2023-09-25T12:47:55+00:00\",\"description\":\"EVA-Filterbrunnen f\u00fcr Ihre Gesundheit, reinigen Sie Ihr Leitungswasser. Leicht alkalischer PH-Wert. F\u00fcr Ihre Kinder, Ihre Tiere und Ihre Pflanzen. Umweltfreundlich.\",\"breadcrumb\":{\"@id\":\"https:\\\/\\\/hu-care.ch\\\/de\\\/produkt\\\/hulle-fur-brunnen-eva-bac-von-unten\\\/#breadcrumb\"},\"inLanguage\":\"de-DE\",\"potentialAction\":[{\"@type\":\"ReadAction\",\"target\":[\"https:\\\/\\\/hu-care.ch\\\/de\\\/produkt\\\/hulle-fur-brunnen-eva-bac-von-unten\\\/\"]}]},{\"@type\":\"ImageObject\",\"inLanguage\":\"de-DE\",\"@id\":\"https:\\\/\\\/hu-care.ch\\\/de\\\/produkt\\\/hulle-fur-brunnen-eva-bac-von-unten\\\/#primaryimage\",\"url\":\"https:\\\/\\\/hu-care.ch\\\/wp-content\\\/uploads\\\/2023\\\/02\\\/housse-7-litrs-grise.png\",\"contentUrl\":\"https:\\\/\\\/hu-care.ch\\\/wp-content\\\/uploads\\\/2023\\\/02\\\/housse-7-litrs-grise.png\",\"width\":632,\"height\":950},{\"@type\":\"BreadcrumbList\",\"@id\":\"https:\\\/\\\/hu-care.ch\\\/de\\\/produkt\\\/hulle-fur-brunnen-eva-bac-von-unten\\\/#breadcrumb\",\"itemListElement\":[{\"@type\":\"ListItem\",\"position\":1,\"name\":\"Accueil\",\"item\":\"https:\\\/\\\/hu-care.ch\\\/de\\\/\"},{\"@type\":\"ListItem\",\"position\":2,\"name\":\"Shop\",\"item\":\"https:\\\/\\\/hu-care.ch\\\/boutique\\\/\"},{\"@type\":\"ListItem\",\"position\":3,\"name\":\"Bezug f\u00fcr Brunnen EVA (unteres Becken)\"}]},{\"@type\":\"WebSite\",\"@id\":\"https:\\\/\\\/hu-care.ch\\\/de\\\/#website\",\"url\":\"https:\\\/\\\/hu-care.ch\\\/de\\\/\",\"name\":\"Natacha Soussan - Hu Care\",\"description\":\"Th\u00e9rapies Compl\u00e9mentaires, Formations, Produits Sant\u00e9\",\"publisher\":{\"@id\":\"https:\\\/\\\/hu-care.ch\\\/de\\\/#organization\"},\"potentialAction\":[{\"@type\":\"SearchAction\",\"target\":{\"@type\":\"EntryPoint\",\"urlTemplate\":\"https:\\\/\\\/hu-care.ch\\\/de\\\/?s={search_term_string}\"},\"query-input\":{\"@type\":\"PropertyValueSpecification\",\"valueRequired\":true,\"valueName\":\"search_term_string\"}}],\"inLanguage\":\"de-DE\"},{\"@type\":\"Organization\",\"@id\":\"https:\\\/\\\/hu-care.ch\\\/de\\\/#organization\",\"name\":\"Hu Care\",\"url\":\"https:\\\/\\\/hu-care.ch\\\/de\\\/\",\"logo\":{\"@type\":\"ImageObject\",\"inLanguage\":\"de-DE\",\"@id\":\"https:\\\/\\\/hu-care.ch\\\/de\\\/#\\\/schema\\\/logo\\\/image\\\/\",\"url\":\"https:\\\/\\\/hu-care.ch\\\/wp-content\\\/uploads\\\/2023\\\/02\\\/hu_care.png\",\"contentUrl\":\"https:\\\/\\\/hu-care.ch\\\/wp-content\\\/uploads\\\/2023\\\/02\\\/hu_care.png\",\"width\":1280,\"height\":1280,\"caption\":\"Hu Care\"},\"image\":{\"@id\":\"https:\\\/\\\/hu-care.ch\\\/de\\\/#\\\/schema\\\/logo\\\/image\\\/\"},\"sameAs\":[\"https:\\\/\\\/www.facebook.com\\\/people\\\/Cabinet-Manaia\\\/100086857133927\\\/\",\"https:\\\/\\\/www.instagram.com\\\/_hu.care_\\\/\",\"https:\\\/\\\/www.linkedin.com\\\/in\\\/natacha-soussan-a96721256\\\/?originalSubdomain=ch\"]}]}<\/script>\n<!-- \/ Yoast SEO plugin. -->","yoast_head_json":{"title":"Bezug f\u00fcr Brunnen EVA (unteres Becken) - Hu Care","description":"EVA-Filterbrunnen f\u00fcr Ihre Gesundheit, reinigen Sie Ihr Leitungswasser. Leicht alkalischer PH-Wert. F\u00fcr Ihre Kinder, Ihre Tiere und Ihre Pflanzen. Umweltfreundlich.","robots":{"index":"noindex","follow":"follow"},"og_locale":"de_DE","og_type":"article","og_title":"Bezug f\u00fcr Brunnen EVA (unteres Becken) - Hu Care","og_description":"EVA-Filterbrunnen f\u00fcr Ihre Gesundheit, reinigen Sie Ihr Leitungswasser. Leicht alkalischer PH-Wert. F\u00fcr Ihre Kinder, Ihre Tiere und Ihre Pflanzen. Umweltfreundlich.","og_url":"https:\/\/hu-care.ch\/de\/produkt\/hulle-fur-brunnen-eva-bac-von-unten\/","og_site_name":"Hu Care","article_publisher":"https:\/\/www.facebook.com\/people\/Cabinet-Manaia\/100086857133927\/","article_modified_time":"2023-09-25T12:47:55+00:00","og_image":[{"width":632,"height":950,"url":"https:\/\/hu-care.ch\/wp-content\/uploads\/2023\/02\/housse-7-litrs-grise.png","type":"image\/png"}],"twitter_card":"summary_large_image","twitter_misc":{"Est. reading time":"1 minute"},"schema":{"@context":"https:\/\/schema.org","@graph":[{"@type":"WebPage","@id":"https:\/\/hu-care.ch\/de\/produkt\/hulle-fur-brunnen-eva-bac-von-unten\/","url":"https:\/\/hu-care.ch\/de\/produkt\/hulle-fur-brunnen-eva-bac-von-unten\/","name":"Bezug f\u00fcr Brunnen EVA (unteres Becken) - Hu Care","isPartOf":{"@id":"https:\/\/hu-care.ch\/de\/#website"},"primaryImageOfPage":{"@id":"https:\/\/hu-care.ch\/de\/produkt\/hulle-fur-brunnen-eva-bac-von-unten\/#primaryimage"},"image":{"@id":"https:\/\/hu-care.ch\/de\/produkt\/hulle-fur-brunnen-eva-bac-von-unten\/#primaryimage"},"thumbnailUrl":"https:\/\/hu-care.ch\/wp-content\/uploads\/2023\/02\/housse-7-litrs-grise.png","datePublished":"2023-02-22T13:55:22+00:00","dateModified":"2023-09-25T12:47:55+00:00","description":"EVA-Filterbrunnen f\u00fcr Ihre Gesundheit, reinigen Sie Ihr Leitungswasser. Leicht alkalischer PH-Wert. F\u00fcr Ihre Kinder, Ihre Tiere und Ihre Pflanzen. Umweltfreundlich.","breadcrumb":{"@id":"https:\/\/hu-care.ch\/de\/produkt\/hulle-fur-brunnen-eva-bac-von-unten\/#breadcrumb"},"inLanguage":"de-DE","potentialAction":[{"@type":"ReadAction","target":["https:\/\/hu-care.ch\/de\/produkt\/hulle-fur-brunnen-eva-bac-von-unten\/"]}]},{"@type":"ImageObject","inLanguage":"de-DE","@id":"https:\/\/hu-care.ch\/de\/produkt\/hulle-fur-brunnen-eva-bac-von-unten\/#primaryimage","url":"https:\/\/hu-care.ch\/wp-content\/uploads\/2023\/02\/housse-7-litrs-grise.png","contentUrl":"https:\/\/hu-care.ch\/wp-content\/uploads\/2023\/02\/housse-7-litrs-grise.png","width":632,"height":950},{"@type":"BreadcrumbList","@id":"https:\/\/hu-care.ch\/de\/produkt\/hulle-fur-brunnen-eva-bac-von-unten\/#breadcrumb","itemListElement":[{"@type":"ListItem","position":1,"name":"Accueil","item":"https:\/\/hu-care.ch\/de\/"},{"@type":"ListItem","position":2,"name":"Shop","item":"https:\/\/hu-care.ch\/boutique\/"},{"@type":"ListItem","position":3,"name":"Bezug f\u00fcr Brunnen EVA (unteres Becken)"}]},{"@type":"WebSite","@id":"https:\/\/hu-care.ch\/de\/#website","url":"https:\/\/hu-care.ch\/de\/","name":"Natacha Soussan - Hu Care","description":"Th\u00e9rapies Compl\u00e9mentaires, Formations, Produits Sant\u00e9","publisher":{"@id":"https:\/\/hu-care.ch\/de\/#organization"},"potentialAction":[{"@type":"SearchAction","target":{"@type":"EntryPoint","urlTemplate":"https:\/\/hu-care.ch\/de\/?s={search_term_string}"},"query-input":{"@type":"PropertyValueSpecification","valueRequired":true,"valueName":"search_term_string"}}],"inLanguage":"de-DE"},{"@type":"Organization","@id":"https:\/\/hu-care.ch\/de\/#organization","name":"Hu Care","url":"https:\/\/hu-care.ch\/de\/","logo":{"@type":"ImageObject","inLanguage":"de-DE","@id":"https:\/\/hu-care.ch\/de\/#\/schema\/logo\/image\/","url":"https:\/\/hu-care.ch\/wp-content\/uploads\/2023\/02\/hu_care.png","contentUrl":"https:\/\/hu-care.ch\/wp-content\/uploads\/2023\/02\/hu_care.png","width":1280,"height":1280,"caption":"Hu Care"},"image":{"@id":"https:\/\/hu-care.ch\/de\/#\/schema\/logo\/image\/"},"sameAs":["https:\/\/www.facebook.com\/people\/Cabinet-Manaia\/100086857133927\/","https:\/\/www.instagram.com\/_hu.care_\/","https:\/\/www.linkedin.com\/in\/natacha-soussan-a96721256\/?originalSubdomain=ch"]}]}},"_links":{"self":[{"href":"https:\/\/hu-care.ch\/de\/wp-json\/wp\/v2\/product\/31127","targetHints":{"allow":["GET"]}}],"collection":[{"href":"https:\/\/hu-care.ch\/de\/wp-json\/wp\/v2\/product"}],"about":[{"href":"https:\/\/hu-care.ch\/de\/wp-json\/wp\/v2\/types\/product"}],"wp:featuredmedia":[{"embeddable":true,"href":"https:\/\/hu-care.ch\/de\/wp-json\/wp\/v2\/media\/30899"}],"wp:attachment":[{"href":"https:\/\/hu-care.ch\/de\/wp-json\/wp\/v2\/media?parent=31127"}],"wp:term":[{"taxonomy":"product_brand","embeddable":true,"href":"https:\/\/hu-care.ch\/de\/wp-json\/wp\/v2\/product_brand?post=31127"},{"taxonomy":"product_cat","embeddable":true,"href":"https:\/\/hu-care.ch\/de\/wp-json\/wp\/v2\/product_cat?post=31127"},{"taxonomy":"product_tag","embeddable":true,"href":"https:\/\/hu-care.ch\/de\/wp-json\/wp\/v2\/product_tag?post=31127"}],"curies":[{"name":"wp","href":"https:\/\/api.w.org\/{rel}","templated":true}]}}