{"id":31130,"date":"2023-02-22T14:36:15","date_gmt":"2023-02-22T13:36:15","guid":{"rendered":"https:\/\/hu-care.ch\/product\/magnetset-fuer-eva-brunnen\/"},"modified":"2023-04-30T09:37:50","modified_gmt":"2023-04-30T07:37:50","slug":"magnet-kit-fur-eva-brunnen","status":"publish","type":"product","link":"https:\/\/hu-care.ch\/de\/produkt\/magnet-kit-fur-eva-brunnen\/","title":{"rendered":"Magnetset f\u00fcr EVA-Brunnen"},"content":{"rendered":"<h2>Mehr erfahren<\/h2>\n<p class=\"\">Das BEP-Modell erm\u00f6glicht es, mithilfe des IRL-Raums (Fern-Infrarot) und des speziellen Magneten im Mineralienkorb, dem Wasser magnetische und dynamische Eigenschaften zu verleihen, die mit nat\u00fcrlich lebendem Wasser identisch sind.<\/p>\n<p class=\"\">Diese Aktion stellt ein Verh\u00e4ltnis von hexagonalen Clustern wieder her, das mit den K\u00f6rperfl\u00fcssigkeiten harmoniert.<\/p>\n<p class=\"\">Das IRL aus Glas wird auf den Korb an der vorgesehenen Stelle gelegt, der in neutralen Kunststoff eingebettete Magnet wird in den mit dem Brunnen verkauften Korb gelegt.<\/p>\n<p class=\"\">Die in diesem Set mitgelieferten Mineralien m\u00fcssen ebenfalls in den Korb gelegt werden, da diese alle 24 Monate ausgetauscht werden.<\/p>\n","protected":false},"excerpt":{"rendered":"<p class=\"\"><strong>Magnetisierungsset, mit dem Sie Ihren EVA PLC Wasserspender (7 &#8211; 12 &#8211; 25 Liter) in einen EVA BEP oder NGB Wasserspender umwandeln k\u00f6nnen.<\/strong><\/p>\n<p class=\"\">Dieses Set besteht aus:<\/p>\n<ul>\n<li>einer Magnetplatte,<\/li>\n<li>eines IRL-Raums,<\/li>\n<li>eines Beutels mit Mineralien.<\/li>\n<\/ul>\n<p class=\"\">Gewicht: 0,735 kg.<\/p>\n<p class=\"\">Bitte beachten Sie, dass dieses Set nicht den blauen Papierkorb enth\u00e4lt (dieser ist bereits in Ihrem Brunnen enthalten).<\/p>\n","protected":false},"featured_media":30869,"template":"","meta":[],"product_brand":[],"product_cat":[328],"product_tag":[],"class_list":{"0":"post-31130","1":"product","2":"type-product","3":"status-publish","4":"has-post-thumbnail","6":"product_cat-reines-wasser","8":"first","9":"instock","10":"shipping-taxable","11":"purchasable","12":"product-type-simple"},"yoast_head":"<!-- This site is optimized with the Yoast SEO plugin v27.3 - https:\/\/yoast.com\/product\/yoast-seo-wordpress\/ -->\n<title>Magnetset f\u00fcr EVA-Brunnen - Hu Care<\/title>\n<meta name=\"description\" content=\"EVA-Filterbrunnen f\u00fcr Ihre Gesundheit, reinigen Sie Ihr Leitungswasser. Leicht alkalischer PH-Wert. F\u00fcr Ihre Kinder, Ihre Tiere und Ihre Pflanzen. Umweltfreundlich.\" \/>\n<meta name=\"robots\" content=\"noindex, follow\" \/>\n<meta property=\"og:locale\" content=\"de_DE\" \/>\n<meta property=\"og:type\" content=\"article\" \/>\n<meta property=\"og:title\" content=\"Magnetset f\u00fcr EVA-Brunnen - Hu Care\" \/>\n<meta property=\"og:description\" content=\"EVA-Filterbrunnen f\u00fcr Ihre Gesundheit, reinigen Sie Ihr Leitungswasser. Leicht alkalischer PH-Wert. F\u00fcr Ihre Kinder, Ihre Tiere und Ihre Pflanzen. Umweltfreundlich.\" \/>\n<meta property=\"og:url\" content=\"https:\/\/hu-care.ch\/de\/produkt\/magnet-kit-fur-eva-brunnen\/\" \/>\n<meta property=\"og:site_name\" content=\"Hu Care\" \/>\n<meta property=\"article:publisher\" content=\"https:\/\/www.facebook.com\/people\/Cabinet-Manaia\/100086857133927\/\" \/>\n<meta property=\"article:modified_time\" content=\"2023-04-30T07:37:50+00:00\" \/>\n<meta property=\"og:image\" content=\"https:\/\/hu-care.ch\/wp-content\/uploads\/2023\/02\/EVA_KitmagnetiqueBEP.png\" \/>\n\t<meta property=\"og:image:width\" content=\"750\" \/>\n\t<meta property=\"og:image:height\" content=\"715\" \/>\n\t<meta property=\"og:image:type\" content=\"image\/png\" \/>\n<meta name=\"twitter:card\" content=\"summary_large_image\" \/>\n<script type=\"application\/ld+json\" class=\"yoast-schema-graph\">{\"@context\":\"https:\\\/\\\/schema.org\",\"@graph\":[{\"@type\":\"WebPage\",\"@id\":\"https:\\\/\\\/hu-care.ch\\\/de\\\/produkt\\\/magnet-kit-fur-eva-brunnen\\\/\",\"url\":\"https:\\\/\\\/hu-care.ch\\\/de\\\/produkt\\\/magnet-kit-fur-eva-brunnen\\\/\",\"name\":\"Magnetset f\u00fcr EVA-Brunnen - Hu Care\",\"isPartOf\":{\"@id\":\"https:\\\/\\\/hu-care.ch\\\/de\\\/#website\"},\"primaryImageOfPage\":{\"@id\":\"https:\\\/\\\/hu-care.ch\\\/de\\\/produkt\\\/magnet-kit-fur-eva-brunnen\\\/#primaryimage\"},\"image\":{\"@id\":\"https:\\\/\\\/hu-care.ch\\\/de\\\/produkt\\\/magnet-kit-fur-eva-brunnen\\\/#primaryimage\"},\"thumbnailUrl\":\"https:\\\/\\\/hu-care.ch\\\/wp-content\\\/uploads\\\/2023\\\/02\\\/EVA_KitmagnetiqueBEP.png\",\"datePublished\":\"2023-02-22T13:36:15+00:00\",\"dateModified\":\"2023-04-30T07:37:50+00:00\",\"description\":\"EVA-Filterbrunnen f\u00fcr Ihre Gesundheit, reinigen Sie Ihr Leitungswasser. Leicht alkalischer PH-Wert. F\u00fcr Ihre Kinder, Ihre Tiere und Ihre Pflanzen. Umweltfreundlich.\",\"breadcrumb\":{\"@id\":\"https:\\\/\\\/hu-care.ch\\\/de\\\/produkt\\\/magnet-kit-fur-eva-brunnen\\\/#breadcrumb\"},\"inLanguage\":\"de-DE\",\"potentialAction\":[{\"@type\":\"ReadAction\",\"target\":[\"https:\\\/\\\/hu-care.ch\\\/de\\\/produkt\\\/magnet-kit-fur-eva-brunnen\\\/\"]}]},{\"@type\":\"ImageObject\",\"inLanguage\":\"de-DE\",\"@id\":\"https:\\\/\\\/hu-care.ch\\\/de\\\/produkt\\\/magnet-kit-fur-eva-brunnen\\\/#primaryimage\",\"url\":\"https:\\\/\\\/hu-care.ch\\\/wp-content\\\/uploads\\\/2023\\\/02\\\/EVA_KitmagnetiqueBEP.png\",\"contentUrl\":\"https:\\\/\\\/hu-care.ch\\\/wp-content\\\/uploads\\\/2023\\\/02\\\/EVA_KitmagnetiqueBEP.png\",\"width\":750,\"height\":715},{\"@type\":\"BreadcrumbList\",\"@id\":\"https:\\\/\\\/hu-care.ch\\\/de\\\/produkt\\\/magnet-kit-fur-eva-brunnen\\\/#breadcrumb\",\"itemListElement\":[{\"@type\":\"ListItem\",\"position\":1,\"name\":\"Accueil\",\"item\":\"https:\\\/\\\/hu-care.ch\\\/de\\\/\"},{\"@type\":\"ListItem\",\"position\":2,\"name\":\"Shop\",\"item\":\"https:\\\/\\\/hu-care.ch\\\/boutique\\\/\"},{\"@type\":\"ListItem\",\"position\":3,\"name\":\"Magnetset f\u00fcr EVA-Brunnen\"}]},{\"@type\":\"WebSite\",\"@id\":\"https:\\\/\\\/hu-care.ch\\\/de\\\/#website\",\"url\":\"https:\\\/\\\/hu-care.ch\\\/de\\\/\",\"name\":\"Natacha Soussan - Hu Care\",\"description\":\"Th\u00e9rapies Compl\u00e9mentaires, Formations, Produits Sant\u00e9\",\"publisher\":{\"@id\":\"https:\\\/\\\/hu-care.ch\\\/de\\\/#organization\"},\"potentialAction\":[{\"@type\":\"SearchAction\",\"target\":{\"@type\":\"EntryPoint\",\"urlTemplate\":\"https:\\\/\\\/hu-care.ch\\\/de\\\/?s={search_term_string}\"},\"query-input\":{\"@type\":\"PropertyValueSpecification\",\"valueRequired\":true,\"valueName\":\"search_term_string\"}}],\"inLanguage\":\"de-DE\"},{\"@type\":\"Organization\",\"@id\":\"https:\\\/\\\/hu-care.ch\\\/de\\\/#organization\",\"name\":\"Hu Care\",\"url\":\"https:\\\/\\\/hu-care.ch\\\/de\\\/\",\"logo\":{\"@type\":\"ImageObject\",\"inLanguage\":\"de-DE\",\"@id\":\"https:\\\/\\\/hu-care.ch\\\/de\\\/#\\\/schema\\\/logo\\\/image\\\/\",\"url\":\"https:\\\/\\\/hu-care.ch\\\/wp-content\\\/uploads\\\/2023\\\/02\\\/hu_care.png\",\"contentUrl\":\"https:\\\/\\\/hu-care.ch\\\/wp-content\\\/uploads\\\/2023\\\/02\\\/hu_care.png\",\"width\":1280,\"height\":1280,\"caption\":\"Hu Care\"},\"image\":{\"@id\":\"https:\\\/\\\/hu-care.ch\\\/de\\\/#\\\/schema\\\/logo\\\/image\\\/\"},\"sameAs\":[\"https:\\\/\\\/www.facebook.com\\\/people\\\/Cabinet-Manaia\\\/100086857133927\\\/\",\"https:\\\/\\\/www.instagram.com\\\/_hu.care_\\\/\",\"https:\\\/\\\/www.linkedin.com\\\/in\\\/natacha-soussan-a96721256\\\/?originalSubdomain=ch\"]}]}<\/script>\n<!-- \/ Yoast SEO plugin. -->","yoast_head_json":{"title":"Magnetset f\u00fcr EVA-Brunnen - Hu Care","description":"EVA-Filterbrunnen f\u00fcr Ihre Gesundheit, reinigen Sie Ihr Leitungswasser. Leicht alkalischer PH-Wert. F\u00fcr Ihre Kinder, Ihre Tiere und Ihre Pflanzen. Umweltfreundlich.","robots":{"index":"noindex","follow":"follow"},"og_locale":"de_DE","og_type":"article","og_title":"Magnetset f\u00fcr EVA-Brunnen - Hu Care","og_description":"EVA-Filterbrunnen f\u00fcr Ihre Gesundheit, reinigen Sie Ihr Leitungswasser. Leicht alkalischer PH-Wert. F\u00fcr Ihre Kinder, Ihre Tiere und Ihre Pflanzen. Umweltfreundlich.","og_url":"https:\/\/hu-care.ch\/de\/produkt\/magnet-kit-fur-eva-brunnen\/","og_site_name":"Hu Care","article_publisher":"https:\/\/www.facebook.com\/people\/Cabinet-Manaia\/100086857133927\/","article_modified_time":"2023-04-30T07:37:50+00:00","og_image":[{"width":750,"height":715,"url":"https:\/\/hu-care.ch\/wp-content\/uploads\/2023\/02\/EVA_KitmagnetiqueBEP.png","type":"image\/png"}],"twitter_card":"summary_large_image","schema":{"@context":"https:\/\/schema.org","@graph":[{"@type":"WebPage","@id":"https:\/\/hu-care.ch\/de\/produkt\/magnet-kit-fur-eva-brunnen\/","url":"https:\/\/hu-care.ch\/de\/produkt\/magnet-kit-fur-eva-brunnen\/","name":"Magnetset f\u00fcr EVA-Brunnen - Hu Care","isPartOf":{"@id":"https:\/\/hu-care.ch\/de\/#website"},"primaryImageOfPage":{"@id":"https:\/\/hu-care.ch\/de\/produkt\/magnet-kit-fur-eva-brunnen\/#primaryimage"},"image":{"@id":"https:\/\/hu-care.ch\/de\/produkt\/magnet-kit-fur-eva-brunnen\/#primaryimage"},"thumbnailUrl":"https:\/\/hu-care.ch\/wp-content\/uploads\/2023\/02\/EVA_KitmagnetiqueBEP.png","datePublished":"2023-02-22T13:36:15+00:00","dateModified":"2023-04-30T07:37:50+00:00","description":"EVA-Filterbrunnen f\u00fcr Ihre Gesundheit, reinigen Sie Ihr Leitungswasser. Leicht alkalischer PH-Wert. F\u00fcr Ihre Kinder, Ihre Tiere und Ihre Pflanzen. Umweltfreundlich.","breadcrumb":{"@id":"https:\/\/hu-care.ch\/de\/produkt\/magnet-kit-fur-eva-brunnen\/#breadcrumb"},"inLanguage":"de-DE","potentialAction":[{"@type":"ReadAction","target":["https:\/\/hu-care.ch\/de\/produkt\/magnet-kit-fur-eva-brunnen\/"]}]},{"@type":"ImageObject","inLanguage":"de-DE","@id":"https:\/\/hu-care.ch\/de\/produkt\/magnet-kit-fur-eva-brunnen\/#primaryimage","url":"https:\/\/hu-care.ch\/wp-content\/uploads\/2023\/02\/EVA_KitmagnetiqueBEP.png","contentUrl":"https:\/\/hu-care.ch\/wp-content\/uploads\/2023\/02\/EVA_KitmagnetiqueBEP.png","width":750,"height":715},{"@type":"BreadcrumbList","@id":"https:\/\/hu-care.ch\/de\/produkt\/magnet-kit-fur-eva-brunnen\/#breadcrumb","itemListElement":[{"@type":"ListItem","position":1,"name":"Accueil","item":"https:\/\/hu-care.ch\/de\/"},{"@type":"ListItem","position":2,"name":"Shop","item":"https:\/\/hu-care.ch\/boutique\/"},{"@type":"ListItem","position":3,"name":"Magnetset f\u00fcr EVA-Brunnen"}]},{"@type":"WebSite","@id":"https:\/\/hu-care.ch\/de\/#website","url":"https:\/\/hu-care.ch\/de\/","name":"Natacha Soussan - Hu Care","description":"Th\u00e9rapies Compl\u00e9mentaires, Formations, Produits Sant\u00e9","publisher":{"@id":"https:\/\/hu-care.ch\/de\/#organization"},"potentialAction":[{"@type":"SearchAction","target":{"@type":"EntryPoint","urlTemplate":"https:\/\/hu-care.ch\/de\/?s={search_term_string}"},"query-input":{"@type":"PropertyValueSpecification","valueRequired":true,"valueName":"search_term_string"}}],"inLanguage":"de-DE"},{"@type":"Organization","@id":"https:\/\/hu-care.ch\/de\/#organization","name":"Hu Care","url":"https:\/\/hu-care.ch\/de\/","logo":{"@type":"ImageObject","inLanguage":"de-DE","@id":"https:\/\/hu-care.ch\/de\/#\/schema\/logo\/image\/","url":"https:\/\/hu-care.ch\/wp-content\/uploads\/2023\/02\/hu_care.png","contentUrl":"https:\/\/hu-care.ch\/wp-content\/uploads\/2023\/02\/hu_care.png","width":1280,"height":1280,"caption":"Hu Care"},"image":{"@id":"https:\/\/hu-care.ch\/de\/#\/schema\/logo\/image\/"},"sameAs":["https:\/\/www.facebook.com\/people\/Cabinet-Manaia\/100086857133927\/","https:\/\/www.instagram.com\/_hu.care_\/","https:\/\/www.linkedin.com\/in\/natacha-soussan-a96721256\/?originalSubdomain=ch"]}]}},"_links":{"self":[{"href":"https:\/\/hu-care.ch\/de\/wp-json\/wp\/v2\/product\/31130","targetHints":{"allow":["GET"]}}],"collection":[{"href":"https:\/\/hu-care.ch\/de\/wp-json\/wp\/v2\/product"}],"about":[{"href":"https:\/\/hu-care.ch\/de\/wp-json\/wp\/v2\/types\/product"}],"wp:featuredmedia":[{"embeddable":true,"href":"https:\/\/hu-care.ch\/de\/wp-json\/wp\/v2\/media\/30869"}],"wp:attachment":[{"href":"https:\/\/hu-care.ch\/de\/wp-json\/wp\/v2\/media?parent=31130"}],"wp:term":[{"taxonomy":"product_brand","embeddable":true,"href":"https:\/\/hu-care.ch\/de\/wp-json\/wp\/v2\/product_brand?post=31130"},{"taxonomy":"product_cat","embeddable":true,"href":"https:\/\/hu-care.ch\/de\/wp-json\/wp\/v2\/product_cat?post=31130"},{"taxonomy":"product_tag","embeddable":true,"href":"https:\/\/hu-care.ch\/de\/wp-json\/wp\/v2\/product_tag?post=31130"}],"curies":[{"name":"wp","href":"https:\/\/api.w.org\/{rel}","templated":true}]}}