{"id":31154,"date":"2023-02-22T14:39:28","date_gmt":"2023-02-22T13:39:28","guid":{"rendered":"https:\/\/hu-care.ch\/product\/filterkartusche-fuer-eva-brunnen\/"},"modified":"2024-01-25T10:04:47","modified_gmt":"2024-01-25T09:04:47","slug":"filterpatrone-fur-eva-brunnen","status":"publish","type":"product","link":"https:\/\/hu-care.ch\/de\/produkt\/filterpatrone-fur-eva-brunnen\/","title":{"rendered":"Filterkartusche f\u00fcr EVA-Brunnen"},"content":{"rendered":"<p class=\"\"><strong>Zusammensetzung :<\/strong><\/p>\n<ol data-rte-list=\"default\">\n<li>\n<p class=\"\"><strong>Aktivkohle <\/strong>: Neutralisiert Chlor, schlechte Ger\u00fcche, Spuren von L\u00f6sungsmitteln, Chemikalien und Farbstoffen, die noch im Wasser vorhanden sind. <strong>Aktivkohle &amp; kolloidales Silber <\/strong>(WSM3000): Neutralisiert Chlor, schlechte Ger\u00fcche, Spuren von L\u00f6sungsmitteln, Chemikalien und Farbstoffen, die noch im Wasser vorhanden sind. Beseitigt potenzielle Bakterien, indem an Aktivkohle gebundenes kolloidales Silber freigesetzt wird (EXKLUSIVES PATENT EVA UNITED).<\/p>\n<\/li>\n<li>\n<p class=\"\"><strong>Nat\u00fcrlicher mineralischer Quarzsand<\/strong>: neutralisiert den S\u00e4uregehalt und gibt dem Wasser einen angenehmen Geschmack zur\u00fcck, indem er seinen PH-Wert auf ein leicht alkalisches Niveau (7,2 bis 7,8) einstellt.<\/p>\n<\/li>\n<li>\n<p class=\"\"><strong>Zeolith<\/strong>: Nat\u00fcrliches, mikropor\u00f6ses Mineral vulkanischen Ursprungs. Bindet Schwermetalle und macht das Wasser weicher.<\/p>\n<\/li>\n<li>\n<p class=\"\"><strong>Vulkangestein<\/strong>: Unterst\u00fctzt die Wirkung der Aktivkohle und h\u00e4lt das Wasser rein. Diffundieren 14 Grundmineralien (Magnesium, Eisen, Zink, Kalzium&#8230;) und geben dem gereinigten Wasser seine optimalen mineralischen Eigenschaften zur\u00fcck.<\/p>\n<\/li>\n<\/ol>\n","protected":false},"excerpt":{"rendered":"<p class=\"\"><em>(Preise inkl. Steuern und Zollgeb\u00fchren)<\/em><\/p>\n<p class=\"\"><strong>Die Eva Filterkartusche ist mit allen Eva Wasserspendern kompatibel.<\/strong><\/p>\n<p class=\"\"><strong>ALLE 6 MONATE ZU ERSETZEN.<\/strong><\/p>\n<p>Gewicht: 595 g<\/p>\n","protected":false},"featured_media":30875,"template":"","meta":[],"product_brand":[],"product_cat":[328],"product_tag":[],"class_list":{"0":"post-31154","1":"product","2":"type-product","3":"status-publish","4":"has-post-thumbnail","6":"product_cat-reines-wasser","8":"first","9":"instock","10":"shipping-taxable","11":"purchasable","12":"product-type-simple"},"yoast_head":"<!-- This site is optimized with the Yoast SEO plugin v27.5 - https:\/\/yoast.com\/product\/yoast-seo-wordpress\/ -->\n<title>Filterkartusche f\u00fcr EVA-Brunnen - Hu Care<\/title>\n<meta name=\"description\" content=\"EVA-Filterbrunnen f\u00fcr Ihre Gesundheit, reinigen Sie Ihr Leitungswasser. Leicht alkalischer PH-Wert. F\u00fcr Ihre Kinder, Ihre Tiere und Ihre Pflanzen. Umweltfreundlich.\" \/>\n<meta name=\"robots\" content=\"noindex, follow\" \/>\n<meta property=\"og:locale\" content=\"de_DE\" \/>\n<meta property=\"og:type\" content=\"article\" \/>\n<meta property=\"og:title\" content=\"Filterkartusche f\u00fcr EVA-Brunnen - Hu Care\" \/>\n<meta property=\"og:description\" content=\"EVA-Filterbrunnen f\u00fcr Ihre Gesundheit, reinigen Sie Ihr Leitungswasser. Leicht alkalischer PH-Wert. F\u00fcr Ihre Kinder, Ihre Tiere und Ihre Pflanzen. Umweltfreundlich.\" \/>\n<meta property=\"og:url\" content=\"https:\/\/hu-care.ch\/de\/produkt\/filterpatrone-fur-eva-brunnen\/\" \/>\n<meta property=\"og:site_name\" content=\"Hu Care\" \/>\n<meta property=\"article:publisher\" content=\"https:\/\/www.facebook.com\/people\/Cabinet-Manaia\/100086857133927\/\" \/>\n<meta property=\"article:modified_time\" content=\"2024-01-25T09:04:47+00:00\" \/>\n<meta property=\"og:image\" content=\"https:\/\/hu-care.ch\/wp-content\/uploads\/2023\/02\/cartouche-filtrante-pour-fontaine-a-eau-eva-fontaine-eva.jpg\" \/>\n\t<meta property=\"og:image:width\" content=\"750\" \/>\n\t<meta property=\"og:image:height\" content=\"987\" \/>\n\t<meta property=\"og:image:type\" content=\"image\/jpeg\" \/>\n<meta name=\"twitter:card\" content=\"summary_large_image\" \/>\n<meta name=\"twitter:label1\" content=\"Est. reading time\" \/>\n\t<meta name=\"twitter:data1\" content=\"1 minute\" \/>\n<script type=\"application\/ld+json\" class=\"yoast-schema-graph\">{\"@context\":\"https:\\\/\\\/schema.org\",\"@graph\":[{\"@type\":\"WebPage\",\"@id\":\"https:\\\/\\\/hu-care.ch\\\/de\\\/produkt\\\/filterpatrone-fur-eva-brunnen\\\/\",\"url\":\"https:\\\/\\\/hu-care.ch\\\/de\\\/produkt\\\/filterpatrone-fur-eva-brunnen\\\/\",\"name\":\"Filterkartusche f\u00fcr EVA-Brunnen - Hu Care\",\"isPartOf\":{\"@id\":\"https:\\\/\\\/hu-care.ch\\\/de\\\/#website\"},\"primaryImageOfPage\":{\"@id\":\"https:\\\/\\\/hu-care.ch\\\/de\\\/produkt\\\/filterpatrone-fur-eva-brunnen\\\/#primaryimage\"},\"image\":{\"@id\":\"https:\\\/\\\/hu-care.ch\\\/de\\\/produkt\\\/filterpatrone-fur-eva-brunnen\\\/#primaryimage\"},\"thumbnailUrl\":\"https:\\\/\\\/hu-care.ch\\\/wp-content\\\/uploads\\\/2023\\\/02\\\/cartouche-filtrante-pour-fontaine-a-eau-eva-fontaine-eva.jpg\",\"datePublished\":\"2023-02-22T13:39:28+00:00\",\"dateModified\":\"2024-01-25T09:04:47+00:00\",\"description\":\"EVA-Filterbrunnen f\u00fcr Ihre Gesundheit, reinigen Sie Ihr Leitungswasser. Leicht alkalischer PH-Wert. F\u00fcr Ihre Kinder, Ihre Tiere und Ihre Pflanzen. Umweltfreundlich.\",\"breadcrumb\":{\"@id\":\"https:\\\/\\\/hu-care.ch\\\/de\\\/produkt\\\/filterpatrone-fur-eva-brunnen\\\/#breadcrumb\"},\"inLanguage\":\"de-DE\",\"potentialAction\":[{\"@type\":\"ReadAction\",\"target\":[\"https:\\\/\\\/hu-care.ch\\\/de\\\/produkt\\\/filterpatrone-fur-eva-brunnen\\\/\"]}]},{\"@type\":\"ImageObject\",\"inLanguage\":\"de-DE\",\"@id\":\"https:\\\/\\\/hu-care.ch\\\/de\\\/produkt\\\/filterpatrone-fur-eva-brunnen\\\/#primaryimage\",\"url\":\"https:\\\/\\\/hu-care.ch\\\/wp-content\\\/uploads\\\/2023\\\/02\\\/cartouche-filtrante-pour-fontaine-a-eau-eva-fontaine-eva.jpg\",\"contentUrl\":\"https:\\\/\\\/hu-care.ch\\\/wp-content\\\/uploads\\\/2023\\\/02\\\/cartouche-filtrante-pour-fontaine-a-eau-eva-fontaine-eva.jpg\",\"width\":750,\"height\":987},{\"@type\":\"BreadcrumbList\",\"@id\":\"https:\\\/\\\/hu-care.ch\\\/de\\\/produkt\\\/filterpatrone-fur-eva-brunnen\\\/#breadcrumb\",\"itemListElement\":[{\"@type\":\"ListItem\",\"position\":1,\"name\":\"Accueil\",\"item\":\"https:\\\/\\\/hu-care.ch\\\/de\\\/\"},{\"@type\":\"ListItem\",\"position\":2,\"name\":\"Shop\",\"item\":\"https:\\\/\\\/hu-care.ch\\\/boutique\\\/\"},{\"@type\":\"ListItem\",\"position\":3,\"name\":\"Filterkartusche f\u00fcr EVA-Brunnen\"}]},{\"@type\":\"WebSite\",\"@id\":\"https:\\\/\\\/hu-care.ch\\\/de\\\/#website\",\"url\":\"https:\\\/\\\/hu-care.ch\\\/de\\\/\",\"name\":\"Natacha Soussan - Hu Care\",\"description\":\"Th\u00e9rapies Compl\u00e9mentaires, Formations, Produits Sant\u00e9\",\"publisher\":{\"@id\":\"https:\\\/\\\/hu-care.ch\\\/de\\\/#organization\"},\"potentialAction\":[{\"@type\":\"SearchAction\",\"target\":{\"@type\":\"EntryPoint\",\"urlTemplate\":\"https:\\\/\\\/hu-care.ch\\\/de\\\/?s={search_term_string}\"},\"query-input\":{\"@type\":\"PropertyValueSpecification\",\"valueRequired\":true,\"valueName\":\"search_term_string\"}}],\"inLanguage\":\"de-DE\"},{\"@type\":\"Organization\",\"@id\":\"https:\\\/\\\/hu-care.ch\\\/de\\\/#organization\",\"name\":\"Hu Care\",\"url\":\"https:\\\/\\\/hu-care.ch\\\/de\\\/\",\"logo\":{\"@type\":\"ImageObject\",\"inLanguage\":\"de-DE\",\"@id\":\"https:\\\/\\\/hu-care.ch\\\/de\\\/#\\\/schema\\\/logo\\\/image\\\/\",\"url\":\"https:\\\/\\\/hu-care.ch\\\/wp-content\\\/uploads\\\/2023\\\/02\\\/hu_care.png\",\"contentUrl\":\"https:\\\/\\\/hu-care.ch\\\/wp-content\\\/uploads\\\/2023\\\/02\\\/hu_care.png\",\"width\":1280,\"height\":1280,\"caption\":\"Hu Care\"},\"image\":{\"@id\":\"https:\\\/\\\/hu-care.ch\\\/de\\\/#\\\/schema\\\/logo\\\/image\\\/\"},\"sameAs\":[\"https:\\\/\\\/www.facebook.com\\\/people\\\/Cabinet-Manaia\\\/100086857133927\\\/\",\"https:\\\/\\\/www.instagram.com\\\/_hu.care_\\\/\",\"https:\\\/\\\/www.linkedin.com\\\/in\\\/natacha-soussan-a96721256\\\/?originalSubdomain=ch\"]}]}<\/script>\n<!-- \/ Yoast SEO plugin. -->","yoast_head_json":{"title":"Filterkartusche f\u00fcr EVA-Brunnen - Hu Care","description":"EVA-Filterbrunnen f\u00fcr Ihre Gesundheit, reinigen Sie Ihr Leitungswasser. Leicht alkalischer PH-Wert. F\u00fcr Ihre Kinder, Ihre Tiere und Ihre Pflanzen. Umweltfreundlich.","robots":{"index":"noindex","follow":"follow"},"og_locale":"de_DE","og_type":"article","og_title":"Filterkartusche f\u00fcr EVA-Brunnen - Hu Care","og_description":"EVA-Filterbrunnen f\u00fcr Ihre Gesundheit, reinigen Sie Ihr Leitungswasser. Leicht alkalischer PH-Wert. F\u00fcr Ihre Kinder, Ihre Tiere und Ihre Pflanzen. Umweltfreundlich.","og_url":"https:\/\/hu-care.ch\/de\/produkt\/filterpatrone-fur-eva-brunnen\/","og_site_name":"Hu Care","article_publisher":"https:\/\/www.facebook.com\/people\/Cabinet-Manaia\/100086857133927\/","article_modified_time":"2024-01-25T09:04:47+00:00","og_image":[{"width":750,"height":987,"url":"https:\/\/hu-care.ch\/wp-content\/uploads\/2023\/02\/cartouche-filtrante-pour-fontaine-a-eau-eva-fontaine-eva.jpg","type":"image\/jpeg"}],"twitter_card":"summary_large_image","twitter_misc":{"Est. reading time":"1 minute"},"schema":{"@context":"https:\/\/schema.org","@graph":[{"@type":"WebPage","@id":"https:\/\/hu-care.ch\/de\/produkt\/filterpatrone-fur-eva-brunnen\/","url":"https:\/\/hu-care.ch\/de\/produkt\/filterpatrone-fur-eva-brunnen\/","name":"Filterkartusche f\u00fcr EVA-Brunnen - Hu Care","isPartOf":{"@id":"https:\/\/hu-care.ch\/de\/#website"},"primaryImageOfPage":{"@id":"https:\/\/hu-care.ch\/de\/produkt\/filterpatrone-fur-eva-brunnen\/#primaryimage"},"image":{"@id":"https:\/\/hu-care.ch\/de\/produkt\/filterpatrone-fur-eva-brunnen\/#primaryimage"},"thumbnailUrl":"https:\/\/hu-care.ch\/wp-content\/uploads\/2023\/02\/cartouche-filtrante-pour-fontaine-a-eau-eva-fontaine-eva.jpg","datePublished":"2023-02-22T13:39:28+00:00","dateModified":"2024-01-25T09:04:47+00:00","description":"EVA-Filterbrunnen f\u00fcr Ihre Gesundheit, reinigen Sie Ihr Leitungswasser. Leicht alkalischer PH-Wert. F\u00fcr Ihre Kinder, Ihre Tiere und Ihre Pflanzen. Umweltfreundlich.","breadcrumb":{"@id":"https:\/\/hu-care.ch\/de\/produkt\/filterpatrone-fur-eva-brunnen\/#breadcrumb"},"inLanguage":"de-DE","potentialAction":[{"@type":"ReadAction","target":["https:\/\/hu-care.ch\/de\/produkt\/filterpatrone-fur-eva-brunnen\/"]}]},{"@type":"ImageObject","inLanguage":"de-DE","@id":"https:\/\/hu-care.ch\/de\/produkt\/filterpatrone-fur-eva-brunnen\/#primaryimage","url":"https:\/\/hu-care.ch\/wp-content\/uploads\/2023\/02\/cartouche-filtrante-pour-fontaine-a-eau-eva-fontaine-eva.jpg","contentUrl":"https:\/\/hu-care.ch\/wp-content\/uploads\/2023\/02\/cartouche-filtrante-pour-fontaine-a-eau-eva-fontaine-eva.jpg","width":750,"height":987},{"@type":"BreadcrumbList","@id":"https:\/\/hu-care.ch\/de\/produkt\/filterpatrone-fur-eva-brunnen\/#breadcrumb","itemListElement":[{"@type":"ListItem","position":1,"name":"Accueil","item":"https:\/\/hu-care.ch\/de\/"},{"@type":"ListItem","position":2,"name":"Shop","item":"https:\/\/hu-care.ch\/boutique\/"},{"@type":"ListItem","position":3,"name":"Filterkartusche f\u00fcr EVA-Brunnen"}]},{"@type":"WebSite","@id":"https:\/\/hu-care.ch\/de\/#website","url":"https:\/\/hu-care.ch\/de\/","name":"Natacha Soussan - Hu Care","description":"Th\u00e9rapies Compl\u00e9mentaires, Formations, Produits Sant\u00e9","publisher":{"@id":"https:\/\/hu-care.ch\/de\/#organization"},"potentialAction":[{"@type":"SearchAction","target":{"@type":"EntryPoint","urlTemplate":"https:\/\/hu-care.ch\/de\/?s={search_term_string}"},"query-input":{"@type":"PropertyValueSpecification","valueRequired":true,"valueName":"search_term_string"}}],"inLanguage":"de-DE"},{"@type":"Organization","@id":"https:\/\/hu-care.ch\/de\/#organization","name":"Hu Care","url":"https:\/\/hu-care.ch\/de\/","logo":{"@type":"ImageObject","inLanguage":"de-DE","@id":"https:\/\/hu-care.ch\/de\/#\/schema\/logo\/image\/","url":"https:\/\/hu-care.ch\/wp-content\/uploads\/2023\/02\/hu_care.png","contentUrl":"https:\/\/hu-care.ch\/wp-content\/uploads\/2023\/02\/hu_care.png","width":1280,"height":1280,"caption":"Hu Care"},"image":{"@id":"https:\/\/hu-care.ch\/de\/#\/schema\/logo\/image\/"},"sameAs":["https:\/\/www.facebook.com\/people\/Cabinet-Manaia\/100086857133927\/","https:\/\/www.instagram.com\/_hu.care_\/","https:\/\/www.linkedin.com\/in\/natacha-soussan-a96721256\/?originalSubdomain=ch"]}]}},"_links":{"self":[{"href":"https:\/\/hu-care.ch\/de\/wp-json\/wp\/v2\/product\/31154","targetHints":{"allow":["GET"]}}],"collection":[{"href":"https:\/\/hu-care.ch\/de\/wp-json\/wp\/v2\/product"}],"about":[{"href":"https:\/\/hu-care.ch\/de\/wp-json\/wp\/v2\/types\/product"}],"wp:featuredmedia":[{"embeddable":true,"href":"https:\/\/hu-care.ch\/de\/wp-json\/wp\/v2\/media\/30875"}],"wp:attachment":[{"href":"https:\/\/hu-care.ch\/de\/wp-json\/wp\/v2\/media?parent=31154"}],"wp:term":[{"taxonomy":"product_brand","embeddable":true,"href":"https:\/\/hu-care.ch\/de\/wp-json\/wp\/v2\/product_brand?post=31154"},{"taxonomy":"product_cat","embeddable":true,"href":"https:\/\/hu-care.ch\/de\/wp-json\/wp\/v2\/product_cat?post=31154"},{"taxonomy":"product_tag","embeddable":true,"href":"https:\/\/hu-care.ch\/de\/wp-json\/wp\/v2\/product_tag?post=31154"}],"curies":[{"name":"wp","href":"https:\/\/api.w.org\/{rel}","templated":true}]}}