{"id":30950,"date":"2023-02-22T08:28:51","date_gmt":"2023-02-22T07:28:51","guid":{"rendered":"https:\/\/hu-care.ch\/privacy-policy\/"},"modified":"2023-02-22T08:28:51","modified_gmt":"2023-02-22T07:28:51","slug":"privacy-policy","status":"publish","type":"page","link":"https:\/\/hu-care.ch\/en\/privacy-policy\/","title":{"rendered":"Privacy Policy"},"content":{"rendered":"<article class=\"sections\" id=\"sections\" data-page-sections=\"621690c58dca69049ce53bd3\">\n<section data-test=\"page-section\" data-section-theme=\"white-bold\" class=\"page-section layout-engine-section background-width--full-bleed section-height--large content-width--narrow horizontal-alignment--center vertical-alignment--middle white-bold\" data-section-id=\"621690c58dca69049ce53bd6\" data-controller=\"SectionWrapperController\" data-current-styles=\"{ \"imageOverlayOpacity\": 0.15, \"backgroundWidth\": \"background-width--full-bleed\", \"sectionHeight\": \"section-height--large\", \"horizontalAlignment\": \"horizontal-alignment--center\", \"verticalAlignment\": \"vertical-alignment--middle\", \"contentWidth\": \"content-width--narrow\", \"customContentWidth\": 50, \"sectionTheme\": \"white-bold\", \"sectionAnimation\": \"none\", \"backgroundMode\": \"image\" }\" data-current-context=\"{ \"video\": { \"playbackSpeed\": 0.5, \"filter\": 1, \"filterStrength\": 0, \"zoom\": 0, \"videoSourceProvider\": \"none\" }, \"backgroundImageId\": null, \"backgroundMediaEffect\": null, \"divider\": null, \"typeName\": null }\" data-animation=\"none\">\n<div class=\"section-border\">\n<div class=\"section-background\"><\/div>\n<\/p><\/div>\n<div class=\"content-wrapper\" style=\" \">\n<div class=\"content\">\n<div class=\"sqs-layout sqs-grid-12 columns-12\" data-type=\"page-section\" id=\"page-section-621690c58dca69049ce53bd6\">\n<div class=\"row sqs-row\">\n<div class=\"col sqs-col-12 span-12\">\n<div class=\"sqs-block html-block sqs-block-html\" data-block-type=\"2\" id=\"block-7f0d3d6423fd364d3553\">\n<div class=\"sqs-block-content\">\n<h1 style=\"white-space:pre-wrap;\">Privacy Policy<\/h1>\n<p class=\"\" style=\"white-space:pre-wrap;\">HU CARE is a platform that takes a very high interest in the respect of personal data and their confidentiality.<\/p>\n<\/div>\n<\/div>\n<div class=\"sqs-block horizontalrule-block sqs-block-horizontalrule\" data-block-type=\"47\" id=\"block-yui_3_17_2_1_1645646022469_9025\">\n<div class=\"sqs-block-content\">\n<hr>\n<\/div>\n<\/div>\n<div class=\"sqs-block html-block sqs-block-html\" data-block-type=\"2\" id=\"block-yui_3_17_2_1_1645646022469_9082\">\n<div class=\"sqs-block-content\">\n<h2 style=\"white-space:pre-wrap;\">Website<\/h2>\n<p class=\"\" style=\"white-space:pre-wrap;\">The HU CARE website<a href=\"https:\/\/hu.care\">(hu.care<\/a>, this site) is hosted by Infomaniak with https certificate. It therefore offers an advanced level of security.<\/p>\n<p class=\"\" style=\"white-space:pre-wrap;\">The data and content on the website are subject to copyright. Any external sources are always cited. The personal data of the persons registered as members belong to them.  <\/p>\n<\/div>\n<\/div>\n<div class=\"sqs-block horizontalrule-block sqs-block-horizontalrule\" data-block-type=\"47\" id=\"block-yui_3_17_2_1_1645648898298_6770\">\n<div class=\"sqs-block-content\">\n<hr>\n<\/div>\n<\/div>\n<div class=\"sqs-block html-block sqs-block-html\" data-block-type=\"2\" id=\"block-yui_3_17_2_1_1645648898298_6828\">\n<div class=\"sqs-block-content\">\n<h2 style=\"white-space:pre-wrap;\">Squarespace<\/h2>\n<p class=\"\" style=\"white-space:pre-wrap;\">It is important to know that the HU CARE website is created with Squarespace, an American company based in New York. Although their privacy policy is not alarming, we cannot guarantee that the data you provide on our site (e.g. Members&#8217; Area) will not be used.<\/p>\n<\/div>\n<\/div>\n<div class=\"sqs-block button-block sqs-block-button\" data-block-type=\"53\" id=\"block-yui_3_17_2_1_1645648898298_4975\">\n<div class=\"sqs-block-content\">\n<div class=\"sqs-block-button-container sqs-block-button-container--center\" data-animation-role=\"button\" data-alignment=\"center\" data-button-size=\"medium\" data-button-type=\"primary\">\n  <a href=\"https:\/\/fr.squarespace.com\/confidentialite\" class=\"sqs-block-button-element--medium sqs-button-element--primary sqs-block-button-element\" target=\"_blank\" rel=\"noopener\"><br \/>\n  Squarespace Privacy Policy<br \/>\n  <\/a>\n<\/div>\n<\/div>\n<\/div>\n<div class=\"sqs-block button-block sqs-block-button\" data-block-type=\"53\" id=\"block-yui_3_17_2_1_1645648898298_5983\">\n<div class=\"sqs-block-content\">\n<div class=\"sqs-block-button-container sqs-block-button-container--center\" data-animation-role=\"button\" data-alignment=\"center\" data-button-size=\"medium\" data-button-type=\"primary\">\n  <a href=\"https:\/\/fr.squarespace.com\/securite\" class=\"sqs-block-button-element--medium sqs-button-element--primary sqs-block-button-element\" target=\"_blank\" rel=\"noopener\"><br \/>\n  Security and protection measures of Squarespace<br \/>\n  <\/a>\n<\/div>\n<\/div>\n<\/div>\n<div class=\"sqs-block horizontalrule-block sqs-block-horizontalrule\" data-block-type=\"47\" id=\"block-yui_3_17_2_1_1645646022469_8422\">\n<div class=\"sqs-block-content\">\n<hr>\n<\/div>\n<\/div>\n<div class=\"sqs-block html-block sqs-block-html\" data-block-type=\"2\" id=\"block-yui_3_17_2_1_1645646022469_8479\">\n<div class=\"sqs-block-content\">\n<h2 style=\"white-space:pre-wrap;\">Threema<\/h2>\n<\/div>\n<\/div>\n<div class=\"sqs-block button-block sqs-block-button\" data-block-type=\"53\" id=\"block-yui_3_17_2_1_1645646022469_3643\">\n<div class=\"sqs-block-content\">\n<div class=\"sqs-block-button-container sqs-block-button-container--center\" data-animation-role=\"button\" data-alignment=\"center\" data-button-size=\"medium\" data-button-type=\"primary\">\n  <a href=\"https:\/\/threema.ch\/en\/work\/download#desktop\" class=\"sqs-block-button-element--medium sqs-button-element--primary sqs-block-button-element\" target=\"_blank\" rel=\"noopener\"><br \/>\n  Download the Threema application for Mobile or Desktop<br \/>\n  <\/a>\n<\/div>\n<\/div>\n<\/div>\n<div class=\"sqs-block html-block sqs-block-html\" data-block-type=\"2\" id=\"block-yui_3_17_2_1_1645646022469_6266\">\n<div class=\"sqs-block-content\">\n<p class=\"\" style=\"white-space:pre-wrap;\">The social network or instant messaging application chosen for the exchanges is Threema. This choice is directly related to our desire to respect the privacy of active members of the HU CARE community.  <\/p>\n<p class=\"\" style=\"white-space:pre-wrap;\">Threema is the messaging application that offers zero knowledge security and full legal compliance. In other words, Threema Work is fully compliant with RGPD regulations. As a Swiss company, Threema is also subject to the strict Federal Data Protection Act (DPA) and the accompanying ordinance of the Federal Data Protection Act (DPA). Switzerland enjoys a high degree of legal security and, unlike US-based services, Threema is not subject to the CLOUD Act. Threema operates its own servers in a highly secure data center of an &#8220;ISO 27001&#8221; certified colocation partner in Zurich.<\/p>\n<\/div>\n<\/div>\n<div class=\"sqs-block button-block sqs-block-button\" data-block-type=\"53\" id=\"block-yui_3_17_2_1_1645646022469_5047\">\n<div class=\"sqs-block-content\">\n<div class=\"sqs-block-button-container sqs-block-button-container--center\" data-animation-role=\"button\" data-alignment=\"center\" data-button-size=\"medium\" data-button-type=\"primary\">\n  <a href=\"https:\/\/threema.ch\/en\/work\/security\" class=\"sqs-block-button-element--medium sqs-button-element--primary sqs-block-button-element\" target=\"_blank\" rel=\"noopener\"><br \/>\n  Learn more about the security offered by Threema<br \/>\n  <\/a>\n<\/div>\n<\/div>\n<\/div>\n<div class=\"sqs-block horizontalrule-block sqs-block-horizontalrule\" data-block-type=\"47\" id=\"block-yui_3_17_2_1_1653917382995_8880\">\n<div class=\"sqs-block-content\">\n<hr>\n<\/div>\n<\/div>\n<div class=\"sqs-block html-block sqs-block-html\" data-block-type=\"2\" id=\"block-yui_3_17_2_1_1653917382995_9143\">\n<div class=\"sqs-block-content\">\n<h2 style=\"white-space:pre-wrap;\">Newsletter<\/h2>\n<p class=\"\" style=\"white-space:pre-wrap;\">If you choose to provide us with your e-mail address or other personally identifiable information, we will only use it to send you our newsletter or respond to your request.<\/p>\n<p class=\"\" style=\"white-space:pre-wrap;\">If you choose to unsubscribe from newsletters, you will no longer receive any newsletters.<\/p>\n<\/div>\n<\/div>\n<div class=\"sqs-block horizontalrule-block sqs-block-horizontalrule\" data-block-type=\"47\" id=\"block-yui_3_17_2_1_1653917492785_8544\">\n<div class=\"sqs-block-content\">\n<hr>\n<\/div>\n<\/div>\n<\/div>\n<\/div>\n<\/div><\/div>\n<\/p><\/div>\n<\/section>\n<\/article>\n","protected":false},"excerpt":{"rendered":"<p>Privacy Policy HU CARE is a platform that takes a very high interest in the respect of personal data and their confidentiality. Website The HU CARE website(hu.care, this site) is hosted by Infomaniak with https certificate. It therefore offers an advanced level of security. The data and content on the website are subject to copyright. [&hellip;]<\/p>\n","protected":false},"author":1,"featured_media":0,"parent":0,"menu_order":0,"comment_status":"closed","ping_status":"closed","template":"","meta":{"footnotes":""},"class_list":["post-30950","page","type-page","status-publish","hentry"],"yoast_head":"<!-- This site is optimized with the Yoast SEO plugin v27.4 - https:\/\/yoast.com\/product\/yoast-seo-wordpress\/ -->\n<title>Privacy Policy - Hu Care<\/title>\n<meta name=\"robots\" content=\"index, follow, max-snippet:-1, max-image-preview:large, max-video-preview:-1\" \/>\n<link rel=\"canonical\" href=\"https:\/\/hu-care.ch\/en\/privacy-policy\/\" \/>\n<meta property=\"og:locale\" content=\"en_US\" \/>\n<meta property=\"og:type\" content=\"article\" \/>\n<meta property=\"og:title\" content=\"Privacy Policy - Hu Care\" \/>\n<meta property=\"og:description\" content=\"Privacy Policy HU CARE is a platform that takes a very high interest in the respect of personal data and their confidentiality. Website The HU CARE website(hu.care, this site) is hosted by Infomaniak with https certificate. It therefore offers an advanced level of security. The data and content on the website are subject to copyright. [&hellip;]\" \/>\n<meta property=\"og:url\" content=\"https:\/\/hu-care.ch\/en\/privacy-policy\/\" \/>\n<meta property=\"og:site_name\" content=\"Hu Care\" \/>\n<meta property=\"article:publisher\" content=\"https:\/\/www.facebook.com\/people\/Cabinet-Manaia\/100086857133927\/\" \/>\n<meta name=\"twitter:card\" content=\"summary_large_image\" \/>\n<meta name=\"twitter:label1\" content=\"Est. reading time\" \/>\n\t<meta name=\"twitter:data1\" content=\"2 minutes\" \/>\n<script type=\"application\/ld+json\" class=\"yoast-schema-graph\">{\"@context\":\"https:\\\/\\\/schema.org\",\"@graph\":[{\"@type\":\"WebPage\",\"@id\":\"https:\\\/\\\/hu-care.ch\\\/en\\\/privacy-policy\\\/\",\"url\":\"https:\\\/\\\/hu-care.ch\\\/en\\\/privacy-policy\\\/\",\"name\":\"Privacy Policy - Hu Care\",\"isPartOf\":{\"@id\":\"https:\\\/\\\/hu-care.ch\\\/en\\\/#website\"},\"datePublished\":\"2023-02-22T07:28:51+00:00\",\"breadcrumb\":{\"@id\":\"https:\\\/\\\/hu-care.ch\\\/en\\\/privacy-policy\\\/#breadcrumb\"},\"inLanguage\":\"en-US\",\"potentialAction\":[{\"@type\":\"ReadAction\",\"target\":[\"https:\\\/\\\/hu-care.ch\\\/en\\\/privacy-policy\\\/\"]}]},{\"@type\":\"BreadcrumbList\",\"@id\":\"https:\\\/\\\/hu-care.ch\\\/en\\\/privacy-policy\\\/#breadcrumb\",\"itemListElement\":[{\"@type\":\"ListItem\",\"position\":1,\"name\":\"Accueil\",\"item\":\"https:\\\/\\\/hu-care.ch\\\/en\\\/\"},{\"@type\":\"ListItem\",\"position\":2,\"name\":\"Privacy Policy\"}]},{\"@type\":\"WebSite\",\"@id\":\"https:\\\/\\\/hu-care.ch\\\/en\\\/#website\",\"url\":\"https:\\\/\\\/hu-care.ch\\\/en\\\/\",\"name\":\"Natacha Soussan - Hu Care\",\"description\":\"Th\u00e9rapies Compl\u00e9mentaires, Formations, Produits Sant\u00e9\",\"publisher\":{\"@id\":\"https:\\\/\\\/hu-care.ch\\\/en\\\/#organization\"},\"potentialAction\":[{\"@type\":\"SearchAction\",\"target\":{\"@type\":\"EntryPoint\",\"urlTemplate\":\"https:\\\/\\\/hu-care.ch\\\/en\\\/?s={search_term_string}\"},\"query-input\":{\"@type\":\"PropertyValueSpecification\",\"valueRequired\":true,\"valueName\":\"search_term_string\"}}],\"inLanguage\":\"en-US\"},{\"@type\":\"Organization\",\"@id\":\"https:\\\/\\\/hu-care.ch\\\/en\\\/#organization\",\"name\":\"Hu Care\",\"url\":\"https:\\\/\\\/hu-care.ch\\\/en\\\/\",\"logo\":{\"@type\":\"ImageObject\",\"inLanguage\":\"en-US\",\"@id\":\"https:\\\/\\\/hu-care.ch\\\/en\\\/#\\\/schema\\\/logo\\\/image\\\/\",\"url\":\"https:\\\/\\\/hu-care.ch\\\/wp-content\\\/uploads\\\/2023\\\/02\\\/hu_care.png\",\"contentUrl\":\"https:\\\/\\\/hu-care.ch\\\/wp-content\\\/uploads\\\/2023\\\/02\\\/hu_care.png\",\"width\":1280,\"height\":1280,\"caption\":\"Hu Care\"},\"image\":{\"@id\":\"https:\\\/\\\/hu-care.ch\\\/en\\\/#\\\/schema\\\/logo\\\/image\\\/\"},\"sameAs\":[\"https:\\\/\\\/www.facebook.com\\\/people\\\/Cabinet-Manaia\\\/100086857133927\\\/\",\"https:\\\/\\\/www.instagram.com\\\/_hu.care_\\\/\",\"https:\\\/\\\/www.linkedin.com\\\/in\\\/natacha-soussan-a96721256\\\/?originalSubdomain=ch\"]}]}<\/script>\n<!-- \/ Yoast SEO plugin. -->","yoast_head_json":{"title":"Privacy Policy - Hu Care","robots":{"index":"index","follow":"follow","max-snippet":"max-snippet:-1","max-image-preview":"max-image-preview:large","max-video-preview":"max-video-preview:-1"},"canonical":"https:\/\/hu-care.ch\/en\/privacy-policy\/","og_locale":"en_US","og_type":"article","og_title":"Privacy Policy - Hu Care","og_description":"Privacy Policy HU CARE is a platform that takes a very high interest in the respect of personal data and their confidentiality. Website The HU CARE website(hu.care, this site) is hosted by Infomaniak with https certificate. It therefore offers an advanced level of security. The data and content on the website are subject to copyright. [&hellip;]","og_url":"https:\/\/hu-care.ch\/en\/privacy-policy\/","og_site_name":"Hu Care","article_publisher":"https:\/\/www.facebook.com\/people\/Cabinet-Manaia\/100086857133927\/","twitter_card":"summary_large_image","twitter_misc":{"Est. reading time":"2 minutes"},"schema":{"@context":"https:\/\/schema.org","@graph":[{"@type":"WebPage","@id":"https:\/\/hu-care.ch\/en\/privacy-policy\/","url":"https:\/\/hu-care.ch\/en\/privacy-policy\/","name":"Privacy Policy - Hu Care","isPartOf":{"@id":"https:\/\/hu-care.ch\/en\/#website"},"datePublished":"2023-02-22T07:28:51+00:00","breadcrumb":{"@id":"https:\/\/hu-care.ch\/en\/privacy-policy\/#breadcrumb"},"inLanguage":"en-US","potentialAction":[{"@type":"ReadAction","target":["https:\/\/hu-care.ch\/en\/privacy-policy\/"]}]},{"@type":"BreadcrumbList","@id":"https:\/\/hu-care.ch\/en\/privacy-policy\/#breadcrumb","itemListElement":[{"@type":"ListItem","position":1,"name":"Accueil","item":"https:\/\/hu-care.ch\/en\/"},{"@type":"ListItem","position":2,"name":"Privacy Policy"}]},{"@type":"WebSite","@id":"https:\/\/hu-care.ch\/en\/#website","url":"https:\/\/hu-care.ch\/en\/","name":"Natacha Soussan - Hu Care","description":"Th\u00e9rapies Compl\u00e9mentaires, Formations, Produits Sant\u00e9","publisher":{"@id":"https:\/\/hu-care.ch\/en\/#organization"},"potentialAction":[{"@type":"SearchAction","target":{"@type":"EntryPoint","urlTemplate":"https:\/\/hu-care.ch\/en\/?s={search_term_string}"},"query-input":{"@type":"PropertyValueSpecification","valueRequired":true,"valueName":"search_term_string"}}],"inLanguage":"en-US"},{"@type":"Organization","@id":"https:\/\/hu-care.ch\/en\/#organization","name":"Hu Care","url":"https:\/\/hu-care.ch\/en\/","logo":{"@type":"ImageObject","inLanguage":"en-US","@id":"https:\/\/hu-care.ch\/en\/#\/schema\/logo\/image\/","url":"https:\/\/hu-care.ch\/wp-content\/uploads\/2023\/02\/hu_care.png","contentUrl":"https:\/\/hu-care.ch\/wp-content\/uploads\/2023\/02\/hu_care.png","width":1280,"height":1280,"caption":"Hu Care"},"image":{"@id":"https:\/\/hu-care.ch\/en\/#\/schema\/logo\/image\/"},"sameAs":["https:\/\/www.facebook.com\/people\/Cabinet-Manaia\/100086857133927\/","https:\/\/www.instagram.com\/_hu.care_\/","https:\/\/www.linkedin.com\/in\/natacha-soussan-a96721256\/?originalSubdomain=ch"]}]}},"_links":{"self":[{"href":"https:\/\/hu-care.ch\/en\/wp-json\/wp\/v2\/pages\/30950","targetHints":{"allow":["GET"]}}],"collection":[{"href":"https:\/\/hu-care.ch\/en\/wp-json\/wp\/v2\/pages"}],"about":[{"href":"https:\/\/hu-care.ch\/en\/wp-json\/wp\/v2\/types\/page"}],"author":[{"embeddable":true,"href":"https:\/\/hu-care.ch\/en\/wp-json\/wp\/v2\/users\/1"}],"replies":[{"embeddable":true,"href":"https:\/\/hu-care.ch\/en\/wp-json\/wp\/v2\/comments?post=30950"}],"version-history":[{"count":0,"href":"https:\/\/hu-care.ch\/en\/wp-json\/wp\/v2\/pages\/30950\/revisions"}],"wp:attachment":[{"href":"https:\/\/hu-care.ch\/en\/wp-json\/wp\/v2\/media?parent=30950"}],"curies":[{"name":"wp","href":"https:\/\/api.w.org\/{rel}","templated":true}]}}