{"id":30979,"date":"2023-02-17T19:20:10","date_gmt":"2023-02-17T18:20:10","guid":{"rendered":"https:\/\/hu-care.ch\/reiki-usui-shiki-ryoho-tibet\/"},"modified":"2023-08-11T10:58:57","modified_gmt":"2023-08-11T08:58:57","slug":"reiki-usui-shiki-ryoho-tibet","status":"publish","type":"page","link":"https:\/\/hu-care.ch\/en\/training\/reiki-usui-shiki-ryoho-tibet\/","title":{"rendered":"Reiki Usui Shiki Ryoho \/ Tibet"},"content":{"rendered":"\t\t<div data-elementor-type=\"wp-page\" data-elementor-id=\"30979\" class=\"elementor elementor-30979 elementor-29197\" data-elementor-post-type=\"page\">\n\t\t\t\t\t\t<section class=\"elementor-section elementor-top-section elementor-element elementor-element-bcb9a21 elementor-section-boxed elementor-section-height-default elementor-section-height-default\" data-id=\"bcb9a21\" data-element_type=\"section\" data-e-type=\"section\">\n\t\t\t\t\t\t<div class=\"elementor-container elementor-column-gap-no\">\n\t\t\t\t\t<div class=\"elementor-column elementor-col-100 elementor-top-column elementor-element elementor-element-faa4f47\" data-id=\"faa4f47\" data-element_type=\"column\" data-e-type=\"column\">\n\t\t\t<div class=\"elementor-widget-wrap elementor-element-populated\">\n\t\t\t\t\t\t<div class=\"elementor-element elementor-element-6f71097 elementor-widget elementor-widget-heading\" data-id=\"6f71097\" data-element_type=\"widget\" data-e-type=\"widget\" data-widget_type=\"heading.default\">\n\t\t\t\t\t<h3 class=\"elementor-heading-title elementor-size-default\">TRAININGS<\/h3>\t\t\t\t<\/div>\n\t\t\t\t<div class=\"elementor-element elementor-element-f04cc47 elementor-widget elementor-widget-heading\" data-id=\"f04cc47\" data-element_type=\"widget\" data-e-type=\"widget\" data-widget_type=\"heading.default\">\n\t\t\t\t\t<h1 class=\"elementor-heading-title elementor-size-default\">Reiki Usui Shiki Ryoho \/ Tibet<\/h1>\t\t\t\t<\/div>\n\t\t\t\t<div class=\"elementor-element elementor-element-c33dac6 elementor-widget elementor-widget-text-editor\" data-id=\"c33dac6\" data-element_type=\"widget\" data-e-type=\"widget\" data-widget_type=\"text-editor.default\">\n\t\t\t\t\t\t\t\t\t<ul>\n<li>Reiki Usui course in the tradition and respect of the teachings of Mikao Usui.<\/li>\n<li>Degree 1, Degree 2, Degree 3, Mastery.<\/li>\n<li>In the Usui tradition, before any degree, a prior oral exchange is desired.<\/li>\n<li>The trainings are usually held on Fridays and Saturdays so that you can have a day to yourself on Sunday.<\/li>\n<li>Training sessions are also scheduled on Saturdays and Sundays, as well as during the week.<\/li>\n<li>Do not hesitate to contact me directly!<\/li>\n<\/ul>\n\t\t\t\t\t\t\t\t<\/div>\n\t\t\t\t\t<\/div>\n\t\t<\/div>\n\t\t\t\t\t<\/div>\n\t\t<\/section>\n\t\t\t\t<section class=\"elementor-section elementor-top-section elementor-element elementor-element-8cfd0b1 elementor-section-boxed elementor-section-height-default elementor-section-height-default\" data-id=\"8cfd0b1\" data-element_type=\"section\" data-e-type=\"section\">\n\t\t\t\t\t\t<div class=\"elementor-container elementor-column-gap-no\">\n\t\t\t\t\t<div class=\"elementor-column elementor-col-50 elementor-top-column elementor-element elementor-element-db8b645\" data-id=\"db8b645\" data-element_type=\"column\" data-e-type=\"column\">\n\t\t\t<div class=\"elementor-widget-wrap elementor-element-populated\">\n\t\t\t\t\t\t<div class=\"elementor-element elementor-element-77bc5f0 elementor-widget elementor-widget-image\" data-id=\"77bc5f0\" data-element_type=\"widget\" data-e-type=\"widget\" data-widget_type=\"image.default\">\n\t\t\t\t\t\t\t\t\t\t\t\t\t\t\t<img fetchpriority=\"high\" decoding=\"async\" width=\"500\" height=\"750\" src=\"https:\/\/hu-care.ch\/wp-content\/uploads\/2023\/02\/Reiki-Formation.jpg\" class=\"attachment-large size-large wp-image-30910\" alt=\"Reiki Usui Shiki Ryoho, Tibet\" srcset=\"https:\/\/hu-care.ch\/wp-content\/uploads\/2023\/02\/Reiki-Formation.jpg 500w, https:\/\/hu-care.ch\/wp-content\/uploads\/2023\/02\/Reiki-Formation-200x300.jpg 200w, https:\/\/hu-care.ch\/wp-content\/uploads\/2023\/02\/Reiki-Formation-64x96.jpg 64w\" sizes=\"(max-width: 500px) 100vw, 500px\" \/>\t\t\t\t\t\t\t\t\t\t\t\t\t\t\t<\/div>\n\t\t\t\t\t<\/div>\n\t\t<\/div>\n\t\t\t\t<div class=\"elementor-column elementor-col-50 elementor-top-column elementor-element elementor-element-c22c17a\" data-id=\"c22c17a\" data-element_type=\"column\" data-e-type=\"column\">\n\t\t\t<div class=\"elementor-widget-wrap elementor-element-populated\">\n\t\t\t\t\t\t<div class=\"elementor-element elementor-element-26d7c69 elementor-widget elementor-widget-ameliaevents\" data-id=\"26d7c69\" data-element_type=\"widget\" data-e-type=\"widget\" data-widget_type=\"ameliaevents.default\">\n\t\t\t\t<div class=\"elementor-widget-container\">\n\t\t\t\t\t<script>\n  if (typeof hasAmeliaEvent === 'undefined') {\n    var hasAmeliaEvent = true;\n  }\n  if (typeof hasEventApiCall === 'undefined' && '' === '') {\n    var hasEventApiCall = true;\n  }\n  var hasEventShortcode = (typeof hasEventShortcode === 'undefined') ? false : true;\n  var bookingEntitiesIds = (typeof bookingEntitiesIds === 'undefined') ? [] : bookingEntitiesIds;\n  bookingEntitiesIds.push(\n    {\n      'hasApiCall': (typeof hasEventApiCall !== 'undefined') && hasEventApiCall,\n      'trigger': '',\n      'counter': '0',\n      'employee': '',\n      'eventId': '',\n      'eventRecurring': 0,\n      'eventTag': \"Reiki Usui Shiki Ryoho \/ Tibet\"\n    }\n  );\n  var lazyBookingEntitiesIds = (typeof lazyBookingEntitiesIds === 'undefined') ? [] : lazyBookingEntitiesIds;\n  if (bookingEntitiesIds[bookingEntitiesIds.length - 1].trigger !== '') {\n    lazyBookingEntitiesIds.push(bookingEntitiesIds.pop());\n  }\n  if (typeof hasEventApiCall !== 'undefined' && hasEventApiCall) {\n    hasEventApiCall = false;\n  }\n<\/script>\n\n<div id=\"amelia-app-booking0\" class=\"amelia-service amelia-frontend amelia-app-booking\">\n    <events-list><\/events-list><\/div>\n\t\t\t\t<\/div>\n\t\t\t\t<\/div>\n\t\t\t\t\t<\/div>\n\t\t<\/div>\n\t\t\t\t\t<\/div>\n\t\t<\/section>\n\t\t\t\t<section class=\"elementor-section elementor-top-section elementor-element elementor-element-f9dc47a elementor-section-boxed elementor-section-height-default elementor-section-height-default\" data-id=\"f9dc47a\" data-element_type=\"section\" data-e-type=\"section\">\n\t\t\t\t\t\t<div class=\"elementor-container elementor-column-gap-default\">\n\t\t\t\t\t<div class=\"elementor-column elementor-col-100 elementor-top-column elementor-element elementor-element-af98eb8\" data-id=\"af98eb8\" data-element_type=\"column\" data-e-type=\"column\">\n\t\t\t<div class=\"elementor-widget-wrap elementor-element-populated\">\n\t\t\t\t\t\t<div class=\"elementor-element elementor-element-aa85753 elementor-widget elementor-widget-text-editor\" data-id=\"aa85753\" data-element_type=\"widget\" data-e-type=\"widget\" data-widget_type=\"text-editor.default\">\n\t\t\t\t\t\t\t\t\t<p><span style=\"white-space: pre-wrap; color: #030303; font-family: aktiv-grotesk; font-size: 17px; font-weight: var( --e-global-typography-text-font-weight ); letter-spacing: var(--letter-spacing);\">Reiki Usui Shiki Ryoho \/ Tibet, oriental therapy originating from Japan, is a setting or a reconnection of &#8221; <\/span><strong style=\"white-space: pre-wrap; color: #030303; font-family: aktiv-grotesk; font-size: 17px; letter-spacing: var(--letter-spacing); font-weight: bold; overflow-wrap: break-word;\">the universal<\/strong> <strong style=\"white-space: pre-wrap; color: #030303; font-family: aktiv-grotesk; font-size: 17px; letter-spacing: var(--letter-spacing); font-weight: bold; overflow-wrap: break-word;\">universal energy<\/strong><span style=\"white-space: pre-wrap; color: #030303; font-family: aktiv-grotesk; font-size: 17px; font-weight: var( --e-global-typography-text-font-weight ); letter-spacing: var(--letter-spacing);\"> &#8220;and our own &#8221; <\/span><strong style=\"white-space: pre-wrap; color: #030303; font-family: aktiv-grotesk; font-size: 17px; letter-spacing: var(--letter-spacing); font-weight: bold; overflow-wrap: break-word;\">force<\/strong> <strong style=\"white-space: pre-wrap; color: #030303; font-family: aktiv-grotesk; font-size: 17px; letter-spacing: var(--letter-spacing); font-weight: bold; overflow-wrap: break-word;\">vital force<\/strong><span style=\"white-space: pre-wrap; color: #030303; font-family: aktiv-grotesk; font-size: 17px; font-weight: var( --e-global-typography-text-font-weight ); letter-spacing: var(--letter-spacing);\"> &#8220;in order to <\/span><strong style=\"white-space: pre-wrap; color: #030303; font-family: aktiv-grotesk; font-size: 17px; letter-spacing: var(--letter-spacing); font-weight: bold; overflow-wrap: break-word;\">to awaken<\/strong><span style=\"white-space: pre-wrap; color: #030303; font-family: aktiv-grotesk; font-size: 17px; font-weight: var( --e-global-typography-text-font-weight ); letter-spacing: var(--letter-spacing);\"> a <\/span><strong style=\"white-space: pre-wrap; color: #030303; font-family: aktiv-grotesk; font-size: 17px; letter-spacing: var(--letter-spacing); font-weight: bold; overflow-wrap: break-word;\">process<\/strong><span style=\"white-space: pre-wrap; color: #030303; font-family: aktiv-grotesk; font-size: 17px; font-weight: var( --e-global-typography-text-font-weight ); letter-spacing: var(--letter-spacing);\"> dynamic process of <\/span><strong style=\"white-space: pre-wrap; color: #030303; font-family: aktiv-grotesk; font-size: 17px; letter-spacing: var(--letter-spacing); font-weight: bold; overflow-wrap: break-word;\">healing<\/strong><span style=\"white-space: pre-wrap; color: #030303; font-family: aktiv-grotesk; font-size: 17px; font-weight: var( --e-global-typography-text-font-weight ); letter-spacing: var(--letter-spacing);\">.<\/span><\/p>\n<div id=\"block-yui_3_17_2_1_1576599050261_8936\" class=\"sqs-block html-block sqs-block-html\" style=\"position: relative; height: auto; padding: 17px; clear: none; outline-style: none; outline-width: initial; color: #030303; font-family: aktiv-grotesk; font-size: 17px;\" data-block-type=\"2\">\n<div class=\"sqs-block-content\" style=\"outline-style: none; outline-width: initial;\">\n<p class=\"\" style=\"line-height: 1.5em; margin-bottom: 1.5em; overflow-wrap: break-word; white-space: pre-wrap;\">In Japanese, <em style=\"overflow-wrap: break-word;\">Rei<\/em> means <em style=\"overflow-wrap: break-word;\">universal<\/em> and includes matter, soul and spirit. <em style=\"overflow-wrap: break-word;\">Ki <\/em>(or <em style=\"overflow-wrap: break-word;\">Qi<\/em>) refers to the vital energy that circulates within us, as understood by Eastern medicines such as Traditional Chinese Medicine and <em style=\"overflow-wrap: break-word;\">Ayurveda<\/em>, Traditional Indian Medicine.<\/p>\n<p class=\"\" style=\"line-height: 1.5em; margin-bottom: 1.5em; overflow-wrap: break-word; white-space: pre-wrap;\">The founder of Reiki, Mikao Usui (1865-1926), a Japanese Buddhist monk, spent much of his life in pursuit of a spiritual awakening and in search of a universal solution for the healing of all. In the early 1920s, Mikao Usui obtained the answers to his quest when he undertook a 21-day meditation at Mount Kurama in Japan. It was during this retreat that Mikao Usui is said to have reached a state of awakening and received from the universal energy of life, a complete methodology.<\/p>\n<p class=\"\" style=\"line-height: 1.5em; margin-bottom: 1.5em; overflow-wrap: break-word; white-space: pre-wrap;\">Reiki treatment is one of the complementary therapies recognized in Switzerland. It is part of the so-called energetic care methods. Why energy? Without energy what are we? In us, around us, everywhere in the Universe flows energy. Reiki works with these flows.<\/p>\n<p class=\"\" style=\"line-height: 1.5em; overflow-wrap: break-word; white-space: pre-wrap;\">For <strong style=\"font-weight: bold; overflow-wrap: break-word;\">teaching<\/strong>, I invite you to contact me for any question by phone or email.<\/p>\n<div id=\"block-yui_3_17_2_1_1579037204721_14483\" class=\"sqs-block html-block sqs-block-html\" data-block-type=\"2\">\n<div class=\"sqs-block-content\">\n<h3>Frequently asked questions about a Reiki Usui treatment or session<\/h3>\n<p class=\"\" data-rte-preserve-empty=\"true\">\n<h2>For whom?<\/h2>\n<p class=\"\">Usui Reiki treatments are suitable for both adults and children, regardless of age. Reiki is accessible to all who live and is easily practiced at a distance.<\/p>\n<h2>What are the effects?<\/h2>\n<p class=\"\">The effects of a Usui Reiki treatment are felt on all levels: physical, physiological, emotional, mental and spiritual. Its action energizes the body, harmonizes the emotions and allows beneficial awareness. Reiki accelerates the healing process, confers a state of relaxation and a feeling of inner harmony and well-being. Reiki practice also catalyzes and supports any process of personal growth and spiritual journey.<\/p>\n<p class=\"\">The effects of a Reiki treatment are beneficial on:<br \/>&#8211; pain after surgical procedures<br \/>&#8211; stress and depressive symptoms<br \/>&#8211; Fatigue, pain, anxiety and quality of life of people with serious illnesses<br \/>&#8211; memory and behavioral problems<br \/>&#8211; the side effects of chemotherapy or radiotherapy in agreement with the medical profession.<\/p>\n<h2>For what?<\/h2>\n<p class=\"\">&#8211; To act on inhibiting emotions such as anger, fears, sadness, depression etc.<br \/>&#8211; To move forward, to change one&#8217;s behaviors, one&#8217;s perception of oneself and of others.<br \/>&#8211; To bring joy to your life.<br \/>&#8211; To answer a spiritual quest, to answer existential questions.<\/p>\n<h2>How does a session work?<\/h2>\n<p class=\"\">If you have ever received energy healing, it is very similar. Dressed, you are lying on a massage table. There is no physical contact and therefore no potential discomfort.<\/p>\n<h2>How does it feel?  <\/h2>\n<p class=\"\">The experience is unique to each person at the time. One can feel movements within oneself, then releases blockages related to the body, to the emotional.<\/p>\n<h2>How many sessions are needed?<\/h2>\n<p class=\"\">&#8211; It is a good idea to receive a first treatment and then observe if it suits you. If so, a complete treatment is appropriate, i.e. 4 treatments in 4 consecutive days. Then, according to your feeling and your needs, you can learn for yourself.<\/p>\n<p class=\"\">&#8211; There are 3 degrees of reiki, with minimum time limits between each degree. Everyone takes the time that is useful and necessary.  <\/p>\n<p class=\"\">&#8211; Degree 4 is the Mastery degree, which allows to teach and transmit in the strictest respect of the Usui tradition. For reiki courses and degrees, I thank you for contacting me by phone to meet.<\/p>\n<h2>What is the duration of the treatments?  <\/h2>\n<p class=\"\">Treatments last between 45 minutes and 1 hour. The first one can last up to an hour and a half, as the practitioner takes the time to get to know you and talk to you. The Reiki treatments, which I practice, are done in the respect of the Usui tradition and strict protocols.<\/p>\n<h2>Compatibility with other methods?<\/h2>\n<p class=\"\">Reiki treatments are also compatible with other energy therapies. In this case, it is advisable to let a few days pass between two different energy treatments, in order to fully integrate the effects of the parallel therapy of the previous session.<\/p>\n<p class=\"\">Usui Reiki is part of a complementary therapy and is not a substitute for medical diagnosis or treatment.<\/p>\n<\/div>\n<\/div>\n<\/div>\n<\/div>\n\t\t\t\t\t\t\t\t<\/div>\n\t\t\t\t\t<\/div>\n\t\t<\/div>\n\t\t\t\t\t<\/div>\n\t\t<\/section>\n\t\t\t\t<\/div>\n\t\t","protected":false},"excerpt":{"rendered":"<p>TRAININGS Reiki Usui Shiki Ryoho \/ Tibet Reiki Usui course in the tradition and respect of the teachings of Mikao Usui. Degree 1, Degree 2, Degree 3, Mastery. In the Usui tradition, before any degree, a prior oral exchange is desired. The trainings are usually held on Fridays and Saturdays so that you can have [&hellip;]<\/p>\n","protected":false},"author":1,"featured_media":0,"parent":31007,"menu_order":0,"comment_status":"closed","ping_status":"closed","template":"elementor_header_footer","meta":{"footnotes":""},"class_list":["post-30979","page","type-page","status-publish","hentry"],"yoast_head":"<!-- This site is optimized with the Yoast SEO plugin v27.4 - https:\/\/yoast.com\/product\/yoast-seo-wordpress\/ -->\n<title>Reiki Usui Shiki Ryoho \/ Tibet - Hu Care<\/title>\n<meta name=\"description\" content=\"Discover Reiki Usui\u00a9 deep healing at Hu Care. Enhance your well-being, enjoy relaxation and experience renewal like never before. Unleash your inner harmony.\" \/>\n<meta name=\"robots\" content=\"index, follow, max-snippet:-1, max-image-preview:large, max-video-preview:-1\" \/>\n<link rel=\"canonical\" href=\"https:\/\/hu-care.ch\/en\/training\/reiki-usui-shiki-ryoho-tibet\/\" \/>\n<meta property=\"og:locale\" content=\"en_US\" \/>\n<meta property=\"og:type\" content=\"article\" \/>\n<meta property=\"og:title\" content=\"Reiki Usui Shiki Ryoho \/ Tibet - Hu Care\" \/>\n<meta property=\"og:description\" content=\"Discover Reiki Usui\u00a9 deep healing at Hu Care. Enhance your well-being, enjoy relaxation and experience renewal like never before. Unleash your inner harmony.\" \/>\n<meta property=\"og:url\" content=\"https:\/\/hu-care.ch\/en\/training\/reiki-usui-shiki-ryoho-tibet\/\" \/>\n<meta property=\"og:site_name\" content=\"Hu Care\" \/>\n<meta property=\"article:publisher\" content=\"https:\/\/www.facebook.com\/people\/Cabinet-Manaia\/100086857133927\/\" \/>\n<meta property=\"article:modified_time\" content=\"2023-08-11T08:58:57+00:00\" \/>\n<meta property=\"og:image\" content=\"https:\/\/hu-care.ch\/wp-content\/uploads\/2023\/02\/Reiki-Formation.jpg\" \/>\n<meta name=\"twitter:card\" content=\"summary_large_image\" \/>\n<meta name=\"twitter:label1\" content=\"Est. reading time\" \/>\n\t<meta name=\"twitter:data1\" content=\"4 minutes\" \/>\n<script type=\"application\/ld+json\" class=\"yoast-schema-graph\">{\"@context\":\"https:\\\/\\\/schema.org\",\"@graph\":[{\"@type\":\"WebPage\",\"@id\":\"https:\\\/\\\/hu-care.ch\\\/en\\\/training\\\/reiki-usui-shiki-ryoho-tibet\\\/\",\"url\":\"https:\\\/\\\/hu-care.ch\\\/en\\\/training\\\/reiki-usui-shiki-ryoho-tibet\\\/\",\"name\":\"Reiki Usui Shiki Ryoho \\\/ Tibet - Hu Care\",\"isPartOf\":{\"@id\":\"https:\\\/\\\/hu-care.ch\\\/en\\\/#website\"},\"primaryImageOfPage\":{\"@id\":\"https:\\\/\\\/hu-care.ch\\\/en\\\/training\\\/reiki-usui-shiki-ryoho-tibet\\\/#primaryimage\"},\"image\":{\"@id\":\"https:\\\/\\\/hu-care.ch\\\/en\\\/training\\\/reiki-usui-shiki-ryoho-tibet\\\/#primaryimage\"},\"thumbnailUrl\":\"https:\\\/\\\/hu-care.ch\\\/wp-content\\\/uploads\\\/2023\\\/02\\\/Reiki-Formation.jpg\",\"datePublished\":\"2023-02-17T18:20:10+00:00\",\"dateModified\":\"2023-08-11T08:58:57+00:00\",\"description\":\"Discover Reiki Usui\u00a9 deep healing at Hu Care. Enhance your well-being, enjoy relaxation and experience renewal like never before. Unleash your inner harmony.\",\"breadcrumb\":{\"@id\":\"https:\\\/\\\/hu-care.ch\\\/en\\\/training\\\/reiki-usui-shiki-ryoho-tibet\\\/#breadcrumb\"},\"inLanguage\":\"en-US\",\"potentialAction\":[{\"@type\":\"ReadAction\",\"target\":[\"https:\\\/\\\/hu-care.ch\\\/en\\\/training\\\/reiki-usui-shiki-ryoho-tibet\\\/\"]}]},{\"@type\":\"ImageObject\",\"inLanguage\":\"en-US\",\"@id\":\"https:\\\/\\\/hu-care.ch\\\/en\\\/training\\\/reiki-usui-shiki-ryoho-tibet\\\/#primaryimage\",\"url\":\"https:\\\/\\\/hu-care.ch\\\/wp-content\\\/uploads\\\/2023\\\/02\\\/Reiki-Formation.jpg\",\"contentUrl\":\"https:\\\/\\\/hu-care.ch\\\/wp-content\\\/uploads\\\/2023\\\/02\\\/Reiki-Formation.jpg\"},{\"@type\":\"BreadcrumbList\",\"@id\":\"https:\\\/\\\/hu-care.ch\\\/en\\\/training\\\/reiki-usui-shiki-ryoho-tibet\\\/#breadcrumb\",\"itemListElement\":[{\"@type\":\"ListItem\",\"position\":1,\"name\":\"Accueil\",\"item\":\"https:\\\/\\\/hu-care.ch\\\/en\\\/\"},{\"@type\":\"ListItem\",\"position\":2,\"name\":\"Training\",\"item\":\"https:\\\/\\\/hu-care.ch\\\/en\\\/formations\\\/\"},{\"@type\":\"ListItem\",\"position\":3,\"name\":\"Reiki Usui Shiki Ryoho \\\/ Tibet\"}]},{\"@type\":\"WebSite\",\"@id\":\"https:\\\/\\\/hu-care.ch\\\/en\\\/#website\",\"url\":\"https:\\\/\\\/hu-care.ch\\\/en\\\/\",\"name\":\"Natacha Soussan - Hu Care\",\"description\":\"Th\u00e9rapies Compl\u00e9mentaires, Formations, Produits Sant\u00e9\",\"publisher\":{\"@id\":\"https:\\\/\\\/hu-care.ch\\\/en\\\/#organization\"},\"potentialAction\":[{\"@type\":\"SearchAction\",\"target\":{\"@type\":\"EntryPoint\",\"urlTemplate\":\"https:\\\/\\\/hu-care.ch\\\/en\\\/?s={search_term_string}\"},\"query-input\":{\"@type\":\"PropertyValueSpecification\",\"valueRequired\":true,\"valueName\":\"search_term_string\"}}],\"inLanguage\":\"en-US\"},{\"@type\":\"Organization\",\"@id\":\"https:\\\/\\\/hu-care.ch\\\/en\\\/#organization\",\"name\":\"Hu Care\",\"url\":\"https:\\\/\\\/hu-care.ch\\\/en\\\/\",\"logo\":{\"@type\":\"ImageObject\",\"inLanguage\":\"en-US\",\"@id\":\"https:\\\/\\\/hu-care.ch\\\/en\\\/#\\\/schema\\\/logo\\\/image\\\/\",\"url\":\"https:\\\/\\\/hu-care.ch\\\/wp-content\\\/uploads\\\/2023\\\/02\\\/hu_care.png\",\"contentUrl\":\"https:\\\/\\\/hu-care.ch\\\/wp-content\\\/uploads\\\/2023\\\/02\\\/hu_care.png\",\"width\":1280,\"height\":1280,\"caption\":\"Hu Care\"},\"image\":{\"@id\":\"https:\\\/\\\/hu-care.ch\\\/en\\\/#\\\/schema\\\/logo\\\/image\\\/\"},\"sameAs\":[\"https:\\\/\\\/www.facebook.com\\\/people\\\/Cabinet-Manaia\\\/100086857133927\\\/\",\"https:\\\/\\\/www.instagram.com\\\/_hu.care_\\\/\",\"https:\\\/\\\/www.linkedin.com\\\/in\\\/natacha-soussan-a96721256\\\/?originalSubdomain=ch\"]}]}<\/script>\n<!-- \/ Yoast SEO plugin. -->","yoast_head_json":{"title":"Reiki Usui Shiki Ryoho \/ Tibet - Hu Care","description":"Discover Reiki Usui\u00a9 deep healing at Hu Care. Enhance your well-being, enjoy relaxation and experience renewal like never before. Unleash your inner harmony.","robots":{"index":"index","follow":"follow","max-snippet":"max-snippet:-1","max-image-preview":"max-image-preview:large","max-video-preview":"max-video-preview:-1"},"canonical":"https:\/\/hu-care.ch\/en\/training\/reiki-usui-shiki-ryoho-tibet\/","og_locale":"en_US","og_type":"article","og_title":"Reiki Usui Shiki Ryoho \/ Tibet - Hu Care","og_description":"Discover Reiki Usui\u00a9 deep healing at Hu Care. Enhance your well-being, enjoy relaxation and experience renewal like never before. Unleash your inner harmony.","og_url":"https:\/\/hu-care.ch\/en\/training\/reiki-usui-shiki-ryoho-tibet\/","og_site_name":"Hu Care","article_publisher":"https:\/\/www.facebook.com\/people\/Cabinet-Manaia\/100086857133927\/","article_modified_time":"2023-08-11T08:58:57+00:00","og_image":[{"url":"https:\/\/hu-care.ch\/wp-content\/uploads\/2023\/02\/Reiki-Formation.jpg","type":"","width":"","height":""}],"twitter_card":"summary_large_image","twitter_misc":{"Est. reading time":"4 minutes"},"schema":{"@context":"https:\/\/schema.org","@graph":[{"@type":"WebPage","@id":"https:\/\/hu-care.ch\/en\/training\/reiki-usui-shiki-ryoho-tibet\/","url":"https:\/\/hu-care.ch\/en\/training\/reiki-usui-shiki-ryoho-tibet\/","name":"Reiki Usui Shiki Ryoho \/ Tibet - Hu Care","isPartOf":{"@id":"https:\/\/hu-care.ch\/en\/#website"},"primaryImageOfPage":{"@id":"https:\/\/hu-care.ch\/en\/training\/reiki-usui-shiki-ryoho-tibet\/#primaryimage"},"image":{"@id":"https:\/\/hu-care.ch\/en\/training\/reiki-usui-shiki-ryoho-tibet\/#primaryimage"},"thumbnailUrl":"https:\/\/hu-care.ch\/wp-content\/uploads\/2023\/02\/Reiki-Formation.jpg","datePublished":"2023-02-17T18:20:10+00:00","dateModified":"2023-08-11T08:58:57+00:00","description":"Discover Reiki Usui\u00a9 deep healing at Hu Care. Enhance your well-being, enjoy relaxation and experience renewal like never before. Unleash your inner harmony.","breadcrumb":{"@id":"https:\/\/hu-care.ch\/en\/training\/reiki-usui-shiki-ryoho-tibet\/#breadcrumb"},"inLanguage":"en-US","potentialAction":[{"@type":"ReadAction","target":["https:\/\/hu-care.ch\/en\/training\/reiki-usui-shiki-ryoho-tibet\/"]}]},{"@type":"ImageObject","inLanguage":"en-US","@id":"https:\/\/hu-care.ch\/en\/training\/reiki-usui-shiki-ryoho-tibet\/#primaryimage","url":"https:\/\/hu-care.ch\/wp-content\/uploads\/2023\/02\/Reiki-Formation.jpg","contentUrl":"https:\/\/hu-care.ch\/wp-content\/uploads\/2023\/02\/Reiki-Formation.jpg"},{"@type":"BreadcrumbList","@id":"https:\/\/hu-care.ch\/en\/training\/reiki-usui-shiki-ryoho-tibet\/#breadcrumb","itemListElement":[{"@type":"ListItem","position":1,"name":"Accueil","item":"https:\/\/hu-care.ch\/en\/"},{"@type":"ListItem","position":2,"name":"Training","item":"https:\/\/hu-care.ch\/en\/formations\/"},{"@type":"ListItem","position":3,"name":"Reiki Usui Shiki Ryoho \/ Tibet"}]},{"@type":"WebSite","@id":"https:\/\/hu-care.ch\/en\/#website","url":"https:\/\/hu-care.ch\/en\/","name":"Natacha Soussan - Hu Care","description":"Th\u00e9rapies Compl\u00e9mentaires, Formations, Produits Sant\u00e9","publisher":{"@id":"https:\/\/hu-care.ch\/en\/#organization"},"potentialAction":[{"@type":"SearchAction","target":{"@type":"EntryPoint","urlTemplate":"https:\/\/hu-care.ch\/en\/?s={search_term_string}"},"query-input":{"@type":"PropertyValueSpecification","valueRequired":true,"valueName":"search_term_string"}}],"inLanguage":"en-US"},{"@type":"Organization","@id":"https:\/\/hu-care.ch\/en\/#organization","name":"Hu Care","url":"https:\/\/hu-care.ch\/en\/","logo":{"@type":"ImageObject","inLanguage":"en-US","@id":"https:\/\/hu-care.ch\/en\/#\/schema\/logo\/image\/","url":"https:\/\/hu-care.ch\/wp-content\/uploads\/2023\/02\/hu_care.png","contentUrl":"https:\/\/hu-care.ch\/wp-content\/uploads\/2023\/02\/hu_care.png","width":1280,"height":1280,"caption":"Hu Care"},"image":{"@id":"https:\/\/hu-care.ch\/en\/#\/schema\/logo\/image\/"},"sameAs":["https:\/\/www.facebook.com\/people\/Cabinet-Manaia\/100086857133927\/","https:\/\/www.instagram.com\/_hu.care_\/","https:\/\/www.linkedin.com\/in\/natacha-soussan-a96721256\/?originalSubdomain=ch"]}]}},"_links":{"self":[{"href":"https:\/\/hu-care.ch\/en\/wp-json\/wp\/v2\/pages\/30979","targetHints":{"allow":["GET"]}}],"collection":[{"href":"https:\/\/hu-care.ch\/en\/wp-json\/wp\/v2\/pages"}],"about":[{"href":"https:\/\/hu-care.ch\/en\/wp-json\/wp\/v2\/types\/page"}],"author":[{"embeddable":true,"href":"https:\/\/hu-care.ch\/en\/wp-json\/wp\/v2\/users\/1"}],"replies":[{"embeddable":true,"href":"https:\/\/hu-care.ch\/en\/wp-json\/wp\/v2\/comments?post=30979"}],"version-history":[{"count":0,"href":"https:\/\/hu-care.ch\/en\/wp-json\/wp\/v2\/pages\/30979\/revisions"}],"up":[{"embeddable":true,"href":"https:\/\/hu-care.ch\/en\/wp-json\/wp\/v2\/pages\/31007"}],"wp:attachment":[{"href":"https:\/\/hu-care.ch\/en\/wp-json\/wp\/v2\/media?parent=30979"}],"curies":[{"name":"wp","href":"https:\/\/api.w.org\/{rel}","templated":true}]}}