{"id":30986,"date":"2023-02-22T15:34:59","date_gmt":"2023-02-22T14:34:59","guid":{"rendered":"https:\/\/hu-care.ch\/make-an-appointment\/"},"modified":"2023-03-14T11:39:57","modified_gmt":"2023-03-14T10:39:57","slug":"make-an-appointment","status":"publish","type":"page","link":"https:\/\/hu-care.ch\/en\/make-an-appointment\/","title":{"rendered":"Make an appointment"},"content":{"rendered":"\t\t<div data-elementor-type=\"wp-page\" data-elementor-id=\"30986\" class=\"elementor elementor-30986 elementor-29866\" data-elementor-post-type=\"page\">\n\t\t\t\t\t\t<section class=\"elementor-section elementor-top-section elementor-element elementor-element-bcb9a21 elementor-section-boxed elementor-section-height-default elementor-section-height-default\" data-id=\"bcb9a21\" data-element_type=\"section\" data-e-type=\"section\">\n\t\t\t\t\t\t<div class=\"elementor-container elementor-column-gap-no\">\n\t\t\t\t\t<div class=\"elementor-column elementor-col-100 elementor-top-column elementor-element elementor-element-faa4f47\" data-id=\"faa4f47\" data-element_type=\"column\" data-e-type=\"column\">\n\t\t\t<div class=\"elementor-widget-wrap elementor-element-populated\">\n\t\t\t\t\t\t<div class=\"elementor-element elementor-element-fdadbb7 elementor-widget elementor-widget-mellis_elementor_heading\" data-id=\"fdadbb7\" data-element_type=\"widget\" data-e-type=\"widget\" data-widget_type=\"mellis_elementor_heading.default\">\n\t\t\t\t<div class=\"elementor-widget-container\">\n\t\t\t\t\t\n\t\t<div class=\"ova-title template_1 \">\n\n\t\t\t\t\t\t\t<div class=\"sub-title-wrapper\">\n\t\t\t\t\t\t\t\t\t\t<h3 class=\"sub-title\">A disposition<\/h3>\n\t\t\t\t\t\t\t\t\t<\/div>\n\t\t\t\n\t\t\t\t\t\t\t<div class=\"title-wrapper\">\n\t\t\t\t\n\t\t\t\t\t<h2 class=\"title\">Prise de rendez-vous<\/h2>\n\n\t\t\t\t\t\t\t\t<\/div>\n\t\t\t\n\t\t\t\n\t\t<\/div>\n\t\t \t\n\n\t\t\t\t\t\t<\/div>\n\t\t\t\t<\/div>\n\t\t\t\t\t<\/div>\n\t\t<\/div>\n\t\t\t\t\t<\/div>\n\t\t<\/section>\n\t\t\t\t<section class=\"elementor-section elementor-top-section elementor-element elementor-element-8cfd0b1 elementor-section-boxed elementor-section-height-default elementor-section-height-default\" data-id=\"8cfd0b1\" data-element_type=\"section\" data-e-type=\"section\">\n\t\t\t\t\t\t<div class=\"elementor-container elementor-column-gap-no\">\n\t\t\t\t\t<div class=\"elementor-column elementor-col-100 elementor-top-column elementor-element elementor-element-db8b645\" data-id=\"db8b645\" data-element_type=\"column\" data-e-type=\"column\">\n\t\t\t<div class=\"elementor-widget-wrap elementor-element-populated\">\n\t\t\t\t\t\t<div class=\"elementor-element elementor-element-8cd5666 elementor-widget elementor-widget-shortcode\" data-id=\"8cd5666\" data-element_type=\"widget\" data-e-type=\"widget\" data-widget_type=\"shortcode.default\">\n\t\t\t\t\t\t\t<div class=\"elementor-shortcode\"><iframe class=\"od-widget\" id=\"od-widget-8e86eb5aa431ba048227804a2115194dcc0f1cf4eb1db85f678b726ad55faeb7\" src=\"about:blank\" data-src=\"https:\/\/www.onedoc.ch\/fr\/widget\/8e86eb5aa431ba048227804a2115194dcc0f1cf4eb1db85f678b726ad55faeb7\" frameborder=\"0\" style=\"width:100%;max-width:1024px;height:400px\"><\/iframe><\/div>\n\t\t\t\t\t\t<\/div>\n\t\t\t\t<div class=\"elementor-element elementor-element-4186635 elementor-widget elementor-widget-html\" data-id=\"4186635\" data-element_type=\"widget\" data-e-type=\"widget\" data-widget_type=\"html.default\">\n\t\t\t\t\t<script>window.addEventListener(\"message\",function(t){var e=t.data[\"od-widget-id\"],d=t.data[\"od-widget-height\"],a=t.data[\"od-widget-ios\"];if(e){var i=document.getElementById(\"od-widget-\"+e);d&&(i.style.height=d+\"px\"),!0===a&&(i.style.width=\"100px\",i.style[\"min-width\"]=\"100%\",i.scrolling=\"no\")>,window.addEventListener(\"load\",function(t){for(var e=document.querySelectorAll(\"iframe.od-widget\"),d=0;d<e.length;d++){var a=e[d];a.dataset&&a.dataset.src&&(a.src=a.dataset.src)>;<\/script>\t\t\t\t<\/div>\n\t\t\t\t\t<\/div>\n\t\t<\/div>\n\t\t\t\t\t<\/div>\n\t\t<\/section>\n\t\t\t\t<\/div>\n\t\t","protected":false},"excerpt":{"rendered":"<p>A disposition Prise de rendez-vous<\/p>\n","protected":false},"author":1,"featured_media":0,"parent":0,"menu_order":0,"comment_status":"closed","ping_status":"closed","template":"elementor_header_footer","meta":{"footnotes":""},"class_list":["post-30986","page","type-page","status-publish","hentry"],"yoast_head":"<!-- This site is optimized with the Yoast SEO plugin v27.5 - https:\/\/yoast.com\/product\/yoast-seo-wordpress\/ -->\n<title>Make an appointment - Hu Care<\/title>\n<meta name=\"robots\" content=\"index, follow, max-snippet:-1, max-image-preview:large, max-video-preview:-1\" \/>\n<link rel=\"canonical\" href=\"https:\/\/hu-care.ch\/en\/make-an-appointment\/\" \/>\n<meta property=\"og:locale\" content=\"en_US\" \/>\n<meta property=\"og:type\" content=\"article\" \/>\n<meta property=\"og:title\" content=\"Make an appointment - Hu Care\" \/>\n<meta property=\"og:description\" content=\"A disposition Prise de rendez-vous\" \/>\n<meta property=\"og:url\" content=\"https:\/\/hu-care.ch\/en\/make-an-appointment\/\" \/>\n<meta property=\"og:site_name\" content=\"Hu Care\" \/>\n<meta property=\"article:publisher\" content=\"https:\/\/www.facebook.com\/people\/Cabinet-Manaia\/100086857133927\/\" \/>\n<meta property=\"article:modified_time\" content=\"2023-03-14T10:39:57+00:00\" \/>\n<meta name=\"twitter:card\" content=\"summary_large_image\" \/>\n<script type=\"application\/ld+json\" class=\"yoast-schema-graph\">{\"@context\":\"https:\\\/\\\/schema.org\",\"@graph\":[{\"@type\":\"WebPage\",\"@id\":\"https:\\\/\\\/hu-care.ch\\\/en\\\/make-an-appointment\\\/\",\"url\":\"https:\\\/\\\/hu-care.ch\\\/en\\\/make-an-appointment\\\/\",\"name\":\"Make an appointment - Hu Care\",\"isPartOf\":{\"@id\":\"https:\\\/\\\/hu-care.ch\\\/en\\\/#website\"},\"datePublished\":\"2023-02-22T14:34:59+00:00\",\"dateModified\":\"2023-03-14T10:39:57+00:00\",\"breadcrumb\":{\"@id\":\"https:\\\/\\\/hu-care.ch\\\/en\\\/make-an-appointment\\\/#breadcrumb\"},\"inLanguage\":\"en-US\",\"potentialAction\":[{\"@type\":\"ReadAction\",\"target\":[\"https:\\\/\\\/hu-care.ch\\\/en\\\/make-an-appointment\\\/\"]}]},{\"@type\":\"BreadcrumbList\",\"@id\":\"https:\\\/\\\/hu-care.ch\\\/en\\\/make-an-appointment\\\/#breadcrumb\",\"itemListElement\":[{\"@type\":\"ListItem\",\"position\":1,\"name\":\"Accueil\",\"item\":\"https:\\\/\\\/hu-care.ch\\\/en\\\/\"},{\"@type\":\"ListItem\",\"position\":2,\"name\":\"Make an appointment\"}]},{\"@type\":\"WebSite\",\"@id\":\"https:\\\/\\\/hu-care.ch\\\/en\\\/#website\",\"url\":\"https:\\\/\\\/hu-care.ch\\\/en\\\/\",\"name\":\"Natacha Soussan - Hu Care\",\"description\":\"Th\u00e9rapies Compl\u00e9mentaires, Formations, Produits Sant\u00e9\",\"publisher\":{\"@id\":\"https:\\\/\\\/hu-care.ch\\\/en\\\/#organization\"},\"potentialAction\":[{\"@type\":\"SearchAction\",\"target\":{\"@type\":\"EntryPoint\",\"urlTemplate\":\"https:\\\/\\\/hu-care.ch\\\/en\\\/?s={search_term_string}\"},\"query-input\":{\"@type\":\"PropertyValueSpecification\",\"valueRequired\":true,\"valueName\":\"search_term_string\"}}],\"inLanguage\":\"en-US\"},{\"@type\":\"Organization\",\"@id\":\"https:\\\/\\\/hu-care.ch\\\/en\\\/#organization\",\"name\":\"Hu Care\",\"url\":\"https:\\\/\\\/hu-care.ch\\\/en\\\/\",\"logo\":{\"@type\":\"ImageObject\",\"inLanguage\":\"en-US\",\"@id\":\"https:\\\/\\\/hu-care.ch\\\/en\\\/#\\\/schema\\\/logo\\\/image\\\/\",\"url\":\"https:\\\/\\\/hu-care.ch\\\/wp-content\\\/uploads\\\/2023\\\/02\\\/hu_care.png\",\"contentUrl\":\"https:\\\/\\\/hu-care.ch\\\/wp-content\\\/uploads\\\/2023\\\/02\\\/hu_care.png\",\"width\":1280,\"height\":1280,\"caption\":\"Hu Care\"},\"image\":{\"@id\":\"https:\\\/\\\/hu-care.ch\\\/en\\\/#\\\/schema\\\/logo\\\/image\\\/\"},\"sameAs\":[\"https:\\\/\\\/www.facebook.com\\\/people\\\/Cabinet-Manaia\\\/100086857133927\\\/\",\"https:\\\/\\\/www.instagram.com\\\/_hu.care_\\\/\",\"https:\\\/\\\/www.linkedin.com\\\/in\\\/natacha-soussan-a96721256\\\/?originalSubdomain=ch\"]}]}<\/script>\n<!-- \/ Yoast SEO plugin. -->","yoast_head_json":{"title":"Make an appointment - Hu Care","robots":{"index":"index","follow":"follow","max-snippet":"max-snippet:-1","max-image-preview":"max-image-preview:large","max-video-preview":"max-video-preview:-1"},"canonical":"https:\/\/hu-care.ch\/en\/make-an-appointment\/","og_locale":"en_US","og_type":"article","og_title":"Make an appointment - Hu Care","og_description":"A disposition Prise de rendez-vous","og_url":"https:\/\/hu-care.ch\/en\/make-an-appointment\/","og_site_name":"Hu Care","article_publisher":"https:\/\/www.facebook.com\/people\/Cabinet-Manaia\/100086857133927\/","article_modified_time":"2023-03-14T10:39:57+00:00","twitter_card":"summary_large_image","schema":{"@context":"https:\/\/schema.org","@graph":[{"@type":"WebPage","@id":"https:\/\/hu-care.ch\/en\/make-an-appointment\/","url":"https:\/\/hu-care.ch\/en\/make-an-appointment\/","name":"Make an appointment - Hu Care","isPartOf":{"@id":"https:\/\/hu-care.ch\/en\/#website"},"datePublished":"2023-02-22T14:34:59+00:00","dateModified":"2023-03-14T10:39:57+00:00","breadcrumb":{"@id":"https:\/\/hu-care.ch\/en\/make-an-appointment\/#breadcrumb"},"inLanguage":"en-US","potentialAction":[{"@type":"ReadAction","target":["https:\/\/hu-care.ch\/en\/make-an-appointment\/"]}]},{"@type":"BreadcrumbList","@id":"https:\/\/hu-care.ch\/en\/make-an-appointment\/#breadcrumb","itemListElement":[{"@type":"ListItem","position":1,"name":"Accueil","item":"https:\/\/hu-care.ch\/en\/"},{"@type":"ListItem","position":2,"name":"Make an appointment"}]},{"@type":"WebSite","@id":"https:\/\/hu-care.ch\/en\/#website","url":"https:\/\/hu-care.ch\/en\/","name":"Natacha Soussan - Hu Care","description":"Th\u00e9rapies Compl\u00e9mentaires, Formations, Produits Sant\u00e9","publisher":{"@id":"https:\/\/hu-care.ch\/en\/#organization"},"potentialAction":[{"@type":"SearchAction","target":{"@type":"EntryPoint","urlTemplate":"https:\/\/hu-care.ch\/en\/?s={search_term_string}"},"query-input":{"@type":"PropertyValueSpecification","valueRequired":true,"valueName":"search_term_string"}}],"inLanguage":"en-US"},{"@type":"Organization","@id":"https:\/\/hu-care.ch\/en\/#organization","name":"Hu Care","url":"https:\/\/hu-care.ch\/en\/","logo":{"@type":"ImageObject","inLanguage":"en-US","@id":"https:\/\/hu-care.ch\/en\/#\/schema\/logo\/image\/","url":"https:\/\/hu-care.ch\/wp-content\/uploads\/2023\/02\/hu_care.png","contentUrl":"https:\/\/hu-care.ch\/wp-content\/uploads\/2023\/02\/hu_care.png","width":1280,"height":1280,"caption":"Hu Care"},"image":{"@id":"https:\/\/hu-care.ch\/en\/#\/schema\/logo\/image\/"},"sameAs":["https:\/\/www.facebook.com\/people\/Cabinet-Manaia\/100086857133927\/","https:\/\/www.instagram.com\/_hu.care_\/","https:\/\/www.linkedin.com\/in\/natacha-soussan-a96721256\/?originalSubdomain=ch"]}]}},"_links":{"self":[{"href":"https:\/\/hu-care.ch\/en\/wp-json\/wp\/v2\/pages\/30986","targetHints":{"allow":["GET"]}}],"collection":[{"href":"https:\/\/hu-care.ch\/en\/wp-json\/wp\/v2\/pages"}],"about":[{"href":"https:\/\/hu-care.ch\/en\/wp-json\/wp\/v2\/types\/page"}],"author":[{"embeddable":true,"href":"https:\/\/hu-care.ch\/en\/wp-json\/wp\/v2\/users\/1"}],"replies":[{"embeddable":true,"href":"https:\/\/hu-care.ch\/en\/wp-json\/wp\/v2\/comments?post=30986"}],"version-history":[{"count":0,"href":"https:\/\/hu-care.ch\/en\/wp-json\/wp\/v2\/pages\/30986\/revisions"}],"wp:attachment":[{"href":"https:\/\/hu-care.ch\/en\/wp-json\/wp\/v2\/media?parent=30986"}],"curies":[{"name":"wp","href":"https:\/\/api.w.org\/{rel}","templated":true}]}}