{"id":31016,"date":"2023-02-22T16:15:59","date_gmt":"2023-02-22T15:15:59","guid":{"rendered":"https:\/\/hu-care.ch\/training\/hypersensitivity-gaining-confidence-in-your-feelings\/"},"modified":"2023-08-07T09:22:18","modified_gmt":"2023-08-07T07:22:18","slug":"hypersensitivity-gaining-confidence-in-your-feelings","status":"publish","type":"page","link":"https:\/\/hu-care.ch\/en\/training\/hypersensitivity-gaining-confidence-in-your-feelings\/","title":{"rendered":"Hypersensitivity: gaining confidence in your feelings"},"content":{"rendered":"\t\t<div data-elementor-type=\"wp-page\" data-elementor-id=\"31016\" class=\"elementor elementor-31016 elementor-29918\" data-elementor-post-type=\"page\">\n\t\t\t\t\t\t<section class=\"elementor-section elementor-top-section elementor-element elementor-element-bcb9a21 elementor-section-boxed elementor-section-height-default elementor-section-height-default\" data-id=\"bcb9a21\" data-element_type=\"section\" data-e-type=\"section\">\n\t\t\t\t\t\t<div class=\"elementor-container elementor-column-gap-no\">\n\t\t\t\t\t<div class=\"elementor-column elementor-col-100 elementor-top-column elementor-element elementor-element-faa4f47\" data-id=\"faa4f47\" data-element_type=\"column\" data-e-type=\"column\">\n\t\t\t<div class=\"elementor-widget-wrap elementor-element-populated\">\n\t\t\t\t\t\t<div class=\"elementor-element elementor-element-1622d2d elementor-widget elementor-widget-heading\" data-id=\"1622d2d\" data-element_type=\"widget\" data-e-type=\"widget\" data-widget_type=\"heading.default\">\n\t\t\t\t\t<h3 class=\"elementor-heading-title elementor-size-default\">TRAININGS<\/h3>\t\t\t\t<\/div>\n\t\t\t\t<div class=\"elementor-element elementor-element-c291493 elementor-widget elementor-widget-heading\" data-id=\"c291493\" data-element_type=\"widget\" data-e-type=\"widget\" data-widget_type=\"heading.default\">\n\t\t\t\t\t<h2 class=\"elementor-heading-title elementor-size-default\">Hypersensitivity: gaining confidence in your feelings<\/h2>\t\t\t\t<\/div>\n\t\t\t\t<div class=\"elementor-element elementor-element-c33dac6 elementor-widget elementor-widget-text-editor\" data-id=\"c33dac6\" data-element_type=\"widget\" data-e-type=\"widget\" data-widget_type=\"text-editor.default\">\n\t\t\t\t\t\t\t\t\t<p>I propose you to discover during one day how to feel better with your <a href=\"https:\/\/hu-care.ch\/de\/service\/lemuria-code\/\">hypersensitivity<\/a>.<\/p>\n<p>How to apprehend a change of energy, how to feel better with what we perceive, what we feel.<br \/>Work on the management of vibrations and frequencies of spaces and people.<br \/>(Re)finding confidence in your energy sensors.<\/p>\n<p>At the Castle of Renens-sur-Roche<br \/>Opening hours: from 9am to 5pm<\/p>\n<p class=\"\">Price per person: 180 chf \/ day<\/p>\n\t\t\t\t\t\t\t\t<\/div>\n\t\t\t\t\t<\/div>\n\t\t<\/div>\n\t\t\t\t\t<\/div>\n\t\t<\/section>\n\t\t\t\t<section class=\"elementor-section elementor-top-section elementor-element elementor-element-8cfd0b1 elementor-section-boxed elementor-section-height-default elementor-section-height-default\" data-id=\"8cfd0b1\" data-element_type=\"section\" data-e-type=\"section\">\n\t\t\t\t\t\t<div class=\"elementor-container elementor-column-gap-no\">\n\t\t\t\t\t<div class=\"elementor-column elementor-col-50 elementor-top-column elementor-element elementor-element-db8b645\" data-id=\"db8b645\" data-element_type=\"column\" data-e-type=\"column\">\n\t\t\t<div class=\"elementor-widget-wrap elementor-element-populated\">\n\t\t\t\t\t\t<div class=\"elementor-element elementor-element-77bc5f0 elementor-widget elementor-widget-image\" data-id=\"77bc5f0\" data-element_type=\"widget\" data-e-type=\"widget\" data-widget_type=\"image.default\">\n\t\t\t\t\t\t\t\t\t\t\t\t\t\t\t<img fetchpriority=\"high\" decoding=\"async\" width=\"300\" height=\"375\" src=\"https:\/\/hu-care.ch\/wp-content\/uploads\/2023\/02\/Hypersensibilite.jpeg\" class=\"attachment-large size-large wp-image-30912\" alt=\"\" srcset=\"https:\/\/hu-care.ch\/wp-content\/uploads\/2023\/02\/Hypersensibilite.jpeg 300w, https:\/\/hu-care.ch\/wp-content\/uploads\/2023\/02\/Hypersensibilite-240x300.jpeg 240w, https:\/\/hu-care.ch\/wp-content\/uploads\/2023\/02\/Hypersensibilite-64x80.jpeg 64w\" sizes=\"(max-width: 300px) 100vw, 300px\" \/>\t\t\t\t\t\t\t\t\t\t\t\t\t\t\t<\/div>\n\t\t\t\t\t<\/div>\n\t\t<\/div>\n\t\t\t\t<div class=\"elementor-column elementor-col-50 elementor-top-column elementor-element elementor-element-c22c17a\" data-id=\"c22c17a\" data-element_type=\"column\" data-e-type=\"column\">\n\t\t\t<div class=\"elementor-widget-wrap elementor-element-populated\">\n\t\t\t\t\t\t<div class=\"elementor-element elementor-element-26d7c69 elementor-widget elementor-widget-ameliaevents\" data-id=\"26d7c69\" data-element_type=\"widget\" data-e-type=\"widget\" data-widget_type=\"ameliaevents.default\">\n\t\t\t\t<div class=\"elementor-widget-container\">\n\t\t\t\t\t<script>\n  if (typeof hasAmeliaEvent === 'undefined') {\n    var hasAmeliaEvent = true;\n  }\n  if (typeof hasEventApiCall === 'undefined' && '' === '') {\n    var hasEventApiCall = true;\n  }\n  var hasEventShortcode = (typeof hasEventShortcode === 'undefined') ? false : true;\n  var bookingEntitiesIds = (typeof bookingEntitiesIds === 'undefined') ? [] : bookingEntitiesIds;\n  bookingEntitiesIds.push(\n    {\n      'hasApiCall': (typeof hasEventApiCall !== 'undefined') && hasEventApiCall,\n      'trigger': '',\n      'counter': '0',\n      'employee': '',\n      'eventId': '',\n      'eventRecurring': 0,\n      'eventTag': \"Hypersensibilit\u00e9\"\n    }\n  );\n  var lazyBookingEntitiesIds = (typeof lazyBookingEntitiesIds === 'undefined') ? [] : lazyBookingEntitiesIds;\n  if (bookingEntitiesIds[bookingEntitiesIds.length - 1].trigger !== '') {\n    lazyBookingEntitiesIds.push(bookingEntitiesIds.pop());\n  }\n  if (typeof hasEventApiCall !== 'undefined' && hasEventApiCall) {\n    hasEventApiCall = false;\n  }\n<\/script>\n\n<div id=\"amelia-app-booking0\" class=\"amelia-service amelia-frontend amelia-app-booking\">\n    <events-list><\/events-list><\/div>\n\t\t\t\t<\/div>\n\t\t\t\t<\/div>\n\t\t\t\t\t<\/div>\n\t\t<\/div>\n\t\t\t\t\t<\/div>\n\t\t<\/section>\n\t\t\t\t<\/div>\n\t\t","protected":false},"excerpt":{"rendered":"<p>TRAININGS Hypersensitivity: gaining confidence in your feelings I propose you to discover during one day how to feel better with your hypersensitivity. How to apprehend a change of energy, how to feel better with what we perceive, what we feel.Work on the management of vibrations and frequencies of spaces and people.(Re)finding confidence in your energy [&hellip;]<\/p>\n","protected":false},"author":1,"featured_media":0,"parent":31007,"menu_order":0,"comment_status":"closed","ping_status":"closed","template":"elementor_header_footer","meta":{"footnotes":""},"class_list":["post-31016","page","type-page","status-publish","hentry"],"yoast_head":"<!-- This site is optimized with the Yoast SEO plugin v27.4 - https:\/\/yoast.com\/product\/yoast-seo-wordpress\/ -->\n<title>Hypersensitivity: gaining confidence in your feelings - Hu Care<\/title>\n<meta name=\"robots\" content=\"index, follow, max-snippet:-1, max-image-preview:large, max-video-preview:-1\" \/>\n<link rel=\"canonical\" href=\"https:\/\/hu-care.ch\/en\/training\/hypersensitivity-gaining-confidence-in-your-feelings\/\" \/>\n<meta property=\"og:locale\" content=\"en_US\" \/>\n<meta property=\"og:type\" content=\"article\" \/>\n<meta property=\"og:title\" content=\"Hypersensitivity: gaining confidence in your feelings - Hu Care\" \/>\n<meta property=\"og:description\" content=\"TRAININGS Hypersensitivity: gaining confidence in your feelings I propose you to discover during one day how to feel better with your hypersensitivity. How to apprehend a change of energy, how to feel better with what we perceive, what we feel.Work on the management of vibrations and frequencies of spaces and people.(Re)finding confidence in your energy [&hellip;]\" \/>\n<meta property=\"og:url\" content=\"https:\/\/hu-care.ch\/en\/training\/hypersensitivity-gaining-confidence-in-your-feelings\/\" \/>\n<meta property=\"og:site_name\" content=\"Hu Care\" \/>\n<meta property=\"article:publisher\" content=\"https:\/\/www.facebook.com\/people\/Cabinet-Manaia\/100086857133927\/\" \/>\n<meta property=\"article:modified_time\" content=\"2023-08-07T07:22:18+00:00\" \/>\n<meta property=\"og:image\" content=\"https:\/\/hu-care.ch\/wp-content\/uploads\/2023\/02\/Hypersensibilite.jpeg\" \/>\n<meta name=\"twitter:card\" content=\"summary_large_image\" \/>\n<script type=\"application\/ld+json\" class=\"yoast-schema-graph\">{\"@context\":\"https:\\\/\\\/schema.org\",\"@graph\":[{\"@type\":\"WebPage\",\"@id\":\"https:\\\/\\\/hu-care.ch\\\/en\\\/training\\\/hypersensitivity-gaining-confidence-in-your-feelings\\\/\",\"url\":\"https:\\\/\\\/hu-care.ch\\\/en\\\/training\\\/hypersensitivity-gaining-confidence-in-your-feelings\\\/\",\"name\":\"Hypersensitivity: gaining confidence in your feelings - Hu Care\",\"isPartOf\":{\"@id\":\"https:\\\/\\\/hu-care.ch\\\/en\\\/#website\"},\"primaryImageOfPage\":{\"@id\":\"https:\\\/\\\/hu-care.ch\\\/en\\\/training\\\/hypersensitivity-gaining-confidence-in-your-feelings\\\/#primaryimage\"},\"image\":{\"@id\":\"https:\\\/\\\/hu-care.ch\\\/en\\\/training\\\/hypersensitivity-gaining-confidence-in-your-feelings\\\/#primaryimage\"},\"thumbnailUrl\":\"https:\\\/\\\/hu-care.ch\\\/wp-content\\\/uploads\\\/2023\\\/02\\\/Hypersensibilite.jpeg\",\"datePublished\":\"2023-02-22T15:15:59+00:00\",\"dateModified\":\"2023-08-07T07:22:18+00:00\",\"breadcrumb\":{\"@id\":\"https:\\\/\\\/hu-care.ch\\\/en\\\/training\\\/hypersensitivity-gaining-confidence-in-your-feelings\\\/#breadcrumb\"},\"inLanguage\":\"en-US\",\"potentialAction\":[{\"@type\":\"ReadAction\",\"target\":[\"https:\\\/\\\/hu-care.ch\\\/en\\\/training\\\/hypersensitivity-gaining-confidence-in-your-feelings\\\/\"]}]},{\"@type\":\"ImageObject\",\"inLanguage\":\"en-US\",\"@id\":\"https:\\\/\\\/hu-care.ch\\\/en\\\/training\\\/hypersensitivity-gaining-confidence-in-your-feelings\\\/#primaryimage\",\"url\":\"https:\\\/\\\/hu-care.ch\\\/wp-content\\\/uploads\\\/2023\\\/02\\\/Hypersensibilite.jpeg\",\"contentUrl\":\"https:\\\/\\\/hu-care.ch\\\/wp-content\\\/uploads\\\/2023\\\/02\\\/Hypersensibilite.jpeg\"},{\"@type\":\"BreadcrumbList\",\"@id\":\"https:\\\/\\\/hu-care.ch\\\/en\\\/training\\\/hypersensitivity-gaining-confidence-in-your-feelings\\\/#breadcrumb\",\"itemListElement\":[{\"@type\":\"ListItem\",\"position\":1,\"name\":\"Accueil\",\"item\":\"https:\\\/\\\/hu-care.ch\\\/en\\\/\"},{\"@type\":\"ListItem\",\"position\":2,\"name\":\"Training\",\"item\":\"https:\\\/\\\/hu-care.ch\\\/en\\\/formations\\\/\"},{\"@type\":\"ListItem\",\"position\":3,\"name\":\"Hypersensitivity: gaining confidence in your feelings\"}]},{\"@type\":\"WebSite\",\"@id\":\"https:\\\/\\\/hu-care.ch\\\/en\\\/#website\",\"url\":\"https:\\\/\\\/hu-care.ch\\\/en\\\/\",\"name\":\"Natacha Soussan - Hu Care\",\"description\":\"Th\u00e9rapies Compl\u00e9mentaires, Formations, Produits Sant\u00e9\",\"publisher\":{\"@id\":\"https:\\\/\\\/hu-care.ch\\\/en\\\/#organization\"},\"potentialAction\":[{\"@type\":\"SearchAction\",\"target\":{\"@type\":\"EntryPoint\",\"urlTemplate\":\"https:\\\/\\\/hu-care.ch\\\/en\\\/?s={search_term_string}\"},\"query-input\":{\"@type\":\"PropertyValueSpecification\",\"valueRequired\":true,\"valueName\":\"search_term_string\"}}],\"inLanguage\":\"en-US\"},{\"@type\":\"Organization\",\"@id\":\"https:\\\/\\\/hu-care.ch\\\/en\\\/#organization\",\"name\":\"Hu Care\",\"url\":\"https:\\\/\\\/hu-care.ch\\\/en\\\/\",\"logo\":{\"@type\":\"ImageObject\",\"inLanguage\":\"en-US\",\"@id\":\"https:\\\/\\\/hu-care.ch\\\/en\\\/#\\\/schema\\\/logo\\\/image\\\/\",\"url\":\"https:\\\/\\\/hu-care.ch\\\/wp-content\\\/uploads\\\/2023\\\/02\\\/hu_care.png\",\"contentUrl\":\"https:\\\/\\\/hu-care.ch\\\/wp-content\\\/uploads\\\/2023\\\/02\\\/hu_care.png\",\"width\":1280,\"height\":1280,\"caption\":\"Hu Care\"},\"image\":{\"@id\":\"https:\\\/\\\/hu-care.ch\\\/en\\\/#\\\/schema\\\/logo\\\/image\\\/\"},\"sameAs\":[\"https:\\\/\\\/www.facebook.com\\\/people\\\/Cabinet-Manaia\\\/100086857133927\\\/\",\"https:\\\/\\\/www.instagram.com\\\/_hu.care_\\\/\",\"https:\\\/\\\/www.linkedin.com\\\/in\\\/natacha-soussan-a96721256\\\/?originalSubdomain=ch\"]}]}<\/script>\n<!-- \/ Yoast SEO plugin. -->","yoast_head_json":{"title":"Hypersensitivity: gaining confidence in your feelings - Hu Care","robots":{"index":"index","follow":"follow","max-snippet":"max-snippet:-1","max-image-preview":"max-image-preview:large","max-video-preview":"max-video-preview:-1"},"canonical":"https:\/\/hu-care.ch\/en\/training\/hypersensitivity-gaining-confidence-in-your-feelings\/","og_locale":"en_US","og_type":"article","og_title":"Hypersensitivity: gaining confidence in your feelings - Hu Care","og_description":"TRAININGS Hypersensitivity: gaining confidence in your feelings I propose you to discover during one day how to feel better with your hypersensitivity. How to apprehend a change of energy, how to feel better with what we perceive, what we feel.Work on the management of vibrations and frequencies of spaces and people.(Re)finding confidence in your energy [&hellip;]","og_url":"https:\/\/hu-care.ch\/en\/training\/hypersensitivity-gaining-confidence-in-your-feelings\/","og_site_name":"Hu Care","article_publisher":"https:\/\/www.facebook.com\/people\/Cabinet-Manaia\/100086857133927\/","article_modified_time":"2023-08-07T07:22:18+00:00","og_image":[{"url":"https:\/\/hu-care.ch\/wp-content\/uploads\/2023\/02\/Hypersensibilite.jpeg","type":"","width":"","height":""}],"twitter_card":"summary_large_image","schema":{"@context":"https:\/\/schema.org","@graph":[{"@type":"WebPage","@id":"https:\/\/hu-care.ch\/en\/training\/hypersensitivity-gaining-confidence-in-your-feelings\/","url":"https:\/\/hu-care.ch\/en\/training\/hypersensitivity-gaining-confidence-in-your-feelings\/","name":"Hypersensitivity: gaining confidence in your feelings - Hu Care","isPartOf":{"@id":"https:\/\/hu-care.ch\/en\/#website"},"primaryImageOfPage":{"@id":"https:\/\/hu-care.ch\/en\/training\/hypersensitivity-gaining-confidence-in-your-feelings\/#primaryimage"},"image":{"@id":"https:\/\/hu-care.ch\/en\/training\/hypersensitivity-gaining-confidence-in-your-feelings\/#primaryimage"},"thumbnailUrl":"https:\/\/hu-care.ch\/wp-content\/uploads\/2023\/02\/Hypersensibilite.jpeg","datePublished":"2023-02-22T15:15:59+00:00","dateModified":"2023-08-07T07:22:18+00:00","breadcrumb":{"@id":"https:\/\/hu-care.ch\/en\/training\/hypersensitivity-gaining-confidence-in-your-feelings\/#breadcrumb"},"inLanguage":"en-US","potentialAction":[{"@type":"ReadAction","target":["https:\/\/hu-care.ch\/en\/training\/hypersensitivity-gaining-confidence-in-your-feelings\/"]}]},{"@type":"ImageObject","inLanguage":"en-US","@id":"https:\/\/hu-care.ch\/en\/training\/hypersensitivity-gaining-confidence-in-your-feelings\/#primaryimage","url":"https:\/\/hu-care.ch\/wp-content\/uploads\/2023\/02\/Hypersensibilite.jpeg","contentUrl":"https:\/\/hu-care.ch\/wp-content\/uploads\/2023\/02\/Hypersensibilite.jpeg"},{"@type":"BreadcrumbList","@id":"https:\/\/hu-care.ch\/en\/training\/hypersensitivity-gaining-confidence-in-your-feelings\/#breadcrumb","itemListElement":[{"@type":"ListItem","position":1,"name":"Accueil","item":"https:\/\/hu-care.ch\/en\/"},{"@type":"ListItem","position":2,"name":"Training","item":"https:\/\/hu-care.ch\/en\/formations\/"},{"@type":"ListItem","position":3,"name":"Hypersensitivity: gaining confidence in your feelings"}]},{"@type":"WebSite","@id":"https:\/\/hu-care.ch\/en\/#website","url":"https:\/\/hu-care.ch\/en\/","name":"Natacha Soussan - Hu Care","description":"Th\u00e9rapies Compl\u00e9mentaires, Formations, Produits Sant\u00e9","publisher":{"@id":"https:\/\/hu-care.ch\/en\/#organization"},"potentialAction":[{"@type":"SearchAction","target":{"@type":"EntryPoint","urlTemplate":"https:\/\/hu-care.ch\/en\/?s={search_term_string}"},"query-input":{"@type":"PropertyValueSpecification","valueRequired":true,"valueName":"search_term_string"}}],"inLanguage":"en-US"},{"@type":"Organization","@id":"https:\/\/hu-care.ch\/en\/#organization","name":"Hu Care","url":"https:\/\/hu-care.ch\/en\/","logo":{"@type":"ImageObject","inLanguage":"en-US","@id":"https:\/\/hu-care.ch\/en\/#\/schema\/logo\/image\/","url":"https:\/\/hu-care.ch\/wp-content\/uploads\/2023\/02\/hu_care.png","contentUrl":"https:\/\/hu-care.ch\/wp-content\/uploads\/2023\/02\/hu_care.png","width":1280,"height":1280,"caption":"Hu Care"},"image":{"@id":"https:\/\/hu-care.ch\/en\/#\/schema\/logo\/image\/"},"sameAs":["https:\/\/www.facebook.com\/people\/Cabinet-Manaia\/100086857133927\/","https:\/\/www.instagram.com\/_hu.care_\/","https:\/\/www.linkedin.com\/in\/natacha-soussan-a96721256\/?originalSubdomain=ch"]}]}},"_links":{"self":[{"href":"https:\/\/hu-care.ch\/en\/wp-json\/wp\/v2\/pages\/31016","targetHints":{"allow":["GET"]}}],"collection":[{"href":"https:\/\/hu-care.ch\/en\/wp-json\/wp\/v2\/pages"}],"about":[{"href":"https:\/\/hu-care.ch\/en\/wp-json\/wp\/v2\/types\/page"}],"author":[{"embeddable":true,"href":"https:\/\/hu-care.ch\/en\/wp-json\/wp\/v2\/users\/1"}],"replies":[{"embeddable":true,"href":"https:\/\/hu-care.ch\/en\/wp-json\/wp\/v2\/comments?post=31016"}],"version-history":[{"count":0,"href":"https:\/\/hu-care.ch\/en\/wp-json\/wp\/v2\/pages\/31016\/revisions"}],"up":[{"embeddable":true,"href":"https:\/\/hu-care.ch\/en\/wp-json\/wp\/v2\/pages\/31007"}],"wp:attachment":[{"href":"https:\/\/hu-care.ch\/en\/wp-json\/wp\/v2\/media?parent=31016"}],"curies":[{"name":"wp","href":"https:\/\/api.w.org\/{rel}","templated":true}]}}