{"id":35794,"date":"2024-04-21T11:55:33","date_gmt":"2024-04-21T09:55:33","guid":{"rendered":"https:\/\/hu-care.ch\/?page_id=35794"},"modified":"2024-04-21T11:58:49","modified_gmt":"2024-04-21T09:58:49","slug":"shop-products","status":"publish","type":"page","link":"https:\/\/hu-care.ch\/en\/shop-products\/","title":{"rendered":"Shop"},"content":{"rendered":"\t\t<div data-elementor-type=\"wp-page\" data-elementor-id=\"35794\" class=\"elementor elementor-35794 elementor-35808\" data-elementor-post-type=\"page\">\n\t\t\t\t\t\t<section class=\"elementor-section elementor-top-section elementor-element elementor-element-ec9c5b0 elementor-section-boxed elementor-section-height-default elementor-section-height-default\" data-id=\"ec9c5b0\" data-element_type=\"section\" data-e-type=\"section\">\n\t\t\t\t\t\t<div class=\"elementor-container elementor-column-gap-no\">\n\t\t\t\t\t<div class=\"elementor-column elementor-col-100 elementor-top-column elementor-element elementor-element-3b8d5f5\" data-id=\"3b8d5f5\" data-element_type=\"column\" data-e-type=\"column\">\n\t\t\t<div class=\"elementor-widget-wrap elementor-element-populated\">\n\t\t\t\t\t\t<div class=\"elementor-element elementor-element-fe4f592 elementor-widget elementor-widget-heading\" data-id=\"fe4f592\" data-element_type=\"widget\" data-e-type=\"widget\" data-widget_type=\"heading.default\">\n\t\t\t\t\t<h1 class=\"elementor-heading-title elementor-size-default\">Hu Care<\/h1>\t\t\t\t<\/div>\n\t\t\t\t<div class=\"elementor-element elementor-element-f6ff8f9 elementor-widget elementor-widget-heading\" data-id=\"f6ff8f9\" data-element_type=\"widget\" data-e-type=\"widget\" data-widget_type=\"heading.default\">\n\t\t\t\t\t<h2 class=\"elementor-heading-title elementor-size-default\">Shop<\/h2>\t\t\t\t<\/div>\n\t\t\t\t<section class=\"elementor-section elementor-inner-section elementor-element elementor-element-c040e76 elementor-section-boxed elementor-section-height-default elementor-section-height-default\" data-id=\"c040e76\" data-element_type=\"section\" data-e-type=\"section\">\n\t\t\t\t\t\t<div class=\"elementor-container elementor-column-gap-default\">\n\t\t\t\t\t<div class=\"elementor-column elementor-col-25 elementor-inner-column elementor-element elementor-element-1511c1d\" data-id=\"1511c1d\" data-element_type=\"column\" data-e-type=\"column\">\n\t\t\t<div class=\"elementor-widget-wrap elementor-element-populated\">\n\t\t\t\t\t\t<div class=\"elementor-element elementor-element-4d727ad elementor-widget elementor-widget-image\" data-id=\"4d727ad\" data-element_type=\"widget\" data-e-type=\"widget\" data-widget_type=\"image.default\">\n\t\t\t\t\t\t\t\t\t\t\t\t\t\t\t\t<a href=\"https:\/\/hu-care.ch\/en\/product-category\/apitherapy\/\">\n\t\t\t\t\t\t\t<img fetchpriority=\"high\" decoding=\"async\" width=\"750\" height=\"752\" src=\"https:\/\/hu-care.ch\/wp-content\/uploads\/2023\/02\/AMPGPABB_1.png\" class=\"attachment-full size-full wp-image-30816\" alt=\"\" srcset=\"https:\/\/hu-care.ch\/wp-content\/uploads\/2023\/02\/AMPGPABB_1.png 750w, https:\/\/hu-care.ch\/wp-content\/uploads\/2023\/02\/AMPGPABB_1-300x300.png 300w, https:\/\/hu-care.ch\/wp-content\/uploads\/2023\/02\/AMPGPABB_1-150x150.png 150w, https:\/\/hu-care.ch\/wp-content\/uploads\/2023\/02\/AMPGPABB_1-200x200.png 200w, https:\/\/hu-care.ch\/wp-content\/uploads\/2023\/02\/AMPGPABB_1-600x602.png 600w, https:\/\/hu-care.ch\/wp-content\/uploads\/2023\/02\/AMPGPABB_1-100x100.png 100w, https:\/\/hu-care.ch\/wp-content\/uploads\/2023\/02\/AMPGPABB_1-64x64.png 64w\" sizes=\"(max-width: 750px) 100vw, 750px\" \/>\t\t\t\t\t\t\t\t<\/a>\n\t\t\t\t\t\t\t\t\t\t\t\t\t\t\t<\/div>\n\t\t\t\t<div class=\"elementor-element elementor-element-121038c elementor-widget elementor-widget-heading\" data-id=\"121038c\" data-element_type=\"widget\" data-e-type=\"widget\" data-widget_type=\"heading.default\">\n\t\t\t\t\t<h2 class=\"elementor-heading-title elementor-size-default\"><a href=\"https:\/\/hu-care.ch\/en\/product-category\/apitherapy\/\">Apitherapy<\/a><\/h2>\t\t\t\t<\/div>\n\t\t\t\t\t<\/div>\n\t\t<\/div>\n\t\t\t\t<div class=\"elementor-column elementor-col-25 elementor-inner-column elementor-element elementor-element-aa661a0\" data-id=\"aa661a0\" data-element_type=\"column\" data-e-type=\"column\">\n\t\t\t<div class=\"elementor-widget-wrap elementor-element-populated\">\n\t\t\t\t\t\t<div class=\"elementor-element elementor-element-279c3b9 elementor-widget elementor-widget-image\" data-id=\"279c3b9\" data-element_type=\"widget\" data-e-type=\"widget\" data-widget_type=\"image.default\">\n\t\t\t\t\t\t\t\t\t\t\t\t\t\t\t\t<a href=\"https:\/\/hu-care.ch\/en\/product-category\/earthing-en\/\">\n\t\t\t\t\t\t\t<img decoding=\"async\" width=\"300\" height=\"300\" src=\"https:\/\/hu-care.ch\/wp-content\/uploads\/2024\/04\/Hu-Care-catalogue-Earthing\u00a9_Page_1-300x300-1-e1713519053829.jpg\" class=\"attachment-full size-full wp-image-35741\" alt=\"\" \/>\t\t\t\t\t\t\t\t<\/a>\n\t\t\t\t\t\t\t\t\t\t\t\t\t\t\t<\/div>\n\t\t\t\t<div class=\"elementor-element elementor-element-f9237a8 elementor-widget elementor-widget-heading\" data-id=\"f9237a8\" data-element_type=\"widget\" data-e-type=\"widget\" data-widget_type=\"heading.default\">\n\t\t\t\t\t<h2 class=\"elementor-heading-title elementor-size-default\"><a href=\"https:\/\/hu-care.ch\/en\/product-category\/earthing-en\/\">Earthing<\/a><\/h2>\t\t\t\t<\/div>\n\t\t\t\t\t<\/div>\n\t\t<\/div>\n\t\t\t\t<div class=\"elementor-column elementor-col-25 elementor-inner-column elementor-element elementor-element-b39ab2c\" data-id=\"b39ab2c\" data-element_type=\"column\" data-e-type=\"column\">\n\t\t\t<div class=\"elementor-widget-wrap elementor-element-populated\">\n\t\t\t\t\t\t<div class=\"elementor-element elementor-element-90ffd6b elementor-widget elementor-widget-image\" data-id=\"90ffd6b\" data-element_type=\"widget\" data-e-type=\"widget\" data-widget_type=\"image.default\">\n\t\t\t\t\t\t\t\t\t\t\t\t\t\t\t\t<a href=\"https:\/\/hu-care.ch\/en\/product-category\/pure-water\/\">\n\t\t\t\t\t\t\t<img decoding=\"async\" width=\"1182\" height=\"1182\" src=\"https:\/\/hu-care.ch\/wp-content\/uploads\/2024\/04\/Fontaines-a-eau-Suisse-1.png\" class=\"attachment-full size-full wp-image-35789\" alt=\"\" srcset=\"https:\/\/hu-care.ch\/wp-content\/uploads\/2024\/04\/Fontaines-a-eau-Suisse-1.png 1182w, https:\/\/hu-care.ch\/wp-content\/uploads\/2024\/04\/Fontaines-a-eau-Suisse-1-300x300.png 300w, https:\/\/hu-care.ch\/wp-content\/uploads\/2024\/04\/Fontaines-a-eau-Suisse-1-1024x1024.png 1024w, https:\/\/hu-care.ch\/wp-content\/uploads\/2024\/04\/Fontaines-a-eau-Suisse-1-150x150.png 150w, https:\/\/hu-care.ch\/wp-content\/uploads\/2024\/04\/Fontaines-a-eau-Suisse-1-768x768.png 768w, https:\/\/hu-care.ch\/wp-content\/uploads\/2024\/04\/Fontaines-a-eau-Suisse-1-200x200.png 200w, https:\/\/hu-care.ch\/wp-content\/uploads\/2024\/04\/Fontaines-a-eau-Suisse-1-600x600.png 600w, https:\/\/hu-care.ch\/wp-content\/uploads\/2024\/04\/Fontaines-a-eau-Suisse-1-100x100.png 100w, https:\/\/hu-care.ch\/wp-content\/uploads\/2024\/04\/Fontaines-a-eau-Suisse-1-64x64.png 64w\" sizes=\"(max-width: 1182px) 100vw, 1182px\" \/>\t\t\t\t\t\t\t\t<\/a>\n\t\t\t\t\t\t\t\t\t\t\t\t\t\t\t<\/div>\n\t\t\t\t<div class=\"elementor-element elementor-element-fb139b0 elementor-widget elementor-widget-heading\" data-id=\"fb139b0\" data-element_type=\"widget\" data-e-type=\"widget\" data-widget_type=\"heading.default\">\n\t\t\t\t\t<h2 class=\"elementor-heading-title elementor-size-default\"><a href=\"https:\/\/hu-care.ch\/en\/product-category\/pure-water\/\">Pure water<\/a><\/h2>\t\t\t\t<\/div>\n\t\t\t\t\t<\/div>\n\t\t<\/div>\n\t\t\t\t<div class=\"elementor-column elementor-col-25 elementor-inner-column elementor-element elementor-element-7af7370\" data-id=\"7af7370\" data-element_type=\"column\" data-e-type=\"column\">\n\t\t\t<div class=\"elementor-widget-wrap elementor-element-populated\">\n\t\t\t\t\t\t<div class=\"elementor-element elementor-element-1289836 elementor-widget elementor-widget-image\" data-id=\"1289836\" data-element_type=\"widget\" data-e-type=\"widget\" data-widget_type=\"image.default\">\n\t\t\t\t\t\t\t\t\t\t\t\t\t\t\t\t<a href=\"https:\/\/hu-care.ch\/en\/product-category\/in-motion\/\">\n\t\t\t\t\t\t\t<img loading=\"lazy\" decoding=\"async\" width=\"750\" height=\"1125\" src=\"https:\/\/hu-care.ch\/wp-content\/uploads\/2024\/04\/NeuroBall04_1080x-e1713519291877.jpg\" class=\"attachment-full size-full wp-image-35756\" alt=\"\" \/>\t\t\t\t\t\t\t\t<\/a>\n\t\t\t\t\t\t\t\t\t\t\t\t\t\t\t<\/div>\n\t\t\t\t<div class=\"elementor-element elementor-element-a10db19 elementor-widget elementor-widget-heading\" data-id=\"a10db19\" data-element_type=\"widget\" data-e-type=\"widget\" data-widget_type=\"heading.default\">\n\t\t\t\t\t<h2 class=\"elementor-heading-title elementor-size-default\"><a href=\"https:\/\/hu-care.ch\/en\/product-category\/in-motion\/\">In motion<\/a><\/h2>\t\t\t\t<\/div>\n\t\t\t\t\t<\/div>\n\t\t<\/div>\n\t\t\t\t\t<\/div>\n\t\t<\/section>\n\t\t\t\t<section class=\"elementor-section elementor-inner-section elementor-element elementor-element-05b915d elementor-section-boxed elementor-section-height-default elementor-section-height-default\" data-id=\"05b915d\" data-element_type=\"section\" data-e-type=\"section\">\n\t\t\t\t\t\t<div class=\"elementor-container elementor-column-gap-default\">\n\t\t\t\t\t<div class=\"elementor-column elementor-col-33 elementor-inner-column elementor-element elementor-element-6f10b11\" data-id=\"6f10b11\" data-element_type=\"column\" data-e-type=\"column\">\n\t\t\t<div class=\"elementor-widget-wrap\">\n\t\t\t\t\t\t\t<\/div>\n\t\t<\/div>\n\t\t\t\t<div class=\"elementor-column elementor-col-33 elementor-inner-column elementor-element elementor-element-bb32519\" data-id=\"bb32519\" data-element_type=\"column\" data-e-type=\"column\">\n\t\t\t<div class=\"elementor-widget-wrap elementor-element-populated\">\n\t\t\t\t\t\t<div class=\"elementor-element elementor-element-c67f4ca elementor-widget elementor-widget-image\" data-id=\"c67f4ca\" data-element_type=\"widget\" data-e-type=\"widget\" data-widget_type=\"image.default\">\n\t\t\t\t\t\t\t\t\t\t\t\t\t\t\t\t<a href=\"https:\/\/hu-care.ch\/categorie-produit\/bons-cadeaux\/\">\n\t\t\t\t\t\t\t<img loading=\"lazy\" decoding=\"async\" width=\"608\" height=\"294\" src=\"https:\/\/hu-care.ch\/wp-content\/uploads\/2024\/03\/bon_hu-care_seance_verso.png\" class=\"attachment-full size-full wp-image-35470\" alt=\"\" srcset=\"https:\/\/hu-care.ch\/wp-content\/uploads\/2024\/03\/bon_hu-care_seance_verso.png 608w, https:\/\/hu-care.ch\/wp-content\/uploads\/2024\/03\/bon_hu-care_seance_verso-300x145.png 300w, https:\/\/hu-care.ch\/wp-content\/uploads\/2024\/03\/bon_hu-care_seance_verso-600x290.png 600w, https:\/\/hu-care.ch\/wp-content\/uploads\/2024\/03\/bon_hu-care_seance_verso-64x31.png 64w\" sizes=\"(max-width: 608px) 100vw, 608px\" \/>\t\t\t\t\t\t\t\t<\/a>\n\t\t\t\t\t\t\t\t\t\t\t\t\t\t\t<\/div>\n\t\t\t\t<div class=\"elementor-element elementor-element-13c760d elementor-widget elementor-widget-heading\" data-id=\"13c760d\" data-element_type=\"widget\" data-e-type=\"widget\" data-widget_type=\"heading.default\">\n\t\t\t\t\t<h2 class=\"elementor-heading-title elementor-size-default\"><a href=\"https:\/\/hu-care.ch\/categorie-produit\/bons-cadeaux\/\">Gift cards<\/a><\/h2>\t\t\t\t<\/div>\n\t\t\t\t\t<\/div>\n\t\t<\/div>\n\t\t\t\t<div class=\"elementor-column elementor-col-33 elementor-inner-column elementor-element elementor-element-394b1d3\" data-id=\"394b1d3\" data-element_type=\"column\" data-e-type=\"column\">\n\t\t\t<div class=\"elementor-widget-wrap\">\n\t\t\t\t\t\t\t<\/div>\n\t\t<\/div>\n\t\t\t\t\t<\/div>\n\t\t<\/section>\n\t\t\t\t\t<\/div>\n\t\t<\/div>\n\t\t\t\t\t<\/div>\n\t\t<\/section>\n\t\t\t\t<\/div>\n\t\t","protected":false},"excerpt":{"rendered":"<p>Hu Care Shop Apitherapy Earthing Pure water In motion Gift cards<\/p>\n","protected":false},"author":1,"featured_media":0,"parent":0,"menu_order":0,"comment_status":"closed","ping_status":"closed","template":"elementor_header_footer","meta":{"footnotes":""},"class_list":["post-35794","page","type-page","status-publish","hentry"],"yoast_head":"<!-- This site is optimized with the Yoast SEO plugin v27.4 - https:\/\/yoast.com\/product\/yoast-seo-wordpress\/ -->\n<title>Shop - Hu Care<\/title>\n<meta name=\"robots\" content=\"index, follow, max-snippet:-1, max-image-preview:large, max-video-preview:-1\" \/>\n<link rel=\"canonical\" href=\"https:\/\/hu-care.ch\/en\/shop-products\/\" \/>\n<meta property=\"og:locale\" content=\"en_US\" \/>\n<meta property=\"og:type\" content=\"article\" \/>\n<meta property=\"og:title\" content=\"Shop - Hu Care\" \/>\n<meta property=\"og:description\" content=\"Hu Care Shop Apitherapy Earthing Pure water In motion Gift cards\" \/>\n<meta property=\"og:url\" content=\"https:\/\/hu-care.ch\/en\/shop-products\/\" \/>\n<meta property=\"og:site_name\" content=\"Hu Care\" \/>\n<meta property=\"article:publisher\" content=\"https:\/\/www.facebook.com\/people\/Cabinet-Manaia\/100086857133927\/\" \/>\n<meta property=\"article:modified_time\" content=\"2024-04-21T09:58:49+00:00\" \/>\n<meta property=\"og:image\" content=\"https:\/\/hu-care.ch\/wp-content\/uploads\/2023\/02\/AMPGPABB_1.png\" \/>\n<meta name=\"twitter:card\" content=\"summary_large_image\" \/>\n<meta name=\"twitter:label1\" content=\"Est. reading time\" \/>\n\t<meta name=\"twitter:data1\" content=\"2 minutes\" \/>\n<script type=\"application\/ld+json\" class=\"yoast-schema-graph\">{\"@context\":\"https:\\\/\\\/schema.org\",\"@graph\":[{\"@type\":\"WebPage\",\"@id\":\"https:\\\/\\\/hu-care.ch\\\/en\\\/shop-products\\\/\",\"url\":\"https:\\\/\\\/hu-care.ch\\\/en\\\/shop-products\\\/\",\"name\":\"Shop - Hu Care\",\"isPartOf\":{\"@id\":\"https:\\\/\\\/hu-care.ch\\\/en\\\/#website\"},\"primaryImageOfPage\":{\"@id\":\"https:\\\/\\\/hu-care.ch\\\/en\\\/shop-products\\\/#primaryimage\"},\"image\":{\"@id\":\"https:\\\/\\\/hu-care.ch\\\/en\\\/shop-products\\\/#primaryimage\"},\"thumbnailUrl\":\"https:\\\/\\\/hu-care.ch\\\/wp-content\\\/uploads\\\/2023\\\/02\\\/AMPGPABB_1.png\",\"datePublished\":\"2024-04-21T09:55:33+00:00\",\"dateModified\":\"2024-04-21T09:58:49+00:00\",\"breadcrumb\":{\"@id\":\"https:\\\/\\\/hu-care.ch\\\/en\\\/shop-products\\\/#breadcrumb\"},\"inLanguage\":\"en-US\",\"potentialAction\":[{\"@type\":\"ReadAction\",\"target\":[\"https:\\\/\\\/hu-care.ch\\\/en\\\/shop-products\\\/\"]}]},{\"@type\":\"ImageObject\",\"inLanguage\":\"en-US\",\"@id\":\"https:\\\/\\\/hu-care.ch\\\/en\\\/shop-products\\\/#primaryimage\",\"url\":\"https:\\\/\\\/hu-care.ch\\\/wp-content\\\/uploads\\\/2023\\\/02\\\/AMPGPABB_1.png\",\"contentUrl\":\"https:\\\/\\\/hu-care.ch\\\/wp-content\\\/uploads\\\/2023\\\/02\\\/AMPGPABB_1.png\"},{\"@type\":\"BreadcrumbList\",\"@id\":\"https:\\\/\\\/hu-care.ch\\\/en\\\/shop-products\\\/#breadcrumb\",\"itemListElement\":[{\"@type\":\"ListItem\",\"position\":1,\"name\":\"Accueil\",\"item\":\"https:\\\/\\\/hu-care.ch\\\/en\\\/\"},{\"@type\":\"ListItem\",\"position\":2,\"name\":\"Shop\"}]},{\"@type\":\"WebSite\",\"@id\":\"https:\\\/\\\/hu-care.ch\\\/en\\\/#website\",\"url\":\"https:\\\/\\\/hu-care.ch\\\/en\\\/\",\"name\":\"Natacha Soussan - Hu Care\",\"description\":\"Th\u00e9rapies Compl\u00e9mentaires, Formations, Produits Sant\u00e9\",\"publisher\":{\"@id\":\"https:\\\/\\\/hu-care.ch\\\/en\\\/#organization\"},\"potentialAction\":[{\"@type\":\"SearchAction\",\"target\":{\"@type\":\"EntryPoint\",\"urlTemplate\":\"https:\\\/\\\/hu-care.ch\\\/en\\\/?s={search_term_string}\"},\"query-input\":{\"@type\":\"PropertyValueSpecification\",\"valueRequired\":true,\"valueName\":\"search_term_string\"}}],\"inLanguage\":\"en-US\"},{\"@type\":\"Organization\",\"@id\":\"https:\\\/\\\/hu-care.ch\\\/en\\\/#organization\",\"name\":\"Hu Care\",\"url\":\"https:\\\/\\\/hu-care.ch\\\/en\\\/\",\"logo\":{\"@type\":\"ImageObject\",\"inLanguage\":\"en-US\",\"@id\":\"https:\\\/\\\/hu-care.ch\\\/en\\\/#\\\/schema\\\/logo\\\/image\\\/\",\"url\":\"https:\\\/\\\/hu-care.ch\\\/wp-content\\\/uploads\\\/2023\\\/02\\\/hu_care.png\",\"contentUrl\":\"https:\\\/\\\/hu-care.ch\\\/wp-content\\\/uploads\\\/2023\\\/02\\\/hu_care.png\",\"width\":1280,\"height\":1280,\"caption\":\"Hu Care\"},\"image\":{\"@id\":\"https:\\\/\\\/hu-care.ch\\\/en\\\/#\\\/schema\\\/logo\\\/image\\\/\"},\"sameAs\":[\"https:\\\/\\\/www.facebook.com\\\/people\\\/Cabinet-Manaia\\\/100086857133927\\\/\",\"https:\\\/\\\/www.instagram.com\\\/_hu.care_\\\/\",\"https:\\\/\\\/www.linkedin.com\\\/in\\\/natacha-soussan-a96721256\\\/?originalSubdomain=ch\"]}]}<\/script>\n<!-- \/ Yoast SEO plugin. -->","yoast_head_json":{"title":"Shop - Hu Care","robots":{"index":"index","follow":"follow","max-snippet":"max-snippet:-1","max-image-preview":"max-image-preview:large","max-video-preview":"max-video-preview:-1"},"canonical":"https:\/\/hu-care.ch\/en\/shop-products\/","og_locale":"en_US","og_type":"article","og_title":"Shop - Hu Care","og_description":"Hu Care Shop Apitherapy Earthing Pure water In motion Gift cards","og_url":"https:\/\/hu-care.ch\/en\/shop-products\/","og_site_name":"Hu Care","article_publisher":"https:\/\/www.facebook.com\/people\/Cabinet-Manaia\/100086857133927\/","article_modified_time":"2024-04-21T09:58:49+00:00","og_image":[{"url":"https:\/\/hu-care.ch\/wp-content\/uploads\/2023\/02\/AMPGPABB_1.png","type":"","width":"","height":""}],"twitter_card":"summary_large_image","twitter_misc":{"Est. reading time":"2 minutes"},"schema":{"@context":"https:\/\/schema.org","@graph":[{"@type":"WebPage","@id":"https:\/\/hu-care.ch\/en\/shop-products\/","url":"https:\/\/hu-care.ch\/en\/shop-products\/","name":"Shop - Hu Care","isPartOf":{"@id":"https:\/\/hu-care.ch\/en\/#website"},"primaryImageOfPage":{"@id":"https:\/\/hu-care.ch\/en\/shop-products\/#primaryimage"},"image":{"@id":"https:\/\/hu-care.ch\/en\/shop-products\/#primaryimage"},"thumbnailUrl":"https:\/\/hu-care.ch\/wp-content\/uploads\/2023\/02\/AMPGPABB_1.png","datePublished":"2024-04-21T09:55:33+00:00","dateModified":"2024-04-21T09:58:49+00:00","breadcrumb":{"@id":"https:\/\/hu-care.ch\/en\/shop-products\/#breadcrumb"},"inLanguage":"en-US","potentialAction":[{"@type":"ReadAction","target":["https:\/\/hu-care.ch\/en\/shop-products\/"]}]},{"@type":"ImageObject","inLanguage":"en-US","@id":"https:\/\/hu-care.ch\/en\/shop-products\/#primaryimage","url":"https:\/\/hu-care.ch\/wp-content\/uploads\/2023\/02\/AMPGPABB_1.png","contentUrl":"https:\/\/hu-care.ch\/wp-content\/uploads\/2023\/02\/AMPGPABB_1.png"},{"@type":"BreadcrumbList","@id":"https:\/\/hu-care.ch\/en\/shop-products\/#breadcrumb","itemListElement":[{"@type":"ListItem","position":1,"name":"Accueil","item":"https:\/\/hu-care.ch\/en\/"},{"@type":"ListItem","position":2,"name":"Shop"}]},{"@type":"WebSite","@id":"https:\/\/hu-care.ch\/en\/#website","url":"https:\/\/hu-care.ch\/en\/","name":"Natacha Soussan - Hu Care","description":"Th\u00e9rapies Compl\u00e9mentaires, Formations, Produits Sant\u00e9","publisher":{"@id":"https:\/\/hu-care.ch\/en\/#organization"},"potentialAction":[{"@type":"SearchAction","target":{"@type":"EntryPoint","urlTemplate":"https:\/\/hu-care.ch\/en\/?s={search_term_string}"},"query-input":{"@type":"PropertyValueSpecification","valueRequired":true,"valueName":"search_term_string"}}],"inLanguage":"en-US"},{"@type":"Organization","@id":"https:\/\/hu-care.ch\/en\/#organization","name":"Hu Care","url":"https:\/\/hu-care.ch\/en\/","logo":{"@type":"ImageObject","inLanguage":"en-US","@id":"https:\/\/hu-care.ch\/en\/#\/schema\/logo\/image\/","url":"https:\/\/hu-care.ch\/wp-content\/uploads\/2023\/02\/hu_care.png","contentUrl":"https:\/\/hu-care.ch\/wp-content\/uploads\/2023\/02\/hu_care.png","width":1280,"height":1280,"caption":"Hu Care"},"image":{"@id":"https:\/\/hu-care.ch\/en\/#\/schema\/logo\/image\/"},"sameAs":["https:\/\/www.facebook.com\/people\/Cabinet-Manaia\/100086857133927\/","https:\/\/www.instagram.com\/_hu.care_\/","https:\/\/www.linkedin.com\/in\/natacha-soussan-a96721256\/?originalSubdomain=ch"]}]}},"_links":{"self":[{"href":"https:\/\/hu-care.ch\/en\/wp-json\/wp\/v2\/pages\/35794","targetHints":{"allow":["GET"]}}],"collection":[{"href":"https:\/\/hu-care.ch\/en\/wp-json\/wp\/v2\/pages"}],"about":[{"href":"https:\/\/hu-care.ch\/en\/wp-json\/wp\/v2\/types\/page"}],"author":[{"embeddable":true,"href":"https:\/\/hu-care.ch\/en\/wp-json\/wp\/v2\/users\/1"}],"replies":[{"embeddable":true,"href":"https:\/\/hu-care.ch\/en\/wp-json\/wp\/v2\/comments?post=35794"}],"version-history":[{"count":14,"href":"https:\/\/hu-care.ch\/en\/wp-json\/wp\/v2\/pages\/35794\/revisions"}],"predecessor-version":[{"id":35846,"href":"https:\/\/hu-care.ch\/en\/wp-json\/wp\/v2\/pages\/35794\/revisions\/35846"}],"wp:attachment":[{"href":"https:\/\/hu-care.ch\/en\/wp-json\/wp\/v2\/media?parent=35794"}],"curies":[{"name":"wp","href":"https:\/\/api.w.org\/{rel}","templated":true}]}}