{"id":36243,"date":"2024-06-19T17:48:09","date_gmt":"2024-06-19T15:48:09","guid":{"rendered":"https:\/\/hu-care.ch\/delivery-and-returns\/"},"modified":"2024-06-19T17:49:47","modified_gmt":"2024-06-19T15:49:47","slug":"delivery-and-returns","status":"publish","type":"page","link":"https:\/\/hu-care.ch\/en\/delivery-and-returns\/","title":{"rendered":"Delivery and returns"},"content":{"rendered":"\t\t<div data-elementor-type=\"wp-page\" data-elementor-id=\"36243\" class=\"elementor elementor-36243 elementor-36228\" data-elementor-post-type=\"page\">\n\t\t\t\t\t\t<section class=\"elementor-section elementor-top-section elementor-element elementor-element-6ca500c elementor-section-boxed elementor-section-height-default elementor-section-height-default\" data-id=\"6ca500c\" data-element_type=\"section\">\n\t\t\t\t\t\t<div class=\"elementor-container elementor-column-gap-default\">\n\t\t\t\t\t<div class=\"elementor-column elementor-col-100 elementor-top-column elementor-element elementor-element-3276fbef\" data-id=\"3276fbef\" data-element_type=\"column\">\n\t\t\t<div class=\"elementor-widget-wrap elementor-element-populated\">\n\t\t\t\t\t\t<div class=\"elementor-element elementor-element-e0efe43 elementor-widget elementor-widget-text-editor\" data-id=\"e0efe43\" data-element_type=\"widget\" data-widget_type=\"text-editor.default\">\n\t\t\t\t\t\t\t\t\t<div class=\"elementor-element elementor-element-71ae962 elementor-widget elementor-widget-heading\" data-id=\"71ae962\" data-element_type=\"widget\" data-widget_type=\"heading.default\">\n<div class=\"elementor-widget-container\">\n<div class=\"elementor-element elementor-element-71ae962 elementor-widget elementor-widget-heading\" data-id=\"71ae962\" data-element_type=\"widget\" data-widget_type=\"heading.default\">\n<div class=\"elementor-widget-container\">\n<div class=\"elementor-element elementor-element-8011939 elementor-widget elementor-widget-heading\" data-id=\"8011939\" data-element_type=\"widget\" data-widget_type=\"heading.default\">\n<div class=\"elementor-widget-container\">\n<h2 class=\"elementor-heading-title elementor-size-default\">Shipping &amp; Returns<\/h2><\/div><\/div><div class=\"elementor-element elementor-element-6497152 elementor-widget elementor-widget-text-editor\" data-id=\"6497152\" data-element_type=\"widget\" data-widget_type=\"text-editor.default\"><div class=\"elementor-widget-container\">\n<div id=\"block-ba9ad4fd38c0d3a3e1f4\" class=\"sqs-block html-block sqs-block-html\" data-block-type=\"2\" data-border-radii=\"{\"topLeft\":{\"unit\":\"px\",\"value\":0.0},\"topRight\":{\"unit\":\"px\",\"value\":0.0},\"bottomLeft\":{\"unit\":\"px\",\"value\":0.0},\"bottomRight\":{\"unit\":\"px\",\"value\":0.0}}\">\n<div class=\"sqs-block-content\">\n<div class=\"sqs-html-content\">\n<div>\n<div id=\"block-35fd278d088cb35a97df\" class=\"sqs-block html-block sqs-block-html\" data-block-type=\"2\" data-border-radii=\"{\"topLeft\":{\"unit\":\"px\",\"value\":0.0},\"topRight\":{\"unit\":\"px\",\"value\":0.0},\"bottomLeft\":{\"unit\":\"px\",\"value\":0.0},\"bottomRight\":{\"unit\":\"px\",\"value\":0.0}}\">\n<div class=\"sqs-block-content\">\n<div class=\"sqs-html-content\">\n<h3>Shipping<\/h3>\n<h4>National delivery (Switzerland)<\/h4>\n<p>We trust La Poste to deliver our shipments. All our shipments are sent by recorded delivery within 3 to 10 working days of receipt of payment. However, exceptional conditions may result in delivery within 30 days.<\/p>\n<h4>Damage due to transport<\/h4>\n<p class=\"sqsrte-large\">When you receive the parcel, please examine the goods carefully and report any damage to us as soon as possible.<\/p>\n<h4>International delivery<\/h4>\n<p>At this time, we do not ship internationally. We assume that there are other dealers in your country who offer our products and that it is more environmentally friendly to use them. You can always contact us if you have any questions, we will be happy to answer you.<\/p>\n<\/div>\n<\/div>\n<\/div>\n<div id=\"block-yui_3_17_2_1_1645799920063_3909\" class=\"sqs-block horizontalrule-block sqs-block-horizontalrule\" data-block-type=\"47\">\n<div class=\"sqs-block-content\">\n<hr>\n<\/div>\n<\/div>\n<div id=\"block-yui_3_17_2_1_1645799920063_3969\" class=\"sqs-block html-block sqs-block-html\" data-block-type=\"2\" data-border-radii=\"{\"topLeft\":{\"unit\":\"px\",\"value\":0.0},\"topRight\":{\"unit\":\"px\",\"value\":0.0},\"bottomLeft\":{\"unit\":\"px\",\"value\":0.0},\"bottomRight\":{\"unit\":\"px\",\"value\":0.0}}\">\n<div class=\"sqs-block-content\">\n<div class=\"sqs-html-content\">\n<h3>Return conditions<\/h3>\n<h4>Return shipping costs<\/h4>\n<p>We want you to be happy to receive our products. However, it is possible that you are not satisfied with them and, in this case, it is possible to return them to us according to the conditions below.<\/p>\n<h4>Return time<\/h4>\n<p class=\"sqsrte-large\">The return of the goods must be made within 14&nbsp;days.<\/p>\n<p class=\"sqsrte-large\">The return period runs from the date of dispatch or collection. The date of the postmark or return date is decisive.<\/p>\n<p class=\"sqsrte-large\">In the following cases, we unfortunately cannot offer a trade-in&nbsp;:<\/p>\n<ul data-rte-list=\"default\">\n<li>\n<p class=\"sqsrte-large\">damaged items (except for shipping damage);<\/p>\n<\/li>\n<li>\n<p class=\"sqsrte-large\">product cannot be returned in its original packaging;<\/p>\n<\/li>\n<li>\n<p class=\"sqsrte-large\">missing accessories ;<\/p>\n<\/li>\n<li>\n<p class=\"sqsrte-large\">FOOD;<\/p>\n<\/li>\n<li>\n<p class=\"sqsrte-large\">open items.<\/p>\n<\/li>\n<\/ul>\n<h4>Reimbursement<\/h4>\n<p>To the extent that the product can be returned, the following refund rules apply.<\/p>\n<p>Full refund at purchase price&nbsp;:<\/p>\n<ul data-rte-list=\"default\">\n<li>\n<p>the item is still in its original unopened and undamaged packaging,<\/p>\n<\/li>\n<\/ul>\n<h4>Return shipping costs<\/h4>\n<p>The sender is responsible for shipping costs for returned items.<\/p>\n<h4>Payment fees<\/h4>\n<p>Credit card or Twint fees are the responsibility of the sender and will be deducted from the refund fee.<\/p>\n<\/div>\n<\/div>\n<\/div>\n<\/div>\n<\/div>\n<\/div>\n<\/div>\n<\/div>\n<\/div>\n<\/div>\n<\/div>\n<\/div>\n<\/div>\t\t\t\t\t\t\t\t<\/div>\n\t\t\t\t\t<\/div>\n\t\t<\/div>\n\t\t\t\t\t<\/div>\n\t\t<\/section>\n\t\t\t\t<\/div>\n\t\t","protected":false},"excerpt":{"rendered":"<p>Shipping &amp; Returns Shipping National delivery (Switzerland) We trust La Poste to deliver our shipments. All our shipments are sent by recorded delivery within 3 to 10 working days of receipt of payment. However, exceptional conditions may result in delivery within 30 days. Damage due to transport When you receive the parcel, please examine the [&hellip;]<\/p>\n","protected":false},"author":1,"featured_media":0,"parent":0,"menu_order":0,"comment_status":"closed","ping_status":"closed","template":"","meta":{"footnotes":""},"class_list":["post-36243","page","type-page","status-publish","hentry"],"yoast_head":"<!-- This site is optimized with the Yoast SEO plugin v27.3 - https:\/\/yoast.com\/product\/yoast-seo-wordpress\/ -->\n<title>Delivery and returns - Hu Care<\/title>\n<meta name=\"robots\" content=\"index, follow, max-snippet:-1, max-image-preview:large, max-video-preview:-1\" \/>\n<link rel=\"canonical\" href=\"https:\/\/hu-care.ch\/en\/delivery-and-returns\/\" \/>\n<meta property=\"og:locale\" content=\"en_US\" \/>\n<meta property=\"og:type\" content=\"article\" \/>\n<meta property=\"og:title\" content=\"Delivery and returns - Hu Care\" \/>\n<meta property=\"og:description\" content=\"Shipping &amp; Returns Shipping National delivery (Switzerland) We trust La Poste to deliver our shipments. All our shipments are sent by recorded delivery within 3 to 10 working days of receipt of payment. However, exceptional conditions may result in delivery within 30 days. Damage due to transport When you receive the parcel, please examine the [&hellip;]\" \/>\n<meta property=\"og:url\" content=\"https:\/\/hu-care.ch\/en\/delivery-and-returns\/\" \/>\n<meta property=\"og:site_name\" content=\"Hu Care\" \/>\n<meta property=\"article:publisher\" content=\"https:\/\/www.facebook.com\/people\/Cabinet-Manaia\/100086857133927\/\" \/>\n<meta property=\"article:modified_time\" content=\"2024-06-19T15:49:47+00:00\" \/>\n<meta name=\"twitter:card\" content=\"summary_large_image\" \/>\n<meta name=\"twitter:label1\" content=\"Est. reading time\" \/>\n\t<meta name=\"twitter:data1\" content=\"1 minute\" \/>\n<script type=\"application\/ld+json\" class=\"yoast-schema-graph\">{\"@context\":\"https:\\\/\\\/schema.org\",\"@graph\":[{\"@type\":\"WebPage\",\"@id\":\"https:\\\/\\\/hu-care.ch\\\/en\\\/delivery-and-returns\\\/\",\"url\":\"https:\\\/\\\/hu-care.ch\\\/en\\\/delivery-and-returns\\\/\",\"name\":\"Delivery and returns - Hu Care\",\"isPartOf\":{\"@id\":\"https:\\\/\\\/hu-care.ch\\\/en\\\/#website\"},\"datePublished\":\"2024-06-19T15:48:09+00:00\",\"dateModified\":\"2024-06-19T15:49:47+00:00\",\"breadcrumb\":{\"@id\":\"https:\\\/\\\/hu-care.ch\\\/en\\\/delivery-and-returns\\\/#breadcrumb\"},\"inLanguage\":\"en-US\",\"potentialAction\":[{\"@type\":\"ReadAction\",\"target\":[\"https:\\\/\\\/hu-care.ch\\\/en\\\/delivery-and-returns\\\/\"]}]},{\"@type\":\"BreadcrumbList\",\"@id\":\"https:\\\/\\\/hu-care.ch\\\/en\\\/delivery-and-returns\\\/#breadcrumb\",\"itemListElement\":[{\"@type\":\"ListItem\",\"position\":1,\"name\":\"Accueil\",\"item\":\"https:\\\/\\\/hu-care.ch\\\/en\\\/\"},{\"@type\":\"ListItem\",\"position\":2,\"name\":\"Delivery and returns\"}]},{\"@type\":\"WebSite\",\"@id\":\"https:\\\/\\\/hu-care.ch\\\/en\\\/#website\",\"url\":\"https:\\\/\\\/hu-care.ch\\\/en\\\/\",\"name\":\"Natacha Soussan - Hu Care\",\"description\":\"Th\u00e9rapies Compl\u00e9mentaires, Formations, Produits Sant\u00e9\",\"publisher\":{\"@id\":\"https:\\\/\\\/hu-care.ch\\\/en\\\/#organization\"},\"potentialAction\":[{\"@type\":\"SearchAction\",\"target\":{\"@type\":\"EntryPoint\",\"urlTemplate\":\"https:\\\/\\\/hu-care.ch\\\/en\\\/?s={search_term_string}\"},\"query-input\":{\"@type\":\"PropertyValueSpecification\",\"valueRequired\":true,\"valueName\":\"search_term_string\"}}],\"inLanguage\":\"en-US\"},{\"@type\":\"Organization\",\"@id\":\"https:\\\/\\\/hu-care.ch\\\/en\\\/#organization\",\"name\":\"Hu Care\",\"url\":\"https:\\\/\\\/hu-care.ch\\\/en\\\/\",\"logo\":{\"@type\":\"ImageObject\",\"inLanguage\":\"en-US\",\"@id\":\"https:\\\/\\\/hu-care.ch\\\/en\\\/#\\\/schema\\\/logo\\\/image\\\/\",\"url\":\"https:\\\/\\\/hu-care.ch\\\/wp-content\\\/uploads\\\/2023\\\/02\\\/hu_care.png\",\"contentUrl\":\"https:\\\/\\\/hu-care.ch\\\/wp-content\\\/uploads\\\/2023\\\/02\\\/hu_care.png\",\"width\":1280,\"height\":1280,\"caption\":\"Hu Care\"},\"image\":{\"@id\":\"https:\\\/\\\/hu-care.ch\\\/en\\\/#\\\/schema\\\/logo\\\/image\\\/\"},\"sameAs\":[\"https:\\\/\\\/www.facebook.com\\\/people\\\/Cabinet-Manaia\\\/100086857133927\\\/\",\"https:\\\/\\\/www.instagram.com\\\/_hu.care_\\\/\",\"https:\\\/\\\/www.linkedin.com\\\/in\\\/natacha-soussan-a96721256\\\/?originalSubdomain=ch\"]}]}<\/script>\n<!-- \/ Yoast SEO plugin. -->","yoast_head_json":{"title":"Delivery and returns - Hu Care","robots":{"index":"index","follow":"follow","max-snippet":"max-snippet:-1","max-image-preview":"max-image-preview:large","max-video-preview":"max-video-preview:-1"},"canonical":"https:\/\/hu-care.ch\/en\/delivery-and-returns\/","og_locale":"en_US","og_type":"article","og_title":"Delivery and returns - Hu Care","og_description":"Shipping &amp; Returns Shipping National delivery (Switzerland) We trust La Poste to deliver our shipments. All our shipments are sent by recorded delivery within 3 to 10 working days of receipt of payment. However, exceptional conditions may result in delivery within 30 days. Damage due to transport When you receive the parcel, please examine the [&hellip;]","og_url":"https:\/\/hu-care.ch\/en\/delivery-and-returns\/","og_site_name":"Hu Care","article_publisher":"https:\/\/www.facebook.com\/people\/Cabinet-Manaia\/100086857133927\/","article_modified_time":"2024-06-19T15:49:47+00:00","twitter_card":"summary_large_image","twitter_misc":{"Est. reading time":"1 minute"},"schema":{"@context":"https:\/\/schema.org","@graph":[{"@type":"WebPage","@id":"https:\/\/hu-care.ch\/en\/delivery-and-returns\/","url":"https:\/\/hu-care.ch\/en\/delivery-and-returns\/","name":"Delivery and returns - Hu Care","isPartOf":{"@id":"https:\/\/hu-care.ch\/en\/#website"},"datePublished":"2024-06-19T15:48:09+00:00","dateModified":"2024-06-19T15:49:47+00:00","breadcrumb":{"@id":"https:\/\/hu-care.ch\/en\/delivery-and-returns\/#breadcrumb"},"inLanguage":"en-US","potentialAction":[{"@type":"ReadAction","target":["https:\/\/hu-care.ch\/en\/delivery-and-returns\/"]}]},{"@type":"BreadcrumbList","@id":"https:\/\/hu-care.ch\/en\/delivery-and-returns\/#breadcrumb","itemListElement":[{"@type":"ListItem","position":1,"name":"Accueil","item":"https:\/\/hu-care.ch\/en\/"},{"@type":"ListItem","position":2,"name":"Delivery and returns"}]},{"@type":"WebSite","@id":"https:\/\/hu-care.ch\/en\/#website","url":"https:\/\/hu-care.ch\/en\/","name":"Natacha Soussan - Hu Care","description":"Th\u00e9rapies Compl\u00e9mentaires, Formations, Produits Sant\u00e9","publisher":{"@id":"https:\/\/hu-care.ch\/en\/#organization"},"potentialAction":[{"@type":"SearchAction","target":{"@type":"EntryPoint","urlTemplate":"https:\/\/hu-care.ch\/en\/?s={search_term_string}"},"query-input":{"@type":"PropertyValueSpecification","valueRequired":true,"valueName":"search_term_string"}}],"inLanguage":"en-US"},{"@type":"Organization","@id":"https:\/\/hu-care.ch\/en\/#organization","name":"Hu Care","url":"https:\/\/hu-care.ch\/en\/","logo":{"@type":"ImageObject","inLanguage":"en-US","@id":"https:\/\/hu-care.ch\/en\/#\/schema\/logo\/image\/","url":"https:\/\/hu-care.ch\/wp-content\/uploads\/2023\/02\/hu_care.png","contentUrl":"https:\/\/hu-care.ch\/wp-content\/uploads\/2023\/02\/hu_care.png","width":1280,"height":1280,"caption":"Hu Care"},"image":{"@id":"https:\/\/hu-care.ch\/en\/#\/schema\/logo\/image\/"},"sameAs":["https:\/\/www.facebook.com\/people\/Cabinet-Manaia\/100086857133927\/","https:\/\/www.instagram.com\/_hu.care_\/","https:\/\/www.linkedin.com\/in\/natacha-soussan-a96721256\/?originalSubdomain=ch"]}]}},"_links":{"self":[{"href":"https:\/\/hu-care.ch\/en\/wp-json\/wp\/v2\/pages\/36243","targetHints":{"allow":["GET"]}}],"collection":[{"href":"https:\/\/hu-care.ch\/en\/wp-json\/wp\/v2\/pages"}],"about":[{"href":"https:\/\/hu-care.ch\/en\/wp-json\/wp\/v2\/types\/page"}],"author":[{"embeddable":true,"href":"https:\/\/hu-care.ch\/en\/wp-json\/wp\/v2\/users\/1"}],"replies":[{"embeddable":true,"href":"https:\/\/hu-care.ch\/en\/wp-json\/wp\/v2\/comments?post=36243"}],"version-history":[{"count":1,"href":"https:\/\/hu-care.ch\/en\/wp-json\/wp\/v2\/pages\/36243\/revisions"}],"predecessor-version":[{"id":36244,"href":"https:\/\/hu-care.ch\/en\/wp-json\/wp\/v2\/pages\/36243\/revisions\/36244"}],"wp:attachment":[{"href":"https:\/\/hu-care.ch\/en\/wp-json\/wp\/v2\/media?parent=36243"}],"curies":[{"name":"wp","href":"https:\/\/api.w.org\/{rel}","templated":true}]}}