{"id":31032,"date":"2023-02-22T14:02:22","date_gmt":"2023-02-22T13:02:22","guid":{"rendered":"https:\/\/hu-care.ch\/product\/earthing-product-catalog\/"},"modified":"2023-09-25T10:12:51","modified_gmt":"2023-09-25T08:12:51","slug":"catalogue-products-earthing","status":"publish","type":"product","link":"https:\/\/hu-care.ch\/en\/product\/catalogue-products-earthing\/","title":{"rendered":"Earthing\u00a9 product catalog"},"content":{"rendered":"","protected":false},"excerpt":{"rendered":"<ul>\n<li>Earthing\u00a9 products are available on order, by contacting us directly and not through our online store (our supplier&#8217;s sales conditions).<\/li>\n<li>Simply <strong>consult<\/strong> or <strong>download<\/strong> our <strong>free<\/strong> <strong>catalog<\/strong>, then make your choice!<\/li>\n<li><strong>Place your order<\/strong> or ask your <strong>questions<\/strong> at <strong>079 937 73 73<\/strong> or via our <strong>form<\/strong>. Payments can be made by Twint, credit card, invoice.<\/li>\n<\/ul>\n<p>Clinton Ober&#8217;s concept of &#8220;earthing&#8221;, also known as &#8220;grounding&#8221;, consists in establishing a direct connection between the human body and the surface of the Earth. This practice reduces inflammation, relieves pain, improves sleep and reduces oxidative stress in the body.<\/p>\n<p>The idea is that the Earth&#8217;s surface is negatively charged and when we come into direct contact with it (for example, by walking barefoot on grass), we absorb electrons that help neutralize free radicals in our bodies. This neutralization of free radicals has beneficial effects on our health, in particular by reducing chronic inflammation that is associated with many diseases.<\/p>\n<p>Earthing\u00ae products, mats, mattresses and grounding patches have been developed to allow people to practice earthing even if they cannot walk barefoot on the Earth.<\/p>\n","protected":false},"featured_media":37555,"template":"","meta":[],"product_brand":[],"product_cat":[243],"product_tag":[],"class_list":{"0":"post-31032","1":"product","2":"type-product","3":"status-publish","4":"has-post-thumbnail","6":"product_cat-earthing-en","8":"first","9":"instock","10":"downloadable","11":"virtual","12":"purchasable","13":"product-type-simple"},"yoast_head":"<!-- This site is optimized with the Yoast SEO plugin v27.4 - https:\/\/yoast.com\/product\/yoast-seo-wordpress\/ -->\n<title>Earthing\u00a9 product catalog - Hu Care<\/title>\n<meta name=\"description\" content=\"Official Clinton Ober Earthing\u00ae products. Restores the electrical stability of the body. Reduces inflammation and pain. Improves sleep.\" \/>\n<meta name=\"robots\" content=\"noindex, follow\" \/>\n<meta property=\"og:locale\" content=\"en_US\" \/>\n<meta property=\"og:type\" content=\"article\" \/>\n<meta property=\"og:title\" content=\"Earthing\u00a9 product catalog - Hu Care\" \/>\n<meta property=\"og:description\" content=\"Official Clinton Ober Earthing\u00ae products. Restores the electrical stability of the body. Reduces inflammation and pain. Improves sleep.\" \/>\n<meta property=\"og:url\" content=\"https:\/\/hu-care.ch\/en\/product\/catalogue-products-earthing\/\" \/>\n<meta property=\"og:site_name\" content=\"Hu Care\" \/>\n<meta property=\"article:publisher\" content=\"https:\/\/www.facebook.com\/people\/Cabinet-Manaia\/100086857133927\/\" \/>\n<meta property=\"article:modified_time\" content=\"2023-09-25T08:12:51+00:00\" \/>\n<meta property=\"og:image\" content=\"https:\/\/hu-care.ch\/wp-content\/uploads\/2023\/02\/Catalogue_Earthing_hu-care.jpg\" \/>\n\t<meta property=\"og:image:width\" content=\"750\" \/>\n\t<meta property=\"og:image:height\" content=\"971\" \/>\n\t<meta property=\"og:image:type\" content=\"image\/jpeg\" \/>\n<meta name=\"twitter:card\" content=\"summary_large_image\" \/>\n<script type=\"application\/ld+json\" class=\"yoast-schema-graph\">{\"@context\":\"https:\\\/\\\/schema.org\",\"@graph\":[{\"@type\":\"WebPage\",\"@id\":\"https:\\\/\\\/hu-care.ch\\\/en\\\/product\\\/catalogue-products-earthing\\\/\",\"url\":\"https:\\\/\\\/hu-care.ch\\\/en\\\/product\\\/catalogue-products-earthing\\\/\",\"name\":\"Earthing\u00a9 product catalog - Hu Care\",\"isPartOf\":{\"@id\":\"https:\\\/\\\/hu-care.ch\\\/en\\\/#website\"},\"primaryImageOfPage\":{\"@id\":\"https:\\\/\\\/hu-care.ch\\\/en\\\/product\\\/catalogue-products-earthing\\\/#primaryimage\"},\"image\":{\"@id\":\"https:\\\/\\\/hu-care.ch\\\/en\\\/product\\\/catalogue-products-earthing\\\/#primaryimage\"},\"thumbnailUrl\":\"https:\\\/\\\/hu-care.ch\\\/wp-content\\\/uploads\\\/2023\\\/02\\\/Hu-Care-catalogue-Earthing\u00a9-pdf.jpg\",\"datePublished\":\"2023-02-22T13:02:22+00:00\",\"dateModified\":\"2023-09-25T08:12:51+00:00\",\"description\":\"Official Clinton Ober Earthing\u00ae products. Restores the electrical stability of the body. Reduces inflammation and pain. Improves sleep.\",\"breadcrumb\":{\"@id\":\"https:\\\/\\\/hu-care.ch\\\/en\\\/product\\\/catalogue-products-earthing\\\/#breadcrumb\"},\"inLanguage\":\"en-US\",\"potentialAction\":[{\"@type\":\"ReadAction\",\"target\":[\"https:\\\/\\\/hu-care.ch\\\/en\\\/product\\\/catalogue-products-earthing\\\/\"]}]},{\"@type\":\"ImageObject\",\"inLanguage\":\"en-US\",\"@id\":\"https:\\\/\\\/hu-care.ch\\\/en\\\/product\\\/catalogue-products-earthing\\\/#primaryimage\",\"url\":\"https:\\\/\\\/hu-care.ch\\\/wp-content\\\/uploads\\\/2023\\\/02\\\/Hu-Care-catalogue-Earthing\u00a9-pdf.jpg\",\"contentUrl\":\"https:\\\/\\\/hu-care.ch\\\/wp-content\\\/uploads\\\/2023\\\/02\\\/Hu-Care-catalogue-Earthing\u00a9-pdf.jpg\"},{\"@type\":\"BreadcrumbList\",\"@id\":\"https:\\\/\\\/hu-care.ch\\\/en\\\/product\\\/catalogue-products-earthing\\\/#breadcrumb\",\"itemListElement\":[{\"@type\":\"ListItem\",\"position\":1,\"name\":\"Accueil\",\"item\":\"https:\\\/\\\/hu-care.ch\\\/en\\\/\"},{\"@type\":\"ListItem\",\"position\":2,\"name\":\"Shop\",\"item\":\"https:\\\/\\\/hu-care.ch\\\/boutique\\\/\"},{\"@type\":\"ListItem\",\"position\":3,\"name\":\"Earthing\u00a9 product catalog\"}]},{\"@type\":\"WebSite\",\"@id\":\"https:\\\/\\\/hu-care.ch\\\/en\\\/#website\",\"url\":\"https:\\\/\\\/hu-care.ch\\\/en\\\/\",\"name\":\"Natacha Soussan - Hu Care\",\"description\":\"Th\u00e9rapies Compl\u00e9mentaires, Formations, Produits Sant\u00e9\",\"publisher\":{\"@id\":\"https:\\\/\\\/hu-care.ch\\\/en\\\/#organization\"},\"potentialAction\":[{\"@type\":\"SearchAction\",\"target\":{\"@type\":\"EntryPoint\",\"urlTemplate\":\"https:\\\/\\\/hu-care.ch\\\/en\\\/?s={search_term_string}\"},\"query-input\":{\"@type\":\"PropertyValueSpecification\",\"valueRequired\":true,\"valueName\":\"search_term_string\"}}],\"inLanguage\":\"en-US\"},{\"@type\":\"Organization\",\"@id\":\"https:\\\/\\\/hu-care.ch\\\/en\\\/#organization\",\"name\":\"Hu Care\",\"url\":\"https:\\\/\\\/hu-care.ch\\\/en\\\/\",\"logo\":{\"@type\":\"ImageObject\",\"inLanguage\":\"en-US\",\"@id\":\"https:\\\/\\\/hu-care.ch\\\/en\\\/#\\\/schema\\\/logo\\\/image\\\/\",\"url\":\"https:\\\/\\\/hu-care.ch\\\/wp-content\\\/uploads\\\/2023\\\/02\\\/hu_care.png\",\"contentUrl\":\"https:\\\/\\\/hu-care.ch\\\/wp-content\\\/uploads\\\/2023\\\/02\\\/hu_care.png\",\"width\":1280,\"height\":1280,\"caption\":\"Hu Care\"},\"image\":{\"@id\":\"https:\\\/\\\/hu-care.ch\\\/en\\\/#\\\/schema\\\/logo\\\/image\\\/\"},\"sameAs\":[\"https:\\\/\\\/www.facebook.com\\\/people\\\/Cabinet-Manaia\\\/100086857133927\\\/\",\"https:\\\/\\\/www.instagram.com\\\/_hu.care_\\\/\",\"https:\\\/\\\/www.linkedin.com\\\/in\\\/natacha-soussan-a96721256\\\/?originalSubdomain=ch\"]}]}<\/script>\n<!-- \/ Yoast SEO plugin. -->","yoast_head_json":{"title":"Earthing\u00a9 product catalog - Hu Care","description":"Official Clinton Ober Earthing\u00ae products. Restores the electrical stability of the body. Reduces inflammation and pain. Improves sleep.","robots":{"index":"noindex","follow":"follow"},"og_locale":"en_US","og_type":"article","og_title":"Earthing\u00a9 product catalog - Hu Care","og_description":"Official Clinton Ober Earthing\u00ae products. Restores the electrical stability of the body. Reduces inflammation and pain. Improves sleep.","og_url":"https:\/\/hu-care.ch\/en\/product\/catalogue-products-earthing\/","og_site_name":"Hu Care","article_publisher":"https:\/\/www.facebook.com\/people\/Cabinet-Manaia\/100086857133927\/","article_modified_time":"2023-09-25T08:12:51+00:00","og_image":[{"width":750,"height":971,"url":"https:\/\/hu-care.ch\/wp-content\/uploads\/2023\/02\/Catalogue_Earthing_hu-care.jpg","type":"image\/jpeg"}],"twitter_card":"summary_large_image","schema":{"@context":"https:\/\/schema.org","@graph":[{"@type":"WebPage","@id":"https:\/\/hu-care.ch\/en\/product\/catalogue-products-earthing\/","url":"https:\/\/hu-care.ch\/en\/product\/catalogue-products-earthing\/","name":"Earthing\u00a9 product catalog - Hu Care","isPartOf":{"@id":"https:\/\/hu-care.ch\/en\/#website"},"primaryImageOfPage":{"@id":"https:\/\/hu-care.ch\/en\/product\/catalogue-products-earthing\/#primaryimage"},"image":{"@id":"https:\/\/hu-care.ch\/en\/product\/catalogue-products-earthing\/#primaryimage"},"thumbnailUrl":"https:\/\/hu-care.ch\/wp-content\/uploads\/2023\/02\/Hu-Care-catalogue-Earthing\u00a9-pdf.jpg","datePublished":"2023-02-22T13:02:22+00:00","dateModified":"2023-09-25T08:12:51+00:00","description":"Official Clinton Ober Earthing\u00ae products. Restores the electrical stability of the body. Reduces inflammation and pain. Improves sleep.","breadcrumb":{"@id":"https:\/\/hu-care.ch\/en\/product\/catalogue-products-earthing\/#breadcrumb"},"inLanguage":"en-US","potentialAction":[{"@type":"ReadAction","target":["https:\/\/hu-care.ch\/en\/product\/catalogue-products-earthing\/"]}]},{"@type":"ImageObject","inLanguage":"en-US","@id":"https:\/\/hu-care.ch\/en\/product\/catalogue-products-earthing\/#primaryimage","url":"https:\/\/hu-care.ch\/wp-content\/uploads\/2023\/02\/Hu-Care-catalogue-Earthing\u00a9-pdf.jpg","contentUrl":"https:\/\/hu-care.ch\/wp-content\/uploads\/2023\/02\/Hu-Care-catalogue-Earthing\u00a9-pdf.jpg"},{"@type":"BreadcrumbList","@id":"https:\/\/hu-care.ch\/en\/product\/catalogue-products-earthing\/#breadcrumb","itemListElement":[{"@type":"ListItem","position":1,"name":"Accueil","item":"https:\/\/hu-care.ch\/en\/"},{"@type":"ListItem","position":2,"name":"Shop","item":"https:\/\/hu-care.ch\/boutique\/"},{"@type":"ListItem","position":3,"name":"Earthing\u00a9 product catalog"}]},{"@type":"WebSite","@id":"https:\/\/hu-care.ch\/en\/#website","url":"https:\/\/hu-care.ch\/en\/","name":"Natacha Soussan - Hu Care","description":"Th\u00e9rapies Compl\u00e9mentaires, Formations, Produits Sant\u00e9","publisher":{"@id":"https:\/\/hu-care.ch\/en\/#organization"},"potentialAction":[{"@type":"SearchAction","target":{"@type":"EntryPoint","urlTemplate":"https:\/\/hu-care.ch\/en\/?s={search_term_string}"},"query-input":{"@type":"PropertyValueSpecification","valueRequired":true,"valueName":"search_term_string"}}],"inLanguage":"en-US"},{"@type":"Organization","@id":"https:\/\/hu-care.ch\/en\/#organization","name":"Hu Care","url":"https:\/\/hu-care.ch\/en\/","logo":{"@type":"ImageObject","inLanguage":"en-US","@id":"https:\/\/hu-care.ch\/en\/#\/schema\/logo\/image\/","url":"https:\/\/hu-care.ch\/wp-content\/uploads\/2023\/02\/hu_care.png","contentUrl":"https:\/\/hu-care.ch\/wp-content\/uploads\/2023\/02\/hu_care.png","width":1280,"height":1280,"caption":"Hu Care"},"image":{"@id":"https:\/\/hu-care.ch\/en\/#\/schema\/logo\/image\/"},"sameAs":["https:\/\/www.facebook.com\/people\/Cabinet-Manaia\/100086857133927\/","https:\/\/www.instagram.com\/_hu.care_\/","https:\/\/www.linkedin.com\/in\/natacha-soussan-a96721256\/?originalSubdomain=ch"]}]}},"_links":{"self":[{"href":"https:\/\/hu-care.ch\/en\/wp-json\/wp\/v2\/product\/31032","targetHints":{"allow":["GET"]}}],"collection":[{"href":"https:\/\/hu-care.ch\/en\/wp-json\/wp\/v2\/product"}],"about":[{"href":"https:\/\/hu-care.ch\/en\/wp-json\/wp\/v2\/types\/product"}],"wp:featuredmedia":[{"embeddable":true,"href":"https:\/\/hu-care.ch\/en\/wp-json\/wp\/v2\/media\/37555"}],"wp:attachment":[{"href":"https:\/\/hu-care.ch\/en\/wp-json\/wp\/v2\/media?parent=31032"}],"wp:term":[{"taxonomy":"product_brand","embeddable":true,"href":"https:\/\/hu-care.ch\/en\/wp-json\/wp\/v2\/product_brand?post=31032"},{"taxonomy":"product_cat","embeddable":true,"href":"https:\/\/hu-care.ch\/en\/wp-json\/wp\/v2\/product_cat?post=31032"},{"taxonomy":"product_tag","embeddable":true,"href":"https:\/\/hu-care.ch\/en\/wp-json\/wp\/v2\/product_tag?post=31032"}],"curies":[{"name":"wp","href":"https:\/\/api.w.org\/{rel}","templated":true}]}}