{"id":31061,"date":"2023-02-17T19:36:22","date_gmt":"2023-02-17T18:36:22","guid":{"rendered":"https:\/\/hu-care.ch\/product\/naboso-standing-mat\/"},"modified":"2024-06-16T00:00:40","modified_gmt":"2024-06-15T22:00:40","slug":"naboso-standing-mat","status":"publish","type":"product","link":"https:\/\/hu-care.ch\/en\/product\/naboso-standing-mat\/","title":{"rendered":"Naboso\u00ae Standing Mat &#8211; Plantar stimulation mat"},"content":{"rendered":"<p class=\"\">RBEVA top layer with rubber underlay, a more environmentally friendly rubber because it is a recyclable material. RBEVA waterproof, closed cell, easy to clean and more durable.<\/p>\n<p class=\"\">Wash with warm water and soap and air dry. Cleaning recommended once a week.<\/p>\n<p class=\"\">Designed in the United States. Made in China.<\/p>\n<p class=\"\">Features:<\/p>\n<p class=\"\">Very high level stimulation<\/p>\n<p class=\"\">Total thickness of 8 mm<\/p>\n<p class=\"\">Total weight of 2 pounds<\/p>\n<p class=\"\">Dimensions : 53 x 61 cm<\/p>\n<p class=\"\">Non-toxic | Latex free | 100% recyclable<\/p>\n","protected":false},"excerpt":{"rendered":"<p class=\"\">Are you ready to move with Naboso\u00ae?<\/p>\n<p class=\"\">Naboso\u00ae has developed products to stimulate our feeling in movement.<\/p>\n<p class=\"\">&#8220;May everyone experience the confidence and quality of life that comes from optimizing movement.<\/p>\n<p class=\"\">For people who want to improve the way they move, feel and live, Naboso\u00ae offers the first ever proprioceptive insoles and mats with small nerves designed to stimulate the nervous system and improve movement.<\/p>\n<p class=\"\">The feet are the basis of the movement. We view feet, not as a means to an end, but as a means to master movement.&#8221;<\/p>\n<p class=\"\">Introducing the Naboso\u00ae Standing Mat, which measures 53 cm x 61 cm and fits easily into your home or office!<\/p>\n<p>Naboso products are a range of innovative products designed to improve foot health and performance. Naboso products include plantar stimulation mats, Standing Mat, insoles and massage balls, Neuro Ball, which were developed by American podiatrist Dr. Emily Splichal.<\/p>\n<p>Naboso products are designed to stimulate the sensory receptors in the feet, which are responsible for tactile sensation and proprioception. Proprioception is our body&#8217;s ability to know where our limbs are in space, without having to look. The sensory receptors in the feet are particularly important because they are responsible for balance and posture, as well as coordination and stability when walking and running.<\/p>\n<p>The Naboso plantar stimulation mats are designed to be used barefoot, which allows the feet to feel the different textures and depths of the mat&#8217;s relief. Naboso foot stimulation mats can help strengthen foot muscles, improve stability and balance, and reduce foot pain and inflammation.<\/p>\n<p>The Naboso massage balls are designed to be used to massage the feet, stimulating the sensory receptors and improving blood circulation. Naboso massage balls can help relieve foot pain and fatigue, as well as improve foot flexibility and mobility.<\/p>\n<p>Naboso products are beneficial for everyone, whether you are an athlete looking to improve your performance, or someone suffering from foot pain or posture problems. Naboso products can help strengthen foot muscles, improve balance and coordination, reduce foot pain and inflammation, and improve body alignment and posture.<\/p>\n<p>If you are looking to improve the health of your feet, Naboso products are a great option.<\/p>\n","protected":false},"featured_media":30640,"template":"","meta":[],"product_brand":[],"product_cat":[251],"product_tag":[],"class_list":{"0":"post-31061","1":"product","2":"type-product","3":"status-publish","4":"has-post-thumbnail","6":"product_cat-in-motion","8":"first","9":"instock","10":"sale","11":"shipping-taxable","12":"purchasable","13":"product-type-simple"},"yoast_head":"<!-- This site is optimized with the Yoast SEO plugin v27.4 - https:\/\/yoast.com\/product\/yoast-seo-wordpress\/ -->\n<title>Naboso\u00ae Standing Mat - Plantar stimulation mat - Hu Care<\/title>\n<meta name=\"description\" content=\"Naboso\u00ae products act on the nervous system, alleviate tension in the body and mind, improve posture and balance.\" \/>\n<meta name=\"robots\" content=\"noindex, follow\" \/>\n<meta property=\"og:locale\" content=\"en_US\" \/>\n<meta property=\"og:type\" content=\"article\" \/>\n<meta property=\"og:title\" content=\"Naboso\u00ae Standing Mat - Plantar stimulation mat - Hu Care\" \/>\n<meta property=\"og:description\" content=\"Naboso\u00ae products act on the nervous system, alleviate tension in the body and mind, improve posture and balance.\" \/>\n<meta property=\"og:url\" content=\"https:\/\/hu-care.ch\/en\/product\/naboso-standing-mat\/\" \/>\n<meta property=\"og:site_name\" content=\"Hu Care\" \/>\n<meta property=\"article:publisher\" content=\"https:\/\/www.facebook.com\/people\/Cabinet-Manaia\/100086857133927\/\" \/>\n<meta property=\"article:modified_time\" content=\"2024-06-15T22:00:40+00:00\" \/>\n<meta property=\"og:image\" content=\"https:\/\/hu-care.ch\/wp-content\/uploads\/2023\/02\/03_StandingMat-WorkHome_1080x.jpeg\" \/>\n\t<meta property=\"og:image:width\" content=\"750\" \/>\n\t<meta property=\"og:image:height\" content=\"750\" \/>\n\t<meta property=\"og:image:type\" content=\"image\/jpeg\" \/>\n<meta name=\"twitter:card\" content=\"summary_large_image\" \/>\n<script type=\"application\/ld+json\" class=\"yoast-schema-graph\">{\"@context\":\"https:\\\/\\\/schema.org\",\"@graph\":[{\"@type\":\"WebPage\",\"@id\":\"https:\\\/\\\/hu-care.ch\\\/en\\\/product\\\/naboso-standing-mat\\\/\",\"url\":\"https:\\\/\\\/hu-care.ch\\\/en\\\/product\\\/naboso-standing-mat\\\/\",\"name\":\"Naboso\u00ae Standing Mat - Plantar stimulation mat - Hu Care\",\"isPartOf\":{\"@id\":\"https:\\\/\\\/hu-care.ch\\\/en\\\/#website\"},\"primaryImageOfPage\":{\"@id\":\"https:\\\/\\\/hu-care.ch\\\/en\\\/product\\\/naboso-standing-mat\\\/#primaryimage\"},\"image\":{\"@id\":\"https:\\\/\\\/hu-care.ch\\\/en\\\/product\\\/naboso-standing-mat\\\/#primaryimage\"},\"thumbnailUrl\":\"https:\\\/\\\/hu-care.ch\\\/wp-content\\\/uploads\\\/2023\\\/02\\\/03_StandingMat-WorkHome_1080x.jpeg\",\"datePublished\":\"2023-02-17T18:36:22+00:00\",\"dateModified\":\"2024-06-15T22:00:40+00:00\",\"description\":\"Naboso\u00ae products act on the nervous system, alleviate tension in the body and mind, improve posture and balance.\",\"breadcrumb\":{\"@id\":\"https:\\\/\\\/hu-care.ch\\\/en\\\/product\\\/naboso-standing-mat\\\/#breadcrumb\"},\"inLanguage\":\"en-US\",\"potentialAction\":[{\"@type\":\"ReadAction\",\"target\":[\"https:\\\/\\\/hu-care.ch\\\/en\\\/product\\\/naboso-standing-mat\\\/\"]}]},{\"@type\":\"ImageObject\",\"inLanguage\":\"en-US\",\"@id\":\"https:\\\/\\\/hu-care.ch\\\/en\\\/product\\\/naboso-standing-mat\\\/#primaryimage\",\"url\":\"https:\\\/\\\/hu-care.ch\\\/wp-content\\\/uploads\\\/2023\\\/02\\\/03_StandingMat-WorkHome_1080x.jpeg\",\"contentUrl\":\"https:\\\/\\\/hu-care.ch\\\/wp-content\\\/uploads\\\/2023\\\/02\\\/03_StandingMat-WorkHome_1080x.jpeg\",\"width\":750,\"height\":750},{\"@type\":\"BreadcrumbList\",\"@id\":\"https:\\\/\\\/hu-care.ch\\\/en\\\/product\\\/naboso-standing-mat\\\/#breadcrumb\",\"itemListElement\":[{\"@type\":\"ListItem\",\"position\":1,\"name\":\"Accueil\",\"item\":\"https:\\\/\\\/hu-care.ch\\\/en\\\/\"},{\"@type\":\"ListItem\",\"position\":2,\"name\":\"Shop\",\"item\":\"https:\\\/\\\/hu-care.ch\\\/boutique\\\/\"},{\"@type\":\"ListItem\",\"position\":3,\"name\":\"Naboso\u00ae Standing Mat &#8211; Plantar stimulation mat\"}]},{\"@type\":\"WebSite\",\"@id\":\"https:\\\/\\\/hu-care.ch\\\/en\\\/#website\",\"url\":\"https:\\\/\\\/hu-care.ch\\\/en\\\/\",\"name\":\"Natacha Soussan - Hu Care\",\"description\":\"Th\u00e9rapies Compl\u00e9mentaires, Formations, Produits Sant\u00e9\",\"publisher\":{\"@id\":\"https:\\\/\\\/hu-care.ch\\\/en\\\/#organization\"},\"potentialAction\":[{\"@type\":\"SearchAction\",\"target\":{\"@type\":\"EntryPoint\",\"urlTemplate\":\"https:\\\/\\\/hu-care.ch\\\/en\\\/?s={search_term_string}\"},\"query-input\":{\"@type\":\"PropertyValueSpecification\",\"valueRequired\":true,\"valueName\":\"search_term_string\"}}],\"inLanguage\":\"en-US\"},{\"@type\":\"Organization\",\"@id\":\"https:\\\/\\\/hu-care.ch\\\/en\\\/#organization\",\"name\":\"Hu Care\",\"url\":\"https:\\\/\\\/hu-care.ch\\\/en\\\/\",\"logo\":{\"@type\":\"ImageObject\",\"inLanguage\":\"en-US\",\"@id\":\"https:\\\/\\\/hu-care.ch\\\/en\\\/#\\\/schema\\\/logo\\\/image\\\/\",\"url\":\"https:\\\/\\\/hu-care.ch\\\/wp-content\\\/uploads\\\/2023\\\/02\\\/hu_care.png\",\"contentUrl\":\"https:\\\/\\\/hu-care.ch\\\/wp-content\\\/uploads\\\/2023\\\/02\\\/hu_care.png\",\"width\":1280,\"height\":1280,\"caption\":\"Hu Care\"},\"image\":{\"@id\":\"https:\\\/\\\/hu-care.ch\\\/en\\\/#\\\/schema\\\/logo\\\/image\\\/\"},\"sameAs\":[\"https:\\\/\\\/www.facebook.com\\\/people\\\/Cabinet-Manaia\\\/100086857133927\\\/\",\"https:\\\/\\\/www.instagram.com\\\/_hu.care_\\\/\",\"https:\\\/\\\/www.linkedin.com\\\/in\\\/natacha-soussan-a96721256\\\/?originalSubdomain=ch\"]}]}<\/script>\n<!-- \/ Yoast SEO plugin. -->","yoast_head_json":{"title":"Naboso\u00ae Standing Mat - Plantar stimulation mat - Hu Care","description":"Naboso\u00ae products act on the nervous system, alleviate tension in the body and mind, improve posture and balance.","robots":{"index":"noindex","follow":"follow"},"og_locale":"en_US","og_type":"article","og_title":"Naboso\u00ae Standing Mat - Plantar stimulation mat - Hu Care","og_description":"Naboso\u00ae products act on the nervous system, alleviate tension in the body and mind, improve posture and balance.","og_url":"https:\/\/hu-care.ch\/en\/product\/naboso-standing-mat\/","og_site_name":"Hu Care","article_publisher":"https:\/\/www.facebook.com\/people\/Cabinet-Manaia\/100086857133927\/","article_modified_time":"2024-06-15T22:00:40+00:00","og_image":[{"width":750,"height":750,"url":"https:\/\/hu-care.ch\/wp-content\/uploads\/2023\/02\/03_StandingMat-WorkHome_1080x.jpeg","type":"image\/jpeg"}],"twitter_card":"summary_large_image","schema":{"@context":"https:\/\/schema.org","@graph":[{"@type":"WebPage","@id":"https:\/\/hu-care.ch\/en\/product\/naboso-standing-mat\/","url":"https:\/\/hu-care.ch\/en\/product\/naboso-standing-mat\/","name":"Naboso\u00ae Standing Mat - Plantar stimulation mat - Hu Care","isPartOf":{"@id":"https:\/\/hu-care.ch\/en\/#website"},"primaryImageOfPage":{"@id":"https:\/\/hu-care.ch\/en\/product\/naboso-standing-mat\/#primaryimage"},"image":{"@id":"https:\/\/hu-care.ch\/en\/product\/naboso-standing-mat\/#primaryimage"},"thumbnailUrl":"https:\/\/hu-care.ch\/wp-content\/uploads\/2023\/02\/03_StandingMat-WorkHome_1080x.jpeg","datePublished":"2023-02-17T18:36:22+00:00","dateModified":"2024-06-15T22:00:40+00:00","description":"Naboso\u00ae products act on the nervous system, alleviate tension in the body and mind, improve posture and balance.","breadcrumb":{"@id":"https:\/\/hu-care.ch\/en\/product\/naboso-standing-mat\/#breadcrumb"},"inLanguage":"en-US","potentialAction":[{"@type":"ReadAction","target":["https:\/\/hu-care.ch\/en\/product\/naboso-standing-mat\/"]}]},{"@type":"ImageObject","inLanguage":"en-US","@id":"https:\/\/hu-care.ch\/en\/product\/naboso-standing-mat\/#primaryimage","url":"https:\/\/hu-care.ch\/wp-content\/uploads\/2023\/02\/03_StandingMat-WorkHome_1080x.jpeg","contentUrl":"https:\/\/hu-care.ch\/wp-content\/uploads\/2023\/02\/03_StandingMat-WorkHome_1080x.jpeg","width":750,"height":750},{"@type":"BreadcrumbList","@id":"https:\/\/hu-care.ch\/en\/product\/naboso-standing-mat\/#breadcrumb","itemListElement":[{"@type":"ListItem","position":1,"name":"Accueil","item":"https:\/\/hu-care.ch\/en\/"},{"@type":"ListItem","position":2,"name":"Shop","item":"https:\/\/hu-care.ch\/boutique\/"},{"@type":"ListItem","position":3,"name":"Naboso\u00ae Standing Mat &#8211; Plantar stimulation mat"}]},{"@type":"WebSite","@id":"https:\/\/hu-care.ch\/en\/#website","url":"https:\/\/hu-care.ch\/en\/","name":"Natacha Soussan - Hu Care","description":"Th\u00e9rapies Compl\u00e9mentaires, Formations, Produits Sant\u00e9","publisher":{"@id":"https:\/\/hu-care.ch\/en\/#organization"},"potentialAction":[{"@type":"SearchAction","target":{"@type":"EntryPoint","urlTemplate":"https:\/\/hu-care.ch\/en\/?s={search_term_string}"},"query-input":{"@type":"PropertyValueSpecification","valueRequired":true,"valueName":"search_term_string"}}],"inLanguage":"en-US"},{"@type":"Organization","@id":"https:\/\/hu-care.ch\/en\/#organization","name":"Hu Care","url":"https:\/\/hu-care.ch\/en\/","logo":{"@type":"ImageObject","inLanguage":"en-US","@id":"https:\/\/hu-care.ch\/en\/#\/schema\/logo\/image\/","url":"https:\/\/hu-care.ch\/wp-content\/uploads\/2023\/02\/hu_care.png","contentUrl":"https:\/\/hu-care.ch\/wp-content\/uploads\/2023\/02\/hu_care.png","width":1280,"height":1280,"caption":"Hu Care"},"image":{"@id":"https:\/\/hu-care.ch\/en\/#\/schema\/logo\/image\/"},"sameAs":["https:\/\/www.facebook.com\/people\/Cabinet-Manaia\/100086857133927\/","https:\/\/www.instagram.com\/_hu.care_\/","https:\/\/www.linkedin.com\/in\/natacha-soussan-a96721256\/?originalSubdomain=ch"]}]}},"_links":{"self":[{"href":"https:\/\/hu-care.ch\/en\/wp-json\/wp\/v2\/product\/31061","targetHints":{"allow":["GET"]}}],"collection":[{"href":"https:\/\/hu-care.ch\/en\/wp-json\/wp\/v2\/product"}],"about":[{"href":"https:\/\/hu-care.ch\/en\/wp-json\/wp\/v2\/types\/product"}],"wp:featuredmedia":[{"embeddable":true,"href":"https:\/\/hu-care.ch\/en\/wp-json\/wp\/v2\/media\/30640"}],"wp:attachment":[{"href":"https:\/\/hu-care.ch\/en\/wp-json\/wp\/v2\/media?parent=31061"}],"wp:term":[{"taxonomy":"product_brand","embeddable":true,"href":"https:\/\/hu-care.ch\/en\/wp-json\/wp\/v2\/product_brand?post=31061"},{"taxonomy":"product_cat","embeddable":true,"href":"https:\/\/hu-care.ch\/en\/wp-json\/wp\/v2\/product_cat?post=31061"},{"taxonomy":"product_tag","embeddable":true,"href":"https:\/\/hu-care.ch\/en\/wp-json\/wp\/v2\/product_tag?post=31061"}],"curies":[{"name":"wp","href":"https:\/\/api.w.org\/{rel}","templated":true}]}}