{"id":31087,"date":"2023-02-22T14:39:28","date_gmt":"2023-02-22T13:39:28","guid":{"rendered":"https:\/\/hu-care.ch\/product\/filter-cartridge-for-eva-fountain\/"},"modified":"2024-01-25T10:04:47","modified_gmt":"2024-01-25T09:04:47","slug":"filter-cartridge-for-fountain-eva","status":"publish","type":"product","link":"https:\/\/hu-care.ch\/en\/product\/filter-cartridge-for-fountain-eva\/","title":{"rendered":"Filter cartridge for EVA fountain"},"content":{"rendered":"<p class=\"\"><strong>Composition:<\/strong><\/p>\n<ol data-rte-list=\"default\">\n<li>\n<p class=\"\"><strong>Activated carbon <\/strong>: neutralizes chlorine, bad odors, traces of solvents, chemicals and dyes still present in the water. <strong>Carbon &amp; colloidal silver <\/strong>(WSM3000): neutralizes chlorine, bad odors, traces of solvents, chemicals and dyes still present in the water. Eliminates potential bacteria by diffusing colloidal silver attached to activated carbon (EVA UNITED EXCLUSIVE PATENT)<\/p>\n<\/li>\n<li>\n<p class=\"\"><strong>Natural silica sand<\/strong>: neutralizes acidity and restores a pleasant taste to the water by adjusting its PH to a slightly alkaline level (7.2 to 7.8)<\/p>\n<\/li>\n<li>\n<p class=\"\"><strong>Zeolite<\/strong>: natural microporous mineral of volcanic origin. Binds heavy metals and softens water.<\/p>\n<\/li>\n<li>\n<p class=\"\"><strong>Volcanic rocks<\/strong>: support the action of the activated carbon and maintain the purity of the water. Diffuse 14 basic minerals (magnesium, iron, zinc, calcium&#8230;), giving back to the purified water optimal mineral qualities.<\/p>\n<\/li>\n<\/ol>\n","protected":false},"excerpt":{"rendered":"<p class=\"\"><em>(Price with taxes and custom fees included)<\/em><\/p>\n<p class=\"\"><strong>The Eva Filter Cartridge is compatible with all Eva water fountains.<\/strong><\/p>\n<p class=\"\"><strong>TO BE REPLACED EVERY 6 MONTHS.<\/strong><\/p>\n<p>Weight : 595 g<\/p>\n","protected":false},"featured_media":30874,"template":"","meta":[],"product_brand":[],"product_cat":[327],"product_tag":[],"class_list":{"0":"post-31087","1":"product","2":"type-product","3":"status-publish","4":"has-post-thumbnail","6":"product_cat-pure-water","8":"first","9":"instock","10":"shipping-taxable","11":"purchasable","12":"product-type-simple"},"yoast_head":"<!-- This site is optimized with the Yoast SEO plugin v27.3 - https:\/\/yoast.com\/product\/yoast-seo-wordpress\/ -->\n<title>Filter cartridge for EVA fountain - Hu Care<\/title>\n<meta name=\"description\" content=\"EVA filter fountain for your health, purify tap water. PH slightly alkaline. For your children, your pets, your plants. Ecological.\" \/>\n<meta name=\"robots\" content=\"noindex, follow\" \/>\n<meta property=\"og:locale\" content=\"en_US\" \/>\n<meta property=\"og:type\" content=\"article\" \/>\n<meta property=\"og:title\" content=\"Filter cartridge for EVA fountain - Hu Care\" \/>\n<meta property=\"og:description\" content=\"EVA filter fountain for your health, purify tap water. PH slightly alkaline. For your children, your pets, your plants. Ecological.\" \/>\n<meta property=\"og:url\" content=\"https:\/\/hu-care.ch\/en\/product\/filter-cartridge-for-fountain-eva\/\" \/>\n<meta property=\"og:site_name\" content=\"Hu Care\" \/>\n<meta property=\"article:publisher\" content=\"https:\/\/www.facebook.com\/people\/Cabinet-Manaia\/100086857133927\/\" \/>\n<meta property=\"article:modified_time\" content=\"2024-01-25T09:04:47+00:00\" \/>\n<meta property=\"og:image\" content=\"https:\/\/hu-care.ch\/wp-content\/uploads\/2023\/02\/cartouche-filtrante-pour-fontaine-a-eau-eva-fontaine-eva.jpg\" \/>\n\t<meta property=\"og:image:width\" content=\"750\" \/>\n\t<meta property=\"og:image:height\" content=\"987\" \/>\n\t<meta property=\"og:image:type\" content=\"image\/jpeg\" \/>\n<meta name=\"twitter:card\" content=\"summary_large_image\" \/>\n<meta name=\"twitter:label1\" content=\"Est. reading time\" \/>\n\t<meta name=\"twitter:data1\" content=\"1 minute\" \/>\n<script type=\"application\/ld+json\" class=\"yoast-schema-graph\">{\"@context\":\"https:\\\/\\\/schema.org\",\"@graph\":[{\"@type\":\"WebPage\",\"@id\":\"https:\\\/\\\/hu-care.ch\\\/en\\\/product\\\/filter-cartridge-for-fountain-eva\\\/\",\"url\":\"https:\\\/\\\/hu-care.ch\\\/en\\\/product\\\/filter-cartridge-for-fountain-eva\\\/\",\"name\":\"Filter cartridge for EVA fountain - Hu Care\",\"isPartOf\":{\"@id\":\"https:\\\/\\\/hu-care.ch\\\/en\\\/#website\"},\"primaryImageOfPage\":{\"@id\":\"https:\\\/\\\/hu-care.ch\\\/en\\\/product\\\/filter-cartridge-for-fountain-eva\\\/#primaryimage\"},\"image\":{\"@id\":\"https:\\\/\\\/hu-care.ch\\\/en\\\/product\\\/filter-cartridge-for-fountain-eva\\\/#primaryimage\"},\"thumbnailUrl\":\"https:\\\/\\\/hu-care.ch\\\/wp-content\\\/uploads\\\/2023\\\/02\\\/cartouche-filtrante-pour-fontaine-a-eau-eva-fontaine-eva.jpg\",\"datePublished\":\"2023-02-22T13:39:28+00:00\",\"dateModified\":\"2024-01-25T09:04:47+00:00\",\"description\":\"EVA filter fountain for your health, purify tap water. PH slightly alkaline. For your children, your pets, your plants. Ecological.\",\"breadcrumb\":{\"@id\":\"https:\\\/\\\/hu-care.ch\\\/en\\\/product\\\/filter-cartridge-for-fountain-eva\\\/#breadcrumb\"},\"inLanguage\":\"en-US\",\"potentialAction\":[{\"@type\":\"ReadAction\",\"target\":[\"https:\\\/\\\/hu-care.ch\\\/en\\\/product\\\/filter-cartridge-for-fountain-eva\\\/\"]}]},{\"@type\":\"ImageObject\",\"inLanguage\":\"en-US\",\"@id\":\"https:\\\/\\\/hu-care.ch\\\/en\\\/product\\\/filter-cartridge-for-fountain-eva\\\/#primaryimage\",\"url\":\"https:\\\/\\\/hu-care.ch\\\/wp-content\\\/uploads\\\/2023\\\/02\\\/cartouche-filtrante-pour-fontaine-a-eau-eva-fontaine-eva.jpg\",\"contentUrl\":\"https:\\\/\\\/hu-care.ch\\\/wp-content\\\/uploads\\\/2023\\\/02\\\/cartouche-filtrante-pour-fontaine-a-eau-eva-fontaine-eva.jpg\",\"width\":750,\"height\":987},{\"@type\":\"BreadcrumbList\",\"@id\":\"https:\\\/\\\/hu-care.ch\\\/en\\\/product\\\/filter-cartridge-for-fountain-eva\\\/#breadcrumb\",\"itemListElement\":[{\"@type\":\"ListItem\",\"position\":1,\"name\":\"Accueil\",\"item\":\"https:\\\/\\\/hu-care.ch\\\/en\\\/\"},{\"@type\":\"ListItem\",\"position\":2,\"name\":\"Shop\",\"item\":\"https:\\\/\\\/hu-care.ch\\\/boutique\\\/\"},{\"@type\":\"ListItem\",\"position\":3,\"name\":\"Filter cartridge for EVA fountain\"}]},{\"@type\":\"WebSite\",\"@id\":\"https:\\\/\\\/hu-care.ch\\\/en\\\/#website\",\"url\":\"https:\\\/\\\/hu-care.ch\\\/en\\\/\",\"name\":\"Natacha Soussan - Hu Care\",\"description\":\"Th\u00e9rapies Compl\u00e9mentaires, Formations, Produits Sant\u00e9\",\"publisher\":{\"@id\":\"https:\\\/\\\/hu-care.ch\\\/en\\\/#organization\"},\"potentialAction\":[{\"@type\":\"SearchAction\",\"target\":{\"@type\":\"EntryPoint\",\"urlTemplate\":\"https:\\\/\\\/hu-care.ch\\\/en\\\/?s={search_term_string}\"},\"query-input\":{\"@type\":\"PropertyValueSpecification\",\"valueRequired\":true,\"valueName\":\"search_term_string\"}}],\"inLanguage\":\"en-US\"},{\"@type\":\"Organization\",\"@id\":\"https:\\\/\\\/hu-care.ch\\\/en\\\/#organization\",\"name\":\"Hu Care\",\"url\":\"https:\\\/\\\/hu-care.ch\\\/en\\\/\",\"logo\":{\"@type\":\"ImageObject\",\"inLanguage\":\"en-US\",\"@id\":\"https:\\\/\\\/hu-care.ch\\\/en\\\/#\\\/schema\\\/logo\\\/image\\\/\",\"url\":\"https:\\\/\\\/hu-care.ch\\\/wp-content\\\/uploads\\\/2023\\\/02\\\/hu_care.png\",\"contentUrl\":\"https:\\\/\\\/hu-care.ch\\\/wp-content\\\/uploads\\\/2023\\\/02\\\/hu_care.png\",\"width\":1280,\"height\":1280,\"caption\":\"Hu Care\"},\"image\":{\"@id\":\"https:\\\/\\\/hu-care.ch\\\/en\\\/#\\\/schema\\\/logo\\\/image\\\/\"},\"sameAs\":[\"https:\\\/\\\/www.facebook.com\\\/people\\\/Cabinet-Manaia\\\/100086857133927\\\/\",\"https:\\\/\\\/www.instagram.com\\\/_hu.care_\\\/\",\"https:\\\/\\\/www.linkedin.com\\\/in\\\/natacha-soussan-a96721256\\\/?originalSubdomain=ch\"]}]}<\/script>\n<!-- \/ Yoast SEO plugin. -->","yoast_head_json":{"title":"Filter cartridge for EVA fountain - Hu Care","description":"EVA filter fountain for your health, purify tap water. PH slightly alkaline. For your children, your pets, your plants. Ecological.","robots":{"index":"noindex","follow":"follow"},"og_locale":"en_US","og_type":"article","og_title":"Filter cartridge for EVA fountain - Hu Care","og_description":"EVA filter fountain for your health, purify tap water. PH slightly alkaline. For your children, your pets, your plants. Ecological.","og_url":"https:\/\/hu-care.ch\/en\/product\/filter-cartridge-for-fountain-eva\/","og_site_name":"Hu Care","article_publisher":"https:\/\/www.facebook.com\/people\/Cabinet-Manaia\/100086857133927\/","article_modified_time":"2024-01-25T09:04:47+00:00","og_image":[{"width":750,"height":987,"url":"https:\/\/hu-care.ch\/wp-content\/uploads\/2023\/02\/cartouche-filtrante-pour-fontaine-a-eau-eva-fontaine-eva.jpg","type":"image\/jpeg"}],"twitter_card":"summary_large_image","twitter_misc":{"Est. reading time":"1 minute"},"schema":{"@context":"https:\/\/schema.org","@graph":[{"@type":"WebPage","@id":"https:\/\/hu-care.ch\/en\/product\/filter-cartridge-for-fountain-eva\/","url":"https:\/\/hu-care.ch\/en\/product\/filter-cartridge-for-fountain-eva\/","name":"Filter cartridge for EVA fountain - Hu Care","isPartOf":{"@id":"https:\/\/hu-care.ch\/en\/#website"},"primaryImageOfPage":{"@id":"https:\/\/hu-care.ch\/en\/product\/filter-cartridge-for-fountain-eva\/#primaryimage"},"image":{"@id":"https:\/\/hu-care.ch\/en\/product\/filter-cartridge-for-fountain-eva\/#primaryimage"},"thumbnailUrl":"https:\/\/hu-care.ch\/wp-content\/uploads\/2023\/02\/cartouche-filtrante-pour-fontaine-a-eau-eva-fontaine-eva.jpg","datePublished":"2023-02-22T13:39:28+00:00","dateModified":"2024-01-25T09:04:47+00:00","description":"EVA filter fountain for your health, purify tap water. PH slightly alkaline. For your children, your pets, your plants. Ecological.","breadcrumb":{"@id":"https:\/\/hu-care.ch\/en\/product\/filter-cartridge-for-fountain-eva\/#breadcrumb"},"inLanguage":"en-US","potentialAction":[{"@type":"ReadAction","target":["https:\/\/hu-care.ch\/en\/product\/filter-cartridge-for-fountain-eva\/"]}]},{"@type":"ImageObject","inLanguage":"en-US","@id":"https:\/\/hu-care.ch\/en\/product\/filter-cartridge-for-fountain-eva\/#primaryimage","url":"https:\/\/hu-care.ch\/wp-content\/uploads\/2023\/02\/cartouche-filtrante-pour-fontaine-a-eau-eva-fontaine-eva.jpg","contentUrl":"https:\/\/hu-care.ch\/wp-content\/uploads\/2023\/02\/cartouche-filtrante-pour-fontaine-a-eau-eva-fontaine-eva.jpg","width":750,"height":987},{"@type":"BreadcrumbList","@id":"https:\/\/hu-care.ch\/en\/product\/filter-cartridge-for-fountain-eva\/#breadcrumb","itemListElement":[{"@type":"ListItem","position":1,"name":"Accueil","item":"https:\/\/hu-care.ch\/en\/"},{"@type":"ListItem","position":2,"name":"Shop","item":"https:\/\/hu-care.ch\/boutique\/"},{"@type":"ListItem","position":3,"name":"Filter cartridge for EVA fountain"}]},{"@type":"WebSite","@id":"https:\/\/hu-care.ch\/en\/#website","url":"https:\/\/hu-care.ch\/en\/","name":"Natacha Soussan - Hu Care","description":"Th\u00e9rapies Compl\u00e9mentaires, Formations, Produits Sant\u00e9","publisher":{"@id":"https:\/\/hu-care.ch\/en\/#organization"},"potentialAction":[{"@type":"SearchAction","target":{"@type":"EntryPoint","urlTemplate":"https:\/\/hu-care.ch\/en\/?s={search_term_string}"},"query-input":{"@type":"PropertyValueSpecification","valueRequired":true,"valueName":"search_term_string"}}],"inLanguage":"en-US"},{"@type":"Organization","@id":"https:\/\/hu-care.ch\/en\/#organization","name":"Hu Care","url":"https:\/\/hu-care.ch\/en\/","logo":{"@type":"ImageObject","inLanguage":"en-US","@id":"https:\/\/hu-care.ch\/en\/#\/schema\/logo\/image\/","url":"https:\/\/hu-care.ch\/wp-content\/uploads\/2023\/02\/hu_care.png","contentUrl":"https:\/\/hu-care.ch\/wp-content\/uploads\/2023\/02\/hu_care.png","width":1280,"height":1280,"caption":"Hu Care"},"image":{"@id":"https:\/\/hu-care.ch\/en\/#\/schema\/logo\/image\/"},"sameAs":["https:\/\/www.facebook.com\/people\/Cabinet-Manaia\/100086857133927\/","https:\/\/www.instagram.com\/_hu.care_\/","https:\/\/www.linkedin.com\/in\/natacha-soussan-a96721256\/?originalSubdomain=ch"]}]}},"_links":{"self":[{"href":"https:\/\/hu-care.ch\/en\/wp-json\/wp\/v2\/product\/31087","targetHints":{"allow":["GET"]}}],"collection":[{"href":"https:\/\/hu-care.ch\/en\/wp-json\/wp\/v2\/product"}],"about":[{"href":"https:\/\/hu-care.ch\/en\/wp-json\/wp\/v2\/types\/product"}],"wp:featuredmedia":[{"embeddable":true,"href":"https:\/\/hu-care.ch\/en\/wp-json\/wp\/v2\/media\/30874"}],"wp:attachment":[{"href":"https:\/\/hu-care.ch\/en\/wp-json\/wp\/v2\/media?parent=31087"}],"wp:term":[{"taxonomy":"product_brand","embeddable":true,"href":"https:\/\/hu-care.ch\/en\/wp-json\/wp\/v2\/product_brand?post=31087"},{"taxonomy":"product_cat","embeddable":true,"href":"https:\/\/hu-care.ch\/en\/wp-json\/wp\/v2\/product_cat?post=31087"},{"taxonomy":"product_tag","embeddable":true,"href":"https:\/\/hu-care.ch\/en\/wp-json\/wp\/v2\/product_tag?post=31087"}],"curies":[{"name":"wp","href":"https:\/\/api.w.org\/{rel}","templated":true}]}}