{"id":31119,"date":"2023-02-22T14:34:57","date_gmt":"2023-02-22T13:34:57","guid":{"rendered":"https:\/\/hu-care.ch\/product\/eva-filtering-shower-head\/"},"modified":"2023-09-06T13:15:06","modified_gmt":"2023-09-06T11:15:06","slug":"shower-head-filter-eva","status":"publish","type":"product","link":"https:\/\/hu-care.ch\/en\/product\/shower-head-filter-eva\/","title":{"rendered":"EVA filtering shower head"},"content":{"rendered":"<ul>\n<li>The beads of <strong>Hinoki Cedarwood<\/strong> bring to the essences contained, a <strong>softening <\/strong>and<strong> soothing<\/strong> <strong>effect <\/strong>for <strong>sensitive<\/strong> or atopic <strong>skin<\/strong> (psoriasis, eczema &#8230;).<\/li>\n<li>The pure <strong>calcium<\/strong> granules oxidize in contact with water and have an <strong>exfoliating action on the skin<\/strong>.<\/li>\n<li><strong>Zeolite<\/strong> granules, volcanic rocks, filter <strong>heavy metal<\/strong> pollutants, <strong>chlorine<\/strong> and <strong>chemicals<\/strong> from water pipes.<\/li>\n<li>The perlon <strong>wool<\/strong> cartridge captures the last <strong>residues<\/strong>.<\/li>\n<\/ul>\n<p>It is recommended to clean the micro perforated disc once a month with a new sponge soaked in white vinegar to remove residues and other substances present.<\/p>\n","protected":false},"excerpt":{"rendered":"<p class=\"\"><em>(Price with taxes and custom fees included)<\/em><\/p>\n<p class=\"sqsrte-large\"><strong>The EVA shower head filters and purifies potentially harmful substances in tap water.<\/strong><\/p>\n<p class=\"\">it is composed by its structure in the same unalterable materials as the EVA products and at the 2 ends pads of synthetic perlon wadding in order to<strong> <\/strong>retain impurities. It guarantees a reduction in water consumption of about 30%.<\/p>\n<p>&#8211; Reduction of water consumption<br \/>\n&#8211; Soothing effect on the skin<\/p>\n<p>Weight : 0.455 Kg<\/p>\n<p><strong>TO BE REFILLED EVERY 6 MONTHS.<\/strong><\/p>\n","protected":false},"featured_media":30862,"template":"","meta":[],"product_brand":[],"product_cat":[327],"product_tag":[],"class_list":{"0":"post-31119","1":"product","2":"type-product","3":"status-publish","4":"has-post-thumbnail","6":"product_cat-pure-water","8":"first","9":"instock","10":"shipping-taxable","11":"purchasable","12":"product-type-simple"},"yoast_head":"<!-- This site is optimized with the Yoast SEO plugin v27.3 - https:\/\/yoast.com\/product\/yoast-seo-wordpress\/ -->\n<title>EVA filtering shower head - Hu Care<\/title>\n<meta name=\"description\" content=\"EVA filtering shower head for your skin, purify water for your health. Ecological, reduces water consumption, refills every 6 months.\" \/>\n<meta name=\"robots\" content=\"noindex, follow\" \/>\n<meta property=\"og:locale\" content=\"en_US\" \/>\n<meta property=\"og:type\" content=\"article\" \/>\n<meta property=\"og:title\" content=\"EVA filtering shower head - Hu Care\" \/>\n<meta property=\"og:description\" content=\"EVA filtering shower head for your skin, purify water for your health. Ecological, reduces water consumption, refills every 6 months.\" \/>\n<meta property=\"og:url\" content=\"https:\/\/hu-care.ch\/en\/product\/shower-head-filter-eva\/\" \/>\n<meta property=\"og:site_name\" content=\"Hu Care\" \/>\n<meta property=\"article:publisher\" content=\"https:\/\/www.facebook.com\/people\/Cabinet-Manaia\/100086857133927\/\" \/>\n<meta property=\"article:modified_time\" content=\"2023-09-06T11:15:06+00:00\" \/>\n<meta property=\"og:image\" content=\"https:\/\/hu-care.ch\/wp-content\/uploads\/2023\/02\/pommeau-de-douche-fontaine-eva.jpg\" \/>\n\t<meta property=\"og:image:width\" content=\"750\" \/>\n\t<meta property=\"og:image:height\" content=\"987\" \/>\n\t<meta property=\"og:image:type\" content=\"image\/jpeg\" \/>\n<meta name=\"twitter:card\" content=\"summary_large_image\" \/>\n<script type=\"application\/ld+json\" class=\"yoast-schema-graph\">{\"@context\":\"https:\\\/\\\/schema.org\",\"@graph\":[{\"@type\":\"WebPage\",\"@id\":\"https:\\\/\\\/hu-care.ch\\\/en\\\/product\\\/shower-head-filter-eva\\\/\",\"url\":\"https:\\\/\\\/hu-care.ch\\\/en\\\/product\\\/shower-head-filter-eva\\\/\",\"name\":\"EVA filtering shower head - Hu Care\",\"isPartOf\":{\"@id\":\"https:\\\/\\\/hu-care.ch\\\/en\\\/#website\"},\"primaryImageOfPage\":{\"@id\":\"https:\\\/\\\/hu-care.ch\\\/en\\\/product\\\/shower-head-filter-eva\\\/#primaryimage\"},\"image\":{\"@id\":\"https:\\\/\\\/hu-care.ch\\\/en\\\/product\\\/shower-head-filter-eva\\\/#primaryimage\"},\"thumbnailUrl\":\"https:\\\/\\\/hu-care.ch\\\/wp-content\\\/uploads\\\/2023\\\/02\\\/pommeau-de-douche-fontaine-eva.jpg\",\"datePublished\":\"2023-02-22T13:34:57+00:00\",\"dateModified\":\"2023-09-06T11:15:06+00:00\",\"description\":\"EVA filtering shower head for your skin, purify water for your health. Ecological, reduces water consumption, refills every 6 months.\",\"breadcrumb\":{\"@id\":\"https:\\\/\\\/hu-care.ch\\\/en\\\/product\\\/shower-head-filter-eva\\\/#breadcrumb\"},\"inLanguage\":\"en-US\",\"potentialAction\":[{\"@type\":\"ReadAction\",\"target\":[\"https:\\\/\\\/hu-care.ch\\\/en\\\/product\\\/shower-head-filter-eva\\\/\"]}]},{\"@type\":\"ImageObject\",\"inLanguage\":\"en-US\",\"@id\":\"https:\\\/\\\/hu-care.ch\\\/en\\\/product\\\/shower-head-filter-eva\\\/#primaryimage\",\"url\":\"https:\\\/\\\/hu-care.ch\\\/wp-content\\\/uploads\\\/2023\\\/02\\\/pommeau-de-douche-fontaine-eva.jpg\",\"contentUrl\":\"https:\\\/\\\/hu-care.ch\\\/wp-content\\\/uploads\\\/2023\\\/02\\\/pommeau-de-douche-fontaine-eva.jpg\",\"width\":750,\"height\":987},{\"@type\":\"BreadcrumbList\",\"@id\":\"https:\\\/\\\/hu-care.ch\\\/en\\\/product\\\/shower-head-filter-eva\\\/#breadcrumb\",\"itemListElement\":[{\"@type\":\"ListItem\",\"position\":1,\"name\":\"Accueil\",\"item\":\"https:\\\/\\\/hu-care.ch\\\/en\\\/\"},{\"@type\":\"ListItem\",\"position\":2,\"name\":\"Shop\",\"item\":\"https:\\\/\\\/hu-care.ch\\\/boutique\\\/\"},{\"@type\":\"ListItem\",\"position\":3,\"name\":\"EVA filtering shower head\"}]},{\"@type\":\"WebSite\",\"@id\":\"https:\\\/\\\/hu-care.ch\\\/en\\\/#website\",\"url\":\"https:\\\/\\\/hu-care.ch\\\/en\\\/\",\"name\":\"Natacha Soussan - Hu Care\",\"description\":\"Th\u00e9rapies Compl\u00e9mentaires, Formations, Produits Sant\u00e9\",\"publisher\":{\"@id\":\"https:\\\/\\\/hu-care.ch\\\/en\\\/#organization\"},\"potentialAction\":[{\"@type\":\"SearchAction\",\"target\":{\"@type\":\"EntryPoint\",\"urlTemplate\":\"https:\\\/\\\/hu-care.ch\\\/en\\\/?s={search_term_string}\"},\"query-input\":{\"@type\":\"PropertyValueSpecification\",\"valueRequired\":true,\"valueName\":\"search_term_string\"}}],\"inLanguage\":\"en-US\"},{\"@type\":\"Organization\",\"@id\":\"https:\\\/\\\/hu-care.ch\\\/en\\\/#organization\",\"name\":\"Hu Care\",\"url\":\"https:\\\/\\\/hu-care.ch\\\/en\\\/\",\"logo\":{\"@type\":\"ImageObject\",\"inLanguage\":\"en-US\",\"@id\":\"https:\\\/\\\/hu-care.ch\\\/en\\\/#\\\/schema\\\/logo\\\/image\\\/\",\"url\":\"https:\\\/\\\/hu-care.ch\\\/wp-content\\\/uploads\\\/2023\\\/02\\\/hu_care.png\",\"contentUrl\":\"https:\\\/\\\/hu-care.ch\\\/wp-content\\\/uploads\\\/2023\\\/02\\\/hu_care.png\",\"width\":1280,\"height\":1280,\"caption\":\"Hu Care\"},\"image\":{\"@id\":\"https:\\\/\\\/hu-care.ch\\\/en\\\/#\\\/schema\\\/logo\\\/image\\\/\"},\"sameAs\":[\"https:\\\/\\\/www.facebook.com\\\/people\\\/Cabinet-Manaia\\\/100086857133927\\\/\",\"https:\\\/\\\/www.instagram.com\\\/_hu.care_\\\/\",\"https:\\\/\\\/www.linkedin.com\\\/in\\\/natacha-soussan-a96721256\\\/?originalSubdomain=ch\"]}]}<\/script>\n<!-- \/ Yoast SEO plugin. -->","yoast_head_json":{"title":"EVA filtering shower head - Hu Care","description":"EVA filtering shower head for your skin, purify water for your health. Ecological, reduces water consumption, refills every 6 months.","robots":{"index":"noindex","follow":"follow"},"og_locale":"en_US","og_type":"article","og_title":"EVA filtering shower head - Hu Care","og_description":"EVA filtering shower head for your skin, purify water for your health. Ecological, reduces water consumption, refills every 6 months.","og_url":"https:\/\/hu-care.ch\/en\/product\/shower-head-filter-eva\/","og_site_name":"Hu Care","article_publisher":"https:\/\/www.facebook.com\/people\/Cabinet-Manaia\/100086857133927\/","article_modified_time":"2023-09-06T11:15:06+00:00","og_image":[{"width":750,"height":987,"url":"https:\/\/hu-care.ch\/wp-content\/uploads\/2023\/02\/pommeau-de-douche-fontaine-eva.jpg","type":"image\/jpeg"}],"twitter_card":"summary_large_image","schema":{"@context":"https:\/\/schema.org","@graph":[{"@type":"WebPage","@id":"https:\/\/hu-care.ch\/en\/product\/shower-head-filter-eva\/","url":"https:\/\/hu-care.ch\/en\/product\/shower-head-filter-eva\/","name":"EVA filtering shower head - Hu Care","isPartOf":{"@id":"https:\/\/hu-care.ch\/en\/#website"},"primaryImageOfPage":{"@id":"https:\/\/hu-care.ch\/en\/product\/shower-head-filter-eva\/#primaryimage"},"image":{"@id":"https:\/\/hu-care.ch\/en\/product\/shower-head-filter-eva\/#primaryimage"},"thumbnailUrl":"https:\/\/hu-care.ch\/wp-content\/uploads\/2023\/02\/pommeau-de-douche-fontaine-eva.jpg","datePublished":"2023-02-22T13:34:57+00:00","dateModified":"2023-09-06T11:15:06+00:00","description":"EVA filtering shower head for your skin, purify water for your health. Ecological, reduces water consumption, refills every 6 months.","breadcrumb":{"@id":"https:\/\/hu-care.ch\/en\/product\/shower-head-filter-eva\/#breadcrumb"},"inLanguage":"en-US","potentialAction":[{"@type":"ReadAction","target":["https:\/\/hu-care.ch\/en\/product\/shower-head-filter-eva\/"]}]},{"@type":"ImageObject","inLanguage":"en-US","@id":"https:\/\/hu-care.ch\/en\/product\/shower-head-filter-eva\/#primaryimage","url":"https:\/\/hu-care.ch\/wp-content\/uploads\/2023\/02\/pommeau-de-douche-fontaine-eva.jpg","contentUrl":"https:\/\/hu-care.ch\/wp-content\/uploads\/2023\/02\/pommeau-de-douche-fontaine-eva.jpg","width":750,"height":987},{"@type":"BreadcrumbList","@id":"https:\/\/hu-care.ch\/en\/product\/shower-head-filter-eva\/#breadcrumb","itemListElement":[{"@type":"ListItem","position":1,"name":"Accueil","item":"https:\/\/hu-care.ch\/en\/"},{"@type":"ListItem","position":2,"name":"Shop","item":"https:\/\/hu-care.ch\/boutique\/"},{"@type":"ListItem","position":3,"name":"EVA filtering shower head"}]},{"@type":"WebSite","@id":"https:\/\/hu-care.ch\/en\/#website","url":"https:\/\/hu-care.ch\/en\/","name":"Natacha Soussan - Hu Care","description":"Th\u00e9rapies Compl\u00e9mentaires, Formations, Produits Sant\u00e9","publisher":{"@id":"https:\/\/hu-care.ch\/en\/#organization"},"potentialAction":[{"@type":"SearchAction","target":{"@type":"EntryPoint","urlTemplate":"https:\/\/hu-care.ch\/en\/?s={search_term_string}"},"query-input":{"@type":"PropertyValueSpecification","valueRequired":true,"valueName":"search_term_string"}}],"inLanguage":"en-US"},{"@type":"Organization","@id":"https:\/\/hu-care.ch\/en\/#organization","name":"Hu Care","url":"https:\/\/hu-care.ch\/en\/","logo":{"@type":"ImageObject","inLanguage":"en-US","@id":"https:\/\/hu-care.ch\/en\/#\/schema\/logo\/image\/","url":"https:\/\/hu-care.ch\/wp-content\/uploads\/2023\/02\/hu_care.png","contentUrl":"https:\/\/hu-care.ch\/wp-content\/uploads\/2023\/02\/hu_care.png","width":1280,"height":1280,"caption":"Hu Care"},"image":{"@id":"https:\/\/hu-care.ch\/en\/#\/schema\/logo\/image\/"},"sameAs":["https:\/\/www.facebook.com\/people\/Cabinet-Manaia\/100086857133927\/","https:\/\/www.instagram.com\/_hu.care_\/","https:\/\/www.linkedin.com\/in\/natacha-soussan-a96721256\/?originalSubdomain=ch"]}]}},"_links":{"self":[{"href":"https:\/\/hu-care.ch\/en\/wp-json\/wp\/v2\/product\/31119","targetHints":{"allow":["GET"]}}],"collection":[{"href":"https:\/\/hu-care.ch\/en\/wp-json\/wp\/v2\/product"}],"about":[{"href":"https:\/\/hu-care.ch\/en\/wp-json\/wp\/v2\/types\/product"}],"wp:featuredmedia":[{"embeddable":true,"href":"https:\/\/hu-care.ch\/en\/wp-json\/wp\/v2\/media\/30862"}],"wp:attachment":[{"href":"https:\/\/hu-care.ch\/en\/wp-json\/wp\/v2\/media?parent=31119"}],"wp:term":[{"taxonomy":"product_brand","embeddable":true,"href":"https:\/\/hu-care.ch\/en\/wp-json\/wp\/v2\/product_brand?post=31119"},{"taxonomy":"product_cat","embeddable":true,"href":"https:\/\/hu-care.ch\/en\/wp-json\/wp\/v2\/product_cat?post=31119"},{"taxonomy":"product_tag","embeddable":true,"href":"https:\/\/hu-care.ch\/en\/wp-json\/wp\/v2\/product_tag?post=31119"}],"curies":[{"name":"wp","href":"https:\/\/api.w.org\/{rel}","templated":true}]}}