{"id":31136,"date":"2023-02-22T14:38:45","date_gmt":"2023-02-22T13:38:45","guid":{"rendered":"https:\/\/hu-care.ch\/product\/ceramic-filter-for-eva-fountain\/"},"modified":"2024-03-03T21:38:35","modified_gmt":"2024-03-03T20:38:35","slug":"filter-ceramic-for-fountain-eva","status":"publish","type":"product","link":"https:\/\/hu-care.ch\/en\/product\/filter-ceramic-for-fountain-eva\/","title":{"rendered":"Ceramic filter for EVA fountain"},"content":{"rendered":"<p><strong>Ceramic cleaning :<\/strong><br \/>\nTake the top tray where the ceramic is located. Do not unscrew the ceramic.<br \/>\nPut the tray in your clean sink without blocking the drain and cover the ceramic with tap water and white vinegar (one glass of white vinegar). Let it drain, repeat the operation 2 to 3 times using only tap water.<br \/>\nThe white vinegar must disappear completely, so don&#8217;t hesitate to rinse the ceramic thoroughly to remove the vinegar smell.<\/p>\n<p>Take a new non-abrasive sponge and rub it over the ceramic and rinse thoroughly.<\/p>\n<p><strong>Caution<\/strong>: be careful not to let vinegar water pass through the filter cartridge, otherwise you risk stripping the cartridge and your water will be undrinkable.<\/p>\n","protected":false},"excerpt":{"rendered":"<p class=\"\"><em>(Price with taxes and custom fees included)<\/em><\/p>\n<p class=\"\"><strong>The high density ceramic for Fountain Eva, <\/strong>1 cm thick, 0.2 microns porosity, retains the potentially suspended matter, diffused by the drinking water pipes, such as rust, salmonella, eschericia coli&#8230;<\/p>\n<p>It works on the principle of an <strong>anti-bacterial barrier<\/strong>.<\/p>\n<p>It is recommended to <strong>clean the ceramic once a month<\/strong> (see below).<\/p>\n<p class=\"\"><strong>TO BE REPLACED EVERY 18 MONTHS.<\/strong><\/p>\n","protected":false},"featured_media":30872,"template":"","meta":[],"product_brand":[],"product_cat":[327],"product_tag":[],"class_list":{"0":"post-31136","1":"product","2":"type-product","3":"status-publish","4":"has-post-thumbnail","6":"product_cat-pure-water","8":"first","9":"instock","10":"shipping-taxable","11":"purchasable","12":"product-type-simple"},"yoast_head":"<!-- This site is optimized with the Yoast SEO plugin v27.4 - https:\/\/yoast.com\/product\/yoast-seo-wordpress\/ -->\n<title>Ceramic filter for EVA fountain - Hu Care<\/title>\n<meta name=\"description\" content=\"EVA filter fountain for your health, purify tap water. PH slightly alkaline. For your children, your pets, your plants. Ecological.\" \/>\n<meta name=\"robots\" content=\"noindex, follow\" \/>\n<meta property=\"og:locale\" content=\"en_US\" \/>\n<meta property=\"og:type\" content=\"article\" \/>\n<meta property=\"og:title\" content=\"Ceramic filter for EVA fountain - Hu Care\" \/>\n<meta property=\"og:description\" content=\"EVA filter fountain for your health, purify tap water. PH slightly alkaline. For your children, your pets, your plants. Ecological.\" \/>\n<meta property=\"og:url\" content=\"https:\/\/hu-care.ch\/en\/product\/filter-ceramic-for-fountain-eva\/\" \/>\n<meta property=\"og:site_name\" content=\"Hu Care\" \/>\n<meta property=\"article:publisher\" content=\"https:\/\/www.facebook.com\/people\/Cabinet-Manaia\/100086857133927\/\" \/>\n<meta property=\"article:modified_time\" content=\"2024-03-03T20:38:35+00:00\" \/>\n<meta property=\"og:image\" content=\"https:\/\/hu-care.ch\/wp-content\/uploads\/2023\/02\/ceramique-filtrante-eva.jpg\" \/>\n\t<meta property=\"og:image:width\" content=\"750\" \/>\n\t<meta property=\"og:image:height\" content=\"750\" \/>\n\t<meta property=\"og:image:type\" content=\"image\/jpeg\" \/>\n<meta name=\"twitter:card\" content=\"summary_large_image\" \/>\n<meta name=\"twitter:label1\" content=\"Est. reading time\" \/>\n\t<meta name=\"twitter:data1\" content=\"1 minute\" \/>\n<script type=\"application\/ld+json\" class=\"yoast-schema-graph\">{\"@context\":\"https:\\\/\\\/schema.org\",\"@graph\":[{\"@type\":\"WebPage\",\"@id\":\"https:\\\/\\\/hu-care.ch\\\/en\\\/product\\\/filter-ceramic-for-fountain-eva\\\/\",\"url\":\"https:\\\/\\\/hu-care.ch\\\/en\\\/product\\\/filter-ceramic-for-fountain-eva\\\/\",\"name\":\"Ceramic filter for EVA fountain - Hu Care\",\"isPartOf\":{\"@id\":\"https:\\\/\\\/hu-care.ch\\\/en\\\/#website\"},\"primaryImageOfPage\":{\"@id\":\"https:\\\/\\\/hu-care.ch\\\/en\\\/product\\\/filter-ceramic-for-fountain-eva\\\/#primaryimage\"},\"image\":{\"@id\":\"https:\\\/\\\/hu-care.ch\\\/en\\\/product\\\/filter-ceramic-for-fountain-eva\\\/#primaryimage\"},\"thumbnailUrl\":\"https:\\\/\\\/hu-care.ch\\\/wp-content\\\/uploads\\\/2023\\\/02\\\/ceramique-filtrante-eva.jpg\",\"datePublished\":\"2023-02-22T13:38:45+00:00\",\"dateModified\":\"2024-03-03T20:38:35+00:00\",\"description\":\"EVA filter fountain for your health, purify tap water. PH slightly alkaline. For your children, your pets, your plants. Ecological.\",\"breadcrumb\":{\"@id\":\"https:\\\/\\\/hu-care.ch\\\/en\\\/product\\\/filter-ceramic-for-fountain-eva\\\/#breadcrumb\"},\"inLanguage\":\"en-US\",\"potentialAction\":[{\"@type\":\"ReadAction\",\"target\":[\"https:\\\/\\\/hu-care.ch\\\/en\\\/product\\\/filter-ceramic-for-fountain-eva\\\/\"]}]},{\"@type\":\"ImageObject\",\"inLanguage\":\"en-US\",\"@id\":\"https:\\\/\\\/hu-care.ch\\\/en\\\/product\\\/filter-ceramic-for-fountain-eva\\\/#primaryimage\",\"url\":\"https:\\\/\\\/hu-care.ch\\\/wp-content\\\/uploads\\\/2023\\\/02\\\/ceramique-filtrante-eva.jpg\",\"contentUrl\":\"https:\\\/\\\/hu-care.ch\\\/wp-content\\\/uploads\\\/2023\\\/02\\\/ceramique-filtrante-eva.jpg\",\"width\":750,\"height\":750},{\"@type\":\"BreadcrumbList\",\"@id\":\"https:\\\/\\\/hu-care.ch\\\/en\\\/product\\\/filter-ceramic-for-fountain-eva\\\/#breadcrumb\",\"itemListElement\":[{\"@type\":\"ListItem\",\"position\":1,\"name\":\"Accueil\",\"item\":\"https:\\\/\\\/hu-care.ch\\\/en\\\/\"},{\"@type\":\"ListItem\",\"position\":2,\"name\":\"Shop\",\"item\":\"https:\\\/\\\/hu-care.ch\\\/boutique\\\/\"},{\"@type\":\"ListItem\",\"position\":3,\"name\":\"Ceramic filter for EVA fountain\"}]},{\"@type\":\"WebSite\",\"@id\":\"https:\\\/\\\/hu-care.ch\\\/en\\\/#website\",\"url\":\"https:\\\/\\\/hu-care.ch\\\/en\\\/\",\"name\":\"Natacha Soussan - Hu Care\",\"description\":\"Th\u00e9rapies Compl\u00e9mentaires, Formations, Produits Sant\u00e9\",\"publisher\":{\"@id\":\"https:\\\/\\\/hu-care.ch\\\/en\\\/#organization\"},\"potentialAction\":[{\"@type\":\"SearchAction\",\"target\":{\"@type\":\"EntryPoint\",\"urlTemplate\":\"https:\\\/\\\/hu-care.ch\\\/en\\\/?s={search_term_string}\"},\"query-input\":{\"@type\":\"PropertyValueSpecification\",\"valueRequired\":true,\"valueName\":\"search_term_string\"}}],\"inLanguage\":\"en-US\"},{\"@type\":\"Organization\",\"@id\":\"https:\\\/\\\/hu-care.ch\\\/en\\\/#organization\",\"name\":\"Hu Care\",\"url\":\"https:\\\/\\\/hu-care.ch\\\/en\\\/\",\"logo\":{\"@type\":\"ImageObject\",\"inLanguage\":\"en-US\",\"@id\":\"https:\\\/\\\/hu-care.ch\\\/en\\\/#\\\/schema\\\/logo\\\/image\\\/\",\"url\":\"https:\\\/\\\/hu-care.ch\\\/wp-content\\\/uploads\\\/2023\\\/02\\\/hu_care.png\",\"contentUrl\":\"https:\\\/\\\/hu-care.ch\\\/wp-content\\\/uploads\\\/2023\\\/02\\\/hu_care.png\",\"width\":1280,\"height\":1280,\"caption\":\"Hu Care\"},\"image\":{\"@id\":\"https:\\\/\\\/hu-care.ch\\\/en\\\/#\\\/schema\\\/logo\\\/image\\\/\"},\"sameAs\":[\"https:\\\/\\\/www.facebook.com\\\/people\\\/Cabinet-Manaia\\\/100086857133927\\\/\",\"https:\\\/\\\/www.instagram.com\\\/_hu.care_\\\/\",\"https:\\\/\\\/www.linkedin.com\\\/in\\\/natacha-soussan-a96721256\\\/?originalSubdomain=ch\"]}]}<\/script>\n<!-- \/ Yoast SEO plugin. -->","yoast_head_json":{"title":"Ceramic filter for EVA fountain - Hu Care","description":"EVA filter fountain for your health, purify tap water. PH slightly alkaline. For your children, your pets, your plants. Ecological.","robots":{"index":"noindex","follow":"follow"},"og_locale":"en_US","og_type":"article","og_title":"Ceramic filter for EVA fountain - Hu Care","og_description":"EVA filter fountain for your health, purify tap water. PH slightly alkaline. For your children, your pets, your plants. Ecological.","og_url":"https:\/\/hu-care.ch\/en\/product\/filter-ceramic-for-fountain-eva\/","og_site_name":"Hu Care","article_publisher":"https:\/\/www.facebook.com\/people\/Cabinet-Manaia\/100086857133927\/","article_modified_time":"2024-03-03T20:38:35+00:00","og_image":[{"width":750,"height":750,"url":"https:\/\/hu-care.ch\/wp-content\/uploads\/2023\/02\/ceramique-filtrante-eva.jpg","type":"image\/jpeg"}],"twitter_card":"summary_large_image","twitter_misc":{"Est. reading time":"1 minute"},"schema":{"@context":"https:\/\/schema.org","@graph":[{"@type":"WebPage","@id":"https:\/\/hu-care.ch\/en\/product\/filter-ceramic-for-fountain-eva\/","url":"https:\/\/hu-care.ch\/en\/product\/filter-ceramic-for-fountain-eva\/","name":"Ceramic filter for EVA fountain - Hu Care","isPartOf":{"@id":"https:\/\/hu-care.ch\/en\/#website"},"primaryImageOfPage":{"@id":"https:\/\/hu-care.ch\/en\/product\/filter-ceramic-for-fountain-eva\/#primaryimage"},"image":{"@id":"https:\/\/hu-care.ch\/en\/product\/filter-ceramic-for-fountain-eva\/#primaryimage"},"thumbnailUrl":"https:\/\/hu-care.ch\/wp-content\/uploads\/2023\/02\/ceramique-filtrante-eva.jpg","datePublished":"2023-02-22T13:38:45+00:00","dateModified":"2024-03-03T20:38:35+00:00","description":"EVA filter fountain for your health, purify tap water. PH slightly alkaline. For your children, your pets, your plants. Ecological.","breadcrumb":{"@id":"https:\/\/hu-care.ch\/en\/product\/filter-ceramic-for-fountain-eva\/#breadcrumb"},"inLanguage":"en-US","potentialAction":[{"@type":"ReadAction","target":["https:\/\/hu-care.ch\/en\/product\/filter-ceramic-for-fountain-eva\/"]}]},{"@type":"ImageObject","inLanguage":"en-US","@id":"https:\/\/hu-care.ch\/en\/product\/filter-ceramic-for-fountain-eva\/#primaryimage","url":"https:\/\/hu-care.ch\/wp-content\/uploads\/2023\/02\/ceramique-filtrante-eva.jpg","contentUrl":"https:\/\/hu-care.ch\/wp-content\/uploads\/2023\/02\/ceramique-filtrante-eva.jpg","width":750,"height":750},{"@type":"BreadcrumbList","@id":"https:\/\/hu-care.ch\/en\/product\/filter-ceramic-for-fountain-eva\/#breadcrumb","itemListElement":[{"@type":"ListItem","position":1,"name":"Accueil","item":"https:\/\/hu-care.ch\/en\/"},{"@type":"ListItem","position":2,"name":"Shop","item":"https:\/\/hu-care.ch\/boutique\/"},{"@type":"ListItem","position":3,"name":"Ceramic filter for EVA fountain"}]},{"@type":"WebSite","@id":"https:\/\/hu-care.ch\/en\/#website","url":"https:\/\/hu-care.ch\/en\/","name":"Natacha Soussan - Hu Care","description":"Th\u00e9rapies Compl\u00e9mentaires, Formations, Produits Sant\u00e9","publisher":{"@id":"https:\/\/hu-care.ch\/en\/#organization"},"potentialAction":[{"@type":"SearchAction","target":{"@type":"EntryPoint","urlTemplate":"https:\/\/hu-care.ch\/en\/?s={search_term_string}"},"query-input":{"@type":"PropertyValueSpecification","valueRequired":true,"valueName":"search_term_string"}}],"inLanguage":"en-US"},{"@type":"Organization","@id":"https:\/\/hu-care.ch\/en\/#organization","name":"Hu Care","url":"https:\/\/hu-care.ch\/en\/","logo":{"@type":"ImageObject","inLanguage":"en-US","@id":"https:\/\/hu-care.ch\/en\/#\/schema\/logo\/image\/","url":"https:\/\/hu-care.ch\/wp-content\/uploads\/2023\/02\/hu_care.png","contentUrl":"https:\/\/hu-care.ch\/wp-content\/uploads\/2023\/02\/hu_care.png","width":1280,"height":1280,"caption":"Hu Care"},"image":{"@id":"https:\/\/hu-care.ch\/en\/#\/schema\/logo\/image\/"},"sameAs":["https:\/\/www.facebook.com\/people\/Cabinet-Manaia\/100086857133927\/","https:\/\/www.instagram.com\/_hu.care_\/","https:\/\/www.linkedin.com\/in\/natacha-soussan-a96721256\/?originalSubdomain=ch"]}]}},"_links":{"self":[{"href":"https:\/\/hu-care.ch\/en\/wp-json\/wp\/v2\/product\/31136","targetHints":{"allow":["GET"]}}],"collection":[{"href":"https:\/\/hu-care.ch\/en\/wp-json\/wp\/v2\/product"}],"about":[{"href":"https:\/\/hu-care.ch\/en\/wp-json\/wp\/v2\/types\/product"}],"wp:featuredmedia":[{"embeddable":true,"href":"https:\/\/hu-care.ch\/en\/wp-json\/wp\/v2\/media\/30872"}],"wp:attachment":[{"href":"https:\/\/hu-care.ch\/en\/wp-json\/wp\/v2\/media?parent=31136"}],"wp:term":[{"taxonomy":"product_brand","embeddable":true,"href":"https:\/\/hu-care.ch\/en\/wp-json\/wp\/v2\/product_brand?post=31136"},{"taxonomy":"product_cat","embeddable":true,"href":"https:\/\/hu-care.ch\/en\/wp-json\/wp\/v2\/product_cat?post=31136"},{"taxonomy":"product_tag","embeddable":true,"href":"https:\/\/hu-care.ch\/en\/wp-json\/wp\/v2\/product_tag?post=31136"}],"curies":[{"name":"wp","href":"https:\/\/api.w.org\/{rel}","templated":true}]}}